{"id":76494,"date":"2016-05-05T11:44:34","date_gmt":"2016-05-05T09:44:34","guid":{"rendered":"https:\/\/coelectrix.com\/producto\/terminal-da-bateria-terminal"},"modified":"2025-08-19T06:05:57","modified_gmt":"2025-08-19T04:05:57","slug":"terminal-da-bateria-terminal","status":"publish","type":"product","link":"https:\/\/coelectrix.com\/pt-pt\/produto\/bateria-terminal-bateria-negativa","title":{"rendered":"Terminal da bateria Terminal"},"content":{"rendered":"<h2>terminal de bateria<\/h2>\n<p>Terminal negativo e positivo da bateria, pin\u00e7a de alta qualidade para ligar o cabo \u00e0 bateria.<\/p>\n<p>Terminal de boa qualidade dispon\u00edvel em positivo e negativo.<\/p>\n<p>Pode ser ligado a um cabo com uma sec\u00e7\u00e3o transversal at\u00e9 50 mm2 atrav\u00e9s de fixa\u00e7\u00e3o por parafuso.<\/p>\n<p>Este terminal de bateria pode ser complementado com o <a href=\"https:\/\/coelectrix.com\/pt-pt\/produto\/protetor-de-baterias-transmitido-por-baterias-positivo-e-negativo\">protetor de terminal de bateria. <\/a><\/p>\n","protected":false},"excerpt":{"rendered":"<p>Terminal para o terminal da bateria.<\/p>\n<p>Dispon\u00edveis no menu pendente os terminais + (positivo) e &#8211; (negativo).<\/p>\n<p><img decoding=\"async\" class=\"alignnone size-full wp-image-304\" src=\"https:\/\/coelectrix.com\/wp-content\/uploads\/2016\/03\/formas-de-pago.png\" alt=\"formas de pago\" width=\"245\" height=\"62\" srcset=\"https:\/\/coelectrix.com\/wp-content\/uploads\/2016\/03\/formas-de-pago.png 245w, https:\/\/coelectrix.com\/wp-content\/uploads\/2016\/03\/formas-de-pago-64x16.png 64w\" sizes=\"(max-width: 245px) 100vw, 245px\" \/><\/p>\n","protected":false},"featured_media":72468,"template":"","meta":{"_acf_changed":false},"product_brand":[],"product_cat":[1393,1398],"product_tag":[1429],"class_list":{"0":"post-76494","1":"product","2":"type-product","3":"status-publish","4":"has-post-thumbnail","6":"product_cat-terminais","7":"product_cat-terminal-da-bateria","8":"product_tag-positivo-pt","10":"first","11":"instock","12":"taxable","13":"shipping-taxable","14":"purchasable","15":"product-type-variable"},"acf":[],"yoast_head":"<!-- This site is optimized with the Yoast SEO plugin v27.2 - https:\/\/yoast.com\/product\/yoast-seo-wordpress\/ -->\n<title>Terminal negativo da bateria para o terminal da bateria Coelectrix.com<\/title>\n<meta name=\"description\" content=\"Terminal de bateria negativo de alta qualidade para ligar o cabo da bateria diretamente ao terminal da bateria. Tamb\u00e9m dispon\u00edvel em positivo.\" \/>\n<meta name=\"robots\" content=\"index, follow, max-snippet:-1, max-image-preview:large, max-video-preview:-1\" \/>\n<link rel=\"canonical\" href=\"https:\/\/coelectrix.com\/pt-pt\/produto\/bateria-terminal-bateria-negativa\" \/>\n<meta property=\"og:locale\" content=\"pt_PT\" \/>\n<meta property=\"og:type\" content=\"article\" \/>\n<meta property=\"og:title\" content=\"Terminal negativo da bateria para o terminal da bateria Coelectrix.com\" \/>\n<meta property=\"og:description\" content=\"Terminal de bateria negativo de alta qualidade para ligar o cabo da bateria diretamente ao terminal da bateria. Tamb\u00e9m dispon\u00edvel em positivo.\" \/>\n<meta property=\"og:url\" content=\"https:\/\/coelectrix.com\/pt-pt\/produto\/bateria-terminal-bateria-negativa\" \/>\n<meta property=\"og:site_name\" content=\"Coelectrix\" \/>\n<meta property=\"article:modified_time\" content=\"2025-08-19T04:05:57+00:00\" \/>\n<meta property=\"og:image\" content=\"https:\/\/coelectrix.com\/wp-content\/uploads\/2016\/05\/terminal-bateria-negativo.jpg\" \/>\n\t<meta property=\"og:image:width\" content=\"600\" \/>\n\t<meta property=\"og:image:height\" content=\"600\" \/>\n\t<meta property=\"og:image:type\" content=\"image\/jpeg\" \/>\n<meta name=\"twitter:card\" content=\"summary_large_image\" \/>\n<script type=\"application\/ld+json\" class=\"yoast-schema-graph\">{\"@context\":\"https:\/\/schema.org\",\"@graph\":[{\"@type\":\"WebPage\",\"@id\":\"https:\/\/coelectrix.com\/pt-pt\/produto\/bateria-terminal-bateria-negativa\",\"url\":\"https:\/\/coelectrix.com\/pt-pt\/produto\/bateria-terminal-bateria-negativa\",\"name\":\"Terminal negativo da bateria para o terminal da bateria Coelectrix.com\",\"isPartOf\":{\"@id\":\"https:\/\/coelectrix.com\/pt-pt\/#website\"},\"primaryImageOfPage\":{\"@id\":\"https:\/\/coelectrix.com\/pt-pt\/produto\/bateria-terminal-bateria-negativa#primaryimage\"},\"image\":{\"@id\":\"https:\/\/coelectrix.com\/pt-pt\/produto\/bateria-terminal-bateria-negativa#primaryimage\"},\"thumbnailUrl\":\"https:\/\/coelectrix.com\/wp-content\/uploads\/2016\/05\/terminal-bateria-negativo.jpg\",\"datePublished\":\"2016-05-05T09:44:34+00:00\",\"dateModified\":\"2025-08-19T04:05:57+00:00\",\"description\":\"Terminal de bateria negativo de alta qualidade para ligar o cabo da bateria diretamente ao terminal da bateria. Tamb\u00e9m dispon\u00edvel em positivo.\",\"breadcrumb\":{\"@id\":\"https:\/\/coelectrix.com\/pt-pt\/produto\/bateria-terminal-bateria-negativa#breadcrumb\"},\"inLanguage\":\"pt-PT\",\"potentialAction\":[{\"@type\":\"ReadAction\",\"target\":[\"https:\/\/coelectrix.com\/pt-pt\/produto\/bateria-terminal-bateria-negativa\"]}]},{\"@type\":\"ImageObject\",\"inLanguage\":\"pt-PT\",\"@id\":\"https:\/\/coelectrix.com\/pt-pt\/produto\/bateria-terminal-bateria-negativa#primaryimage\",\"url\":\"https:\/\/coelectrix.com\/wp-content\/uploads\/2016\/05\/terminal-bateria-negativo.jpg\",\"contentUrl\":\"https:\/\/coelectrix.com\/wp-content\/uploads\/2016\/05\/terminal-bateria-negativo.jpg\",\"width\":600,\"height\":600,\"caption\":\"terminal negativo da bateria\"},{\"@type\":\"BreadcrumbList\",\"@id\":\"https:\/\/coelectrix.com\/pt-pt\/produto\/bateria-terminal-bateria-negativa#breadcrumb\",\"itemListElement\":[{\"@type\":\"ListItem\",\"position\":1,\"name\":\"Portada\",\"item\":\"https:\/\/coelectrix.com\/\"},{\"@type\":\"ListItem\",\"position\":2,\"name\":\"Loja\",\"item\":\"https:\/\/coelectrix.com\/pt-pt\/loja\"},{\"@type\":\"ListItem\",\"position\":3,\"name\":\"Terminal da bateria Terminal\"}]},{\"@type\":\"WebSite\",\"@id\":\"https:\/\/coelectrix.com\/pt-pt\/#website\",\"url\":\"https:\/\/coelectrix.com\/pt-pt\/\",\"name\":\"Coelectrix\",\"description\":\"Componentes el\u00e9ctricos\",\"publisher\":{\"@id\":\"https:\/\/coelectrix.com\/pt-pt\/#organization\"},\"potentialAction\":[{\"@type\":\"SearchAction\",\"target\":{\"@type\":\"EntryPoint\",\"urlTemplate\":\"https:\/\/coelectrix.com\/pt-pt\/?s={search_term_string}\"},\"query-input\":{\"@type\":\"PropertyValueSpecification\",\"valueRequired\":true,\"valueName\":\"search_term_string\"}}],\"inLanguage\":\"pt-PT\"},{\"@type\":\"Organization\",\"@id\":\"https:\/\/coelectrix.com\/pt-pt\/#organization\",\"name\":\"coelectrix.com\",\"url\":\"https:\/\/coelectrix.com\/pt-pt\/\",\"logo\":{\"@type\":\"ImageObject\",\"inLanguage\":\"pt-PT\",\"@id\":\"https:\/\/coelectrix.com\/pt-pt\/#\/schema\/logo\/image\/\",\"url\":\"https:\/\/coelectrix.com\/wp-content\/uploads\/2018\/05\/logo-coelectrix-400x400.jpg\",\"contentUrl\":\"https:\/\/coelectrix.com\/wp-content\/uploads\/2018\/05\/logo-coelectrix-400x400.jpg\",\"width\":300,\"height\":300,\"caption\":\"coelectrix.com\"},\"image\":{\"@id\":\"https:\/\/coelectrix.com\/pt-pt\/#\/schema\/logo\/image\/\"}}]}<\/script>\n<!-- \/ Yoast SEO plugin. -->","yoast_head_json":{"title":"Terminal negativo da bateria para o terminal da bateria Coelectrix.com","description":"Terminal de bateria negativo de alta qualidade para ligar o cabo da bateria diretamente ao terminal da bateria. Tamb\u00e9m dispon\u00edvel em positivo.","robots":{"index":"index","follow":"follow","max-snippet":"max-snippet:-1","max-image-preview":"max-image-preview:large","max-video-preview":"max-video-preview:-1"},"canonical":"https:\/\/coelectrix.com\/pt-pt\/produto\/bateria-terminal-bateria-negativa","og_locale":"pt_PT","og_type":"article","og_title":"Terminal negativo da bateria para o terminal da bateria Coelectrix.com","og_description":"Terminal de bateria negativo de alta qualidade para ligar o cabo da bateria diretamente ao terminal da bateria. Tamb\u00e9m dispon\u00edvel em positivo.","og_url":"https:\/\/coelectrix.com\/pt-pt\/produto\/bateria-terminal-bateria-negativa","og_site_name":"Coelectrix","article_modified_time":"2025-08-19T04:05:57+00:00","og_image":[{"width":600,"height":600,"url":"https:\/\/coelectrix.com\/wp-content\/uploads\/2016\/05\/terminal-bateria-negativo.jpg","type":"image\/jpeg"}],"twitter_card":"summary_large_image","schema":{"@context":"https:\/\/schema.org","@graph":[{"@type":"WebPage","@id":"https:\/\/coelectrix.com\/pt-pt\/produto\/bateria-terminal-bateria-negativa","url":"https:\/\/coelectrix.com\/pt-pt\/produto\/bateria-terminal-bateria-negativa","name":"Terminal negativo da bateria para o terminal da bateria Coelectrix.com","isPartOf":{"@id":"https:\/\/coelectrix.com\/pt-pt\/#website"},"primaryImageOfPage":{"@id":"https:\/\/coelectrix.com\/pt-pt\/produto\/bateria-terminal-bateria-negativa#primaryimage"},"image":{"@id":"https:\/\/coelectrix.com\/pt-pt\/produto\/bateria-terminal-bateria-negativa#primaryimage"},"thumbnailUrl":"https:\/\/coelectrix.com\/wp-content\/uploads\/2016\/05\/terminal-bateria-negativo.jpg","datePublished":"2016-05-05T09:44:34+00:00","dateModified":"2025-08-19T04:05:57+00:00","description":"Terminal de bateria negativo de alta qualidade para ligar o cabo da bateria diretamente ao terminal da bateria. Tamb\u00e9m dispon\u00edvel em positivo.","breadcrumb":{"@id":"https:\/\/coelectrix.com\/pt-pt\/produto\/bateria-terminal-bateria-negativa#breadcrumb"},"inLanguage":"pt-PT","potentialAction":[{"@type":"ReadAction","target":["https:\/\/coelectrix.com\/pt-pt\/produto\/bateria-terminal-bateria-negativa"]}]},{"@type":"ImageObject","inLanguage":"pt-PT","@id":"https:\/\/coelectrix.com\/pt-pt\/produto\/bateria-terminal-bateria-negativa#primaryimage","url":"https:\/\/coelectrix.com\/wp-content\/uploads\/2016\/05\/terminal-bateria-negativo.jpg","contentUrl":"https:\/\/coelectrix.com\/wp-content\/uploads\/2016\/05\/terminal-bateria-negativo.jpg","width":600,"height":600,"caption":"terminal negativo da bateria"},{"@type":"BreadcrumbList","@id":"https:\/\/coelectrix.com\/pt-pt\/produto\/bateria-terminal-bateria-negativa#breadcrumb","itemListElement":[{"@type":"ListItem","position":1,"name":"Portada","item":"https:\/\/coelectrix.com\/"},{"@type":"ListItem","position":2,"name":"Loja","item":"https:\/\/coelectrix.com\/pt-pt\/loja"},{"@type":"ListItem","position":3,"name":"Terminal da bateria Terminal"}]},{"@type":"WebSite","@id":"https:\/\/coelectrix.com\/pt-pt\/#website","url":"https:\/\/coelectrix.com\/pt-pt\/","name":"Coelectrix","description":"Componentes el\u00e9ctricos","publisher":{"@id":"https:\/\/coelectrix.com\/pt-pt\/#organization"},"potentialAction":[{"@type":"SearchAction","target":{"@type":"EntryPoint","urlTemplate":"https:\/\/coelectrix.com\/pt-pt\/?s={search_term_string}"},"query-input":{"@type":"PropertyValueSpecification","valueRequired":true,"valueName":"search_term_string"}}],"inLanguage":"pt-PT"},{"@type":"Organization","@id":"https:\/\/coelectrix.com\/pt-pt\/#organization","name":"coelectrix.com","url":"https:\/\/coelectrix.com\/pt-pt\/","logo":{"@type":"ImageObject","inLanguage":"pt-PT","@id":"https:\/\/coelectrix.com\/pt-pt\/#\/schema\/logo\/image\/","url":"https:\/\/coelectrix.com\/wp-content\/uploads\/2018\/05\/logo-coelectrix-400x400.jpg","contentUrl":"https:\/\/coelectrix.com\/wp-content\/uploads\/2018\/05\/logo-coelectrix-400x400.jpg","width":300,"height":300,"caption":"coelectrix.com"},"image":{"@id":"https:\/\/coelectrix.com\/pt-pt\/#\/schema\/logo\/image\/"}}]}},"_links":{"self":[{"href":"https:\/\/coelectrix.com\/pt-pt\/wp-json\/wp\/v2\/product\/76494","targetHints":{"allow":["GET"]}}],"collection":[{"href":"https:\/\/coelectrix.com\/pt-pt\/wp-json\/wp\/v2\/product"}],"about":[{"href":"https:\/\/coelectrix.com\/pt-pt\/wp-json\/wp\/v2\/types\/product"}],"version-history":[{"count":1,"href":"https:\/\/coelectrix.com\/pt-pt\/wp-json\/wp\/v2\/product\/76494\/revisions"}],"predecessor-version":[{"id":76911,"href":"https:\/\/coelectrix.com\/pt-pt\/wp-json\/wp\/v2\/product\/76494\/revisions\/76911"}],"wp:featuredmedia":[{"embeddable":true,"href":"https:\/\/coelectrix.com\/pt-pt\/wp-json\/wp\/v2\/media\/72468"}],"wp:attachment":[{"href":"https:\/\/coelectrix.com\/pt-pt\/wp-json\/wp\/v2\/media?parent=76494"}],"wp:term":[{"taxonomy":"product_brand","embeddable":true,"href":"https:\/\/coelectrix.com\/pt-pt\/wp-json\/wp\/v2\/product_brand?post=76494"},{"taxonomy":"product_cat","embeddable":true,"href":"https:\/\/coelectrix.com\/pt-pt\/wp-json\/wp\/v2\/product_cat?post=76494"},{"taxonomy":"product_tag","embeddable":true,"href":"https:\/\/coelectrix.com\/pt-pt\/wp-json\/wp\/v2\/product_tag?post=76494"}],"curies":[{"name":"wp","href":"https:\/\/api.w.org\/{rel}","templated":true}]}}