{"id":76544,"date":"2016-04-01T12:40:24","date_gmt":"2016-04-01T10:40:24","guid":{"rendered":"https:\/\/coelectrix.com\/producto\/terminal-em-anel-da-serie-gs"},"modified":"2025-08-19T06:06:24","modified_gmt":"2025-08-19T04:06:24","slug":"terminal-em-anel-da-serie-gs","status":"publish","type":"product","link":"https:\/\/coelectrix.com\/pt-pt\/produto\/anel-terminal","title":{"rendered":"Terminal em anel da s\u00e9rie GS"},"content":{"rendered":"<h2>Compre o terminal de anel da s\u00e9rie GS para cravar no cabo.<\/h2>\n<p>Dispon\u00edvel para <a href=\"http:\/\/www.coelectrix.com\/cable-electrico\/cable-automocion-flry\">cabos<\/a> de 1 mm. a 70 mm.<\/p>\n<p>Di\u00e2metros de anel dispon\u00edveis de 4 mm. at\u00e9 12 mm.<\/p>\n<ul class=\"productAttributes\">\n<li><span id=\"descAttributeName_1\" class=\"product\">Gama de produtos<\/span> <span id=\"descAttributeValue_1\">S\u00e9rie GS<\/span><\/li>\n<li><span id=\"descAttributeName_2\" class=\"product\">Tamanho do terminal &#8211; Imperial<\/span> <span id=\"descAttributeValue_2\">(dependendo do tamanho escolhido) <\/span><\/li>\n<li><span id=\"descAttributeName_3\" class=\"product\">Tamanho<\/span> do<span id=\"descAttributeName_3\" class=\"product\">terminal &#8211; m\u00e9trico<\/span> (dependendo do tamanho escolhido)<\/li>\n<li><span id=\"descAttributeName_4\" class=\"product\">Condutor, tamanho AWG M\u00ednimo<\/span> <span id=\"descAttributeValue_4\">10AWG<\/span><\/li>\n<li><span id=\"descAttributeName_5\" class=\"product\">Condutor, \u00e1rea CSA<\/span> (dependendo do tamanho escolhido)<\/li>\n<li><span id=\"descAttributeName_6\" class=\"product\">Material de isolamento<\/span> <span id=\"descAttributeValue_6\">Sem isolamento<\/span><\/li>\n<li><span id=\"descAttributeName_7\" class=\"product\">Isolamento, cor<\/span> <span id=\"descAttributeValue_7\">&#8211;<\/span><\/li>\n<\/ul>\n<p>Os terminais de anel ou terminais el\u00e9ctricos redondos s\u00e3o utilizados para a fixa\u00e7\u00e3o de cabos el\u00e9ctricos a terminais m\u00e9tricos entre 4 mm e 12 mm, normalmente. O terminal de anel dispon\u00edvel neste an\u00fancio \u00e9 o chamado terminal de anel fechado.<\/p>\n<p>Para a crava\u00e7\u00e3o de terminais el\u00e9ctricos para autom\u00f3veis, temos dispon\u00edvel a <a href=\"https:\/\/coelectrix.com\/pt-pt\/produto\/pkh-9-puxador-de-grampos-para-terminais-de-anel\">ferramenta KH16<\/a> para terminais at\u00e9 16 mm e a <a href=\"https:\/\/coelectrix.com\/pt-pt\/produto\/crimpadora-kh-22\">ferramenta KH22<\/a> para terminais at\u00e9 25 mm.<\/p>\n","protected":false},"excerpt":{"rendered":"<p>Terminal de anel para <a href=\"https:\/\/coelectrix.com\/pt-pt\/cabo-eletrico\">cabo el\u00e9trico<\/a> ou <a href=\"https:\/\/coelectrix.com\/pt-pt\/cable-arranque-3\">cabo de bateria<\/a>.<\/p>\n<p>Material: <strong>Cobre<\/strong><\/p>\n<p>Acabamento: <strong>Estanhado<\/strong><\/p>\n<p>Dispon\u00edvel em todos os tamanhos no menu suspenso.<\/p>\n<p><span style=\"color: #ff0000;\">ATEN\u00c7\u00c3O: O tamanho da entrada do cabo corresponde a mm2 de sec\u00e7\u00e3o transversal do cabo (por exemplo, para um cabo com uma sec\u00e7\u00e3o transversal de 16mm2, corresponder\u00e1 um terminal de 16mm).<\/span><\/p>\n<p><img decoding=\"async\" class=\"alignnone size-full wp-image-715\" src=\"https:\/\/coelectrix.com\/wp-content\/uploads\/2016\/09\/payment-logo-1.png\" alt=\"\" width=\"245\" height=\"62\" srcset=\"https:\/\/coelectrix.com\/wp-content\/uploads\/2016\/09\/payment-logo-1.png 245w, https:\/\/coelectrix.com\/wp-content\/uploads\/2016\/09\/payment-logo-1-64x16.png 64w\" sizes=\"(max-width: 245px) 100vw, 245px\" \/><\/p>\n","protected":false},"featured_media":73640,"template":"","meta":{"_acf_changed":false},"product_brand":[],"product_cat":[1397],"product_tag":[],"class_list":{"0":"post-76544","1":"product","2":"type-product","3":"status-publish","4":"has-post-thumbnail","6":"product_cat-terminais-de-anel","8":"first","9":"instock","10":"taxable","11":"shipping-taxable","12":"purchasable","13":"product-type-variable"},"acf":[],"yoast_head":"<!-- This site is optimized with the Yoast SEO plugin v27.2 - https:\/\/yoast.com\/product\/yoast-seo-wordpress\/ -->\n<title>\u25b7 Comprar Terminal em anel da s\u00e9rie GS |% Coelectrix.com<\/title>\n<meta name=\"description\" content=\"Comprar Terminal de Anel S\u00e9rie GS | Envio em 24\/48 horas | A principal loja online de eletr\u00f3nica autom\u00f3vel \u27a4 Melhor pre\u00e7o online.\" \/>\n<meta name=\"robots\" content=\"index, follow, max-snippet:-1, max-image-preview:large, max-video-preview:-1\" \/>\n<link rel=\"canonical\" href=\"https:\/\/coelectrix.com\/pt-pt\/produto\/anel-terminal\" \/>\n<meta property=\"og:locale\" content=\"pt_PT\" \/>\n<meta property=\"og:type\" content=\"article\" \/>\n<meta property=\"og:title\" content=\"\u25b7 Comprar Terminal em anel da s\u00e9rie GS |% Coelectrix.com\" \/>\n<meta property=\"og:description\" content=\"Comprar Terminal de Anel S\u00e9rie GS | Envio em 24\/48 horas | A principal loja online de eletr\u00f3nica autom\u00f3vel \u27a4 Melhor pre\u00e7o online.\" \/>\n<meta property=\"og:url\" content=\"https:\/\/coelectrix.com\/pt-pt\/produto\/anel-terminal\" \/>\n<meta property=\"og:site_name\" content=\"Coelectrix\" \/>\n<meta property=\"article:modified_time\" content=\"2025-08-19T04:06:24+00:00\" \/>\n<meta property=\"og:image\" content=\"https:\/\/coelectrix.com\/wp-content\/uploads\/2016\/04\/terminales-de-anilla.jpg\" \/>\n\t<meta property=\"og:image:width\" content=\"600\" \/>\n\t<meta property=\"og:image:height\" content=\"600\" \/>\n\t<meta property=\"og:image:type\" content=\"image\/jpeg\" \/>\n<meta name=\"twitter:card\" content=\"summary_large_image\" \/>\n<meta name=\"twitter:label1\" content=\"Tempo estimado de leitura\" \/>\n\t<meta name=\"twitter:data1\" content=\"1 minuto\" \/>\n<script type=\"application\/ld+json\" class=\"yoast-schema-graph\">{\"@context\":\"https:\/\/schema.org\",\"@graph\":[{\"@type\":\"WebPage\",\"@id\":\"https:\/\/coelectrix.com\/pt-pt\/produto\/anel-terminal\",\"url\":\"https:\/\/coelectrix.com\/pt-pt\/produto\/anel-terminal\",\"name\":\"\u25b7 Comprar Terminal em anel da s\u00e9rie GS |% Coelectrix.com\",\"isPartOf\":{\"@id\":\"https:\/\/coelectrix.com\/pt-pt\/#website\"},\"primaryImageOfPage\":{\"@id\":\"https:\/\/coelectrix.com\/pt-pt\/produto\/anel-terminal#primaryimage\"},\"image\":{\"@id\":\"https:\/\/coelectrix.com\/pt-pt\/produto\/anel-terminal#primaryimage\"},\"thumbnailUrl\":\"https:\/\/coelectrix.com\/wp-content\/uploads\/2016\/04\/terminales-de-anilla.jpg\",\"datePublished\":\"2016-04-01T10:40:24+00:00\",\"dateModified\":\"2025-08-19T04:06:24+00:00\",\"description\":\"Comprar Terminal de Anel S\u00e9rie GS | Envio em 24\/48 horas | A principal loja online de eletr\u00f3nica autom\u00f3vel \u27a4 Melhor pre\u00e7o online.\",\"breadcrumb\":{\"@id\":\"https:\/\/coelectrix.com\/pt-pt\/produto\/anel-terminal#breadcrumb\"},\"inLanguage\":\"pt-PT\",\"potentialAction\":[{\"@type\":\"ReadAction\",\"target\":[\"https:\/\/coelectrix.com\/pt-pt\/produto\/anel-terminal\"]}]},{\"@type\":\"ImageObject\",\"inLanguage\":\"pt-PT\",\"@id\":\"https:\/\/coelectrix.com\/pt-pt\/produto\/anel-terminal#primaryimage\",\"url\":\"https:\/\/coelectrix.com\/wp-content\/uploads\/2016\/04\/terminales-de-anilla.jpg\",\"contentUrl\":\"https:\/\/coelectrix.com\/wp-content\/uploads\/2016\/04\/terminales-de-anilla.jpg\",\"width\":600,\"height\":600,\"caption\":\"comprar terminal de anel s\u00e9rie gs\"},{\"@type\":\"BreadcrumbList\",\"@id\":\"https:\/\/coelectrix.com\/pt-pt\/produto\/anel-terminal#breadcrumb\",\"itemListElement\":[{\"@type\":\"ListItem\",\"position\":1,\"name\":\"Portada\",\"item\":\"https:\/\/coelectrix.com\/\"},{\"@type\":\"ListItem\",\"position\":2,\"name\":\"Loja\",\"item\":\"https:\/\/coelectrix.com\/pt-pt\/loja\"},{\"@type\":\"ListItem\",\"position\":3,\"name\":\"Terminal em anel da s\u00e9rie GS\"}]},{\"@type\":\"WebSite\",\"@id\":\"https:\/\/coelectrix.com\/pt-pt\/#website\",\"url\":\"https:\/\/coelectrix.com\/pt-pt\/\",\"name\":\"Coelectrix\",\"description\":\"Componentes el\u00e9ctricos\",\"publisher\":{\"@id\":\"https:\/\/coelectrix.com\/pt-pt\/#organization\"},\"potentialAction\":[{\"@type\":\"SearchAction\",\"target\":{\"@type\":\"EntryPoint\",\"urlTemplate\":\"https:\/\/coelectrix.com\/pt-pt\/?s={search_term_string}\"},\"query-input\":{\"@type\":\"PropertyValueSpecification\",\"valueRequired\":true,\"valueName\":\"search_term_string\"}}],\"inLanguage\":\"pt-PT\"},{\"@type\":\"Organization\",\"@id\":\"https:\/\/coelectrix.com\/pt-pt\/#organization\",\"name\":\"coelectrix.com\",\"url\":\"https:\/\/coelectrix.com\/pt-pt\/\",\"logo\":{\"@type\":\"ImageObject\",\"inLanguage\":\"pt-PT\",\"@id\":\"https:\/\/coelectrix.com\/pt-pt\/#\/schema\/logo\/image\/\",\"url\":\"https:\/\/coelectrix.com\/wp-content\/uploads\/2018\/05\/logo-coelectrix-400x400.jpg\",\"contentUrl\":\"https:\/\/coelectrix.com\/wp-content\/uploads\/2018\/05\/logo-coelectrix-400x400.jpg\",\"width\":300,\"height\":300,\"caption\":\"coelectrix.com\"},\"image\":{\"@id\":\"https:\/\/coelectrix.com\/pt-pt\/#\/schema\/logo\/image\/\"}}]}<\/script>\n<!-- \/ Yoast SEO plugin. -->","yoast_head_json":{"title":"\u25b7 Comprar Terminal em anel da s\u00e9rie GS |% Coelectrix.com","description":"Comprar Terminal de Anel S\u00e9rie GS | Envio em 24\/48 horas | A principal loja online de eletr\u00f3nica autom\u00f3vel \u27a4 Melhor pre\u00e7o online.","robots":{"index":"index","follow":"follow","max-snippet":"max-snippet:-1","max-image-preview":"max-image-preview:large","max-video-preview":"max-video-preview:-1"},"canonical":"https:\/\/coelectrix.com\/pt-pt\/produto\/anel-terminal","og_locale":"pt_PT","og_type":"article","og_title":"\u25b7 Comprar Terminal em anel da s\u00e9rie GS |% Coelectrix.com","og_description":"Comprar Terminal de Anel S\u00e9rie GS | Envio em 24\/48 horas | A principal loja online de eletr\u00f3nica autom\u00f3vel \u27a4 Melhor pre\u00e7o online.","og_url":"https:\/\/coelectrix.com\/pt-pt\/produto\/anel-terminal","og_site_name":"Coelectrix","article_modified_time":"2025-08-19T04:06:24+00:00","og_image":[{"width":600,"height":600,"url":"https:\/\/coelectrix.com\/wp-content\/uploads\/2016\/04\/terminales-de-anilla.jpg","type":"image\/jpeg"}],"twitter_card":"summary_large_image","twitter_misc":{"Tempo estimado de leitura":"1 minuto"},"schema":{"@context":"https:\/\/schema.org","@graph":[{"@type":"WebPage","@id":"https:\/\/coelectrix.com\/pt-pt\/produto\/anel-terminal","url":"https:\/\/coelectrix.com\/pt-pt\/produto\/anel-terminal","name":"\u25b7 Comprar Terminal em anel da s\u00e9rie GS |% Coelectrix.com","isPartOf":{"@id":"https:\/\/coelectrix.com\/pt-pt\/#website"},"primaryImageOfPage":{"@id":"https:\/\/coelectrix.com\/pt-pt\/produto\/anel-terminal#primaryimage"},"image":{"@id":"https:\/\/coelectrix.com\/pt-pt\/produto\/anel-terminal#primaryimage"},"thumbnailUrl":"https:\/\/coelectrix.com\/wp-content\/uploads\/2016\/04\/terminales-de-anilla.jpg","datePublished":"2016-04-01T10:40:24+00:00","dateModified":"2025-08-19T04:06:24+00:00","description":"Comprar Terminal de Anel S\u00e9rie GS | Envio em 24\/48 horas | A principal loja online de eletr\u00f3nica autom\u00f3vel \u27a4 Melhor pre\u00e7o online.","breadcrumb":{"@id":"https:\/\/coelectrix.com\/pt-pt\/produto\/anel-terminal#breadcrumb"},"inLanguage":"pt-PT","potentialAction":[{"@type":"ReadAction","target":["https:\/\/coelectrix.com\/pt-pt\/produto\/anel-terminal"]}]},{"@type":"ImageObject","inLanguage":"pt-PT","@id":"https:\/\/coelectrix.com\/pt-pt\/produto\/anel-terminal#primaryimage","url":"https:\/\/coelectrix.com\/wp-content\/uploads\/2016\/04\/terminales-de-anilla.jpg","contentUrl":"https:\/\/coelectrix.com\/wp-content\/uploads\/2016\/04\/terminales-de-anilla.jpg","width":600,"height":600,"caption":"comprar terminal de anel s\u00e9rie gs"},{"@type":"BreadcrumbList","@id":"https:\/\/coelectrix.com\/pt-pt\/produto\/anel-terminal#breadcrumb","itemListElement":[{"@type":"ListItem","position":1,"name":"Portada","item":"https:\/\/coelectrix.com\/"},{"@type":"ListItem","position":2,"name":"Loja","item":"https:\/\/coelectrix.com\/pt-pt\/loja"},{"@type":"ListItem","position":3,"name":"Terminal em anel da s\u00e9rie GS"}]},{"@type":"WebSite","@id":"https:\/\/coelectrix.com\/pt-pt\/#website","url":"https:\/\/coelectrix.com\/pt-pt\/","name":"Coelectrix","description":"Componentes el\u00e9ctricos","publisher":{"@id":"https:\/\/coelectrix.com\/pt-pt\/#organization"},"potentialAction":[{"@type":"SearchAction","target":{"@type":"EntryPoint","urlTemplate":"https:\/\/coelectrix.com\/pt-pt\/?s={search_term_string}"},"query-input":{"@type":"PropertyValueSpecification","valueRequired":true,"valueName":"search_term_string"}}],"inLanguage":"pt-PT"},{"@type":"Organization","@id":"https:\/\/coelectrix.com\/pt-pt\/#organization","name":"coelectrix.com","url":"https:\/\/coelectrix.com\/pt-pt\/","logo":{"@type":"ImageObject","inLanguage":"pt-PT","@id":"https:\/\/coelectrix.com\/pt-pt\/#\/schema\/logo\/image\/","url":"https:\/\/coelectrix.com\/wp-content\/uploads\/2018\/05\/logo-coelectrix-400x400.jpg","contentUrl":"https:\/\/coelectrix.com\/wp-content\/uploads\/2018\/05\/logo-coelectrix-400x400.jpg","width":300,"height":300,"caption":"coelectrix.com"},"image":{"@id":"https:\/\/coelectrix.com\/pt-pt\/#\/schema\/logo\/image\/"}}]}},"_links":{"self":[{"href":"https:\/\/coelectrix.com\/pt-pt\/wp-json\/wp\/v2\/product\/76544","targetHints":{"allow":["GET"]}}],"collection":[{"href":"https:\/\/coelectrix.com\/pt-pt\/wp-json\/wp\/v2\/product"}],"about":[{"href":"https:\/\/coelectrix.com\/pt-pt\/wp-json\/wp\/v2\/types\/product"}],"version-history":[{"count":1,"href":"https:\/\/coelectrix.com\/pt-pt\/wp-json\/wp\/v2\/product\/76544\/revisions"}],"predecessor-version":[{"id":76920,"href":"https:\/\/coelectrix.com\/pt-pt\/wp-json\/wp\/v2\/product\/76544\/revisions\/76920"}],"wp:featuredmedia":[{"embeddable":true,"href":"https:\/\/coelectrix.com\/pt-pt\/wp-json\/wp\/v2\/media\/73640"}],"wp:attachment":[{"href":"https:\/\/coelectrix.com\/pt-pt\/wp-json\/wp\/v2\/media?parent=76544"}],"wp:term":[{"taxonomy":"product_brand","embeddable":true,"href":"https:\/\/coelectrix.com\/pt-pt\/wp-json\/wp\/v2\/product_brand?post=76544"},{"taxonomy":"product_cat","embeddable":true,"href":"https:\/\/coelectrix.com\/pt-pt\/wp-json\/wp\/v2\/product_cat?post=76544"},{"taxonomy":"product_tag","embeddable":true,"href":"https:\/\/coelectrix.com\/pt-pt\/wp-json\/wp\/v2\/product_tag?post=76544"}],"curies":[{"name":"wp","href":"https:\/\/api.w.org\/{rel}","templated":true}]}}