{"id":76956,"date":"2020-06-21T16:50:14","date_gmt":"2020-06-21T14:50:14","guid":{"rendered":"https:\/\/coelectrix.com\/producto\/conectores-molex-minifit-jr"},"modified":"2025-08-19T06:04:09","modified_gmt":"2025-08-19T04:04:09","slug":"conectores-molex-minifit-jr","status":"publish","type":"product","link":"https:\/\/coelectrix.com\/pt-pt\/produto\/conectores-molex-minifit-jr","title":{"rendered":"Conectores MOLEX MiniFit Jr"},"content":{"rendered":"<h2><strong>Comprar conectores MOLEX MiniFit Jr<\/strong><\/h2>\n<p>As caixas de conectores Molex da s\u00e9rie miniFit Jr. est\u00e3o dispon\u00edveis em macho e f\u00eamea com terminais sempre inclu\u00eddos.<\/p>\n<p class=\"range-paragraph\">As caixas de conectores Mini-Fit Junior com passo de 4,2 mm fazem parte do sistema de interliga\u00e7\u00e3o de conectores de pot\u00eancia Mini-Fit Junior. As caixas de conectores Molex podem ser utilizadas em aplica\u00e7\u00f5es que exigem flexibilidade de design. Este tipo de acess\u00f3rios \u00e9 um componente essencial que assegura a prote\u00e7\u00e3o da liga\u00e7\u00e3o em quest\u00e3o.<\/p>\n<h3 class=\"range-heading\"><b>Carater\u00edsticas e vantagens<\/b><\/h3>\n<p class=\"overViewList range-list\">&#8211; Funciona com uma corrente at\u00e9 13A por circuito, uma excelente solu\u00e7\u00e3o para conectores de alta corrente<br \/>\n&#8211; Terminais totalmente isolados para prote\u00e7\u00e3o contra detritos e danos causados por manuseamento incorreto<br \/>\n&#8211; Polariza\u00e7\u00e3o e polariza\u00e7\u00e3o para evitar liga\u00e7\u00f5es incorrectas e desalinhamento<br \/>\n&#8211; Mecanismo de bloqueio positivo para uma liga\u00e7\u00e3o de acoplamento segura impede a desconex\u00e3o acidental causada por choques ou vibra\u00e7\u00f5es excessivas<br \/>\n&#8211; Clique aud\u00edvel para confirma\u00e7\u00e3o da inser\u00e7\u00e3o<br \/>\n&#8211; Dispon\u00edvel com material da caixa retardador de chama UL94V-0 ou UL94V-2<br \/>\n&#8211; Aceita terminais de crimpagem padr\u00e3o Mini-Fit e Mini-Fit Plus<br \/>\n&#8211; aplica\u00e7\u00f5es fio a fio e fio a placa<\/p>\n<h3><strong>N\u00fameros para encomenda dispon\u00edveis:<\/strong><\/h3>\n<div style=\"font-size: 20px; font-weight: bold;\">\n  39-01-2020<br \/>\n  30-01-2040<br \/>\n  39-01-2060<br \/>\n  39-01-2080<br \/>\n  39-01-2120<br \/>\n  39-01-2160<br \/>\n  39-01-2021<br \/>\n  30-01-2041<br \/>\n  39-01-2061<br \/>\n  39-01-2081<br \/>\n  39-01-2121<br \/>\n  39-01-2161\n<\/div>\n","protected":false},"excerpt":{"rendered":"<p><strong>Caixas de conectores da s\u00e9rie MOLEX MiniFit Junior<\/strong><\/p>\n<p>Toda a gama de conectores MiniFit de 2 vias a 16 vias em cor natural.<br \/>\n<strong>Fabricante:<\/strong> MOLEX<br \/>\n<strong>Modelo:<\/strong> MiniFit Jr.<br \/>\n<strong>Passo dos terminais<\/strong>: 4,2mm<br \/>\n<strong>Cor<\/strong>: Natural<\/p>\n<p><strong>Terminais necess\u00e1rios para cada conetor inclu\u00eddos no pre\u00e7o<\/strong><\/p>\n","protected":false},"featured_media":73338,"template":"","meta":{"_acf_changed":false},"product_brand":[],"product_cat":[1369],"product_tag":[],"class_list":{"0":"post-76956","1":"product","2":"type-product","3":"status-publish","4":"has-post-thumbnail","6":"product_cat-conectores-molex-2","8":"first","9":"instock","10":"taxable","11":"shipping-taxable","12":"purchasable","13":"product-type-variable"},"acf":[],"yoast_head":"<!-- This site is optimized with the Yoast SEO plugin v27.2 - https:\/\/yoast.com\/product\/yoast-seo-wordpress\/ -->\n<title>\u25b7 Conectores MOLEX MiniFit Jr | Coelectrix.com<\/title>\n<meta name=\"description\" content=\"Comprar conectores MOLEX MiniFit Jr | Envio em 24\/48 horas | Loja online l\u00edder em eletr\u00f3nica autom\u00f3vel \u27a4 Melhor pre\u00e7o online.\" \/>\n<meta name=\"robots\" content=\"index, follow, max-snippet:-1, max-image-preview:large, max-video-preview:-1\" \/>\n<link rel=\"canonical\" href=\"https:\/\/coelectrix.com\/pt-pt\/produto\/conectores-molex-minifit-jr\" \/>\n<meta property=\"og:locale\" content=\"pt_PT\" \/>\n<meta property=\"og:type\" content=\"article\" \/>\n<meta property=\"og:title\" content=\"\u25b7 Conectores MOLEX MiniFit Jr | Coelectrix.com\" \/>\n<meta property=\"og:description\" content=\"Comprar conectores MOLEX MiniFit Jr | Envio em 24\/48 horas | Loja online l\u00edder em eletr\u00f3nica autom\u00f3vel \u27a4 Melhor pre\u00e7o online.\" \/>\n<meta property=\"og:url\" content=\"https:\/\/coelectrix.com\/pt-pt\/produto\/conectores-molex-minifit-jr\" \/>\n<meta property=\"og:site_name\" content=\"Coelectrix\" \/>\n<meta property=\"article:modified_time\" content=\"2025-08-19T04:04:09+00:00\" \/>\n<meta property=\"og:image\" content=\"https:\/\/coelectrix.com\/wp-content\/uploads\/2020\/06\/conectores-MOLEX.jpg\" \/>\n\t<meta property=\"og:image:width\" content=\"800\" \/>\n\t<meta property=\"og:image:height\" content=\"800\" \/>\n\t<meta property=\"og:image:type\" content=\"image\/jpeg\" \/>\n<meta name=\"twitter:card\" content=\"summary_large_image\" \/>\n<meta name=\"twitter:label1\" content=\"Tempo estimado de leitura\" \/>\n\t<meta name=\"twitter:data1\" content=\"1 minuto\" \/>\n<script type=\"application\/ld+json\" class=\"yoast-schema-graph\">{\"@context\":\"https:\/\/schema.org\",\"@graph\":[{\"@type\":\"WebPage\",\"@id\":\"https:\/\/coelectrix.com\/pt-pt\/produto\/conectores-molex-minifit-jr\",\"url\":\"https:\/\/coelectrix.com\/pt-pt\/produto\/conectores-molex-minifit-jr\",\"name\":\"\u25b7 Conectores MOLEX MiniFit Jr | Coelectrix.com\",\"isPartOf\":{\"@id\":\"https:\/\/coelectrix.com\/pt-pt\/#website\"},\"primaryImageOfPage\":{\"@id\":\"https:\/\/coelectrix.com\/pt-pt\/produto\/conectores-molex-minifit-jr#primaryimage\"},\"image\":{\"@id\":\"https:\/\/coelectrix.com\/pt-pt\/produto\/conectores-molex-minifit-jr#primaryimage\"},\"thumbnailUrl\":\"https:\/\/coelectrix.com\/wp-content\/uploads\/2020\/06\/conectores-MOLEX.jpg\",\"datePublished\":\"2020-06-21T14:50:14+00:00\",\"dateModified\":\"2025-08-19T04:04:09+00:00\",\"description\":\"Comprar conectores MOLEX MiniFit Jr | Envio em 24\/48 horas | Loja online l\u00edder em eletr\u00f3nica autom\u00f3vel \u27a4 Melhor pre\u00e7o online.\",\"breadcrumb\":{\"@id\":\"https:\/\/coelectrix.com\/pt-pt\/produto\/conectores-molex-minifit-jr#breadcrumb\"},\"inLanguage\":\"pt-PT\",\"potentialAction\":[{\"@type\":\"ReadAction\",\"target\":[\"https:\/\/coelectrix.com\/pt-pt\/produto\/conectores-molex-minifit-jr\"]}]},{\"@type\":\"ImageObject\",\"inLanguage\":\"pt-PT\",\"@id\":\"https:\/\/coelectrix.com\/pt-pt\/produto\/conectores-molex-minifit-jr#primaryimage\",\"url\":\"https:\/\/coelectrix.com\/wp-content\/uploads\/2020\/06\/conectores-MOLEX.jpg\",\"contentUrl\":\"https:\/\/coelectrix.com\/wp-content\/uploads\/2020\/06\/conectores-MOLEX.jpg\",\"width\":800,\"height\":800,\"caption\":\"comprar conectores molex minifit\"},{\"@type\":\"BreadcrumbList\",\"@id\":\"https:\/\/coelectrix.com\/pt-pt\/produto\/conectores-molex-minifit-jr#breadcrumb\",\"itemListElement\":[{\"@type\":\"ListItem\",\"position\":1,\"name\":\"Portada\",\"item\":\"https:\/\/coelectrix.com\/\"},{\"@type\":\"ListItem\",\"position\":2,\"name\":\"Loja\",\"item\":\"https:\/\/coelectrix.com\/pt-pt\/loja\"},{\"@type\":\"ListItem\",\"position\":3,\"name\":\"Conectores MOLEX MiniFit Jr\"}]},{\"@type\":\"WebSite\",\"@id\":\"https:\/\/coelectrix.com\/pt-pt\/#website\",\"url\":\"https:\/\/coelectrix.com\/pt-pt\/\",\"name\":\"Coelectrix\",\"description\":\"Componentes el\u00e9ctricos\",\"publisher\":{\"@id\":\"https:\/\/coelectrix.com\/pt-pt\/#organization\"},\"potentialAction\":[{\"@type\":\"SearchAction\",\"target\":{\"@type\":\"EntryPoint\",\"urlTemplate\":\"https:\/\/coelectrix.com\/pt-pt\/?s={search_term_string}\"},\"query-input\":{\"@type\":\"PropertyValueSpecification\",\"valueRequired\":true,\"valueName\":\"search_term_string\"}}],\"inLanguage\":\"pt-PT\"},{\"@type\":\"Organization\",\"@id\":\"https:\/\/coelectrix.com\/pt-pt\/#organization\",\"name\":\"coelectrix.com\",\"url\":\"https:\/\/coelectrix.com\/pt-pt\/\",\"logo\":{\"@type\":\"ImageObject\",\"inLanguage\":\"pt-PT\",\"@id\":\"https:\/\/coelectrix.com\/pt-pt\/#\/schema\/logo\/image\/\",\"url\":\"https:\/\/coelectrix.com\/wp-content\/uploads\/2018\/05\/logo-coelectrix-400x400.jpg\",\"contentUrl\":\"https:\/\/coelectrix.com\/wp-content\/uploads\/2018\/05\/logo-coelectrix-400x400.jpg\",\"width\":300,\"height\":300,\"caption\":\"coelectrix.com\"},\"image\":{\"@id\":\"https:\/\/coelectrix.com\/pt-pt\/#\/schema\/logo\/image\/\"}}]}<\/script>\n<!-- \/ Yoast SEO plugin. -->","yoast_head_json":{"title":"\u25b7 Conectores MOLEX MiniFit Jr | Coelectrix.com","description":"Comprar conectores MOLEX MiniFit Jr | Envio em 24\/48 horas | Loja online l\u00edder em eletr\u00f3nica autom\u00f3vel \u27a4 Melhor pre\u00e7o online.","robots":{"index":"index","follow":"follow","max-snippet":"max-snippet:-1","max-image-preview":"max-image-preview:large","max-video-preview":"max-video-preview:-1"},"canonical":"https:\/\/coelectrix.com\/pt-pt\/produto\/conectores-molex-minifit-jr","og_locale":"pt_PT","og_type":"article","og_title":"\u25b7 Conectores MOLEX MiniFit Jr | Coelectrix.com","og_description":"Comprar conectores MOLEX MiniFit Jr | Envio em 24\/48 horas | Loja online l\u00edder em eletr\u00f3nica autom\u00f3vel \u27a4 Melhor pre\u00e7o online.","og_url":"https:\/\/coelectrix.com\/pt-pt\/produto\/conectores-molex-minifit-jr","og_site_name":"Coelectrix","article_modified_time":"2025-08-19T04:04:09+00:00","og_image":[{"width":800,"height":800,"url":"https:\/\/coelectrix.com\/wp-content\/uploads\/2020\/06\/conectores-MOLEX.jpg","type":"image\/jpeg"}],"twitter_card":"summary_large_image","twitter_misc":{"Tempo estimado de leitura":"1 minuto"},"schema":{"@context":"https:\/\/schema.org","@graph":[{"@type":"WebPage","@id":"https:\/\/coelectrix.com\/pt-pt\/produto\/conectores-molex-minifit-jr","url":"https:\/\/coelectrix.com\/pt-pt\/produto\/conectores-molex-minifit-jr","name":"\u25b7 Conectores MOLEX MiniFit Jr | Coelectrix.com","isPartOf":{"@id":"https:\/\/coelectrix.com\/pt-pt\/#website"},"primaryImageOfPage":{"@id":"https:\/\/coelectrix.com\/pt-pt\/produto\/conectores-molex-minifit-jr#primaryimage"},"image":{"@id":"https:\/\/coelectrix.com\/pt-pt\/produto\/conectores-molex-minifit-jr#primaryimage"},"thumbnailUrl":"https:\/\/coelectrix.com\/wp-content\/uploads\/2020\/06\/conectores-MOLEX.jpg","datePublished":"2020-06-21T14:50:14+00:00","dateModified":"2025-08-19T04:04:09+00:00","description":"Comprar conectores MOLEX MiniFit Jr | Envio em 24\/48 horas | Loja online l\u00edder em eletr\u00f3nica autom\u00f3vel \u27a4 Melhor pre\u00e7o online.","breadcrumb":{"@id":"https:\/\/coelectrix.com\/pt-pt\/produto\/conectores-molex-minifit-jr#breadcrumb"},"inLanguage":"pt-PT","potentialAction":[{"@type":"ReadAction","target":["https:\/\/coelectrix.com\/pt-pt\/produto\/conectores-molex-minifit-jr"]}]},{"@type":"ImageObject","inLanguage":"pt-PT","@id":"https:\/\/coelectrix.com\/pt-pt\/produto\/conectores-molex-minifit-jr#primaryimage","url":"https:\/\/coelectrix.com\/wp-content\/uploads\/2020\/06\/conectores-MOLEX.jpg","contentUrl":"https:\/\/coelectrix.com\/wp-content\/uploads\/2020\/06\/conectores-MOLEX.jpg","width":800,"height":800,"caption":"comprar conectores molex minifit"},{"@type":"BreadcrumbList","@id":"https:\/\/coelectrix.com\/pt-pt\/produto\/conectores-molex-minifit-jr#breadcrumb","itemListElement":[{"@type":"ListItem","position":1,"name":"Portada","item":"https:\/\/coelectrix.com\/"},{"@type":"ListItem","position":2,"name":"Loja","item":"https:\/\/coelectrix.com\/pt-pt\/loja"},{"@type":"ListItem","position":3,"name":"Conectores MOLEX MiniFit Jr"}]},{"@type":"WebSite","@id":"https:\/\/coelectrix.com\/pt-pt\/#website","url":"https:\/\/coelectrix.com\/pt-pt\/","name":"Coelectrix","description":"Componentes el\u00e9ctricos","publisher":{"@id":"https:\/\/coelectrix.com\/pt-pt\/#organization"},"potentialAction":[{"@type":"SearchAction","target":{"@type":"EntryPoint","urlTemplate":"https:\/\/coelectrix.com\/pt-pt\/?s={search_term_string}"},"query-input":{"@type":"PropertyValueSpecification","valueRequired":true,"valueName":"search_term_string"}}],"inLanguage":"pt-PT"},{"@type":"Organization","@id":"https:\/\/coelectrix.com\/pt-pt\/#organization","name":"coelectrix.com","url":"https:\/\/coelectrix.com\/pt-pt\/","logo":{"@type":"ImageObject","inLanguage":"pt-PT","@id":"https:\/\/coelectrix.com\/pt-pt\/#\/schema\/logo\/image\/","url":"https:\/\/coelectrix.com\/wp-content\/uploads\/2018\/05\/logo-coelectrix-400x400.jpg","contentUrl":"https:\/\/coelectrix.com\/wp-content\/uploads\/2018\/05\/logo-coelectrix-400x400.jpg","width":300,"height":300,"caption":"coelectrix.com"},"image":{"@id":"https:\/\/coelectrix.com\/pt-pt\/#\/schema\/logo\/image\/"}}]}},"_links":{"self":[{"href":"https:\/\/coelectrix.com\/pt-pt\/wp-json\/wp\/v2\/product\/76956","targetHints":{"allow":["GET"]}}],"collection":[{"href":"https:\/\/coelectrix.com\/pt-pt\/wp-json\/wp\/v2\/product"}],"about":[{"href":"https:\/\/coelectrix.com\/pt-pt\/wp-json\/wp\/v2\/types\/product"}],"version-history":[{"count":1,"href":"https:\/\/coelectrix.com\/pt-pt\/wp-json\/wp\/v2\/product\/76956\/revisions"}],"predecessor-version":[{"id":77172,"href":"https:\/\/coelectrix.com\/pt-pt\/wp-json\/wp\/v2\/product\/76956\/revisions\/77172"}],"wp:featuredmedia":[{"embeddable":true,"href":"https:\/\/coelectrix.com\/pt-pt\/wp-json\/wp\/v2\/media\/73338"}],"wp:attachment":[{"href":"https:\/\/coelectrix.com\/pt-pt\/wp-json\/wp\/v2\/media?parent=76956"}],"wp:term":[{"taxonomy":"product_brand","embeddable":true,"href":"https:\/\/coelectrix.com\/pt-pt\/wp-json\/wp\/v2\/product_brand?post=76956"},{"taxonomy":"product_cat","embeddable":true,"href":"https:\/\/coelectrix.com\/pt-pt\/wp-json\/wp\/v2\/product_cat?post=76956"},{"taxonomy":"product_tag","embeddable":true,"href":"https:\/\/coelectrix.com\/pt-pt\/wp-json\/wp\/v2\/product_tag?post=76956"}],"curies":[{"name":"wp","href":"https:\/\/api.w.org\/{rel}","templated":true}]}}