{"id":76982,"date":"2025-01-11T12:33:38","date_gmt":"2025-01-11T11:33:38","guid":{"rendered":"https:\/\/coelectrix.com\/producto\/monitor-de-bateria-derivacao-inteligente-300a-victron-energy"},"modified":"2025-08-19T05:57:07","modified_gmt":"2025-08-19T03:57:07","slug":"monitor-de-bateria-derivacao-inteligente-300a-victron-energy","status":"publish","type":"product","link":"https:\/\/coelectrix.com\/pt-pt\/produto\/monitor-de-bateria-smart-shunt-300a-victron-energy","title":{"rendered":"Monitor de bateria deriva\u00e7\u00e3o inteligente 300A Victron Energy"},"content":{"rendered":"<h2><strong>Monitor de bateria com deriva\u00e7\u00e3o inteligente de 300A \/ 50mV<\/strong><\/h2>\n<p>O SmartShunt \u00e9 um <strong>monitor de bateria tudo-em-um<\/strong> sem ecr\u00e3, mas que utiliza o ecr\u00e3 do seu telem\u00f3vel. O SmartShunt liga-se via Bluetooth \u00e0 aplica\u00e7\u00e3o VictronConnect no seu telem\u00f3vel (ou tablet) para que possa ler convenientemente todos os par\u00e2metros monitorizados da sua bateria, tais como o <strong>estado de carga, autonomia restante, dados hist\u00f3ricos<\/strong> e muito mais.<\/p>\n<p>O SmartShunt \u00e9 uma boa alternativa econ\u00f3mica ao monitor de bateria Victron BMV, especialmente em sistemas onde a monitoriza\u00e7\u00e3o da bateria \u00e9 necess\u00e1ria, mas com uma instala\u00e7\u00e3o mais simples e menos cablagem.<br \/>\nO SmartShunt possui Bluetooth, uma porta VE.Diret e uma liga\u00e7\u00e3o que pode ser utilizada para: monitorizar uma segunda bateria, monitorizar o ponto m\u00e9dio ou ligar um sensor de temperatura.<\/p>\n<h3><strong>Ligar o SmartShunt \u00e0 bateria<\/strong><\/h3>\n<p>A liga\u00e7\u00e3o do <strong>monitor de bateria SmartShunt<\/strong> \u00e9 muito simples, basta ligar um dos terminais ao terminal negativo da bateria e o outro terminal do SmartShunt deve ser ligado a todos os cabos de retorno negativo de todos os consum\u00edveis, desta forma o SmartShunt ter\u00e1 toda a informa\u00e7\u00e3o dos consum\u00edveis. Tamb\u00e9m vamos ligar um cabo do SmartShunt ao terminal positivo da bateria.<\/p>\n<p><img fetchpriority=\"high\" decoding=\"async\" class=\"wp-image-32116 aligncenter\" src=\"https:\/\/coelectrix.com\/wp-content\/uploads\/2021\/06\/smartshunt-conexion.jpg\" alt=\"smart shunt victron conexion\" width=\"366\" height=\"366\" srcset=\"https:\/\/coelectrix.com\/wp-content\/uploads\/2021\/06\/smartshunt-conexion.jpg 600w, https:\/\/coelectrix.com\/wp-content\/uploads\/2021\/06\/smartshunt-conexion-196x196.jpg 196w, https:\/\/coelectrix.com\/wp-content\/uploads\/2021\/06\/smartshunt-conexion-100x100.jpg 100w, https:\/\/coelectrix.com\/wp-content\/uploads\/2021\/06\/smartshunt-conexion-416x416.jpg 416w, https:\/\/coelectrix.com\/wp-content\/uploads\/2021\/06\/smartshunt-conexion-64x64.jpg 64w, https:\/\/coelectrix.com\/wp-content\/uploads\/2021\/06\/smartshunt-conexion-300x300.jpg 300w, https:\/\/coelectrix.com\/wp-content\/uploads\/2021\/06\/smartshunt-conexion-150x150.jpg 150w\" sizes=\"(max-width: 366px) 100vw, 366px\" \/><\/p>\n<p>Com esta instala\u00e7\u00e3o simples e configurada via bluetooth com a aplica\u00e7\u00e3o Victron num smartphone ou tablet, teremos todas as informa\u00e7\u00f5es do consumo da instala\u00e7\u00e3o, bem como o estado de carga da bateria, autonomia restante, dados hist\u00f3ricos e muito mais.<\/p>\n<p><img decoding=\"async\" class=\"wp-image-32115 aligncenter\" src=\"https:\/\/coelectrix.com\/wp-content\/uploads\/2021\/06\/smartshunt-app.jpg\" alt=\"smartshunt victron app\" width=\"344\" height=\"344\" srcset=\"https:\/\/coelectrix.com\/wp-content\/uploads\/2021\/06\/smartshunt-app.jpg 600w, https:\/\/coelectrix.com\/wp-content\/uploads\/2021\/06\/smartshunt-app-196x196.jpg 196w, https:\/\/coelectrix.com\/wp-content\/uploads\/2021\/06\/smartshunt-app-100x100.jpg 100w, https:\/\/coelectrix.com\/wp-content\/uploads\/2021\/06\/smartshunt-app-416x416.jpg 416w, https:\/\/coelectrix.com\/wp-content\/uploads\/2021\/06\/smartshunt-app-64x64.jpg 64w, https:\/\/coelectrix.com\/wp-content\/uploads\/2021\/06\/smartshunt-app-300x300.jpg 300w, https:\/\/coelectrix.com\/wp-content\/uploads\/2021\/06\/smartshunt-app-150x150.jpg 150w\" sizes=\"(max-width: 344px) 100vw, 344px\" \/><\/p>\n","protected":false},"excerpt":{"rendered":"<p>O Smart Shunt \u00e9 um monitor de bateria tudo-em-um da Victron energy, com o qual, atrav\u00e9s de Bluetooth e da aplica\u00e7\u00e3o VictronConnect, saber\u00e1 tudo o que est\u00e1 a acontecer na sua instala\u00e7\u00e3o.<br \/>\nSaber\u00e1 a todo o momento o <strong>estado real e exato da bateria, estado de carga, autonomia restante, dados hist\u00f3ricos e muito mais.<\/strong><\/p>\n","protected":false},"featured_media":74586,"template":"","meta":{"_acf_changed":false},"product_brand":[],"product_cat":[128,1338,1352],"product_tag":[],"class_list":{"0":"post-76982","1":"product","2":"type-product","3":"status-publish","4":"has-post-thumbnail","6":"product_cat-paneles-de-control-y-carga","7":"product_cat-victron-energia","8":"product_cat-voltimetros-pt","10":"first","11":"instock","12":"taxable","13":"shipping-taxable","14":"purchasable","15":"product-type-simple"},"acf":[],"yoast_head":"<!-- This site is optimized with the Yoast SEO plugin v27.2 - https:\/\/yoast.com\/product\/yoast-seo-wordpress\/ -->\n<title>Monitor de bateria deriva\u00e7\u00e3o inteligente 300A Victron Energy |% Monitoriza\u00e7\u00e3o completa do estado da bateria<\/title>\n<meta name=\"description\" content=\"Monitor de bateria de deriva\u00e7\u00e3o inteligente para controlo total do estado e consumo da bateria, vida \u00fatil restante da bateria, dados hist\u00f3ricos e muito mais.\" \/>\n<meta name=\"robots\" content=\"index, follow, max-snippet:-1, max-image-preview:large, max-video-preview:-1\" \/>\n<link rel=\"canonical\" href=\"https:\/\/coelectrix.com\/pt-pt\/produto\/monitor-de-bateria-smart-shunt-300a-victron-energy\" \/>\n<meta property=\"og:locale\" content=\"pt_PT\" \/>\n<meta property=\"og:type\" content=\"article\" \/>\n<meta property=\"og:title\" content=\"Monitor de bateria deriva\u00e7\u00e3o inteligente 300A Victron Energy |% Monitoriza\u00e7\u00e3o completa do estado da bateria\" \/>\n<meta property=\"og:description\" content=\"Monitor de bateria de deriva\u00e7\u00e3o inteligente para controlo total do estado e consumo da bateria, vida \u00fatil restante da bateria, dados hist\u00f3ricos e muito mais.\" \/>\n<meta property=\"og:url\" content=\"https:\/\/coelectrix.com\/pt-pt\/produto\/monitor-de-bateria-smart-shunt-300a-victron-energy\" \/>\n<meta property=\"og:site_name\" content=\"Coelectrix\" \/>\n<meta property=\"article:modified_time\" content=\"2025-08-19T03:57:07+00:00\" \/>\n<meta property=\"og:image\" content=\"https:\/\/coelectrix.com\/wp-content\/uploads\/2025\/01\/Proyecto-nuevo-18.jpg\" \/>\n\t<meta property=\"og:image:width\" content=\"600\" \/>\n\t<meta property=\"og:image:height\" content=\"600\" \/>\n\t<meta property=\"og:image:type\" content=\"image\/jpeg\" \/>\n<meta name=\"twitter:card\" content=\"summary_large_image\" \/>\n<meta name=\"twitter:label1\" content=\"Tempo estimado de leitura\" \/>\n\t<meta name=\"twitter:data1\" content=\"1 minuto\" \/>\n<script type=\"application\/ld+json\" class=\"yoast-schema-graph\">{\"@context\":\"https:\/\/schema.org\",\"@graph\":[{\"@type\":\"WebPage\",\"@id\":\"https:\/\/coelectrix.com\/pt-pt\/produto\/monitor-de-bateria-smart-shunt-300a-victron-energy\",\"url\":\"https:\/\/coelectrix.com\/pt-pt\/produto\/monitor-de-bateria-smart-shunt-300a-victron-energy\",\"name\":\"Monitor de bateria deriva\u00e7\u00e3o inteligente 300A Victron Energy |% Monitoriza\u00e7\u00e3o completa do estado da bateria\",\"isPartOf\":{\"@id\":\"https:\/\/coelectrix.com\/pt-pt\/#website\"},\"primaryImageOfPage\":{\"@id\":\"https:\/\/coelectrix.com\/pt-pt\/produto\/monitor-de-bateria-smart-shunt-300a-victron-energy#primaryimage\"},\"image\":{\"@id\":\"https:\/\/coelectrix.com\/pt-pt\/produto\/monitor-de-bateria-smart-shunt-300a-victron-energy#primaryimage\"},\"thumbnailUrl\":\"https:\/\/coelectrix.com\/wp-content\/uploads\/2025\/01\/Proyecto-nuevo-18.jpg\",\"datePublished\":\"2025-01-11T11:33:38+00:00\",\"dateModified\":\"2025-08-19T03:57:07+00:00\",\"description\":\"Monitor de bateria de deriva\u00e7\u00e3o inteligente para controlo total do estado e consumo da bateria, vida \u00fatil restante da bateria, dados hist\u00f3ricos e muito mais.\",\"breadcrumb\":{\"@id\":\"https:\/\/coelectrix.com\/pt-pt\/produto\/monitor-de-bateria-smart-shunt-300a-victron-energy#breadcrumb\"},\"inLanguage\":\"pt-PT\",\"potentialAction\":[{\"@type\":\"ReadAction\",\"target\":[\"https:\/\/coelectrix.com\/pt-pt\/produto\/monitor-de-bateria-smart-shunt-300a-victron-energy\"]}]},{\"@type\":\"ImageObject\",\"inLanguage\":\"pt-PT\",\"@id\":\"https:\/\/coelectrix.com\/pt-pt\/produto\/monitor-de-bateria-smart-shunt-300a-victron-energy#primaryimage\",\"url\":\"https:\/\/coelectrix.com\/wp-content\/uploads\/2025\/01\/Proyecto-nuevo-18.jpg\",\"contentUrl\":\"https:\/\/coelectrix.com\/wp-content\/uploads\/2025\/01\/Proyecto-nuevo-18.jpg\",\"width\":600,\"height\":600,\"caption\":\"Deriva\u00e7\u00e3o inteligente 300A Victron Energy\"},{\"@type\":\"BreadcrumbList\",\"@id\":\"https:\/\/coelectrix.com\/pt-pt\/produto\/monitor-de-bateria-smart-shunt-300a-victron-energy#breadcrumb\",\"itemListElement\":[{\"@type\":\"ListItem\",\"position\":1,\"name\":\"Portada\",\"item\":\"https:\/\/coelectrix.com\/\"},{\"@type\":\"ListItem\",\"position\":2,\"name\":\"Loja\",\"item\":\"https:\/\/coelectrix.com\/pt-pt\/loja\"},{\"@type\":\"ListItem\",\"position\":3,\"name\":\"Monitor de bateria deriva\u00e7\u00e3o inteligente 300A Victron Energy\"}]},{\"@type\":\"WebSite\",\"@id\":\"https:\/\/coelectrix.com\/pt-pt\/#website\",\"url\":\"https:\/\/coelectrix.com\/pt-pt\/\",\"name\":\"Coelectrix\",\"description\":\"Componentes el\u00e9ctricos\",\"publisher\":{\"@id\":\"https:\/\/coelectrix.com\/pt-pt\/#organization\"},\"potentialAction\":[{\"@type\":\"SearchAction\",\"target\":{\"@type\":\"EntryPoint\",\"urlTemplate\":\"https:\/\/coelectrix.com\/pt-pt\/?s={search_term_string}\"},\"query-input\":{\"@type\":\"PropertyValueSpecification\",\"valueRequired\":true,\"valueName\":\"search_term_string\"}}],\"inLanguage\":\"pt-PT\"},{\"@type\":\"Organization\",\"@id\":\"https:\/\/coelectrix.com\/pt-pt\/#organization\",\"name\":\"coelectrix.com\",\"url\":\"https:\/\/coelectrix.com\/pt-pt\/\",\"logo\":{\"@type\":\"ImageObject\",\"inLanguage\":\"pt-PT\",\"@id\":\"https:\/\/coelectrix.com\/pt-pt\/#\/schema\/logo\/image\/\",\"url\":\"https:\/\/coelectrix.com\/wp-content\/uploads\/2018\/05\/logo-coelectrix-400x400.jpg\",\"contentUrl\":\"https:\/\/coelectrix.com\/wp-content\/uploads\/2018\/05\/logo-coelectrix-400x400.jpg\",\"width\":300,\"height\":300,\"caption\":\"coelectrix.com\"},\"image\":{\"@id\":\"https:\/\/coelectrix.com\/pt-pt\/#\/schema\/logo\/image\/\"}}]}<\/script>\n<!-- \/ Yoast SEO plugin. -->","yoast_head_json":{"title":"Monitor de bateria deriva\u00e7\u00e3o inteligente 300A Victron Energy |% Monitoriza\u00e7\u00e3o completa do estado da bateria","description":"Monitor de bateria de deriva\u00e7\u00e3o inteligente para controlo total do estado e consumo da bateria, vida \u00fatil restante da bateria, dados hist\u00f3ricos e muito mais.","robots":{"index":"index","follow":"follow","max-snippet":"max-snippet:-1","max-image-preview":"max-image-preview:large","max-video-preview":"max-video-preview:-1"},"canonical":"https:\/\/coelectrix.com\/pt-pt\/produto\/monitor-de-bateria-smart-shunt-300a-victron-energy","og_locale":"pt_PT","og_type":"article","og_title":"Monitor de bateria deriva\u00e7\u00e3o inteligente 300A Victron Energy |% Monitoriza\u00e7\u00e3o completa do estado da bateria","og_description":"Monitor de bateria de deriva\u00e7\u00e3o inteligente para controlo total do estado e consumo da bateria, vida \u00fatil restante da bateria, dados hist\u00f3ricos e muito mais.","og_url":"https:\/\/coelectrix.com\/pt-pt\/produto\/monitor-de-bateria-smart-shunt-300a-victron-energy","og_site_name":"Coelectrix","article_modified_time":"2025-08-19T03:57:07+00:00","og_image":[{"width":600,"height":600,"url":"https:\/\/coelectrix.com\/wp-content\/uploads\/2025\/01\/Proyecto-nuevo-18.jpg","type":"image\/jpeg"}],"twitter_card":"summary_large_image","twitter_misc":{"Tempo estimado de leitura":"1 minuto"},"schema":{"@context":"https:\/\/schema.org","@graph":[{"@type":"WebPage","@id":"https:\/\/coelectrix.com\/pt-pt\/produto\/monitor-de-bateria-smart-shunt-300a-victron-energy","url":"https:\/\/coelectrix.com\/pt-pt\/produto\/monitor-de-bateria-smart-shunt-300a-victron-energy","name":"Monitor de bateria deriva\u00e7\u00e3o inteligente 300A Victron Energy |% Monitoriza\u00e7\u00e3o completa do estado da bateria","isPartOf":{"@id":"https:\/\/coelectrix.com\/pt-pt\/#website"},"primaryImageOfPage":{"@id":"https:\/\/coelectrix.com\/pt-pt\/produto\/monitor-de-bateria-smart-shunt-300a-victron-energy#primaryimage"},"image":{"@id":"https:\/\/coelectrix.com\/pt-pt\/produto\/monitor-de-bateria-smart-shunt-300a-victron-energy#primaryimage"},"thumbnailUrl":"https:\/\/coelectrix.com\/wp-content\/uploads\/2025\/01\/Proyecto-nuevo-18.jpg","datePublished":"2025-01-11T11:33:38+00:00","dateModified":"2025-08-19T03:57:07+00:00","description":"Monitor de bateria de deriva\u00e7\u00e3o inteligente para controlo total do estado e consumo da bateria, vida \u00fatil restante da bateria, dados hist\u00f3ricos e muito mais.","breadcrumb":{"@id":"https:\/\/coelectrix.com\/pt-pt\/produto\/monitor-de-bateria-smart-shunt-300a-victron-energy#breadcrumb"},"inLanguage":"pt-PT","potentialAction":[{"@type":"ReadAction","target":["https:\/\/coelectrix.com\/pt-pt\/produto\/monitor-de-bateria-smart-shunt-300a-victron-energy"]}]},{"@type":"ImageObject","inLanguage":"pt-PT","@id":"https:\/\/coelectrix.com\/pt-pt\/produto\/monitor-de-bateria-smart-shunt-300a-victron-energy#primaryimage","url":"https:\/\/coelectrix.com\/wp-content\/uploads\/2025\/01\/Proyecto-nuevo-18.jpg","contentUrl":"https:\/\/coelectrix.com\/wp-content\/uploads\/2025\/01\/Proyecto-nuevo-18.jpg","width":600,"height":600,"caption":"Deriva\u00e7\u00e3o inteligente 300A Victron Energy"},{"@type":"BreadcrumbList","@id":"https:\/\/coelectrix.com\/pt-pt\/produto\/monitor-de-bateria-smart-shunt-300a-victron-energy#breadcrumb","itemListElement":[{"@type":"ListItem","position":1,"name":"Portada","item":"https:\/\/coelectrix.com\/"},{"@type":"ListItem","position":2,"name":"Loja","item":"https:\/\/coelectrix.com\/pt-pt\/loja"},{"@type":"ListItem","position":3,"name":"Monitor de bateria deriva\u00e7\u00e3o inteligente 300A Victron Energy"}]},{"@type":"WebSite","@id":"https:\/\/coelectrix.com\/pt-pt\/#website","url":"https:\/\/coelectrix.com\/pt-pt\/","name":"Coelectrix","description":"Componentes el\u00e9ctricos","publisher":{"@id":"https:\/\/coelectrix.com\/pt-pt\/#organization"},"potentialAction":[{"@type":"SearchAction","target":{"@type":"EntryPoint","urlTemplate":"https:\/\/coelectrix.com\/pt-pt\/?s={search_term_string}"},"query-input":{"@type":"PropertyValueSpecification","valueRequired":true,"valueName":"search_term_string"}}],"inLanguage":"pt-PT"},{"@type":"Organization","@id":"https:\/\/coelectrix.com\/pt-pt\/#organization","name":"coelectrix.com","url":"https:\/\/coelectrix.com\/pt-pt\/","logo":{"@type":"ImageObject","inLanguage":"pt-PT","@id":"https:\/\/coelectrix.com\/pt-pt\/#\/schema\/logo\/image\/","url":"https:\/\/coelectrix.com\/wp-content\/uploads\/2018\/05\/logo-coelectrix-400x400.jpg","contentUrl":"https:\/\/coelectrix.com\/wp-content\/uploads\/2018\/05\/logo-coelectrix-400x400.jpg","width":300,"height":300,"caption":"coelectrix.com"},"image":{"@id":"https:\/\/coelectrix.com\/pt-pt\/#\/schema\/logo\/image\/"}}]}},"_links":{"self":[{"href":"https:\/\/coelectrix.com\/pt-pt\/wp-json\/wp\/v2\/product\/76982","targetHints":{"allow":["GET"]}}],"collection":[{"href":"https:\/\/coelectrix.com\/pt-pt\/wp-json\/wp\/v2\/product"}],"about":[{"href":"https:\/\/coelectrix.com\/pt-pt\/wp-json\/wp\/v2\/types\/product"}],"version-history":[{"count":1,"href":"https:\/\/coelectrix.com\/pt-pt\/wp-json\/wp\/v2\/product\/76982\/revisions"}],"predecessor-version":[{"id":77128,"href":"https:\/\/coelectrix.com\/pt-pt\/wp-json\/wp\/v2\/product\/76982\/revisions\/77128"}],"wp:featuredmedia":[{"embeddable":true,"href":"https:\/\/coelectrix.com\/pt-pt\/wp-json\/wp\/v2\/media\/74586"}],"wp:attachment":[{"href":"https:\/\/coelectrix.com\/pt-pt\/wp-json\/wp\/v2\/media?parent=76982"}],"wp:term":[{"taxonomy":"product_brand","embeddable":true,"href":"https:\/\/coelectrix.com\/pt-pt\/wp-json\/wp\/v2\/product_brand?post=76982"},{"taxonomy":"product_cat","embeddable":true,"href":"https:\/\/coelectrix.com\/pt-pt\/wp-json\/wp\/v2\/product_cat?post=76982"},{"taxonomy":"product_tag","embeddable":true,"href":"https:\/\/coelectrix.com\/pt-pt\/wp-json\/wp\/v2\/product_tag?post=76982"}],"curies":[{"name":"wp","href":"https:\/\/api.w.org\/{rel}","templated":true}]}}