{"id":76986,"date":"2021-11-13T09:21:18","date_gmt":"2021-11-13T08:21:18","guid":{"rendered":"https:\/\/coelectrix.com\/producto\/estrutura-para-tomadas-embutidas"},"modified":"2025-08-19T06:03:06","modified_gmt":"2025-08-19T04:03:06","slug":"estrutura-para-tomadas-embutidas","status":"publish","type":"product","link":"https:\/\/coelectrix.com\/pt-pt\/produto\/quadro-embelezador-quadro-para-fichas","title":{"rendered":"Estrutura para tomadas embutidas"},"content":{"rendered":"<h2><strong>Moldura embelezada<\/strong><\/h2>\n<p>Pain\u00e9is de 1, 2 e 3 orif\u00edcios <strong>compat\u00edveis com todas as nossas tomadas USB, volt\u00edmetros e tomadas de isqueiro<\/strong><\/p>\n<p><img fetchpriority=\"high\" decoding=\"async\" class=\"aligncenter wp-image-35358 size-full\" src=\"https:\/\/coelectrix.com\/wp-content\/uploads\/2021\/11\/paneles-medidas.jpg\" alt=\"\" width=\"1152\" height=\"740\" srcset=\"https:\/\/coelectrix.com\/wp-content\/uploads\/2021\/11\/paneles-medidas.jpg 1152w, https:\/\/coelectrix.com\/wp-content\/uploads\/2021\/11\/paneles-medidas-416x267.jpg 416w, https:\/\/coelectrix.com\/wp-content\/uploads\/2021\/11\/paneles-medidas-64x41.jpg 64w, https:\/\/coelectrix.com\/wp-content\/uploads\/2021\/11\/paneles-medidas-300x193.jpg 300w, https:\/\/coelectrix.com\/wp-content\/uploads\/2021\/11\/paneles-medidas-1024x658.jpg 1024w, https:\/\/coelectrix.com\/wp-content\/uploads\/2021\/11\/paneles-medidas-768x493.jpg 768w\" sizes=\"(max-width: 1152px) 100vw, 1152px\" \/><\/p>\n","protected":false},"excerpt":{"rendered":"<p>Molduras de acabamento para montagem em painel para qualquer uma das nossas tomadas USB, Volt\u00edmetro ou &#8220;isqueiro&#8221; de 12v.<\/p>\n<p>Dispon\u00edvel em 1, 2 ou 3 orif\u00edcios.<\/p>\n<p><span data-spm-anchor-id=\"a2g0o.detail.1000023.i1.4f787800G6c9oo\"><strong>Material<\/strong>: ABS<\/span><br \/>\n<strong>Cor<\/strong>: preto<br \/>\n<strong>Tamanho<\/strong>: (como indicado na imagem de descri\u00e7\u00e3o)<\/p>\n","protected":false},"featured_media":73667,"template":"","meta":{"_acf_changed":false},"product_brand":[],"product_cat":[128,1351,1352],"product_tag":[],"class_list":{"0":"post-76986","1":"product","2":"type-product","3":"status-publish","4":"has-post-thumbnail","6":"product_cat-paneles-de-control-y-carga","7":"product_cat-tomadas-de-12v-e-usb","8":"product_cat-voltimetros-pt","10":"first","11":"instock","12":"taxable","13":"shipping-taxable","14":"purchasable","15":"product-type-variable"},"acf":[],"yoast_head":"<!-- This site is optimized with the Yoast SEO plugin v27.2 - https:\/\/yoast.com\/product\/yoast-seo-wordpress\/ -->\n<title>\u25b7 Estrutura para tomadas embutidas | Coelectrix.com<\/title>\n<meta name=\"description\" content=\"Pain\u00e9is de 1, 2 e 3 orif\u00edcios compat\u00edveis com todas as nossas tomadas USB, de volt\u00edmetro e de isqueiro.\" \/>\n<meta name=\"robots\" content=\"index, follow, max-snippet:-1, max-image-preview:large, max-video-preview:-1\" \/>\n<link rel=\"canonical\" href=\"https:\/\/coelectrix.com\/pt-pt\/produto\/quadro-embelezador-quadro-para-fichas\" \/>\n<meta property=\"og:locale\" content=\"pt_PT\" \/>\n<meta property=\"og:type\" content=\"article\" \/>\n<meta property=\"og:title\" content=\"\u25b7 Estrutura para tomadas embutidas | Coelectrix.com\" \/>\n<meta property=\"og:description\" content=\"Pain\u00e9is de 1, 2 e 3 orif\u00edcios compat\u00edveis com todas as nossas tomadas USB, de volt\u00edmetro e de isqueiro.\" \/>\n<meta property=\"og:url\" content=\"https:\/\/coelectrix.com\/pt-pt\/produto\/quadro-embelezador-quadro-para-fichas\" \/>\n<meta property=\"og:site_name\" content=\"Coelectrix\" \/>\n<meta property=\"article:modified_time\" content=\"2025-08-19T04:03:06+00:00\" \/>\n<meta property=\"og:image\" content=\"https:\/\/coelectrix.com\/wp-content\/uploads\/2021\/11\/paneles-embellecedores.jpg\" \/>\n\t<meta property=\"og:image:width\" content=\"800\" \/>\n\t<meta property=\"og:image:height\" content=\"800\" \/>\n\t<meta property=\"og:image:type\" content=\"image\/jpeg\" \/>\n<meta name=\"twitter:card\" content=\"summary_large_image\" \/>\n<script type=\"application\/ld+json\" class=\"yoast-schema-graph\">{\"@context\":\"https:\/\/schema.org\",\"@graph\":[{\"@type\":\"WebPage\",\"@id\":\"https:\/\/coelectrix.com\/pt-pt\/produto\/quadro-embelezador-quadro-para-fichas\",\"url\":\"https:\/\/coelectrix.com\/pt-pt\/produto\/quadro-embelezador-quadro-para-fichas\",\"name\":\"\u25b7 Estrutura para tomadas embutidas | Coelectrix.com\",\"isPartOf\":{\"@id\":\"https:\/\/coelectrix.com\/pt-pt\/#website\"},\"primaryImageOfPage\":{\"@id\":\"https:\/\/coelectrix.com\/pt-pt\/produto\/quadro-embelezador-quadro-para-fichas#primaryimage\"},\"image\":{\"@id\":\"https:\/\/coelectrix.com\/pt-pt\/produto\/quadro-embelezador-quadro-para-fichas#primaryimage\"},\"thumbnailUrl\":\"https:\/\/coelectrix.com\/wp-content\/uploads\/2021\/11\/paneles-embellecedores.jpg\",\"datePublished\":\"2021-11-13T08:21:18+00:00\",\"dateModified\":\"2025-08-19T04:03:06+00:00\",\"description\":\"Pain\u00e9is de 1, 2 e 3 orif\u00edcios compat\u00edveis com todas as nossas tomadas USB, de volt\u00edmetro e de isqueiro.\",\"breadcrumb\":{\"@id\":\"https:\/\/coelectrix.com\/pt-pt\/produto\/quadro-embelezador-quadro-para-fichas#breadcrumb\"},\"inLanguage\":\"pt-PT\",\"potentialAction\":[{\"@type\":\"ReadAction\",\"target\":[\"https:\/\/coelectrix.com\/pt-pt\/produto\/quadro-embelezador-quadro-para-fichas\"]}]},{\"@type\":\"ImageObject\",\"inLanguage\":\"pt-PT\",\"@id\":\"https:\/\/coelectrix.com\/pt-pt\/produto\/quadro-embelezador-quadro-para-fichas#primaryimage\",\"url\":\"https:\/\/coelectrix.com\/wp-content\/uploads\/2021\/11\/paneles-embellecedores.jpg\",\"contentUrl\":\"https:\/\/coelectrix.com\/wp-content\/uploads\/2021\/11\/paneles-embellecedores.jpg\",\"width\":800,\"height\":800,\"caption\":\"Estrutura para tomadas embutidas\"},{\"@type\":\"BreadcrumbList\",\"@id\":\"https:\/\/coelectrix.com\/pt-pt\/produto\/quadro-embelezador-quadro-para-fichas#breadcrumb\",\"itemListElement\":[{\"@type\":\"ListItem\",\"position\":1,\"name\":\"Portada\",\"item\":\"https:\/\/coelectrix.com\/\"},{\"@type\":\"ListItem\",\"position\":2,\"name\":\"Loja\",\"item\":\"https:\/\/coelectrix.com\/pt-pt\/loja\"},{\"@type\":\"ListItem\",\"position\":3,\"name\":\"Estrutura para tomadas embutidas\"}]},{\"@type\":\"WebSite\",\"@id\":\"https:\/\/coelectrix.com\/pt-pt\/#website\",\"url\":\"https:\/\/coelectrix.com\/pt-pt\/\",\"name\":\"Coelectrix\",\"description\":\"Componentes el\u00e9ctricos\",\"publisher\":{\"@id\":\"https:\/\/coelectrix.com\/pt-pt\/#organization\"},\"potentialAction\":[{\"@type\":\"SearchAction\",\"target\":{\"@type\":\"EntryPoint\",\"urlTemplate\":\"https:\/\/coelectrix.com\/pt-pt\/?s={search_term_string}\"},\"query-input\":{\"@type\":\"PropertyValueSpecification\",\"valueRequired\":true,\"valueName\":\"search_term_string\"}}],\"inLanguage\":\"pt-PT\"},{\"@type\":\"Organization\",\"@id\":\"https:\/\/coelectrix.com\/pt-pt\/#organization\",\"name\":\"coelectrix.com\",\"url\":\"https:\/\/coelectrix.com\/pt-pt\/\",\"logo\":{\"@type\":\"ImageObject\",\"inLanguage\":\"pt-PT\",\"@id\":\"https:\/\/coelectrix.com\/pt-pt\/#\/schema\/logo\/image\/\",\"url\":\"https:\/\/coelectrix.com\/wp-content\/uploads\/2018\/05\/logo-coelectrix-400x400.jpg\",\"contentUrl\":\"https:\/\/coelectrix.com\/wp-content\/uploads\/2018\/05\/logo-coelectrix-400x400.jpg\",\"width\":300,\"height\":300,\"caption\":\"coelectrix.com\"},\"image\":{\"@id\":\"https:\/\/coelectrix.com\/pt-pt\/#\/schema\/logo\/image\/\"}}]}<\/script>\n<!-- \/ Yoast SEO plugin. -->","yoast_head_json":{"title":"\u25b7 Estrutura para tomadas embutidas | Coelectrix.com","description":"Pain\u00e9is de 1, 2 e 3 orif\u00edcios compat\u00edveis com todas as nossas tomadas USB, de volt\u00edmetro e de isqueiro.","robots":{"index":"index","follow":"follow","max-snippet":"max-snippet:-1","max-image-preview":"max-image-preview:large","max-video-preview":"max-video-preview:-1"},"canonical":"https:\/\/coelectrix.com\/pt-pt\/produto\/quadro-embelezador-quadro-para-fichas","og_locale":"pt_PT","og_type":"article","og_title":"\u25b7 Estrutura para tomadas embutidas | Coelectrix.com","og_description":"Pain\u00e9is de 1, 2 e 3 orif\u00edcios compat\u00edveis com todas as nossas tomadas USB, de volt\u00edmetro e de isqueiro.","og_url":"https:\/\/coelectrix.com\/pt-pt\/produto\/quadro-embelezador-quadro-para-fichas","og_site_name":"Coelectrix","article_modified_time":"2025-08-19T04:03:06+00:00","og_image":[{"width":800,"height":800,"url":"https:\/\/coelectrix.com\/wp-content\/uploads\/2021\/11\/paneles-embellecedores.jpg","type":"image\/jpeg"}],"twitter_card":"summary_large_image","schema":{"@context":"https:\/\/schema.org","@graph":[{"@type":"WebPage","@id":"https:\/\/coelectrix.com\/pt-pt\/produto\/quadro-embelezador-quadro-para-fichas","url":"https:\/\/coelectrix.com\/pt-pt\/produto\/quadro-embelezador-quadro-para-fichas","name":"\u25b7 Estrutura para tomadas embutidas | Coelectrix.com","isPartOf":{"@id":"https:\/\/coelectrix.com\/pt-pt\/#website"},"primaryImageOfPage":{"@id":"https:\/\/coelectrix.com\/pt-pt\/produto\/quadro-embelezador-quadro-para-fichas#primaryimage"},"image":{"@id":"https:\/\/coelectrix.com\/pt-pt\/produto\/quadro-embelezador-quadro-para-fichas#primaryimage"},"thumbnailUrl":"https:\/\/coelectrix.com\/wp-content\/uploads\/2021\/11\/paneles-embellecedores.jpg","datePublished":"2021-11-13T08:21:18+00:00","dateModified":"2025-08-19T04:03:06+00:00","description":"Pain\u00e9is de 1, 2 e 3 orif\u00edcios compat\u00edveis com todas as nossas tomadas USB, de volt\u00edmetro e de isqueiro.","breadcrumb":{"@id":"https:\/\/coelectrix.com\/pt-pt\/produto\/quadro-embelezador-quadro-para-fichas#breadcrumb"},"inLanguage":"pt-PT","potentialAction":[{"@type":"ReadAction","target":["https:\/\/coelectrix.com\/pt-pt\/produto\/quadro-embelezador-quadro-para-fichas"]}]},{"@type":"ImageObject","inLanguage":"pt-PT","@id":"https:\/\/coelectrix.com\/pt-pt\/produto\/quadro-embelezador-quadro-para-fichas#primaryimage","url":"https:\/\/coelectrix.com\/wp-content\/uploads\/2021\/11\/paneles-embellecedores.jpg","contentUrl":"https:\/\/coelectrix.com\/wp-content\/uploads\/2021\/11\/paneles-embellecedores.jpg","width":800,"height":800,"caption":"Estrutura para tomadas embutidas"},{"@type":"BreadcrumbList","@id":"https:\/\/coelectrix.com\/pt-pt\/produto\/quadro-embelezador-quadro-para-fichas#breadcrumb","itemListElement":[{"@type":"ListItem","position":1,"name":"Portada","item":"https:\/\/coelectrix.com\/"},{"@type":"ListItem","position":2,"name":"Loja","item":"https:\/\/coelectrix.com\/pt-pt\/loja"},{"@type":"ListItem","position":3,"name":"Estrutura para tomadas embutidas"}]},{"@type":"WebSite","@id":"https:\/\/coelectrix.com\/pt-pt\/#website","url":"https:\/\/coelectrix.com\/pt-pt\/","name":"Coelectrix","description":"Componentes el\u00e9ctricos","publisher":{"@id":"https:\/\/coelectrix.com\/pt-pt\/#organization"},"potentialAction":[{"@type":"SearchAction","target":{"@type":"EntryPoint","urlTemplate":"https:\/\/coelectrix.com\/pt-pt\/?s={search_term_string}"},"query-input":{"@type":"PropertyValueSpecification","valueRequired":true,"valueName":"search_term_string"}}],"inLanguage":"pt-PT"},{"@type":"Organization","@id":"https:\/\/coelectrix.com\/pt-pt\/#organization","name":"coelectrix.com","url":"https:\/\/coelectrix.com\/pt-pt\/","logo":{"@type":"ImageObject","inLanguage":"pt-PT","@id":"https:\/\/coelectrix.com\/pt-pt\/#\/schema\/logo\/image\/","url":"https:\/\/coelectrix.com\/wp-content\/uploads\/2018\/05\/logo-coelectrix-400x400.jpg","contentUrl":"https:\/\/coelectrix.com\/wp-content\/uploads\/2018\/05\/logo-coelectrix-400x400.jpg","width":300,"height":300,"caption":"coelectrix.com"},"image":{"@id":"https:\/\/coelectrix.com\/pt-pt\/#\/schema\/logo\/image\/"}}]}},"_links":{"self":[{"href":"https:\/\/coelectrix.com\/pt-pt\/wp-json\/wp\/v2\/product\/76986","targetHints":{"allow":["GET"]}}],"collection":[{"href":"https:\/\/coelectrix.com\/pt-pt\/wp-json\/wp\/v2\/product"}],"about":[{"href":"https:\/\/coelectrix.com\/pt-pt\/wp-json\/wp\/v2\/types\/product"}],"version-history":[{"count":1,"href":"https:\/\/coelectrix.com\/pt-pt\/wp-json\/wp\/v2\/product\/76986\/revisions"}],"predecessor-version":[{"id":77156,"href":"https:\/\/coelectrix.com\/pt-pt\/wp-json\/wp\/v2\/product\/76986\/revisions\/77156"}],"wp:featuredmedia":[{"embeddable":true,"href":"https:\/\/coelectrix.com\/pt-pt\/wp-json\/wp\/v2\/media\/73667"}],"wp:attachment":[{"href":"https:\/\/coelectrix.com\/pt-pt\/wp-json\/wp\/v2\/media?parent=76986"}],"wp:term":[{"taxonomy":"product_brand","embeddable":true,"href":"https:\/\/coelectrix.com\/pt-pt\/wp-json\/wp\/v2\/product_brand?post=76986"},{"taxonomy":"product_cat","embeddable":true,"href":"https:\/\/coelectrix.com\/pt-pt\/wp-json\/wp\/v2\/product_cat?post=76986"},{"taxonomy":"product_tag","embeddable":true,"href":"https:\/\/coelectrix.com\/pt-pt\/wp-json\/wp\/v2\/product_tag?post=76986"}],"curies":[{"name":"wp","href":"https:\/\/api.w.org\/{rel}","templated":true}]}}