{"id":76990,"date":"2021-05-22T08:34:53","date_gmt":"2021-05-22T06:34:53","guid":{"rendered":"https:\/\/coelectrix.com\/producto\/carregador-usb-de-carregamento-rapido-de-48-a-com-interrutor-tatil"},"modified":"2025-08-19T06:03:37","modified_gmt":"2025-08-19T04:03:37","slug":"carregador-usb-de-carregamento-rapido-de-48-a-com-interrutor-tatil","status":"publish","type":"product","link":"https:\/\/coelectrix.com\/pt-pt\/produto\/carregador-usb-carregamento-rapido-48a-com-interrutor-tatil","title":{"rendered":"Carregador USB de carregamento r\u00e1pido de 4,8 A com interrutor t\u00e1til"},"content":{"rendered":"<h2><strong>Carregador duplo USB 4,8A com interrutor t\u00e1til<\/strong><\/h2>\n<p>Este carregador<span class=\"a-list-item\"> USB para autom\u00f3vel tem 2 portas de carregamento de 4,8A (2,4A + 2,4A), o que \u00e9 4 vezes mais r\u00e1pido do que os carregadores convencionais. Compat\u00edvel com Quick Charge 2.0 e 1.0. Adequado para todos os dispositivos USB populares.<\/span><\/p>\n<p><span class=\"a-list-item\"><strong>Interruptor t\u00e1til ON\/OFF <\/strong> para controlo da pot\u00eancia, que permite poupar energia e prolongar a vida \u00fatil do produto e dos dispositivos. Poupa eletricidade e n\u00e3o consome energia quando est\u00e1 desligado.<\/span><\/p>\n<p>Fabricado em materiais ABS avan\u00e7ados com veda\u00e7\u00e3o IP66, funciona bem em ambientes com temperaturas altas e baixas, de -40\u00b0C a +60\u00b0C.<\/p>\n<p><img fetchpriority=\"high\" decoding=\"async\" class=\"alignnone wp-image-31831\" src=\"https:\/\/coelectrix.com\/wp-content\/uploads\/2021\/05\/cargador-usb-coche-3.0.jpg\" alt=\"\" width=\"344\" height=\"258\" srcset=\"https:\/\/coelectrix.com\/wp-content\/uploads\/2021\/05\/cargador-usb-coche-3.0.jpg 800w, https:\/\/coelectrix.com\/wp-content\/uploads\/2021\/05\/cargador-usb-coche-3.0-416x312.jpg 416w, https:\/\/coelectrix.com\/wp-content\/uploads\/2021\/05\/cargador-usb-coche-3.0-64x48.jpg 64w, https:\/\/coelectrix.com\/wp-content\/uploads\/2021\/05\/cargador-usb-coche-3.0-300x225.jpg 300w, https:\/\/coelectrix.com\/wp-content\/uploads\/2021\/05\/cargador-usb-coche-3.0-768x576.jpg 768w\" sizes=\"(max-width: 344px) 100vw, 344px\" \/><\/p>\n<div><strong><span data-spm-anchor-id=\"a2g0o.detail.1000023.i2.3be457902V0N87\">Especifica\u00e7\u00f5es:<\/span><\/strong><\/div>\n<div>Tens\u00e3o nominal: 12-24V<\/div>\n<div>Sa\u00edda USB: DC 3.5-6.5V\/3A 6.5-9V\/2A 9-12V\/1.5A;<\/div>\n<div>Material: pl\u00e1stico ABS<\/div>\n<div>Temperatura de funcionamento: -40 a 70 \u00b0C<\/div>\n<div>Ampla aplica\u00e7\u00e3o: carros, motas, caravanas, SUV, UTV, barcos, etc.<\/div>\n<div data-spm-anchor-id=\"a2g0o.detail.1000023.i1.3be457902V0N87\">Utiliza\u00e7\u00f5es: fonte de alimenta\u00e7\u00e3o para telem\u00f3veis, tablets, GPS e outros dispositivos USB<\/div>\n","protected":false},"excerpt":{"rendered":"<p style=\"text-align: left;\"><strong>Carregador<\/strong><span class=\"a-list-item\"><strong> Carregador USB para autom\u00f3vel com 2 portas de carregamento 4.8A<\/strong> 18W \/ 2.4 + 2.4, que \u00e9 4 vezes mais r\u00e1pido do que os carregadores convencionais.<br \/>\nCompat\u00edvel com Quick Charge 2.0 e 1.0 e adequado para todos os dispositivos USB populares.<br \/>\n<strong>Interruptor t\u00e1til ON\/OFF <\/strong> para controlo da pot\u00eancia.<br \/>\n<\/span><\/p>\n","protected":false},"featured_media":73533,"template":"","meta":{"_acf_changed":false},"product_brand":[],"product_cat":[1351,1352],"product_tag":[],"class_list":{"0":"post-76990","1":"product","2":"type-product","3":"status-publish","4":"has-post-thumbnail","6":"product_cat-tomadas-de-12v-e-usb","7":"product_cat-voltimetros-pt","9":"first","10":"instock","11":"taxable","12":"shipping-taxable","13":"purchasable","14":"product-type-simple"},"acf":[],"yoast_head":"<!-- This site is optimized with the Yoast SEO plugin v27.2 - https:\/\/yoast.com\/product\/yoast-seo-wordpress\/ -->\n<title>\u25b7 Carregador USB de carregamento r\u00e1pido de 4,8 A com interrutor t\u00e1til | Coelectrix.com<\/title>\n<meta name=\"description\" content=\"O carregador USB para autom\u00f3vel tem duas portas de carregamento de 4,8 A (2,4+2,4), o que \u00e9 4 vezes mais r\u00e1pido do que os carregadores convencionais.\" \/>\n<meta name=\"robots\" content=\"index, follow, max-snippet:-1, max-image-preview:large, max-video-preview:-1\" \/>\n<link rel=\"canonical\" href=\"https:\/\/coelectrix.com\/pt-pt\/produto\/carregador-usb-carregamento-rapido-48a-com-interrutor-tatil\" \/>\n<meta property=\"og:locale\" content=\"pt_PT\" \/>\n<meta property=\"og:type\" content=\"article\" \/>\n<meta property=\"og:title\" content=\"\u25b7 Carregador USB de carregamento r\u00e1pido de 4,8 A com interrutor t\u00e1til | Coelectrix.com\" \/>\n<meta property=\"og:description\" content=\"O carregador USB para autom\u00f3vel tem duas portas de carregamento de 4,8 A (2,4+2,4), o que \u00e9 4 vezes mais r\u00e1pido do que os carregadores convencionais.\" \/>\n<meta property=\"og:url\" content=\"https:\/\/coelectrix.com\/pt-pt\/produto\/carregador-usb-carregamento-rapido-48a-com-interrutor-tatil\" \/>\n<meta property=\"og:site_name\" content=\"Coelectrix\" \/>\n<meta property=\"article:modified_time\" content=\"2025-08-19T04:03:37+00:00\" \/>\n<meta property=\"og:image\" content=\"https:\/\/coelectrix.com\/wp-content\/uploads\/2021\/05\/Cargador-USB-Dual-QC-3.0-con-Interruptor-tactil.jpg\" \/>\n\t<meta property=\"og:image:width\" content=\"800\" \/>\n\t<meta property=\"og:image:height\" content=\"600\" \/>\n\t<meta property=\"og:image:type\" content=\"image\/jpeg\" \/>\n<meta name=\"twitter:card\" content=\"summary_large_image\" \/>\n<meta name=\"twitter:label1\" content=\"Tempo estimado de leitura\" \/>\n\t<meta name=\"twitter:data1\" content=\"1 minuto\" \/>\n<script type=\"application\/ld+json\" class=\"yoast-schema-graph\">{\"@context\":\"https:\/\/schema.org\",\"@graph\":[{\"@type\":\"WebPage\",\"@id\":\"https:\/\/coelectrix.com\/pt-pt\/produto\/carregador-usb-carregamento-rapido-48a-com-interrutor-tatil\",\"url\":\"https:\/\/coelectrix.com\/pt-pt\/produto\/carregador-usb-carregamento-rapido-48a-com-interrutor-tatil\",\"name\":\"\u25b7 Carregador USB de carregamento r\u00e1pido de 4,8 A com interrutor t\u00e1til | Coelectrix.com\",\"isPartOf\":{\"@id\":\"https:\/\/coelectrix.com\/pt-pt\/#website\"},\"primaryImageOfPage\":{\"@id\":\"https:\/\/coelectrix.com\/pt-pt\/produto\/carregador-usb-carregamento-rapido-48a-com-interrutor-tatil#primaryimage\"},\"image\":{\"@id\":\"https:\/\/coelectrix.com\/pt-pt\/produto\/carregador-usb-carregamento-rapido-48a-com-interrutor-tatil#primaryimage\"},\"thumbnailUrl\":\"https:\/\/coelectrix.com\/wp-content\/uploads\/2021\/05\/Cargador-USB-Dual-QC-3.0-con-Interruptor-tactil.jpg\",\"datePublished\":\"2021-05-22T06:34:53+00:00\",\"dateModified\":\"2025-08-19T04:03:37+00:00\",\"description\":\"O carregador USB para autom\u00f3vel tem duas portas de carregamento de 4,8 A (2,4+2,4), o que \u00e9 4 vezes mais r\u00e1pido do que os carregadores convencionais.\",\"breadcrumb\":{\"@id\":\"https:\/\/coelectrix.com\/pt-pt\/produto\/carregador-usb-carregamento-rapido-48a-com-interrutor-tatil#breadcrumb\"},\"inLanguage\":\"pt-PT\",\"potentialAction\":[{\"@type\":\"ReadAction\",\"target\":[\"https:\/\/coelectrix.com\/pt-pt\/produto\/carregador-usb-carregamento-rapido-48a-com-interrutor-tatil\"]}]},{\"@type\":\"ImageObject\",\"inLanguage\":\"pt-PT\",\"@id\":\"https:\/\/coelectrix.com\/pt-pt\/produto\/carregador-usb-carregamento-rapido-48a-com-interrutor-tatil#primaryimage\",\"url\":\"https:\/\/coelectrix.com\/wp-content\/uploads\/2021\/05\/Cargador-USB-Dual-QC-3.0-con-Interruptor-tactil.jpg\",\"contentUrl\":\"https:\/\/coelectrix.com\/wp-content\/uploads\/2021\/05\/Cargador-USB-Dual-QC-3.0-con-Interruptor-tactil.jpg\",\"width\":800,\"height\":600,\"caption\":\"Carregador-USB-Dual-4.8A-com interrutor t\u00e1til\"},{\"@type\":\"BreadcrumbList\",\"@id\":\"https:\/\/coelectrix.com\/pt-pt\/produto\/carregador-usb-carregamento-rapido-48a-com-interrutor-tatil#breadcrumb\",\"itemListElement\":[{\"@type\":\"ListItem\",\"position\":1,\"name\":\"Portada\",\"item\":\"https:\/\/coelectrix.com\/\"},{\"@type\":\"ListItem\",\"position\":2,\"name\":\"Loja\",\"item\":\"https:\/\/coelectrix.com\/pt-pt\/loja\"},{\"@type\":\"ListItem\",\"position\":3,\"name\":\"Carregador USB de carregamento r\u00e1pido de 4,8 A com interrutor t\u00e1til\"}]},{\"@type\":\"WebSite\",\"@id\":\"https:\/\/coelectrix.com\/pt-pt\/#website\",\"url\":\"https:\/\/coelectrix.com\/pt-pt\/\",\"name\":\"Coelectrix\",\"description\":\"Componentes el\u00e9ctricos\",\"publisher\":{\"@id\":\"https:\/\/coelectrix.com\/pt-pt\/#organization\"},\"potentialAction\":[{\"@type\":\"SearchAction\",\"target\":{\"@type\":\"EntryPoint\",\"urlTemplate\":\"https:\/\/coelectrix.com\/pt-pt\/?s={search_term_string}\"},\"query-input\":{\"@type\":\"PropertyValueSpecification\",\"valueRequired\":true,\"valueName\":\"search_term_string\"}}],\"inLanguage\":\"pt-PT\"},{\"@type\":\"Organization\",\"@id\":\"https:\/\/coelectrix.com\/pt-pt\/#organization\",\"name\":\"coelectrix.com\",\"url\":\"https:\/\/coelectrix.com\/pt-pt\/\",\"logo\":{\"@type\":\"ImageObject\",\"inLanguage\":\"pt-PT\",\"@id\":\"https:\/\/coelectrix.com\/pt-pt\/#\/schema\/logo\/image\/\",\"url\":\"https:\/\/coelectrix.com\/wp-content\/uploads\/2018\/05\/logo-coelectrix-400x400.jpg\",\"contentUrl\":\"https:\/\/coelectrix.com\/wp-content\/uploads\/2018\/05\/logo-coelectrix-400x400.jpg\",\"width\":300,\"height\":300,\"caption\":\"coelectrix.com\"},\"image\":{\"@id\":\"https:\/\/coelectrix.com\/pt-pt\/#\/schema\/logo\/image\/\"}}]}<\/script>\n<!-- \/ Yoast SEO plugin. -->","yoast_head_json":{"title":"\u25b7 Carregador USB de carregamento r\u00e1pido de 4,8 A com interrutor t\u00e1til | Coelectrix.com","description":"O carregador USB para autom\u00f3vel tem duas portas de carregamento de 4,8 A (2,4+2,4), o que \u00e9 4 vezes mais r\u00e1pido do que os carregadores convencionais.","robots":{"index":"index","follow":"follow","max-snippet":"max-snippet:-1","max-image-preview":"max-image-preview:large","max-video-preview":"max-video-preview:-1"},"canonical":"https:\/\/coelectrix.com\/pt-pt\/produto\/carregador-usb-carregamento-rapido-48a-com-interrutor-tatil","og_locale":"pt_PT","og_type":"article","og_title":"\u25b7 Carregador USB de carregamento r\u00e1pido de 4,8 A com interrutor t\u00e1til | Coelectrix.com","og_description":"O carregador USB para autom\u00f3vel tem duas portas de carregamento de 4,8 A (2,4+2,4), o que \u00e9 4 vezes mais r\u00e1pido do que os carregadores convencionais.","og_url":"https:\/\/coelectrix.com\/pt-pt\/produto\/carregador-usb-carregamento-rapido-48a-com-interrutor-tatil","og_site_name":"Coelectrix","article_modified_time":"2025-08-19T04:03:37+00:00","og_image":[{"width":800,"height":600,"url":"https:\/\/coelectrix.com\/wp-content\/uploads\/2021\/05\/Cargador-USB-Dual-QC-3.0-con-Interruptor-tactil.jpg","type":"image\/jpeg"}],"twitter_card":"summary_large_image","twitter_misc":{"Tempo estimado de leitura":"1 minuto"},"schema":{"@context":"https:\/\/schema.org","@graph":[{"@type":"WebPage","@id":"https:\/\/coelectrix.com\/pt-pt\/produto\/carregador-usb-carregamento-rapido-48a-com-interrutor-tatil","url":"https:\/\/coelectrix.com\/pt-pt\/produto\/carregador-usb-carregamento-rapido-48a-com-interrutor-tatil","name":"\u25b7 Carregador USB de carregamento r\u00e1pido de 4,8 A com interrutor t\u00e1til | Coelectrix.com","isPartOf":{"@id":"https:\/\/coelectrix.com\/pt-pt\/#website"},"primaryImageOfPage":{"@id":"https:\/\/coelectrix.com\/pt-pt\/produto\/carregador-usb-carregamento-rapido-48a-com-interrutor-tatil#primaryimage"},"image":{"@id":"https:\/\/coelectrix.com\/pt-pt\/produto\/carregador-usb-carregamento-rapido-48a-com-interrutor-tatil#primaryimage"},"thumbnailUrl":"https:\/\/coelectrix.com\/wp-content\/uploads\/2021\/05\/Cargador-USB-Dual-QC-3.0-con-Interruptor-tactil.jpg","datePublished":"2021-05-22T06:34:53+00:00","dateModified":"2025-08-19T04:03:37+00:00","description":"O carregador USB para autom\u00f3vel tem duas portas de carregamento de 4,8 A (2,4+2,4), o que \u00e9 4 vezes mais r\u00e1pido do que os carregadores convencionais.","breadcrumb":{"@id":"https:\/\/coelectrix.com\/pt-pt\/produto\/carregador-usb-carregamento-rapido-48a-com-interrutor-tatil#breadcrumb"},"inLanguage":"pt-PT","potentialAction":[{"@type":"ReadAction","target":["https:\/\/coelectrix.com\/pt-pt\/produto\/carregador-usb-carregamento-rapido-48a-com-interrutor-tatil"]}]},{"@type":"ImageObject","inLanguage":"pt-PT","@id":"https:\/\/coelectrix.com\/pt-pt\/produto\/carregador-usb-carregamento-rapido-48a-com-interrutor-tatil#primaryimage","url":"https:\/\/coelectrix.com\/wp-content\/uploads\/2021\/05\/Cargador-USB-Dual-QC-3.0-con-Interruptor-tactil.jpg","contentUrl":"https:\/\/coelectrix.com\/wp-content\/uploads\/2021\/05\/Cargador-USB-Dual-QC-3.0-con-Interruptor-tactil.jpg","width":800,"height":600,"caption":"Carregador-USB-Dual-4.8A-com interrutor t\u00e1til"},{"@type":"BreadcrumbList","@id":"https:\/\/coelectrix.com\/pt-pt\/produto\/carregador-usb-carregamento-rapido-48a-com-interrutor-tatil#breadcrumb","itemListElement":[{"@type":"ListItem","position":1,"name":"Portada","item":"https:\/\/coelectrix.com\/"},{"@type":"ListItem","position":2,"name":"Loja","item":"https:\/\/coelectrix.com\/pt-pt\/loja"},{"@type":"ListItem","position":3,"name":"Carregador USB de carregamento r\u00e1pido de 4,8 A com interrutor t\u00e1til"}]},{"@type":"WebSite","@id":"https:\/\/coelectrix.com\/pt-pt\/#website","url":"https:\/\/coelectrix.com\/pt-pt\/","name":"Coelectrix","description":"Componentes el\u00e9ctricos","publisher":{"@id":"https:\/\/coelectrix.com\/pt-pt\/#organization"},"potentialAction":[{"@type":"SearchAction","target":{"@type":"EntryPoint","urlTemplate":"https:\/\/coelectrix.com\/pt-pt\/?s={search_term_string}"},"query-input":{"@type":"PropertyValueSpecification","valueRequired":true,"valueName":"search_term_string"}}],"inLanguage":"pt-PT"},{"@type":"Organization","@id":"https:\/\/coelectrix.com\/pt-pt\/#organization","name":"coelectrix.com","url":"https:\/\/coelectrix.com\/pt-pt\/","logo":{"@type":"ImageObject","inLanguage":"pt-PT","@id":"https:\/\/coelectrix.com\/pt-pt\/#\/schema\/logo\/image\/","url":"https:\/\/coelectrix.com\/wp-content\/uploads\/2018\/05\/logo-coelectrix-400x400.jpg","contentUrl":"https:\/\/coelectrix.com\/wp-content\/uploads\/2018\/05\/logo-coelectrix-400x400.jpg","width":300,"height":300,"caption":"coelectrix.com"},"image":{"@id":"https:\/\/coelectrix.com\/pt-pt\/#\/schema\/logo\/image\/"}}]}},"_links":{"self":[{"href":"https:\/\/coelectrix.com\/pt-pt\/wp-json\/wp\/v2\/product\/76990","targetHints":{"allow":["GET"]}}],"collection":[{"href":"https:\/\/coelectrix.com\/pt-pt\/wp-json\/wp\/v2\/product"}],"about":[{"href":"https:\/\/coelectrix.com\/pt-pt\/wp-json\/wp\/v2\/types\/product"}],"version-history":[{"count":1,"href":"https:\/\/coelectrix.com\/pt-pt\/wp-json\/wp\/v2\/product\/76990\/revisions"}],"predecessor-version":[{"id":77161,"href":"https:\/\/coelectrix.com\/pt-pt\/wp-json\/wp\/v2\/product\/76990\/revisions\/77161"}],"wp:featuredmedia":[{"embeddable":true,"href":"https:\/\/coelectrix.com\/pt-pt\/wp-json\/wp\/v2\/media\/73533"}],"wp:attachment":[{"href":"https:\/\/coelectrix.com\/pt-pt\/wp-json\/wp\/v2\/media?parent=76990"}],"wp:term":[{"taxonomy":"product_brand","embeddable":true,"href":"https:\/\/coelectrix.com\/pt-pt\/wp-json\/wp\/v2\/product_brand?post=76990"},{"taxonomy":"product_cat","embeddable":true,"href":"https:\/\/coelectrix.com\/pt-pt\/wp-json\/wp\/v2\/product_cat?post=76990"},{"taxonomy":"product_tag","embeddable":true,"href":"https:\/\/coelectrix.com\/pt-pt\/wp-json\/wp\/v2\/product_tag?post=76990"}],"curies":[{"name":"wp","href":"https:\/\/api.w.org\/{rel}","templated":true}]}}