{"id":76991,"date":"2021-05-22T08:08:45","date_gmt":"2021-05-22T06:08:45","guid":{"rendered":"https:\/\/coelectrix.com\/producto\/carregador-duplo-usb-carregamento-rapido-qc-3-0-pd"},"modified":"2025-08-19T06:03:37","modified_gmt":"2025-08-19T04:03:37","slug":"carregador-duplo-usb-carregamento-rapido-qc-3-0-pd","status":"publish","type":"product","link":"https:\/\/coelectrix.com\/pt-pt\/produto\/carregador-usb-carregador-dual-carregador-rapido-qc-3-0-pd","title":{"rendered":"Carregador duplo USB Carregamento r\u00e1pido QC 3.0 + PD"},"content":{"rendered":"<h2><strong>Carregador duplo USB Carregamento r\u00e1pido QC 3.0 + PD<\/strong><\/h2>\n<p>Carregador<strong>duplo USB Fast Charge Carregador duplo USB QC 3.0 + PD<\/strong>, carregador r\u00e1pido USB, adaptador de tomada el\u00e9ctrica com interrutor.<\/p>\n<p><img fetchpriority=\"high\" decoding=\"async\" class=\"alignnone wp-image-31827\" src=\"https:\/\/coelectrix.com\/wp-content\/uploads\/2021\/05\/cargador-USB-Dual-carga-rapida-QC-30-PD-on-off.jpg\" alt=\"\" width=\"368\" height=\"276\" srcset=\"https:\/\/coelectrix.com\/wp-content\/uploads\/2021\/05\/cargador-USB-Dual-carga-rapida-QC-30-PD-on-off.jpg 800w, https:\/\/coelectrix.com\/wp-content\/uploads\/2021\/05\/cargador-USB-Dual-carga-rapida-QC-30-PD-on-off-416x312.jpg 416w, https:\/\/coelectrix.com\/wp-content\/uploads\/2021\/05\/cargador-USB-Dual-carga-rapida-QC-30-PD-on-off-64x48.jpg 64w, https:\/\/coelectrix.com\/wp-content\/uploads\/2021\/05\/cargador-USB-Dual-carga-rapida-QC-30-PD-on-off-300x225.jpg 300w, https:\/\/coelectrix.com\/wp-content\/uploads\/2021\/05\/cargador-USB-Dual-carga-rapida-QC-30-PD-on-off-768x576.jpg 768w\" sizes=\"(max-width: 368px) 100vw, 368px\" \/><br \/>\n<strong>Carater\u00edsticas:<\/strong><br \/>\n1. <strong>carregador r\u00e1pido inteligente QC3.0 + PD para autom\u00f3vel<\/strong>.<br \/>\n2. Com um interrutor para ligar\/desligar a fonte de alimenta\u00e7\u00e3o.<br \/>\n3. Adequado para telem\u00f3veis, tablets, GPS e outros dispositivos USB.<\/p>\n<p><strong>Especifica\u00e7\u00f5es:<\/strong><br \/>\nMaterial: PC<br \/>\nCor da apar\u00eancia: preto<br \/>\nCor da luz: Azul<br \/>\nTens\u00e3o de entrada: DC 12V-24V<br \/>\nTens\u00e3o de sa\u00edda: Porta USB tipo A QC 3.0: 4,5V\/5A, 5V\/4,5a, 9V\/3A, 12V\/2,5a (m\u00e1x.)<br \/>\nPorta USB Tipo C: 5V\/3A 9V\/3A 12V\/2,5A 15V\/2A 20V\/1,5A (m\u00e1x.)<br \/>\nTamanho: 50&#215;36,8mm<\/p>\n<h2><strong>O que \u00e9 o carregamento USB-C PD?<\/strong><\/h2>\n<p class=\"center\"><strong>O USB-C Power Delivery<\/strong> \u00e9 uma tecnologia de carregamento r\u00e1pido compat\u00edvel com dispositivos iOS\/Apple e Android\/Google\/Samsung selecionados que oferece n\u00edveis de pot\u00eancia muito mais elevados do que o carregamento padr\u00e3o.<\/p>\n<p>O USB-C PD pode carregar o seu dispositivo at\u00e9 70% mais r\u00e1pido do que o carregamento padr\u00e3o de 5W*. Isto significa menos tempo ligado \u00e0 corrente para que o seu smartphone atinja 100% de carga. Se precisar urgentemente de carregar um pouco a sua bateria, 10 minutos com o USB-C PD podem ser suficientes.<\/p>\n","protected":false},"excerpt":{"rendered":"<p style=\"text-align: left;\"> O carregador para autom\u00f3vel QC 3.0 foi concebido com uma porta de carregamento r\u00e1pido USB 3.0 e uma porta <strong>de carregamento ultrarr\u00e1pido tipo C PD<\/strong>, para carregar dois dispositivos compat\u00edveis at\u00e9 4 vezes mais depressa do que o carregador tradicional.<br \/>\nInterruptor ON\/OF para poupar energia e prolongar a vida \u00fatil do produto e dos dispositivos.<\/p>\n","protected":false},"featured_media":73535,"template":"","meta":{"_acf_changed":false},"product_brand":[],"product_cat":[1351,1352],"product_tag":[],"class_list":{"0":"post-76991","1":"product","2":"type-product","3":"status-publish","4":"has-post-thumbnail","6":"product_cat-tomadas-de-12v-e-usb","7":"product_cat-voltimetros-pt","9":"first","10":"instock","11":"taxable","12":"shipping-taxable","13":"purchasable","14":"product-type-simple"},"acf":[],"yoast_head":"<!-- This site is optimized with the Yoast SEO plugin v27.2 - https:\/\/yoast.com\/product\/yoast-seo-wordpress\/ -->\n<title>\u25b7 Carregador duplo USB Carregamento r\u00e1pido QC 3.0 + PD | Coelectrix.com<\/title>\n<meta name=\"description\" content=\"O carregador para autom\u00f3vel QC 3.0 foi concebido com uma porta de carregamento r\u00e1pido USB 3.0 e uma porta de carregamento r\u00e1pido PD Type-C.\" \/>\n<meta name=\"robots\" content=\"index, follow, max-snippet:-1, max-image-preview:large, max-video-preview:-1\" \/>\n<link rel=\"canonical\" href=\"https:\/\/coelectrix.com\/pt-pt\/produto\/carregador-usb-carregador-dual-carregador-rapido-qc-3-0-pd\" \/>\n<meta property=\"og:locale\" content=\"pt_PT\" \/>\n<meta property=\"og:type\" content=\"article\" \/>\n<meta property=\"og:title\" content=\"\u25b7 Carregador duplo USB Carregamento r\u00e1pido QC 3.0 + PD | Coelectrix.com\" \/>\n<meta property=\"og:description\" content=\"O carregador para autom\u00f3vel QC 3.0 foi concebido com uma porta de carregamento r\u00e1pido USB 3.0 e uma porta de carregamento r\u00e1pido PD Type-C.\" \/>\n<meta property=\"og:url\" content=\"https:\/\/coelectrix.com\/pt-pt\/produto\/carregador-usb-carregador-dual-carregador-rapido-qc-3-0-pd\" \/>\n<meta property=\"og:site_name\" content=\"Coelectrix\" \/>\n<meta property=\"article:modified_time\" content=\"2025-08-19T04:03:37+00:00\" \/>\n<meta property=\"og:image\" content=\"https:\/\/coelectrix.com\/wp-content\/uploads\/2021\/05\/rgador-USB-Dual-carga-rapida-QC-3.0-PD.jpg\" \/>\n\t<meta property=\"og:image:width\" content=\"800\" \/>\n\t<meta property=\"og:image:height\" content=\"600\" \/>\n\t<meta property=\"og:image:type\" content=\"image\/jpeg\" \/>\n<meta name=\"twitter:card\" content=\"summary_large_image\" \/>\n<meta name=\"twitter:label1\" content=\"Tempo estimado de leitura\" \/>\n\t<meta name=\"twitter:data1\" content=\"1 minuto\" \/>\n<script type=\"application\/ld+json\" class=\"yoast-schema-graph\">{\"@context\":\"https:\/\/schema.org\",\"@graph\":[{\"@type\":\"WebPage\",\"@id\":\"https:\/\/coelectrix.com\/pt-pt\/produto\/carregador-usb-carregador-dual-carregador-rapido-qc-3-0-pd\",\"url\":\"https:\/\/coelectrix.com\/pt-pt\/produto\/carregador-usb-carregador-dual-carregador-rapido-qc-3-0-pd\",\"name\":\"\u25b7 Carregador duplo USB Carregamento r\u00e1pido QC 3.0 + PD | Coelectrix.com\",\"isPartOf\":{\"@id\":\"https:\/\/coelectrix.com\/pt-pt\/#website\"},\"primaryImageOfPage\":{\"@id\":\"https:\/\/coelectrix.com\/pt-pt\/produto\/carregador-usb-carregador-dual-carregador-rapido-qc-3-0-pd#primaryimage\"},\"image\":{\"@id\":\"https:\/\/coelectrix.com\/pt-pt\/produto\/carregador-usb-carregador-dual-carregador-rapido-qc-3-0-pd#primaryimage\"},\"thumbnailUrl\":\"https:\/\/coelectrix.com\/wp-content\/uploads\/2021\/05\/rgador-USB-Dual-carga-rapida-QC-3.0-PD.jpg\",\"datePublished\":\"2021-05-22T06:08:45+00:00\",\"dateModified\":\"2025-08-19T04:03:37+00:00\",\"description\":\"O carregador para autom\u00f3vel QC 3.0 foi concebido com uma porta de carregamento r\u00e1pido USB 3.0 e uma porta de carregamento r\u00e1pido PD Type-C.\",\"breadcrumb\":{\"@id\":\"https:\/\/coelectrix.com\/pt-pt\/produto\/carregador-usb-carregador-dual-carregador-rapido-qc-3-0-pd#breadcrumb\"},\"inLanguage\":\"pt-PT\",\"potentialAction\":[{\"@type\":\"ReadAction\",\"target\":[\"https:\/\/coelectrix.com\/pt-pt\/produto\/carregador-usb-carregador-dual-carregador-rapido-qc-3-0-pd\"]}]},{\"@type\":\"ImageObject\",\"inLanguage\":\"pt-PT\",\"@id\":\"https:\/\/coelectrix.com\/pt-pt\/produto\/carregador-usb-carregador-dual-carregador-rapido-qc-3-0-pd#primaryimage\",\"url\":\"https:\/\/coelectrix.com\/wp-content\/uploads\/2021\/05\/rgador-USB-Dual-carga-rapida-QC-3.0-PD.jpg\",\"contentUrl\":\"https:\/\/coelectrix.com\/wp-content\/uploads\/2021\/05\/rgador-USB-Dual-carga-rapida-QC-3.0-PD.jpg\",\"width\":800,\"height\":600,\"caption\":\"Carregador duplo USB de carregamento r\u00e1pido QC 3.0 + PD\"},{\"@type\":\"BreadcrumbList\",\"@id\":\"https:\/\/coelectrix.com\/pt-pt\/produto\/carregador-usb-carregador-dual-carregador-rapido-qc-3-0-pd#breadcrumb\",\"itemListElement\":[{\"@type\":\"ListItem\",\"position\":1,\"name\":\"Portada\",\"item\":\"https:\/\/coelectrix.com\/\"},{\"@type\":\"ListItem\",\"position\":2,\"name\":\"Loja\",\"item\":\"https:\/\/coelectrix.com\/pt-pt\/loja\"},{\"@type\":\"ListItem\",\"position\":3,\"name\":\"Carregador duplo USB Carregamento r\u00e1pido QC 3.0 + PD\"}]},{\"@type\":\"WebSite\",\"@id\":\"https:\/\/coelectrix.com\/pt-pt\/#website\",\"url\":\"https:\/\/coelectrix.com\/pt-pt\/\",\"name\":\"Coelectrix\",\"description\":\"Componentes el\u00e9ctricos\",\"publisher\":{\"@id\":\"https:\/\/coelectrix.com\/pt-pt\/#organization\"},\"potentialAction\":[{\"@type\":\"SearchAction\",\"target\":{\"@type\":\"EntryPoint\",\"urlTemplate\":\"https:\/\/coelectrix.com\/pt-pt\/?s={search_term_string}\"},\"query-input\":{\"@type\":\"PropertyValueSpecification\",\"valueRequired\":true,\"valueName\":\"search_term_string\"}}],\"inLanguage\":\"pt-PT\"},{\"@type\":\"Organization\",\"@id\":\"https:\/\/coelectrix.com\/pt-pt\/#organization\",\"name\":\"coelectrix.com\",\"url\":\"https:\/\/coelectrix.com\/pt-pt\/\",\"logo\":{\"@type\":\"ImageObject\",\"inLanguage\":\"pt-PT\",\"@id\":\"https:\/\/coelectrix.com\/pt-pt\/#\/schema\/logo\/image\/\",\"url\":\"https:\/\/coelectrix.com\/wp-content\/uploads\/2018\/05\/logo-coelectrix-400x400.jpg\",\"contentUrl\":\"https:\/\/coelectrix.com\/wp-content\/uploads\/2018\/05\/logo-coelectrix-400x400.jpg\",\"width\":300,\"height\":300,\"caption\":\"coelectrix.com\"},\"image\":{\"@id\":\"https:\/\/coelectrix.com\/pt-pt\/#\/schema\/logo\/image\/\"}}]}<\/script>\n<!-- \/ Yoast SEO plugin. -->","yoast_head_json":{"title":"\u25b7 Carregador duplo USB Carregamento r\u00e1pido QC 3.0 + PD | Coelectrix.com","description":"O carregador para autom\u00f3vel QC 3.0 foi concebido com uma porta de carregamento r\u00e1pido USB 3.0 e uma porta de carregamento r\u00e1pido PD Type-C.","robots":{"index":"index","follow":"follow","max-snippet":"max-snippet:-1","max-image-preview":"max-image-preview:large","max-video-preview":"max-video-preview:-1"},"canonical":"https:\/\/coelectrix.com\/pt-pt\/produto\/carregador-usb-carregador-dual-carregador-rapido-qc-3-0-pd","og_locale":"pt_PT","og_type":"article","og_title":"\u25b7 Carregador duplo USB Carregamento r\u00e1pido QC 3.0 + PD | Coelectrix.com","og_description":"O carregador para autom\u00f3vel QC 3.0 foi concebido com uma porta de carregamento r\u00e1pido USB 3.0 e uma porta de carregamento r\u00e1pido PD Type-C.","og_url":"https:\/\/coelectrix.com\/pt-pt\/produto\/carregador-usb-carregador-dual-carregador-rapido-qc-3-0-pd","og_site_name":"Coelectrix","article_modified_time":"2025-08-19T04:03:37+00:00","og_image":[{"width":800,"height":600,"url":"https:\/\/coelectrix.com\/wp-content\/uploads\/2021\/05\/rgador-USB-Dual-carga-rapida-QC-3.0-PD.jpg","type":"image\/jpeg"}],"twitter_card":"summary_large_image","twitter_misc":{"Tempo estimado de leitura":"1 minuto"},"schema":{"@context":"https:\/\/schema.org","@graph":[{"@type":"WebPage","@id":"https:\/\/coelectrix.com\/pt-pt\/produto\/carregador-usb-carregador-dual-carregador-rapido-qc-3-0-pd","url":"https:\/\/coelectrix.com\/pt-pt\/produto\/carregador-usb-carregador-dual-carregador-rapido-qc-3-0-pd","name":"\u25b7 Carregador duplo USB Carregamento r\u00e1pido QC 3.0 + PD | Coelectrix.com","isPartOf":{"@id":"https:\/\/coelectrix.com\/pt-pt\/#website"},"primaryImageOfPage":{"@id":"https:\/\/coelectrix.com\/pt-pt\/produto\/carregador-usb-carregador-dual-carregador-rapido-qc-3-0-pd#primaryimage"},"image":{"@id":"https:\/\/coelectrix.com\/pt-pt\/produto\/carregador-usb-carregador-dual-carregador-rapido-qc-3-0-pd#primaryimage"},"thumbnailUrl":"https:\/\/coelectrix.com\/wp-content\/uploads\/2021\/05\/rgador-USB-Dual-carga-rapida-QC-3.0-PD.jpg","datePublished":"2021-05-22T06:08:45+00:00","dateModified":"2025-08-19T04:03:37+00:00","description":"O carregador para autom\u00f3vel QC 3.0 foi concebido com uma porta de carregamento r\u00e1pido USB 3.0 e uma porta de carregamento r\u00e1pido PD Type-C.","breadcrumb":{"@id":"https:\/\/coelectrix.com\/pt-pt\/produto\/carregador-usb-carregador-dual-carregador-rapido-qc-3-0-pd#breadcrumb"},"inLanguage":"pt-PT","potentialAction":[{"@type":"ReadAction","target":["https:\/\/coelectrix.com\/pt-pt\/produto\/carregador-usb-carregador-dual-carregador-rapido-qc-3-0-pd"]}]},{"@type":"ImageObject","inLanguage":"pt-PT","@id":"https:\/\/coelectrix.com\/pt-pt\/produto\/carregador-usb-carregador-dual-carregador-rapido-qc-3-0-pd#primaryimage","url":"https:\/\/coelectrix.com\/wp-content\/uploads\/2021\/05\/rgador-USB-Dual-carga-rapida-QC-3.0-PD.jpg","contentUrl":"https:\/\/coelectrix.com\/wp-content\/uploads\/2021\/05\/rgador-USB-Dual-carga-rapida-QC-3.0-PD.jpg","width":800,"height":600,"caption":"Carregador duplo USB de carregamento r\u00e1pido QC 3.0 + PD"},{"@type":"BreadcrumbList","@id":"https:\/\/coelectrix.com\/pt-pt\/produto\/carregador-usb-carregador-dual-carregador-rapido-qc-3-0-pd#breadcrumb","itemListElement":[{"@type":"ListItem","position":1,"name":"Portada","item":"https:\/\/coelectrix.com\/"},{"@type":"ListItem","position":2,"name":"Loja","item":"https:\/\/coelectrix.com\/pt-pt\/loja"},{"@type":"ListItem","position":3,"name":"Carregador duplo USB Carregamento r\u00e1pido QC 3.0 + PD"}]},{"@type":"WebSite","@id":"https:\/\/coelectrix.com\/pt-pt\/#website","url":"https:\/\/coelectrix.com\/pt-pt\/","name":"Coelectrix","description":"Componentes el\u00e9ctricos","publisher":{"@id":"https:\/\/coelectrix.com\/pt-pt\/#organization"},"potentialAction":[{"@type":"SearchAction","target":{"@type":"EntryPoint","urlTemplate":"https:\/\/coelectrix.com\/pt-pt\/?s={search_term_string}"},"query-input":{"@type":"PropertyValueSpecification","valueRequired":true,"valueName":"search_term_string"}}],"inLanguage":"pt-PT"},{"@type":"Organization","@id":"https:\/\/coelectrix.com\/pt-pt\/#organization","name":"coelectrix.com","url":"https:\/\/coelectrix.com\/pt-pt\/","logo":{"@type":"ImageObject","inLanguage":"pt-PT","@id":"https:\/\/coelectrix.com\/pt-pt\/#\/schema\/logo\/image\/","url":"https:\/\/coelectrix.com\/wp-content\/uploads\/2018\/05\/logo-coelectrix-400x400.jpg","contentUrl":"https:\/\/coelectrix.com\/wp-content\/uploads\/2018\/05\/logo-coelectrix-400x400.jpg","width":300,"height":300,"caption":"coelectrix.com"},"image":{"@id":"https:\/\/coelectrix.com\/pt-pt\/#\/schema\/logo\/image\/"}}]}},"_links":{"self":[{"href":"https:\/\/coelectrix.com\/pt-pt\/wp-json\/wp\/v2\/product\/76991","targetHints":{"allow":["GET"]}}],"collection":[{"href":"https:\/\/coelectrix.com\/pt-pt\/wp-json\/wp\/v2\/product"}],"about":[{"href":"https:\/\/coelectrix.com\/pt-pt\/wp-json\/wp\/v2\/types\/product"}],"version-history":[{"count":1,"href":"https:\/\/coelectrix.com\/pt-pt\/wp-json\/wp\/v2\/product\/76991\/revisions"}],"predecessor-version":[{"id":77162,"href":"https:\/\/coelectrix.com\/pt-pt\/wp-json\/wp\/v2\/product\/76991\/revisions\/77162"}],"wp:featuredmedia":[{"embeddable":true,"href":"https:\/\/coelectrix.com\/pt-pt\/wp-json\/wp\/v2\/media\/73535"}],"wp:attachment":[{"href":"https:\/\/coelectrix.com\/pt-pt\/wp-json\/wp\/v2\/media?parent=76991"}],"wp:term":[{"taxonomy":"product_brand","embeddable":true,"href":"https:\/\/coelectrix.com\/pt-pt\/wp-json\/wp\/v2\/product_brand?post=76991"},{"taxonomy":"product_cat","embeddable":true,"href":"https:\/\/coelectrix.com\/pt-pt\/wp-json\/wp\/v2\/product_cat?post=76991"},{"taxonomy":"product_tag","embeddable":true,"href":"https:\/\/coelectrix.com\/pt-pt\/wp-json\/wp\/v2\/product_tag?post=76991"}],"curies":[{"name":"wp","href":"https:\/\/api.w.org\/{rel}","templated":true}]}}