{"id":76993,"date":"2020-11-28T08:22:28","date_gmt":"2020-11-28T07:22:28","guid":{"rendered":"https:\/\/coelectrix.com\/producto\/voltimetro-digital-12v-indicador-de-bateria-led"},"modified":"2025-08-19T06:03:40","modified_gmt":"2025-08-19T04:03:40","slug":"voltimetro-digital-12v-indicador-de-bateria-led","status":"publish","type":"product","link":"https:\/\/coelectrix.com\/pt-pt\/produto\/digital-voltimetro-12v-bateria-indicador-led","title":{"rendered":"Volt\u00edmetro digital 12v. Indicador de bateria Led"},"content":{"rendered":"<h2><strong>Volt\u00edmetro digital 12v. Indicador de bateria Led<\/strong><\/h2>\n<p>Indicador do estado da bateria 112v. muito visual com indicador luminoso do estado real da bateria por gama de cores e num\u00e9rico.<\/p>\n<div data-spm-anchor-id=\"a2g0o.detail.1000023.i0.29941b92PFra2N\"><span data-spm-anchor-id=\"a2g0o.detail.1000023.i2.29941b92PFra2N\">F\u00e1cil de ler, monitoriza\u00e7\u00e3o em tempo real da tens\u00e3o da bateria.<\/span><\/div>\n<div>Captura o estado da tens\u00e3o da bateria em tempo real.<\/div>\n<div data-spm-anchor-id=\"a2g0o.detail.1000023.i1.29941b92PFra2N\">As palavras s\u00e3o gravadas diretamente na superf\u00edcie do produto para garantir uma longa dura\u00e7\u00e3o.<\/div>\n<div data-spm-anchor-id=\"a2g0o.detail.1000023.i1.29941b92PFra2N\"><\/div>\n<div data-spm-anchor-id=\"a2g0o.detail.1000023.i1.29941b92PFra2N\">\n<div><span data-spm-anchor-id=\"a2g0o.detail.1000023.i4.29941b92PFra2N\">Especifica\u00e7\u00f5es:<\/span><\/div>\n<div>Gama de medi\u00e7\u00e3o da tens\u00e3o: 5 &#8211; 14,4V<\/div>\n<div>Material da caixa: PC retardador de chama<\/div>\n<div>Dimens\u00f5es: 37x15mm<\/div>\n<div data-spm-anchor-id=\"a2g0o.detail.1000023.i3.29941b92PFra2N\">Cor: preto<\/div>\n<\/div>\n<div data-spm-anchor-id=\"a2g0o.detail.1000023.i3.29941b92PFra2N\"><img fetchpriority=\"high\" decoding=\"async\" class=\"alignnone wp-image-28820\" src=\"https:\/\/coelectrix.com\/wp-content\/uploads\/2020\/11\/voltimetro-digital-12v-medidas.jpg\" alt=\"voltimetro-digital-12v-medidas\" width=\"327\" height=\"245\" srcset=\"https:\/\/coelectrix.com\/wp-content\/uploads\/2020\/11\/voltimetro-digital-12v-medidas.jpg 800w, https:\/\/coelectrix.com\/wp-content\/uploads\/2020\/11\/voltimetro-digital-12v-medidas-416x312.jpg 416w, https:\/\/coelectrix.com\/wp-content\/uploads\/2020\/11\/voltimetro-digital-12v-medidas-64x48.jpg 64w, https:\/\/coelectrix.com\/wp-content\/uploads\/2020\/11\/voltimetro-digital-12v-medidas-300x225.jpg 300w, https:\/\/coelectrix.com\/wp-content\/uploads\/2020\/11\/voltimetro-digital-12v-medidas-768x576.jpg 768w\" sizes=\"(max-width: 327px) 100vw, 327px\" \/><\/div>\n<div data-spm-anchor-id=\"a2g0o.detail.1000023.i1.29941b92PFra2N\">\n<div data-spm-anchor-id=\"a2g0o.detail.1000023.i3.29941b92PFra2N\"><\/div>\n<\/div>\n<h2 data-spm-anchor-id=\"a2g0o.detail.1000023.i3.29941b92PFra2N\"><strong>Medidor de tens\u00e3o da bateria em autocaravanas e autocaravanas<\/strong><\/h2>\n<div>Este Volt\u00edmetro Digital 12v. Indicador de bateria LED universalmente adequado para a maioria dos carros de motocicleta DC 12V, barcos, ATV, UTV, Camper, caravanas, reboques de viagem, etc.<\/div>\n<div><span data-spm-anchor-id=\"a2g0o.detail.1000023.i6.29941b92PFra2N\">Sistema girat\u00f3rio e de bloqueio. Tamanho pequeno e f\u00e1cil de instalar, ideal para verificar a tens\u00e3o.<\/span><\/div>\n<div>Ado\u00e7\u00e3o de uma porca de fixa\u00e7\u00e3o para fixar o volt\u00edmetro no painel para uma liga\u00e7\u00e3o mais pr\u00f3xima.<\/div>\n<div>Design \u00e0 prova de \u00e1gua, montagem num painel com orif\u00edcio de 1-1\/8&#8243;, 0,25&#8243;&#8221; de espessura, uma porca de reten\u00e7\u00e3o de nylon mant\u00e9m o medidor no lugar.<\/div>\n<div>Utilizado para monitorizar a tens\u00e3o da bateria de armazenamento, com prote\u00e7\u00e3o contra liga\u00e7\u00e3o inversa.<\/div>\n<div data-spm-anchor-id=\"a2g0o.detail.1000023.i5.29941b92PFra2N\"><\/div>\n","protected":false},"excerpt":{"rendered":"<h4><strong>Volt\u00edmetro digital de 12v para montagem embutida. Com luz indicadora do estado da bateria.<\/strong><\/h4>\n<p>Conhe\u00e7a o estado da sua bateria em qualquer altura de uma forma muito visual e num relance.<br \/>\nIndicador LED gradual nas cores vermelha, \u00e2mbar e verde, com o qual pode verificar o estado geral da carga e, no centro do ecr\u00e3, pode ver a tens\u00e3o atual em formato num\u00e9rico.<\/p>\n<p>Montagem em painel com um furo de 28 mm e ajust\u00e1vel atrav\u00e9s de uma rosca traseira para fixa\u00e7\u00e3o no local.<\/p>\n","protected":false},"featured_media":73453,"template":"","meta":{"_acf_changed":false},"product_brand":[],"product_cat":[1351,1352],"product_tag":[],"class_list":{"0":"post-76993","1":"product","2":"type-product","3":"status-publish","4":"has-post-thumbnail","6":"product_cat-tomadas-de-12v-e-usb","7":"product_cat-voltimetros-pt","9":"first","10":"instock","11":"taxable","12":"shipping-taxable","13":"purchasable","14":"product-type-simple"},"acf":[],"yoast_head":"<!-- This site is optimized with the Yoast SEO plugin v27.2 - https:\/\/yoast.com\/product\/yoast-seo-wordpress\/ -->\n<title>\ud83e\udd47Volt\u00edmetro digital 12v. Indicador de bateria Led | Coelectrix% Coelectrix%.<\/title>\n<meta name=\"description\" content=\"Volt\u00edmetro digital 12v. Indicador de Bateria Led, \u2705Ideal para monitorizar o estado da bateria de uma forma muito visual.\" \/>\n<meta name=\"robots\" content=\"index, follow, max-snippet:-1, max-image-preview:large, max-video-preview:-1\" \/>\n<link rel=\"canonical\" href=\"https:\/\/coelectrix.com\/pt-pt\/produto\/digital-voltimetro-12v-bateria-indicador-led\" \/>\n<meta property=\"og:locale\" content=\"pt_PT\" \/>\n<meta property=\"og:type\" content=\"article\" \/>\n<meta property=\"og:title\" content=\"\ud83e\udd47Volt\u00edmetro digital 12v. Indicador de bateria Led | Coelectrix% Coelectrix%.\" \/>\n<meta property=\"og:description\" content=\"Volt\u00edmetro digital 12v. Indicador de Bateria Led, \u2705Ideal para monitorizar o estado da bateria de uma forma muito visual.\" \/>\n<meta property=\"og:url\" content=\"https:\/\/coelectrix.com\/pt-pt\/produto\/digital-voltimetro-12v-bateria-indicador-led\" \/>\n<meta property=\"og:site_name\" content=\"Coelectrix\" \/>\n<meta property=\"article:modified_time\" content=\"2025-08-19T04:03:40+00:00\" \/>\n<meta property=\"og:image\" content=\"https:\/\/coelectrix.com\/wp-content\/uploads\/2020\/11\/VOLTIMETRO-DIGITAL-INDICADORES-LED.jpg\" \/>\n\t<meta property=\"og:image:width\" content=\"800\" \/>\n\t<meta property=\"og:image:height\" content=\"600\" \/>\n\t<meta property=\"og:image:type\" content=\"image\/jpeg\" \/>\n<meta name=\"twitter:card\" content=\"summary_large_image\" \/>\n<meta name=\"twitter:label1\" content=\"Tempo estimado de leitura\" \/>\n\t<meta name=\"twitter:data1\" content=\"1 minuto\" \/>\n<script type=\"application\/ld+json\" class=\"yoast-schema-graph\">{\"@context\":\"https:\/\/schema.org\",\"@graph\":[{\"@type\":\"WebPage\",\"@id\":\"https:\/\/coelectrix.com\/pt-pt\/produto\/digital-voltimetro-12v-bateria-indicador-led\",\"url\":\"https:\/\/coelectrix.com\/pt-pt\/produto\/digital-voltimetro-12v-bateria-indicador-led\",\"name\":\"\ud83e\udd47Volt\u00edmetro digital 12v. Indicador de bateria Led | Coelectrix% Coelectrix%.\",\"isPartOf\":{\"@id\":\"https:\/\/coelectrix.com\/pt-pt\/#website\"},\"primaryImageOfPage\":{\"@id\":\"https:\/\/coelectrix.com\/pt-pt\/produto\/digital-voltimetro-12v-bateria-indicador-led#primaryimage\"},\"image\":{\"@id\":\"https:\/\/coelectrix.com\/pt-pt\/produto\/digital-voltimetro-12v-bateria-indicador-led#primaryimage\"},\"thumbnailUrl\":\"https:\/\/coelectrix.com\/wp-content\/uploads\/2020\/11\/VOLTIMETRO-DIGITAL-INDICADORES-LED.jpg\",\"datePublished\":\"2020-11-28T07:22:28+00:00\",\"dateModified\":\"2025-08-19T04:03:40+00:00\",\"description\":\"Volt\u00edmetro digital 12v. Indicador de Bateria Led, \u2705Ideal para monitorizar o estado da bateria de uma forma muito visual.\",\"breadcrumb\":{\"@id\":\"https:\/\/coelectrix.com\/pt-pt\/produto\/digital-voltimetro-12v-bateria-indicador-led#breadcrumb\"},\"inLanguage\":\"pt-PT\",\"potentialAction\":[{\"@type\":\"ReadAction\",\"target\":[\"https:\/\/coelectrix.com\/pt-pt\/produto\/digital-voltimetro-12v-bateria-indicador-led\"]}]},{\"@type\":\"ImageObject\",\"inLanguage\":\"pt-PT\",\"@id\":\"https:\/\/coelectrix.com\/pt-pt\/produto\/digital-voltimetro-12v-bateria-indicador-led#primaryimage\",\"url\":\"https:\/\/coelectrix.com\/wp-content\/uploads\/2020\/11\/VOLTIMETRO-DIGITAL-INDICADORES-LED.jpg\",\"contentUrl\":\"https:\/\/coelectrix.com\/wp-content\/uploads\/2020\/11\/VOLTIMETRO-DIGITAL-INDICADORES-LED.jpg\",\"width\":800,\"height\":600,\"caption\":\"Volt\u00edmetro digital 12v. Indicador de bateria Led\"},{\"@type\":\"BreadcrumbList\",\"@id\":\"https:\/\/coelectrix.com\/pt-pt\/produto\/digital-voltimetro-12v-bateria-indicador-led#breadcrumb\",\"itemListElement\":[{\"@type\":\"ListItem\",\"position\":1,\"name\":\"Portada\",\"item\":\"https:\/\/coelectrix.com\/\"},{\"@type\":\"ListItem\",\"position\":2,\"name\":\"Loja\",\"item\":\"https:\/\/coelectrix.com\/pt-pt\/loja\"},{\"@type\":\"ListItem\",\"position\":3,\"name\":\"Volt\u00edmetro digital 12v. Indicador de bateria Led\"}]},{\"@type\":\"WebSite\",\"@id\":\"https:\/\/coelectrix.com\/pt-pt\/#website\",\"url\":\"https:\/\/coelectrix.com\/pt-pt\/\",\"name\":\"Coelectrix\",\"description\":\"Componentes el\u00e9ctricos\",\"publisher\":{\"@id\":\"https:\/\/coelectrix.com\/pt-pt\/#organization\"},\"potentialAction\":[{\"@type\":\"SearchAction\",\"target\":{\"@type\":\"EntryPoint\",\"urlTemplate\":\"https:\/\/coelectrix.com\/pt-pt\/?s={search_term_string}\"},\"query-input\":{\"@type\":\"PropertyValueSpecification\",\"valueRequired\":true,\"valueName\":\"search_term_string\"}}],\"inLanguage\":\"pt-PT\"},{\"@type\":\"Organization\",\"@id\":\"https:\/\/coelectrix.com\/pt-pt\/#organization\",\"name\":\"coelectrix.com\",\"url\":\"https:\/\/coelectrix.com\/pt-pt\/\",\"logo\":{\"@type\":\"ImageObject\",\"inLanguage\":\"pt-PT\",\"@id\":\"https:\/\/coelectrix.com\/pt-pt\/#\/schema\/logo\/image\/\",\"url\":\"https:\/\/coelectrix.com\/wp-content\/uploads\/2018\/05\/logo-coelectrix-400x400.jpg\",\"contentUrl\":\"https:\/\/coelectrix.com\/wp-content\/uploads\/2018\/05\/logo-coelectrix-400x400.jpg\",\"width\":300,\"height\":300,\"caption\":\"coelectrix.com\"},\"image\":{\"@id\":\"https:\/\/coelectrix.com\/pt-pt\/#\/schema\/logo\/image\/\"}}]}<\/script>\n<!-- \/ Yoast SEO plugin. -->","yoast_head_json":{"title":"\ud83e\udd47Volt\u00edmetro digital 12v. Indicador de bateria Led | Coelectrix% Coelectrix%.","description":"Volt\u00edmetro digital 12v. Indicador de Bateria Led, \u2705Ideal para monitorizar o estado da bateria de uma forma muito visual.","robots":{"index":"index","follow":"follow","max-snippet":"max-snippet:-1","max-image-preview":"max-image-preview:large","max-video-preview":"max-video-preview:-1"},"canonical":"https:\/\/coelectrix.com\/pt-pt\/produto\/digital-voltimetro-12v-bateria-indicador-led","og_locale":"pt_PT","og_type":"article","og_title":"\ud83e\udd47Volt\u00edmetro digital 12v. Indicador de bateria Led | Coelectrix% Coelectrix%.","og_description":"Volt\u00edmetro digital 12v. Indicador de Bateria Led, \u2705Ideal para monitorizar o estado da bateria de uma forma muito visual.","og_url":"https:\/\/coelectrix.com\/pt-pt\/produto\/digital-voltimetro-12v-bateria-indicador-led","og_site_name":"Coelectrix","article_modified_time":"2025-08-19T04:03:40+00:00","og_image":[{"width":800,"height":600,"url":"https:\/\/coelectrix.com\/wp-content\/uploads\/2020\/11\/VOLTIMETRO-DIGITAL-INDICADORES-LED.jpg","type":"image\/jpeg"}],"twitter_card":"summary_large_image","twitter_misc":{"Tempo estimado de leitura":"1 minuto"},"schema":{"@context":"https:\/\/schema.org","@graph":[{"@type":"WebPage","@id":"https:\/\/coelectrix.com\/pt-pt\/produto\/digital-voltimetro-12v-bateria-indicador-led","url":"https:\/\/coelectrix.com\/pt-pt\/produto\/digital-voltimetro-12v-bateria-indicador-led","name":"\ud83e\udd47Volt\u00edmetro digital 12v. Indicador de bateria Led | Coelectrix% Coelectrix%.","isPartOf":{"@id":"https:\/\/coelectrix.com\/pt-pt\/#website"},"primaryImageOfPage":{"@id":"https:\/\/coelectrix.com\/pt-pt\/produto\/digital-voltimetro-12v-bateria-indicador-led#primaryimage"},"image":{"@id":"https:\/\/coelectrix.com\/pt-pt\/produto\/digital-voltimetro-12v-bateria-indicador-led#primaryimage"},"thumbnailUrl":"https:\/\/coelectrix.com\/wp-content\/uploads\/2020\/11\/VOLTIMETRO-DIGITAL-INDICADORES-LED.jpg","datePublished":"2020-11-28T07:22:28+00:00","dateModified":"2025-08-19T04:03:40+00:00","description":"Volt\u00edmetro digital 12v. Indicador de Bateria Led, \u2705Ideal para monitorizar o estado da bateria de uma forma muito visual.","breadcrumb":{"@id":"https:\/\/coelectrix.com\/pt-pt\/produto\/digital-voltimetro-12v-bateria-indicador-led#breadcrumb"},"inLanguage":"pt-PT","potentialAction":[{"@type":"ReadAction","target":["https:\/\/coelectrix.com\/pt-pt\/produto\/digital-voltimetro-12v-bateria-indicador-led"]}]},{"@type":"ImageObject","inLanguage":"pt-PT","@id":"https:\/\/coelectrix.com\/pt-pt\/produto\/digital-voltimetro-12v-bateria-indicador-led#primaryimage","url":"https:\/\/coelectrix.com\/wp-content\/uploads\/2020\/11\/VOLTIMETRO-DIGITAL-INDICADORES-LED.jpg","contentUrl":"https:\/\/coelectrix.com\/wp-content\/uploads\/2020\/11\/VOLTIMETRO-DIGITAL-INDICADORES-LED.jpg","width":800,"height":600,"caption":"Volt\u00edmetro digital 12v. Indicador de bateria Led"},{"@type":"BreadcrumbList","@id":"https:\/\/coelectrix.com\/pt-pt\/produto\/digital-voltimetro-12v-bateria-indicador-led#breadcrumb","itemListElement":[{"@type":"ListItem","position":1,"name":"Portada","item":"https:\/\/coelectrix.com\/"},{"@type":"ListItem","position":2,"name":"Loja","item":"https:\/\/coelectrix.com\/pt-pt\/loja"},{"@type":"ListItem","position":3,"name":"Volt\u00edmetro digital 12v. Indicador de bateria Led"}]},{"@type":"WebSite","@id":"https:\/\/coelectrix.com\/pt-pt\/#website","url":"https:\/\/coelectrix.com\/pt-pt\/","name":"Coelectrix","description":"Componentes el\u00e9ctricos","publisher":{"@id":"https:\/\/coelectrix.com\/pt-pt\/#organization"},"potentialAction":[{"@type":"SearchAction","target":{"@type":"EntryPoint","urlTemplate":"https:\/\/coelectrix.com\/pt-pt\/?s={search_term_string}"},"query-input":{"@type":"PropertyValueSpecification","valueRequired":true,"valueName":"search_term_string"}}],"inLanguage":"pt-PT"},{"@type":"Organization","@id":"https:\/\/coelectrix.com\/pt-pt\/#organization","name":"coelectrix.com","url":"https:\/\/coelectrix.com\/pt-pt\/","logo":{"@type":"ImageObject","inLanguage":"pt-PT","@id":"https:\/\/coelectrix.com\/pt-pt\/#\/schema\/logo\/image\/","url":"https:\/\/coelectrix.com\/wp-content\/uploads\/2018\/05\/logo-coelectrix-400x400.jpg","contentUrl":"https:\/\/coelectrix.com\/wp-content\/uploads\/2018\/05\/logo-coelectrix-400x400.jpg","width":300,"height":300,"caption":"coelectrix.com"},"image":{"@id":"https:\/\/coelectrix.com\/pt-pt\/#\/schema\/logo\/image\/"}}]}},"_links":{"self":[{"href":"https:\/\/coelectrix.com\/pt-pt\/wp-json\/wp\/v2\/product\/76993","targetHints":{"allow":["GET"]}}],"collection":[{"href":"https:\/\/coelectrix.com\/pt-pt\/wp-json\/wp\/v2\/product"}],"about":[{"href":"https:\/\/coelectrix.com\/pt-pt\/wp-json\/wp\/v2\/types\/product"}],"version-history":[{"count":1,"href":"https:\/\/coelectrix.com\/pt-pt\/wp-json\/wp\/v2\/product\/76993\/revisions"}],"predecessor-version":[{"id":77167,"href":"https:\/\/coelectrix.com\/pt-pt\/wp-json\/wp\/v2\/product\/76993\/revisions\/77167"}],"wp:featuredmedia":[{"embeddable":true,"href":"https:\/\/coelectrix.com\/pt-pt\/wp-json\/wp\/v2\/media\/73453"}],"wp:attachment":[{"href":"https:\/\/coelectrix.com\/pt-pt\/wp-json\/wp\/v2\/media?parent=76993"}],"wp:term":[{"taxonomy":"product_brand","embeddable":true,"href":"https:\/\/coelectrix.com\/pt-pt\/wp-json\/wp\/v2\/product_brand?post=76993"},{"taxonomy":"product_cat","embeddable":true,"href":"https:\/\/coelectrix.com\/pt-pt\/wp-json\/wp\/v2\/product_cat?post=76993"},{"taxonomy":"product_tag","embeddable":true,"href":"https:\/\/coelectrix.com\/pt-pt\/wp-json\/wp\/v2\/product_tag?post=76993"}],"curies":[{"name":"wp","href":"https:\/\/api.w.org\/{rel}","templated":true}]}}