{"id":76997,"date":"2019-03-24T17:17:01","date_gmt":"2019-03-24T16:17:01","guid":{"rendered":"https:\/\/coelectrix.com\/producto\/tomada-de-embutir-de-12v"},"modified":"2025-08-19T06:04:47","modified_gmt":"2025-08-19T04:04:47","slug":"tomada-de-embutir-de-12v","status":"publish","type":"product","link":"https:\/\/coelectrix.com\/pt-pt\/produto\/saida-12v-empotavel","title":{"rendered":"Tomada de embutir de 12v"},"content":{"rendered":"<h2>Comprar tomada de embutir 12v<\/h2>\n<p>Tomada de carregador de autom\u00f3vel de 12v para tomada embutida<\/p>\n<p><strong>Carater\u00edsticas:<\/strong><br \/>\nEntrada: DC 12v-24v<br \/>\nCertificados: CE ROHS<\/p>\n<p><strong>Dimens\u00f5es:<\/strong><br \/>\nDi\u00e2metro da zona rebaixada: 28,8mm<br \/>\nDi\u00e2metro da zona exterior: 36mm<br \/>\nDi\u00e2metro a furar para encastrar: 30mm<\/p>\n<p>Muito f\u00e1cil de instalar em qualquer zona do ve\u00edculo onde seja necess\u00e1ria uma liga\u00e7\u00e3o de 12v para a liga\u00e7\u00e3o de qualquer aparelho de 12v.<\/p>\n<p>A tomada de 12V embutida \u00e9 um dispositivo de alimenta\u00e7\u00e3o <strong>ideal para autocaravanas e caravanas<\/strong>. Fornece uma sa\u00edda de 12 V para ligar e alimentar aparelhos el\u00e9ctricos e electr\u00f3nicos, como telem\u00f3veis, tablets, GPS, carregadores de bateria, etc. \u00c9 fabricada com materiais resistentes e de alta qualidade, o que garante a sua durabilidade e seguran\u00e7a.<\/p>\n<p>Este dispositivo \u00e9 <strong>f\u00e1cil de instalar<\/strong> e pode ser montado em qualquer parte da autocaravana ou autocaravana. Foi concebido para resistir ao ambiente agressivo dos ve\u00edculos de recreio e o seu design compacto permite uma instala\u00e7\u00e3o limpa e sem esfor\u00e7o. Tamb\u00e9m \u00e9 fornecido com uma garantia padr\u00e3o em caso de problemas.<\/p>\n<p>A tomada de 12v de montagem embutida \u00e9 um produto seguro e fi\u00e1vel para satisfazer todas as necessidades de <strong>energia<\/strong> do seu ve\u00edculo de recreio. Foi concebida para resistir aos rigores da estrada, garantindo <strong>durabilidade e fiabilidade<\/strong>. Por isso, n\u00e3o espere mais e adquira a sua tomada de embutir de 12v para poder desfrutar das suas viagens em autocaravanas ou campervans!<\/p>\n","protected":false},"excerpt":{"rendered":"<p>Tomada de 12v. encastrada para carregar aparelhos de 12v. em ve\u00edculos.<\/p>\n<p>Entrada de 12v<br \/>\nLiga\u00e7\u00e3o: 2 terminais Faston 6,3mm.<\/p>\n<p>Inclui: tampa protetora contra poeira, 2 terminais Faston e contra-parafuso para instala\u00e7\u00e3o.<\/p>\n","protected":false},"featured_media":72924,"template":"","meta":{"_acf_changed":false},"product_brand":[],"product_cat":[1351,1352],"product_tag":[],"class_list":{"0":"post-76997","1":"product","2":"type-product","3":"status-publish","4":"has-post-thumbnail","6":"product_cat-tomadas-de-12v-e-usb","7":"product_cat-voltimetros-pt","9":"first","10":"instock","11":"taxable","12":"shipping-taxable","13":"purchasable","14":"product-type-simple"},"acf":[],"yoast_head":"<!-- This site is optimized with the Yoast SEO plugin v27.2 - https:\/\/yoast.com\/product\/yoast-seo-wordpress\/ -->\n<title>\u25b7 Tomada de montagem embutida de 12v | Coelectrix.com<\/title>\n<meta name=\"description\" content=\"Compre online a sua tomada de 12v encastrada para autocaravanas e autocaravanas | Envio em 24\/48 horas \u27a4 Melhor pre\u00e7o.\" \/>\n<meta name=\"robots\" content=\"index, follow, max-snippet:-1, max-image-preview:large, max-video-preview:-1\" \/>\n<link rel=\"canonical\" href=\"https:\/\/coelectrix.com\/pt-pt\/produto\/saida-12v-empotavel\" \/>\n<meta property=\"og:locale\" content=\"pt_PT\" \/>\n<meta property=\"og:type\" content=\"article\" \/>\n<meta property=\"og:title\" content=\"\u25b7 Tomada de montagem embutida de 12v | Coelectrix.com\" \/>\n<meta property=\"og:description\" content=\"Compre online a sua tomada de 12v encastrada para autocaravanas e autocaravanas | Envio em 24\/48 horas \u27a4 Melhor pre\u00e7o.\" \/>\n<meta property=\"og:url\" content=\"https:\/\/coelectrix.com\/pt-pt\/produto\/saida-12v-empotavel\" \/>\n<meta property=\"og:site_name\" content=\"Coelectrix\" \/>\n<meta property=\"article:modified_time\" content=\"2025-08-19T04:04:47+00:00\" \/>\n<meta property=\"og:image\" content=\"https:\/\/coelectrix.com\/wp-content\/uploads\/2019\/03\/conector-12v-lateral.jpg\" \/>\n\t<meta property=\"og:image:width\" content=\"800\" \/>\n\t<meta property=\"og:image:height\" content=\"800\" \/>\n\t<meta property=\"og:image:type\" content=\"image\/jpeg\" \/>\n<meta name=\"twitter:card\" content=\"summary_large_image\" \/>\n<meta name=\"twitter:label1\" content=\"Tempo estimado de leitura\" \/>\n\t<meta name=\"twitter:data1\" content=\"1 minuto\" \/>\n<script type=\"application\/ld+json\" class=\"yoast-schema-graph\">{\"@context\":\"https:\/\/schema.org\",\"@graph\":[{\"@type\":\"WebPage\",\"@id\":\"https:\/\/coelectrix.com\/pt-pt\/produto\/saida-12v-empotavel\",\"url\":\"https:\/\/coelectrix.com\/pt-pt\/produto\/saida-12v-empotavel\",\"name\":\"\u25b7 Tomada de montagem embutida de 12v | Coelectrix.com\",\"isPartOf\":{\"@id\":\"https:\/\/coelectrix.com\/pt-pt\/#website\"},\"primaryImageOfPage\":{\"@id\":\"https:\/\/coelectrix.com\/pt-pt\/produto\/saida-12v-empotavel#primaryimage\"},\"image\":{\"@id\":\"https:\/\/coelectrix.com\/pt-pt\/produto\/saida-12v-empotavel#primaryimage\"},\"thumbnailUrl\":\"https:\/\/coelectrix.com\/wp-content\/uploads\/2019\/03\/conector-12v-lateral.jpg\",\"datePublished\":\"2019-03-24T16:17:01+00:00\",\"dateModified\":\"2025-08-19T04:04:47+00:00\",\"description\":\"Compre online a sua tomada de 12v encastrada para autocaravanas e autocaravanas | Envio em 24\/48 horas \u27a4 Melhor pre\u00e7o.\",\"breadcrumb\":{\"@id\":\"https:\/\/coelectrix.com\/pt-pt\/produto\/saida-12v-empotavel#breadcrumb\"},\"inLanguage\":\"pt-PT\",\"potentialAction\":[{\"@type\":\"ReadAction\",\"target\":[\"https:\/\/coelectrix.com\/pt-pt\/produto\/saida-12v-empotavel\"]}]},{\"@type\":\"ImageObject\",\"inLanguage\":\"pt-PT\",\"@id\":\"https:\/\/coelectrix.com\/pt-pt\/produto\/saida-12v-empotavel#primaryimage\",\"url\":\"https:\/\/coelectrix.com\/wp-content\/uploads\/2019\/03\/conector-12v-lateral.jpg\",\"contentUrl\":\"https:\/\/coelectrix.com\/wp-content\/uploads\/2019\/03\/conector-12v-lateral.jpg\",\"width\":800,\"height\":800,\"caption\":\"comprar tomada de embutir 12v\"},{\"@type\":\"BreadcrumbList\",\"@id\":\"https:\/\/coelectrix.com\/pt-pt\/produto\/saida-12v-empotavel#breadcrumb\",\"itemListElement\":[{\"@type\":\"ListItem\",\"position\":1,\"name\":\"Portada\",\"item\":\"https:\/\/coelectrix.com\/\"},{\"@type\":\"ListItem\",\"position\":2,\"name\":\"Loja\",\"item\":\"https:\/\/coelectrix.com\/pt-pt\/loja\"},{\"@type\":\"ListItem\",\"position\":3,\"name\":\"Tomada de embutir de 12v\"}]},{\"@type\":\"WebSite\",\"@id\":\"https:\/\/coelectrix.com\/pt-pt\/#website\",\"url\":\"https:\/\/coelectrix.com\/pt-pt\/\",\"name\":\"Coelectrix\",\"description\":\"Componentes el\u00e9ctricos\",\"publisher\":{\"@id\":\"https:\/\/coelectrix.com\/pt-pt\/#organization\"},\"potentialAction\":[{\"@type\":\"SearchAction\",\"target\":{\"@type\":\"EntryPoint\",\"urlTemplate\":\"https:\/\/coelectrix.com\/pt-pt\/?s={search_term_string}\"},\"query-input\":{\"@type\":\"PropertyValueSpecification\",\"valueRequired\":true,\"valueName\":\"search_term_string\"}}],\"inLanguage\":\"pt-PT\"},{\"@type\":\"Organization\",\"@id\":\"https:\/\/coelectrix.com\/pt-pt\/#organization\",\"name\":\"coelectrix.com\",\"url\":\"https:\/\/coelectrix.com\/pt-pt\/\",\"logo\":{\"@type\":\"ImageObject\",\"inLanguage\":\"pt-PT\",\"@id\":\"https:\/\/coelectrix.com\/pt-pt\/#\/schema\/logo\/image\/\",\"url\":\"https:\/\/coelectrix.com\/wp-content\/uploads\/2018\/05\/logo-coelectrix-400x400.jpg\",\"contentUrl\":\"https:\/\/coelectrix.com\/wp-content\/uploads\/2018\/05\/logo-coelectrix-400x400.jpg\",\"width\":300,\"height\":300,\"caption\":\"coelectrix.com\"},\"image\":{\"@id\":\"https:\/\/coelectrix.com\/pt-pt\/#\/schema\/logo\/image\/\"}}]}<\/script>\n<!-- \/ Yoast SEO plugin. -->","yoast_head_json":{"title":"\u25b7 Tomada de montagem embutida de 12v | Coelectrix.com","description":"Compre online a sua tomada de 12v encastrada para autocaravanas e autocaravanas | Envio em 24\/48 horas \u27a4 Melhor pre\u00e7o.","robots":{"index":"index","follow":"follow","max-snippet":"max-snippet:-1","max-image-preview":"max-image-preview:large","max-video-preview":"max-video-preview:-1"},"canonical":"https:\/\/coelectrix.com\/pt-pt\/produto\/saida-12v-empotavel","og_locale":"pt_PT","og_type":"article","og_title":"\u25b7 Tomada de montagem embutida de 12v | Coelectrix.com","og_description":"Compre online a sua tomada de 12v encastrada para autocaravanas e autocaravanas | Envio em 24\/48 horas \u27a4 Melhor pre\u00e7o.","og_url":"https:\/\/coelectrix.com\/pt-pt\/produto\/saida-12v-empotavel","og_site_name":"Coelectrix","article_modified_time":"2025-08-19T04:04:47+00:00","og_image":[{"width":800,"height":800,"url":"https:\/\/coelectrix.com\/wp-content\/uploads\/2019\/03\/conector-12v-lateral.jpg","type":"image\/jpeg"}],"twitter_card":"summary_large_image","twitter_misc":{"Tempo estimado de leitura":"1 minuto"},"schema":{"@context":"https:\/\/schema.org","@graph":[{"@type":"WebPage","@id":"https:\/\/coelectrix.com\/pt-pt\/produto\/saida-12v-empotavel","url":"https:\/\/coelectrix.com\/pt-pt\/produto\/saida-12v-empotavel","name":"\u25b7 Tomada de montagem embutida de 12v | Coelectrix.com","isPartOf":{"@id":"https:\/\/coelectrix.com\/pt-pt\/#website"},"primaryImageOfPage":{"@id":"https:\/\/coelectrix.com\/pt-pt\/produto\/saida-12v-empotavel#primaryimage"},"image":{"@id":"https:\/\/coelectrix.com\/pt-pt\/produto\/saida-12v-empotavel#primaryimage"},"thumbnailUrl":"https:\/\/coelectrix.com\/wp-content\/uploads\/2019\/03\/conector-12v-lateral.jpg","datePublished":"2019-03-24T16:17:01+00:00","dateModified":"2025-08-19T04:04:47+00:00","description":"Compre online a sua tomada de 12v encastrada para autocaravanas e autocaravanas | Envio em 24\/48 horas \u27a4 Melhor pre\u00e7o.","breadcrumb":{"@id":"https:\/\/coelectrix.com\/pt-pt\/produto\/saida-12v-empotavel#breadcrumb"},"inLanguage":"pt-PT","potentialAction":[{"@type":"ReadAction","target":["https:\/\/coelectrix.com\/pt-pt\/produto\/saida-12v-empotavel"]}]},{"@type":"ImageObject","inLanguage":"pt-PT","@id":"https:\/\/coelectrix.com\/pt-pt\/produto\/saida-12v-empotavel#primaryimage","url":"https:\/\/coelectrix.com\/wp-content\/uploads\/2019\/03\/conector-12v-lateral.jpg","contentUrl":"https:\/\/coelectrix.com\/wp-content\/uploads\/2019\/03\/conector-12v-lateral.jpg","width":800,"height":800,"caption":"comprar tomada de embutir 12v"},{"@type":"BreadcrumbList","@id":"https:\/\/coelectrix.com\/pt-pt\/produto\/saida-12v-empotavel#breadcrumb","itemListElement":[{"@type":"ListItem","position":1,"name":"Portada","item":"https:\/\/coelectrix.com\/"},{"@type":"ListItem","position":2,"name":"Loja","item":"https:\/\/coelectrix.com\/pt-pt\/loja"},{"@type":"ListItem","position":3,"name":"Tomada de embutir de 12v"}]},{"@type":"WebSite","@id":"https:\/\/coelectrix.com\/pt-pt\/#website","url":"https:\/\/coelectrix.com\/pt-pt\/","name":"Coelectrix","description":"Componentes el\u00e9ctricos","publisher":{"@id":"https:\/\/coelectrix.com\/pt-pt\/#organization"},"potentialAction":[{"@type":"SearchAction","target":{"@type":"EntryPoint","urlTemplate":"https:\/\/coelectrix.com\/pt-pt\/?s={search_term_string}"},"query-input":{"@type":"PropertyValueSpecification","valueRequired":true,"valueName":"search_term_string"}}],"inLanguage":"pt-PT"},{"@type":"Organization","@id":"https:\/\/coelectrix.com\/pt-pt\/#organization","name":"coelectrix.com","url":"https:\/\/coelectrix.com\/pt-pt\/","logo":{"@type":"ImageObject","inLanguage":"pt-PT","@id":"https:\/\/coelectrix.com\/pt-pt\/#\/schema\/logo\/image\/","url":"https:\/\/coelectrix.com\/wp-content\/uploads\/2018\/05\/logo-coelectrix-400x400.jpg","contentUrl":"https:\/\/coelectrix.com\/wp-content\/uploads\/2018\/05\/logo-coelectrix-400x400.jpg","width":300,"height":300,"caption":"coelectrix.com"},"image":{"@id":"https:\/\/coelectrix.com\/pt-pt\/#\/schema\/logo\/image\/"}}]}},"_links":{"self":[{"href":"https:\/\/coelectrix.com\/pt-pt\/wp-json\/wp\/v2\/product\/76997","targetHints":{"allow":["GET"]}}],"collection":[{"href":"https:\/\/coelectrix.com\/pt-pt\/wp-json\/wp\/v2\/product"}],"about":[{"href":"https:\/\/coelectrix.com\/pt-pt\/wp-json\/wp\/v2\/types\/product"}],"version-history":[{"count":1,"href":"https:\/\/coelectrix.com\/pt-pt\/wp-json\/wp\/v2\/product\/76997\/revisions"}],"predecessor-version":[{"id":77181,"href":"https:\/\/coelectrix.com\/pt-pt\/wp-json\/wp\/v2\/product\/76997\/revisions\/77181"}],"wp:featuredmedia":[{"embeddable":true,"href":"https:\/\/coelectrix.com\/pt-pt\/wp-json\/wp\/v2\/media\/72924"}],"wp:attachment":[{"href":"https:\/\/coelectrix.com\/pt-pt\/wp-json\/wp\/v2\/media?parent=76997"}],"wp:term":[{"taxonomy":"product_brand","embeddable":true,"href":"https:\/\/coelectrix.com\/pt-pt\/wp-json\/wp\/v2\/product_brand?post=76997"},{"taxonomy":"product_cat","embeddable":true,"href":"https:\/\/coelectrix.com\/pt-pt\/wp-json\/wp\/v2\/product_cat?post=76997"},{"taxonomy":"product_tag","embeddable":true,"href":"https:\/\/coelectrix.com\/pt-pt\/wp-json\/wp\/v2\/product_tag?post=76997"}],"curies":[{"name":"wp","href":"https:\/\/api.w.org\/{rel}","templated":true}]}}