{"id":76998,"date":"2019-03-06T18:14:26","date_gmt":"2019-03-06T17:14:26","guid":{"rendered":"https:\/\/coelectrix.com\/producto\/qc-3-0-tomada-usb-dupla-encastrada"},"modified":"2025-08-19T06:04:48","modified_gmt":"2025-08-19T04:04:48","slug":"qc-3-0-tomada-usb-dupla-encastrada","status":"publish","type":"product","link":"https:\/\/coelectrix.com\/pt-pt\/produto\/soquete-usb-duplo-qc-30","title":{"rendered":"QC 3.0 Tomada USB dupla encastrada"},"content":{"rendered":"<h2><strong>Comprar tomada dupla USB QC 3.0<\/strong><\/h2>\n<p>Carregador USB de montagem embutida para ve\u00edculos ou outros com 2 liga\u00e7\u00f5es Faston f\u00eamea<\/p>\n<p>Iluminado com LED azul<\/p>\n<p><strong>Carater\u00edsticas:<\/strong><br \/>\no Corrente de sa\u00edda: 4.5V\/5A, 5V\/4.5A, 9V\/3A, 12V\/2.5A, 15V\/2A, 20V\/1.5A<br \/>\no Pot\u00eancia m\u00e1x. Pot\u00eancia: USB 30W<br \/>\no Toler\u00e2ncia de corrente: \u00b1 0,1A<br \/>\no Pot\u00eancia sem carga: 0,18W<br \/>\no Tens\u00e3o de entrada: 12-24V<br \/>\no Corrente de entrada: \u22642A<br \/>\no Prote\u00e7\u00e3o: Sobrecarga, sobretens\u00e3o, sobrecorrente, sobreaquecimento, subtens\u00e3o, curto-circuito e contra liga\u00e7\u00e3o incorrecta dos p\u00f3los positivo e negativo.<br \/>\no Temperatura de funcionamento: -40\u00baC ~ +80\u00baC<br \/>\no Temperatura de armazenamento: -20\u00baC ~ +60\u00baC<br \/>\no Peso: 28g<br \/>\no Carca\u00e7a: ABS<br \/>\no Estanquicidade: tampa da porta USB<br \/>\no Dispon\u00edvel em v\u00e1rias cores mediante encomenda m\u00ednima<\/p>\n<p><strong>Dimens\u00f5es:<\/strong><br \/>\nDi\u00e2metro da \u00e1rea rebaixada: 28,8mm<br \/>\nDi\u00e2metro da zona exterior: 36mm<br \/>\nDi\u00e2metro a furar para encastrar: 30mm<\/p>\n<h3><strong>Carregador duplo USB para autom\u00f3vel<\/strong><\/h3>\n<p>Muito f\u00e1cil de instalar em qualquer \u00e1rea do ve\u00edculo onde seja necess\u00e1ria uma liga\u00e7\u00e3o USB para carregar telem\u00f3veis ou outros dispositivos de carregamento de 12v.<\/p>\n<p><img fetchpriority=\"high\" decoding=\"async\" class=\"alignnone size-medium wp-image-51275\" src=\"https:\/\/coelectrix.com\/wp-content\/uploads\/2019\/03\/toma-usb-medidas-300x300.jpg\" alt=\"\" width=\"300\" height=\"300\" srcset=\"https:\/\/coelectrix.com\/wp-content\/uploads\/2019\/03\/toma-usb-medidas-300x300.jpg 300w, https:\/\/coelectrix.com\/wp-content\/uploads\/2019\/03\/toma-usb-medidas-150x150.jpg 150w, https:\/\/coelectrix.com\/wp-content\/uploads\/2019\/03\/toma-usb-medidas-196x196.jpg 196w, https:\/\/coelectrix.com\/wp-content\/uploads\/2019\/03\/toma-usb-medidas-416x416.jpg 416w, https:\/\/coelectrix.com\/wp-content\/uploads\/2019\/03\/toma-usb-medidas-100x100.jpg 100w, https:\/\/coelectrix.com\/wp-content\/uploads\/2019\/03\/toma-usb-medidas-50x50.jpg 50w, https:\/\/coelectrix.com\/wp-content\/uploads\/2019\/03\/toma-usb-medidas-64x64.jpg 64w, https:\/\/coelectrix.com\/wp-content\/uploads\/2019\/03\/toma-usb-medidas.jpg 600w\" sizes=\"(max-width: 300px) 100vw, 300px\" \/><\/p>\n<p><strong><a href=\"https:\/\/coelectrix.com\/wp-content\/uploads\/2023\/05\/USB-F12V-2USBET42_ES-EU_2023.pdf\" target=\"_blank\" rel=\"noopener\">Descarregar a ficha t\u00e9cnica do produto<\/a><\/strong><\/p>\n","protected":false},"excerpt":{"rendered":"<p>Carregador duplo USB concebido para a ind\u00fastria profissional com excelente qualidade e design robusto para carregar dois dispositivos ao mesmo tempo.<\/p>\n<p>AT\u00c9 4 VEZES MAIS R\u00c1PIDO DO QUE UM CARREGADOR CONVENCIONAL<\/p>\n<p>o Corrente de sa\u00edda: 4,5V\/5A, 5V\/4,5A, 9V\/3A, 12V\/2,5A, 15V\/2A, 20V\/1,5A<br \/>\no Pot\u00eancia m\u00e1x. Pot\u00eancia: USB 30W<br \/>\no Toler\u00e2ncia de corrente: \u00b1 0,1A<br \/>\no Pot\u00eancia sem carga: 0,18W<br \/>\no Tens\u00e3o de entrada: 12-24V<\/p>\n","protected":false},"featured_media":74181,"template":"","meta":{"_acf_changed":false},"product_brand":[],"product_cat":[1351,1352],"product_tag":[],"class_list":{"0":"post-76998","1":"product","2":"type-product","3":"status-publish","4":"has-post-thumbnail","6":"product_cat-tomadas-de-12v-e-usb","7":"product_cat-voltimetros-pt","9":"first","10":"instock","11":"taxable","12":"shipping-taxable","13":"purchasable","14":"product-type-simple"},"acf":[],"yoast_head":"<!-- This site is optimized with the Yoast SEO plugin v27.2 - https:\/\/yoast.com\/product\/yoast-seo-wordpress\/ -->\n<title>\u25b7 Tomada dupla USB de embutir - 5vb 3.0A | Coelectrix.com<\/title>\n<meta name=\"description\" content=\"Tomada USB dupla para carregamento r\u00e1pido de telem\u00f3veis em autom\u00f3veis, carrinhas, autocaravanas, etc. Sa\u00edda 5v 3.0\" \/>\n<meta name=\"robots\" content=\"index, follow, max-snippet:-1, max-image-preview:large, max-video-preview:-1\" \/>\n<link rel=\"canonical\" href=\"https:\/\/coelectrix.com\/pt-pt\/produto\/soquete-usb-duplo-qc-30\" \/>\n<meta property=\"og:locale\" content=\"pt_PT\" \/>\n<meta property=\"og:type\" content=\"article\" \/>\n<meta property=\"og:title\" content=\"\u25b7 Tomada dupla USB de embutir - 5vb 3.0A | Coelectrix.com\" \/>\n<meta property=\"og:description\" content=\"Tomada USB dupla para carregamento r\u00e1pido de telem\u00f3veis em autom\u00f3veis, carrinhas, autocaravanas, etc. Sa\u00edda 5v 3.0\" \/>\n<meta property=\"og:url\" content=\"https:\/\/coelectrix.com\/pt-pt\/produto\/soquete-usb-duplo-qc-30\" \/>\n<meta property=\"og:site_name\" content=\"Coelectrix\" \/>\n<meta property=\"article:modified_time\" content=\"2025-08-19T04:04:48+00:00\" \/>\n<meta property=\"og:image\" content=\"https:\/\/coelectrix.com\/wp-content\/uploads\/2019\/03\/toma-doble-usb-qc3.0.jpg\" \/>\n\t<meta property=\"og:image:width\" content=\"600\" \/>\n\t<meta property=\"og:image:height\" content=\"600\" \/>\n\t<meta property=\"og:image:type\" content=\"image\/jpeg\" \/>\n<meta name=\"twitter:card\" content=\"summary_large_image\" \/>\n<meta name=\"twitter:label1\" content=\"Tempo estimado de leitura\" \/>\n\t<meta name=\"twitter:data1\" content=\"1 minuto\" \/>\n<script type=\"application\/ld+json\" class=\"yoast-schema-graph\">{\"@context\":\"https:\/\/schema.org\",\"@graph\":[{\"@type\":\"WebPage\",\"@id\":\"https:\/\/coelectrix.com\/pt-pt\/produto\/soquete-usb-duplo-qc-30\",\"url\":\"https:\/\/coelectrix.com\/pt-pt\/produto\/soquete-usb-duplo-qc-30\",\"name\":\"\u25b7 Tomada dupla USB de embutir - 5vb 3.0A | Coelectrix.com\",\"isPartOf\":{\"@id\":\"https:\/\/coelectrix.com\/pt-pt\/#website\"},\"primaryImageOfPage\":{\"@id\":\"https:\/\/coelectrix.com\/pt-pt\/produto\/soquete-usb-duplo-qc-30#primaryimage\"},\"image\":{\"@id\":\"https:\/\/coelectrix.com\/pt-pt\/produto\/soquete-usb-duplo-qc-30#primaryimage\"},\"thumbnailUrl\":\"https:\/\/coelectrix.com\/wp-content\/uploads\/2019\/03\/toma-doble-usb-qc3.0.jpg\",\"datePublished\":\"2019-03-06T17:14:26+00:00\",\"dateModified\":\"2025-08-19T04:04:48+00:00\",\"description\":\"Tomada USB dupla para carregamento r\u00e1pido de telem\u00f3veis em autom\u00f3veis, carrinhas, autocaravanas, etc. Sa\u00edda 5v 3.0\",\"breadcrumb\":{\"@id\":\"https:\/\/coelectrix.com\/pt-pt\/produto\/soquete-usb-duplo-qc-30#breadcrumb\"},\"inLanguage\":\"pt-PT\",\"potentialAction\":[{\"@type\":\"ReadAction\",\"target\":[\"https:\/\/coelectrix.com\/pt-pt\/produto\/soquete-usb-duplo-qc-30\"]}]},{\"@type\":\"ImageObject\",\"inLanguage\":\"pt-PT\",\"@id\":\"https:\/\/coelectrix.com\/pt-pt\/produto\/soquete-usb-duplo-qc-30#primaryimage\",\"url\":\"https:\/\/coelectrix.com\/wp-content\/uploads\/2019\/03\/toma-doble-usb-qc3.0.jpg\",\"contentUrl\":\"https:\/\/coelectrix.com\/wp-content\/uploads\/2019\/03\/toma-doble-usb-qc3.0.jpg\",\"width\":600,\"height\":600},{\"@type\":\"BreadcrumbList\",\"@id\":\"https:\/\/coelectrix.com\/pt-pt\/produto\/soquete-usb-duplo-qc-30#breadcrumb\",\"itemListElement\":[{\"@type\":\"ListItem\",\"position\":1,\"name\":\"Portada\",\"item\":\"https:\/\/coelectrix.com\/\"},{\"@type\":\"ListItem\",\"position\":2,\"name\":\"Loja\",\"item\":\"https:\/\/coelectrix.com\/pt-pt\/loja\"},{\"@type\":\"ListItem\",\"position\":3,\"name\":\"QC 3.0 Tomada USB dupla encastrada\"}]},{\"@type\":\"WebSite\",\"@id\":\"https:\/\/coelectrix.com\/pt-pt\/#website\",\"url\":\"https:\/\/coelectrix.com\/pt-pt\/\",\"name\":\"Coelectrix\",\"description\":\"Componentes el\u00e9ctricos\",\"publisher\":{\"@id\":\"https:\/\/coelectrix.com\/pt-pt\/#organization\"},\"potentialAction\":[{\"@type\":\"SearchAction\",\"target\":{\"@type\":\"EntryPoint\",\"urlTemplate\":\"https:\/\/coelectrix.com\/pt-pt\/?s={search_term_string}\"},\"query-input\":{\"@type\":\"PropertyValueSpecification\",\"valueRequired\":true,\"valueName\":\"search_term_string\"}}],\"inLanguage\":\"pt-PT\"},{\"@type\":\"Organization\",\"@id\":\"https:\/\/coelectrix.com\/pt-pt\/#organization\",\"name\":\"coelectrix.com\",\"url\":\"https:\/\/coelectrix.com\/pt-pt\/\",\"logo\":{\"@type\":\"ImageObject\",\"inLanguage\":\"pt-PT\",\"@id\":\"https:\/\/coelectrix.com\/pt-pt\/#\/schema\/logo\/image\/\",\"url\":\"https:\/\/coelectrix.com\/wp-content\/uploads\/2018\/05\/logo-coelectrix-400x400.jpg\",\"contentUrl\":\"https:\/\/coelectrix.com\/wp-content\/uploads\/2018\/05\/logo-coelectrix-400x400.jpg\",\"width\":300,\"height\":300,\"caption\":\"coelectrix.com\"},\"image\":{\"@id\":\"https:\/\/coelectrix.com\/pt-pt\/#\/schema\/logo\/image\/\"}}]}<\/script>\n<!-- \/ Yoast SEO plugin. -->","yoast_head_json":{"title":"\u25b7 Tomada dupla USB de embutir - 5vb 3.0A | Coelectrix.com","description":"Tomada USB dupla para carregamento r\u00e1pido de telem\u00f3veis em autom\u00f3veis, carrinhas, autocaravanas, etc. Sa\u00edda 5v 3.0","robots":{"index":"index","follow":"follow","max-snippet":"max-snippet:-1","max-image-preview":"max-image-preview:large","max-video-preview":"max-video-preview:-1"},"canonical":"https:\/\/coelectrix.com\/pt-pt\/produto\/soquete-usb-duplo-qc-30","og_locale":"pt_PT","og_type":"article","og_title":"\u25b7 Tomada dupla USB de embutir - 5vb 3.0A | Coelectrix.com","og_description":"Tomada USB dupla para carregamento r\u00e1pido de telem\u00f3veis em autom\u00f3veis, carrinhas, autocaravanas, etc. Sa\u00edda 5v 3.0","og_url":"https:\/\/coelectrix.com\/pt-pt\/produto\/soquete-usb-duplo-qc-30","og_site_name":"Coelectrix","article_modified_time":"2025-08-19T04:04:48+00:00","og_image":[{"width":600,"height":600,"url":"https:\/\/coelectrix.com\/wp-content\/uploads\/2019\/03\/toma-doble-usb-qc3.0.jpg","type":"image\/jpeg"}],"twitter_card":"summary_large_image","twitter_misc":{"Tempo estimado de leitura":"1 minuto"},"schema":{"@context":"https:\/\/schema.org","@graph":[{"@type":"WebPage","@id":"https:\/\/coelectrix.com\/pt-pt\/produto\/soquete-usb-duplo-qc-30","url":"https:\/\/coelectrix.com\/pt-pt\/produto\/soquete-usb-duplo-qc-30","name":"\u25b7 Tomada dupla USB de embutir - 5vb 3.0A | Coelectrix.com","isPartOf":{"@id":"https:\/\/coelectrix.com\/pt-pt\/#website"},"primaryImageOfPage":{"@id":"https:\/\/coelectrix.com\/pt-pt\/produto\/soquete-usb-duplo-qc-30#primaryimage"},"image":{"@id":"https:\/\/coelectrix.com\/pt-pt\/produto\/soquete-usb-duplo-qc-30#primaryimage"},"thumbnailUrl":"https:\/\/coelectrix.com\/wp-content\/uploads\/2019\/03\/toma-doble-usb-qc3.0.jpg","datePublished":"2019-03-06T17:14:26+00:00","dateModified":"2025-08-19T04:04:48+00:00","description":"Tomada USB dupla para carregamento r\u00e1pido de telem\u00f3veis em autom\u00f3veis, carrinhas, autocaravanas, etc. Sa\u00edda 5v 3.0","breadcrumb":{"@id":"https:\/\/coelectrix.com\/pt-pt\/produto\/soquete-usb-duplo-qc-30#breadcrumb"},"inLanguage":"pt-PT","potentialAction":[{"@type":"ReadAction","target":["https:\/\/coelectrix.com\/pt-pt\/produto\/soquete-usb-duplo-qc-30"]}]},{"@type":"ImageObject","inLanguage":"pt-PT","@id":"https:\/\/coelectrix.com\/pt-pt\/produto\/soquete-usb-duplo-qc-30#primaryimage","url":"https:\/\/coelectrix.com\/wp-content\/uploads\/2019\/03\/toma-doble-usb-qc3.0.jpg","contentUrl":"https:\/\/coelectrix.com\/wp-content\/uploads\/2019\/03\/toma-doble-usb-qc3.0.jpg","width":600,"height":600},{"@type":"BreadcrumbList","@id":"https:\/\/coelectrix.com\/pt-pt\/produto\/soquete-usb-duplo-qc-30#breadcrumb","itemListElement":[{"@type":"ListItem","position":1,"name":"Portada","item":"https:\/\/coelectrix.com\/"},{"@type":"ListItem","position":2,"name":"Loja","item":"https:\/\/coelectrix.com\/pt-pt\/loja"},{"@type":"ListItem","position":3,"name":"QC 3.0 Tomada USB dupla encastrada"}]},{"@type":"WebSite","@id":"https:\/\/coelectrix.com\/pt-pt\/#website","url":"https:\/\/coelectrix.com\/pt-pt\/","name":"Coelectrix","description":"Componentes el\u00e9ctricos","publisher":{"@id":"https:\/\/coelectrix.com\/pt-pt\/#organization"},"potentialAction":[{"@type":"SearchAction","target":{"@type":"EntryPoint","urlTemplate":"https:\/\/coelectrix.com\/pt-pt\/?s={search_term_string}"},"query-input":{"@type":"PropertyValueSpecification","valueRequired":true,"valueName":"search_term_string"}}],"inLanguage":"pt-PT"},{"@type":"Organization","@id":"https:\/\/coelectrix.com\/pt-pt\/#organization","name":"coelectrix.com","url":"https:\/\/coelectrix.com\/pt-pt\/","logo":{"@type":"ImageObject","inLanguage":"pt-PT","@id":"https:\/\/coelectrix.com\/pt-pt\/#\/schema\/logo\/image\/","url":"https:\/\/coelectrix.com\/wp-content\/uploads\/2018\/05\/logo-coelectrix-400x400.jpg","contentUrl":"https:\/\/coelectrix.com\/wp-content\/uploads\/2018\/05\/logo-coelectrix-400x400.jpg","width":300,"height":300,"caption":"coelectrix.com"},"image":{"@id":"https:\/\/coelectrix.com\/pt-pt\/#\/schema\/logo\/image\/"}}]}},"_links":{"self":[{"href":"https:\/\/coelectrix.com\/pt-pt\/wp-json\/wp\/v2\/product\/76998","targetHints":{"allow":["GET"]}}],"collection":[{"href":"https:\/\/coelectrix.com\/pt-pt\/wp-json\/wp\/v2\/product"}],"about":[{"href":"https:\/\/coelectrix.com\/pt-pt\/wp-json\/wp\/v2\/types\/product"}],"version-history":[{"count":1,"href":"https:\/\/coelectrix.com\/pt-pt\/wp-json\/wp\/v2\/product\/76998\/revisions"}],"predecessor-version":[{"id":77182,"href":"https:\/\/coelectrix.com\/pt-pt\/wp-json\/wp\/v2\/product\/76998\/revisions\/77182"}],"wp:featuredmedia":[{"embeddable":true,"href":"https:\/\/coelectrix.com\/pt-pt\/wp-json\/wp\/v2\/media\/74181"}],"wp:attachment":[{"href":"https:\/\/coelectrix.com\/pt-pt\/wp-json\/wp\/v2\/media?parent=76998"}],"wp:term":[{"taxonomy":"product_brand","embeddable":true,"href":"https:\/\/coelectrix.com\/pt-pt\/wp-json\/wp\/v2\/product_brand?post=76998"},{"taxonomy":"product_cat","embeddable":true,"href":"https:\/\/coelectrix.com\/pt-pt\/wp-json\/wp\/v2\/product_cat?post=76998"},{"taxonomy":"product_tag","embeddable":true,"href":"https:\/\/coelectrix.com\/pt-pt\/wp-json\/wp\/v2\/product_tag?post=76998"}],"curies":[{"name":"wp","href":"https:\/\/api.w.org\/{rel}","templated":true}]}}