{"id":76999,"date":"2019-02-17T07:46:17","date_gmt":"2019-02-17T06:46:17","guid":{"rendered":"https:\/\/coelectrix.com\/producto\/carregador-de-painel-12v-usbvoltimetro-ref-04a"},"modified":"2025-08-19T06:04:48","modified_gmt":"2025-08-19T04:04:48","slug":"carregador-de-painel-12v-usbvoltimetro-ref-04a","status":"publish","type":"product","link":"https:\/\/coelectrix.com\/pt-pt\/produto\/painel-carregador-12v-usbvoltimetro","title":{"rendered":"Carregador de painel 12v +USB+Volt\u00edmetro ref.04A"},"content":{"rendered":"<div><\/div>\n<div><\/div>\n<div>Material: ABS<\/div>\n<div>Cor: preto<\/div>\n<div><span data-spm-anchor-id=\"a219c.10010108.1000023.i1.57951aa6xWmuzv\">Tamanho: 102*85*100mm<\/span><\/div>\n<div>Cor da luz LED: Luz azul<\/div>\n<div>Sa\u00edda da tomada USB: dupla DC 5V\/2.1A<\/div>\n<div>Sa\u00edda de corrente DC 12 V<\/div>\n<div>Gama de visualiza\u00e7\u00e3o do volt\u00edmetro: 6-30 V<\/div>\n<div>Temperatura de funcionamento: -25 \u00b0C ~ 80 \u00b0C<\/div>\n<div>Pot\u00eancia m\u00e1xima: 240 W<\/div>\n<div>Tens\u00e3o de entrada DC 12 V\/24 V<\/div>\n<div data-spm-anchor-id=\"a219c.10010108.1000023.i0.57951aa6xWmuzv\">N\u00edvel de prote\u00e7\u00e3o: IP65<\/div>\n","protected":false},"excerpt":{"rendered":"<p>Painel de controlo e carregamento do sistema 12v<\/p>\n<p>O painel inclui: Carregador duplo USB, liga\u00e7\u00e3o 12v, volt\u00edmetro e interrutor para liga\u00e7\u00e3o geral.<br \/>\nDimens\u00f5es do painel: altura 85mm \/ largura 102mm \/ profundidade 100mm<\/p>\n<p>Cor da ilumina\u00e7\u00e3o LED: AZUL<\/p>\n<p>O painel \u00e9 entregue j\u00e1 cablado e pronto a ligar.<\/p>\n","protected":false},"featured_media":72873,"template":"","meta":{"_acf_changed":false},"product_brand":[],"product_cat":[128,1351,1352],"product_tag":[],"class_list":{"0":"post-76999","1":"product","2":"type-product","3":"status-publish","4":"has-post-thumbnail","6":"product_cat-paneles-de-control-y-carga","7":"product_cat-tomadas-de-12v-e-usb","8":"product_cat-voltimetros-pt","10":"first","11":"outofstock","12":"taxable","13":"shipping-taxable","14":"purchasable","15":"product-type-simple"},"acf":[],"yoast_head":"<!-- This site is optimized with the Yoast SEO plugin v27.2 - https:\/\/yoast.com\/product\/yoast-seo-wordpress\/ -->\n<title>\u25b7 Carregador de painel 12v +USB+Volt\u00edmetro ref.04A | Coelectrix.com<\/title>\n<meta name=\"description\" content=\"Painel de carregamento de 12v com USB duplo, volt\u00edmetro, carregador de 12v e interrutor. Para ter o controlo da bateria e das liga\u00e7\u00f5es num \u00fanico painel.\" \/>\n<meta name=\"robots\" content=\"index, follow, max-snippet:-1, max-image-preview:large, max-video-preview:-1\" \/>\n<link rel=\"canonical\" href=\"https:\/\/coelectrix.com\/pt-pt\/produto\/painel-carregador-12v-usbvoltimetro\" \/>\n<meta property=\"og:locale\" content=\"pt_PT\" \/>\n<meta property=\"og:type\" content=\"article\" \/>\n<meta property=\"og:title\" content=\"\u25b7 Carregador de painel 12v +USB+Volt\u00edmetro ref.04A | Coelectrix.com\" \/>\n<meta property=\"og:description\" content=\"Painel de carregamento de 12v com USB duplo, volt\u00edmetro, carregador de 12v e interrutor. Para ter o controlo da bateria e das liga\u00e7\u00f5es num \u00fanico painel.\" \/>\n<meta property=\"og:url\" content=\"https:\/\/coelectrix.com\/pt-pt\/produto\/painel-carregador-12v-usbvoltimetro\" \/>\n<meta property=\"og:site_name\" content=\"Coelectrix\" \/>\n<meta property=\"article:modified_time\" content=\"2025-08-19T04:04:48+00:00\" \/>\n<meta property=\"og:image\" content=\"https:\/\/coelectrix.com\/wp-content\/uploads\/2019\/02\/panel-12v-front.jpg\" \/>\n\t<meta property=\"og:image:width\" content=\"300\" \/>\n\t<meta property=\"og:image:height\" content=\"300\" \/>\n\t<meta property=\"og:image:type\" content=\"image\/jpeg\" \/>\n<meta name=\"twitter:card\" content=\"summary_large_image\" \/>\n<script type=\"application\/ld+json\" class=\"yoast-schema-graph\">{\"@context\":\"https:\/\/schema.org\",\"@graph\":[{\"@type\":\"WebPage\",\"@id\":\"https:\/\/coelectrix.com\/pt-pt\/produto\/painel-carregador-12v-usbvoltimetro\",\"url\":\"https:\/\/coelectrix.com\/pt-pt\/produto\/painel-carregador-12v-usbvoltimetro\",\"name\":\"\u25b7 Carregador de painel 12v +USB+Volt\u00edmetro ref.04A | Coelectrix.com\",\"isPartOf\":{\"@id\":\"https:\/\/coelectrix.com\/pt-pt\/#website\"},\"primaryImageOfPage\":{\"@id\":\"https:\/\/coelectrix.com\/pt-pt\/produto\/painel-carregador-12v-usbvoltimetro#primaryimage\"},\"image\":{\"@id\":\"https:\/\/coelectrix.com\/pt-pt\/produto\/painel-carregador-12v-usbvoltimetro#primaryimage\"},\"thumbnailUrl\":\"https:\/\/coelectrix.com\/wp-content\/uploads\/2019\/02\/panel-12v-front.jpg\",\"datePublished\":\"2019-02-17T06:46:17+00:00\",\"dateModified\":\"2025-08-19T04:04:48+00:00\",\"description\":\"Painel de carregamento de 12v com USB duplo, volt\u00edmetro, carregador de 12v e interrutor. Para ter o controlo da bateria e das liga\u00e7\u00f5es num \u00fanico painel.\",\"breadcrumb\":{\"@id\":\"https:\/\/coelectrix.com\/pt-pt\/produto\/painel-carregador-12v-usbvoltimetro#breadcrumb\"},\"inLanguage\":\"pt-PT\",\"potentialAction\":[{\"@type\":\"ReadAction\",\"target\":[\"https:\/\/coelectrix.com\/pt-pt\/produto\/painel-carregador-12v-usbvoltimetro\"]}]},{\"@type\":\"ImageObject\",\"inLanguage\":\"pt-PT\",\"@id\":\"https:\/\/coelectrix.com\/pt-pt\/produto\/painel-carregador-12v-usbvoltimetro#primaryimage\",\"url\":\"https:\/\/coelectrix.com\/wp-content\/uploads\/2019\/02\/panel-12v-front.jpg\",\"contentUrl\":\"https:\/\/coelectrix.com\/wp-content\/uploads\/2019\/02\/panel-12v-front.jpg\",\"width\":300,\"height\":300,\"caption\":\"painel de carregamento de 12v\"},{\"@type\":\"BreadcrumbList\",\"@id\":\"https:\/\/coelectrix.com\/pt-pt\/produto\/painel-carregador-12v-usbvoltimetro#breadcrumb\",\"itemListElement\":[{\"@type\":\"ListItem\",\"position\":1,\"name\":\"Portada\",\"item\":\"https:\/\/coelectrix.com\/\"},{\"@type\":\"ListItem\",\"position\":2,\"name\":\"Loja\",\"item\":\"https:\/\/coelectrix.com\/pt-pt\/loja\"},{\"@type\":\"ListItem\",\"position\":3,\"name\":\"Carregador de painel 12v +USB+Volt\u00edmetro ref.04A\"}]},{\"@type\":\"WebSite\",\"@id\":\"https:\/\/coelectrix.com\/pt-pt\/#website\",\"url\":\"https:\/\/coelectrix.com\/pt-pt\/\",\"name\":\"Coelectrix\",\"description\":\"Componentes el\u00e9ctricos\",\"publisher\":{\"@id\":\"https:\/\/coelectrix.com\/pt-pt\/#organization\"},\"potentialAction\":[{\"@type\":\"SearchAction\",\"target\":{\"@type\":\"EntryPoint\",\"urlTemplate\":\"https:\/\/coelectrix.com\/pt-pt\/?s={search_term_string}\"},\"query-input\":{\"@type\":\"PropertyValueSpecification\",\"valueRequired\":true,\"valueName\":\"search_term_string\"}}],\"inLanguage\":\"pt-PT\"},{\"@type\":\"Organization\",\"@id\":\"https:\/\/coelectrix.com\/pt-pt\/#organization\",\"name\":\"coelectrix.com\",\"url\":\"https:\/\/coelectrix.com\/pt-pt\/\",\"logo\":{\"@type\":\"ImageObject\",\"inLanguage\":\"pt-PT\",\"@id\":\"https:\/\/coelectrix.com\/pt-pt\/#\/schema\/logo\/image\/\",\"url\":\"https:\/\/coelectrix.com\/wp-content\/uploads\/2018\/05\/logo-coelectrix-400x400.jpg\",\"contentUrl\":\"https:\/\/coelectrix.com\/wp-content\/uploads\/2018\/05\/logo-coelectrix-400x400.jpg\",\"width\":300,\"height\":300,\"caption\":\"coelectrix.com\"},\"image\":{\"@id\":\"https:\/\/coelectrix.com\/pt-pt\/#\/schema\/logo\/image\/\"}}]}<\/script>\n<!-- \/ Yoast SEO plugin. -->","yoast_head_json":{"title":"\u25b7 Carregador de painel 12v +USB+Volt\u00edmetro ref.04A | Coelectrix.com","description":"Painel de carregamento de 12v com USB duplo, volt\u00edmetro, carregador de 12v e interrutor. Para ter o controlo da bateria e das liga\u00e7\u00f5es num \u00fanico painel.","robots":{"index":"index","follow":"follow","max-snippet":"max-snippet:-1","max-image-preview":"max-image-preview:large","max-video-preview":"max-video-preview:-1"},"canonical":"https:\/\/coelectrix.com\/pt-pt\/produto\/painel-carregador-12v-usbvoltimetro","og_locale":"pt_PT","og_type":"article","og_title":"\u25b7 Carregador de painel 12v +USB+Volt\u00edmetro ref.04A | Coelectrix.com","og_description":"Painel de carregamento de 12v com USB duplo, volt\u00edmetro, carregador de 12v e interrutor. Para ter o controlo da bateria e das liga\u00e7\u00f5es num \u00fanico painel.","og_url":"https:\/\/coelectrix.com\/pt-pt\/produto\/painel-carregador-12v-usbvoltimetro","og_site_name":"Coelectrix","article_modified_time":"2025-08-19T04:04:48+00:00","og_image":[{"width":300,"height":300,"url":"https:\/\/coelectrix.com\/wp-content\/uploads\/2019\/02\/panel-12v-front.jpg","type":"image\/jpeg"}],"twitter_card":"summary_large_image","schema":{"@context":"https:\/\/schema.org","@graph":[{"@type":"WebPage","@id":"https:\/\/coelectrix.com\/pt-pt\/produto\/painel-carregador-12v-usbvoltimetro","url":"https:\/\/coelectrix.com\/pt-pt\/produto\/painel-carregador-12v-usbvoltimetro","name":"\u25b7 Carregador de painel 12v +USB+Volt\u00edmetro ref.04A | Coelectrix.com","isPartOf":{"@id":"https:\/\/coelectrix.com\/pt-pt\/#website"},"primaryImageOfPage":{"@id":"https:\/\/coelectrix.com\/pt-pt\/produto\/painel-carregador-12v-usbvoltimetro#primaryimage"},"image":{"@id":"https:\/\/coelectrix.com\/pt-pt\/produto\/painel-carregador-12v-usbvoltimetro#primaryimage"},"thumbnailUrl":"https:\/\/coelectrix.com\/wp-content\/uploads\/2019\/02\/panel-12v-front.jpg","datePublished":"2019-02-17T06:46:17+00:00","dateModified":"2025-08-19T04:04:48+00:00","description":"Painel de carregamento de 12v com USB duplo, volt\u00edmetro, carregador de 12v e interrutor. Para ter o controlo da bateria e das liga\u00e7\u00f5es num \u00fanico painel.","breadcrumb":{"@id":"https:\/\/coelectrix.com\/pt-pt\/produto\/painel-carregador-12v-usbvoltimetro#breadcrumb"},"inLanguage":"pt-PT","potentialAction":[{"@type":"ReadAction","target":["https:\/\/coelectrix.com\/pt-pt\/produto\/painel-carregador-12v-usbvoltimetro"]}]},{"@type":"ImageObject","inLanguage":"pt-PT","@id":"https:\/\/coelectrix.com\/pt-pt\/produto\/painel-carregador-12v-usbvoltimetro#primaryimage","url":"https:\/\/coelectrix.com\/wp-content\/uploads\/2019\/02\/panel-12v-front.jpg","contentUrl":"https:\/\/coelectrix.com\/wp-content\/uploads\/2019\/02\/panel-12v-front.jpg","width":300,"height":300,"caption":"painel de carregamento de 12v"},{"@type":"BreadcrumbList","@id":"https:\/\/coelectrix.com\/pt-pt\/produto\/painel-carregador-12v-usbvoltimetro#breadcrumb","itemListElement":[{"@type":"ListItem","position":1,"name":"Portada","item":"https:\/\/coelectrix.com\/"},{"@type":"ListItem","position":2,"name":"Loja","item":"https:\/\/coelectrix.com\/pt-pt\/loja"},{"@type":"ListItem","position":3,"name":"Carregador de painel 12v +USB+Volt\u00edmetro ref.04A"}]},{"@type":"WebSite","@id":"https:\/\/coelectrix.com\/pt-pt\/#website","url":"https:\/\/coelectrix.com\/pt-pt\/","name":"Coelectrix","description":"Componentes el\u00e9ctricos","publisher":{"@id":"https:\/\/coelectrix.com\/pt-pt\/#organization"},"potentialAction":[{"@type":"SearchAction","target":{"@type":"EntryPoint","urlTemplate":"https:\/\/coelectrix.com\/pt-pt\/?s={search_term_string}"},"query-input":{"@type":"PropertyValueSpecification","valueRequired":true,"valueName":"search_term_string"}}],"inLanguage":"pt-PT"},{"@type":"Organization","@id":"https:\/\/coelectrix.com\/pt-pt\/#organization","name":"coelectrix.com","url":"https:\/\/coelectrix.com\/pt-pt\/","logo":{"@type":"ImageObject","inLanguage":"pt-PT","@id":"https:\/\/coelectrix.com\/pt-pt\/#\/schema\/logo\/image\/","url":"https:\/\/coelectrix.com\/wp-content\/uploads\/2018\/05\/logo-coelectrix-400x400.jpg","contentUrl":"https:\/\/coelectrix.com\/wp-content\/uploads\/2018\/05\/logo-coelectrix-400x400.jpg","width":300,"height":300,"caption":"coelectrix.com"},"image":{"@id":"https:\/\/coelectrix.com\/pt-pt\/#\/schema\/logo\/image\/"}}]}},"_links":{"self":[{"href":"https:\/\/coelectrix.com\/pt-pt\/wp-json\/wp\/v2\/product\/76999","targetHints":{"allow":["GET"]}}],"collection":[{"href":"https:\/\/coelectrix.com\/pt-pt\/wp-json\/wp\/v2\/product"}],"about":[{"href":"https:\/\/coelectrix.com\/pt-pt\/wp-json\/wp\/v2\/types\/product"}],"version-history":[{"count":1,"href":"https:\/\/coelectrix.com\/pt-pt\/wp-json\/wp\/v2\/product\/76999\/revisions"}],"predecessor-version":[{"id":77183,"href":"https:\/\/coelectrix.com\/pt-pt\/wp-json\/wp\/v2\/product\/76999\/revisions\/77183"}],"wp:featuredmedia":[{"embeddable":true,"href":"https:\/\/coelectrix.com\/pt-pt\/wp-json\/wp\/v2\/media\/72873"}],"wp:attachment":[{"href":"https:\/\/coelectrix.com\/pt-pt\/wp-json\/wp\/v2\/media?parent=76999"}],"wp:term":[{"taxonomy":"product_brand","embeddable":true,"href":"https:\/\/coelectrix.com\/pt-pt\/wp-json\/wp\/v2\/product_brand?post=76999"},{"taxonomy":"product_cat","embeddable":true,"href":"https:\/\/coelectrix.com\/pt-pt\/wp-json\/wp\/v2\/product_cat?post=76999"},{"taxonomy":"product_tag","embeddable":true,"href":"https:\/\/coelectrix.com\/pt-pt\/wp-json\/wp\/v2\/product_tag?post=76999"}],"curies":[{"name":"wp","href":"https:\/\/api.w.org\/{rel}","templated":true}]}}