{"id":77000,"date":"2018-03-17T07:34:09","date_gmt":"2018-03-17T06:34:09","guid":{"rendered":"https:\/\/coelectrix.com\/producto\/voltimetro-digital-12v-montagem-embutida-mini"},"modified":"2025-08-19T06:05:19","modified_gmt":"2025-08-19T04:05:19","slug":"voltimetro-digital-12v-montagem-embutida-mini","status":"publish","type":"product","link":"https:\/\/coelectrix.com\/pt-pt\/produto\/digital-voltimetro-12v-empotavel","title":{"rendered":"Volt\u00edmetro digital 12v. Montagem embutida (MINI)"},"content":{"rendered":"<h1>Volt\u00edmetro digital MINI 12v. Montagem embutida.<\/h1>\n<p><span style=\"font-family: helvetica, arial, sans-serif;\">Par\u00e2metros t\u00e9cnicos:<\/span><br \/>\n<span style=\"font-family: helvetica, arial, sans-serif;\"> Peso: 18g<\/span><br \/>\n<span style=\"font-family: helvetica, arial, sans-serif;\"> Cor do ecr\u00e3: vermelho\/azul\/verde<\/span><br \/>\n<span style=\"font-family: helvetica, arial, sans-serif;\"> Modo de visualiza\u00e7\u00e3o: tr\u00eas tubos de leds digitais de 0,56<\/span><br \/>\n<span style=\"font-family: helvetica, arial, sans-serif;\"> Taxa de atualiza\u00e7\u00e3o: aproximadamente 500 MS\/tempo<\/span><br \/>\n<span style=\"font-family: helvetica, arial, sans-serif;\"> Tamanho f\u00edsico: 35x23x27mm (L * W * h)<\/span><br \/>\n<span style=\"font-family: helvetica, arial, sans-serif;\"> Tamanho da abertura: 32x21mm (L * W)<\/span><br \/>\n<span style=\"font-family: helvetica, arial, sans-serif;\"> Gama de entrada: 4-30 V<\/span><br \/>\n<span style=\"font-family: helvetica, arial, sans-serif;\"> Fonte de alimenta\u00e7\u00e3o: alimenta\u00e7\u00e3o el\u00e9ctrica necess\u00e1ria<\/span><br \/>\n<span style=\"font-family: helvetica, arial, sans-serif;\"> Comprimento do fio condutor: 14 cm (tr\u00eas fios)<\/span><br \/>\n<span style=\"font-family: helvetica, arial, sans-serif;\"> Entrada m\u00ednima: 4 V<\/span><br \/>\n<span style=\"font-family: helvetica, arial, sans-serif;\"> Entrada m\u00e1xima: 30 V<\/span><br \/>\n<span style=\"font-family: helvetica, arial, sans-serif;\"> Gama de medi\u00e7\u00e3o: DC 0-100 V<\/span><br \/>\n<span style=\"font-family: helvetica, arial, sans-serif;\"> Temperatura de funcionamento: -10 graus ~ 65 graus<\/span><br \/>\n<span style=\"font-family: helvetica, arial, sans-serif;\"> Precis\u00e3o de medi\u00e7\u00e3o: \u00b1 (1% + 2 d\u00edgitos)<\/span><br \/>\n<span style=\"font-family: helvetica, arial, sans-serif;\"> Linha vermelha: fonte de alimenta\u00e7\u00e3o + (4-30 V) Linha amarela: linha preta: medi\u00e7\u00e3o de tens\u00e3o +: fonte de alimenta\u00e7\u00e3o-, medi\u00e7\u00e3o de tens\u00e3o-<\/span><\/p>\n","protected":false},"excerpt":{"rendered":"<h3 style=\"text-align: left;\">Volt\u00edmetro digital MINI 12v. Montagem embutida<\/h3>\n<p>Verifique a carga da sua bateria auxiliar com este pequeno volt\u00edmetro digital.<\/p>\n<p><span style=\"font-family: helvetica, arial, sans-serif;\">Tamanho f\u00edsico: 35x23x27mm (L * W * h)<\/span><br \/>\n<span style=\"font-family: helvetica, arial, sans-serif;\"> Tamanho da abertura: 32x21mm (L * W)<\/span><\/p>\n<p>Liga\u00e7\u00e3o com 2 fios: +Vermelho , -Preto<\/p>\n<p><img decoding=\"async\" class=\"alignnone size-full wp-image-715\" src=\"https:\/\/coelectrix.com\/wp-content\/uploads\/2016\/09\/payment-logo-1.png\" alt=\"\" width=\"245\" height=\"62\" srcset=\"https:\/\/coelectrix.com\/wp-content\/uploads\/2016\/09\/payment-logo-1.png 245w, https:\/\/coelectrix.com\/wp-content\/uploads\/2016\/09\/payment-logo-1-64x16.png 64w\" sizes=\"(max-width: 245px) 100vw, 245px\" \/><\/p>\n","protected":false},"featured_media":72776,"template":"","meta":{"_acf_changed":false},"product_brand":[],"product_cat":[1351,1352],"product_tag":[],"class_list":{"0":"post-77000","1":"product","2":"type-product","3":"status-publish","4":"has-post-thumbnail","6":"product_cat-tomadas-de-12v-e-usb","7":"product_cat-voltimetros-pt","9":"first","10":"outofstock","11":"sale","12":"taxable","13":"shipping-taxable","14":"purchasable","15":"product-type-simple"},"acf":[],"yoast_head":"<!-- This site is optimized with the Yoast SEO plugin v27.2 - https:\/\/yoast.com\/product\/yoast-seo-wordpress\/ -->\n<title>\u25b7 Volt\u00edmetro digital 12v. Montagem embutida (MINI) | Coelectrix.com<\/title>\n<meta name=\"description\" content=\"Volt\u00edmetro digital para 12v Controla a carga da bateria auxiliar de uma forma simples. Cor do ecr\u00e3: vermelho. | Loja online de volt\u00edmetros, cabos, conectores...etc.\" \/>\n<meta name=\"robots\" content=\"index, follow, max-snippet:-1, max-image-preview:large, max-video-preview:-1\" \/>\n<link rel=\"canonical\" href=\"https:\/\/coelectrix.com\/pt-pt\/produto\/digital-voltimetro-12v-empotavel\" \/>\n<meta property=\"og:locale\" content=\"pt_PT\" \/>\n<meta property=\"og:type\" content=\"article\" \/>\n<meta property=\"og:title\" content=\"\u25b7 Volt\u00edmetro digital 12v. Montagem embutida (MINI) | Coelectrix.com\" \/>\n<meta property=\"og:description\" content=\"Volt\u00edmetro digital para 12v Controla a carga da bateria auxiliar de uma forma simples. Cor do ecr\u00e3: vermelho. | Loja online de volt\u00edmetros, cabos, conectores...etc.\" \/>\n<meta property=\"og:url\" content=\"https:\/\/coelectrix.com\/pt-pt\/produto\/digital-voltimetro-12v-empotavel\" \/>\n<meta property=\"og:site_name\" content=\"Coelectrix\" \/>\n<meta property=\"article:modified_time\" content=\"2025-08-19T04:05:19+00:00\" \/>\n<meta property=\"og:image\" content=\"https:\/\/coelectrix.com\/wp-content\/uploads\/2018\/03\/VOLTIMETRO-12V..jpg\" \/>\n\t<meta property=\"og:image:width\" content=\"300\" \/>\n\t<meta property=\"og:image:height\" content=\"300\" \/>\n\t<meta property=\"og:image:type\" content=\"image\/jpeg\" \/>\n<meta name=\"twitter:card\" content=\"summary_large_image\" \/>\n<meta name=\"twitter:label1\" content=\"Tempo estimado de leitura\" \/>\n\t<meta name=\"twitter:data1\" content=\"1 minuto\" \/>\n<script type=\"application\/ld+json\" class=\"yoast-schema-graph\">{\"@context\":\"https:\/\/schema.org\",\"@graph\":[{\"@type\":\"WebPage\",\"@id\":\"https:\/\/coelectrix.com\/pt-pt\/produto\/digital-voltimetro-12v-empotavel\",\"url\":\"https:\/\/coelectrix.com\/pt-pt\/produto\/digital-voltimetro-12v-empotavel\",\"name\":\"\u25b7 Volt\u00edmetro digital 12v. Montagem embutida (MINI) | Coelectrix.com\",\"isPartOf\":{\"@id\":\"https:\/\/coelectrix.com\/pt-pt\/#website\"},\"primaryImageOfPage\":{\"@id\":\"https:\/\/coelectrix.com\/pt-pt\/produto\/digital-voltimetro-12v-empotavel#primaryimage\"},\"image\":{\"@id\":\"https:\/\/coelectrix.com\/pt-pt\/produto\/digital-voltimetro-12v-empotavel#primaryimage\"},\"thumbnailUrl\":\"https:\/\/coelectrix.com\/wp-content\/uploads\/2018\/03\/VOLTIMETRO-12V..jpg\",\"datePublished\":\"2018-03-17T06:34:09+00:00\",\"dateModified\":\"2025-08-19T04:05:19+00:00\",\"description\":\"Volt\u00edmetro digital para 12v Controla a carga da bateria auxiliar de uma forma simples. Cor do ecr\u00e3: vermelho. | Loja online de volt\u00edmetros, cabos, conectores...etc.\",\"breadcrumb\":{\"@id\":\"https:\/\/coelectrix.com\/pt-pt\/produto\/digital-voltimetro-12v-empotavel#breadcrumb\"},\"inLanguage\":\"pt-PT\",\"potentialAction\":[{\"@type\":\"ReadAction\",\"target\":[\"https:\/\/coelectrix.com\/pt-pt\/produto\/digital-voltimetro-12v-empotavel\"]}]},{\"@type\":\"ImageObject\",\"inLanguage\":\"pt-PT\",\"@id\":\"https:\/\/coelectrix.com\/pt-pt\/produto\/digital-voltimetro-12v-empotavel#primaryimage\",\"url\":\"https:\/\/coelectrix.com\/wp-content\/uploads\/2018\/03\/VOLTIMETRO-12V..jpg\",\"contentUrl\":\"https:\/\/coelectrix.com\/wp-content\/uploads\/2018\/03\/VOLTIMETRO-12V..jpg\",\"width\":300,\"height\":300,\"caption\":\"volt\u00edmetro digital 12v\"},{\"@type\":\"BreadcrumbList\",\"@id\":\"https:\/\/coelectrix.com\/pt-pt\/produto\/digital-voltimetro-12v-empotavel#breadcrumb\",\"itemListElement\":[{\"@type\":\"ListItem\",\"position\":1,\"name\":\"Portada\",\"item\":\"https:\/\/coelectrix.com\/\"},{\"@type\":\"ListItem\",\"position\":2,\"name\":\"Loja\",\"item\":\"https:\/\/coelectrix.com\/pt-pt\/loja\"},{\"@type\":\"ListItem\",\"position\":3,\"name\":\"Volt\u00edmetro digital 12v. Montagem embutida (MINI)\"}]},{\"@type\":\"WebSite\",\"@id\":\"https:\/\/coelectrix.com\/pt-pt\/#website\",\"url\":\"https:\/\/coelectrix.com\/pt-pt\/\",\"name\":\"Coelectrix\",\"description\":\"Componentes el\u00e9ctricos\",\"publisher\":{\"@id\":\"https:\/\/coelectrix.com\/pt-pt\/#organization\"},\"potentialAction\":[{\"@type\":\"SearchAction\",\"target\":{\"@type\":\"EntryPoint\",\"urlTemplate\":\"https:\/\/coelectrix.com\/pt-pt\/?s={search_term_string}\"},\"query-input\":{\"@type\":\"PropertyValueSpecification\",\"valueRequired\":true,\"valueName\":\"search_term_string\"}}],\"inLanguage\":\"pt-PT\"},{\"@type\":\"Organization\",\"@id\":\"https:\/\/coelectrix.com\/pt-pt\/#organization\",\"name\":\"coelectrix.com\",\"url\":\"https:\/\/coelectrix.com\/pt-pt\/\",\"logo\":{\"@type\":\"ImageObject\",\"inLanguage\":\"pt-PT\",\"@id\":\"https:\/\/coelectrix.com\/pt-pt\/#\/schema\/logo\/image\/\",\"url\":\"https:\/\/coelectrix.com\/wp-content\/uploads\/2018\/05\/logo-coelectrix-400x400.jpg\",\"contentUrl\":\"https:\/\/coelectrix.com\/wp-content\/uploads\/2018\/05\/logo-coelectrix-400x400.jpg\",\"width\":300,\"height\":300,\"caption\":\"coelectrix.com\"},\"image\":{\"@id\":\"https:\/\/coelectrix.com\/pt-pt\/#\/schema\/logo\/image\/\"}}]}<\/script>\n<!-- \/ Yoast SEO plugin. -->","yoast_head_json":{"title":"\u25b7 Volt\u00edmetro digital 12v. Montagem embutida (MINI) | Coelectrix.com","description":"Volt\u00edmetro digital para 12v Controla a carga da bateria auxiliar de uma forma simples. Cor do ecr\u00e3: vermelho. | Loja online de volt\u00edmetros, cabos, conectores...etc.","robots":{"index":"index","follow":"follow","max-snippet":"max-snippet:-1","max-image-preview":"max-image-preview:large","max-video-preview":"max-video-preview:-1"},"canonical":"https:\/\/coelectrix.com\/pt-pt\/produto\/digital-voltimetro-12v-empotavel","og_locale":"pt_PT","og_type":"article","og_title":"\u25b7 Volt\u00edmetro digital 12v. Montagem embutida (MINI) | Coelectrix.com","og_description":"Volt\u00edmetro digital para 12v Controla a carga da bateria auxiliar de uma forma simples. Cor do ecr\u00e3: vermelho. | Loja online de volt\u00edmetros, cabos, conectores...etc.","og_url":"https:\/\/coelectrix.com\/pt-pt\/produto\/digital-voltimetro-12v-empotavel","og_site_name":"Coelectrix","article_modified_time":"2025-08-19T04:05:19+00:00","og_image":[{"width":300,"height":300,"url":"https:\/\/coelectrix.com\/wp-content\/uploads\/2018\/03\/VOLTIMETRO-12V..jpg","type":"image\/jpeg"}],"twitter_card":"summary_large_image","twitter_misc":{"Tempo estimado de leitura":"1 minuto"},"schema":{"@context":"https:\/\/schema.org","@graph":[{"@type":"WebPage","@id":"https:\/\/coelectrix.com\/pt-pt\/produto\/digital-voltimetro-12v-empotavel","url":"https:\/\/coelectrix.com\/pt-pt\/produto\/digital-voltimetro-12v-empotavel","name":"\u25b7 Volt\u00edmetro digital 12v. Montagem embutida (MINI) | Coelectrix.com","isPartOf":{"@id":"https:\/\/coelectrix.com\/pt-pt\/#website"},"primaryImageOfPage":{"@id":"https:\/\/coelectrix.com\/pt-pt\/produto\/digital-voltimetro-12v-empotavel#primaryimage"},"image":{"@id":"https:\/\/coelectrix.com\/pt-pt\/produto\/digital-voltimetro-12v-empotavel#primaryimage"},"thumbnailUrl":"https:\/\/coelectrix.com\/wp-content\/uploads\/2018\/03\/VOLTIMETRO-12V..jpg","datePublished":"2018-03-17T06:34:09+00:00","dateModified":"2025-08-19T04:05:19+00:00","description":"Volt\u00edmetro digital para 12v Controla a carga da bateria auxiliar de uma forma simples. Cor do ecr\u00e3: vermelho. | Loja online de volt\u00edmetros, cabos, conectores...etc.","breadcrumb":{"@id":"https:\/\/coelectrix.com\/pt-pt\/produto\/digital-voltimetro-12v-empotavel#breadcrumb"},"inLanguage":"pt-PT","potentialAction":[{"@type":"ReadAction","target":["https:\/\/coelectrix.com\/pt-pt\/produto\/digital-voltimetro-12v-empotavel"]}]},{"@type":"ImageObject","inLanguage":"pt-PT","@id":"https:\/\/coelectrix.com\/pt-pt\/produto\/digital-voltimetro-12v-empotavel#primaryimage","url":"https:\/\/coelectrix.com\/wp-content\/uploads\/2018\/03\/VOLTIMETRO-12V..jpg","contentUrl":"https:\/\/coelectrix.com\/wp-content\/uploads\/2018\/03\/VOLTIMETRO-12V..jpg","width":300,"height":300,"caption":"volt\u00edmetro digital 12v"},{"@type":"BreadcrumbList","@id":"https:\/\/coelectrix.com\/pt-pt\/produto\/digital-voltimetro-12v-empotavel#breadcrumb","itemListElement":[{"@type":"ListItem","position":1,"name":"Portada","item":"https:\/\/coelectrix.com\/"},{"@type":"ListItem","position":2,"name":"Loja","item":"https:\/\/coelectrix.com\/pt-pt\/loja"},{"@type":"ListItem","position":3,"name":"Volt\u00edmetro digital 12v. Montagem embutida (MINI)"}]},{"@type":"WebSite","@id":"https:\/\/coelectrix.com\/pt-pt\/#website","url":"https:\/\/coelectrix.com\/pt-pt\/","name":"Coelectrix","description":"Componentes el\u00e9ctricos","publisher":{"@id":"https:\/\/coelectrix.com\/pt-pt\/#organization"},"potentialAction":[{"@type":"SearchAction","target":{"@type":"EntryPoint","urlTemplate":"https:\/\/coelectrix.com\/pt-pt\/?s={search_term_string}"},"query-input":{"@type":"PropertyValueSpecification","valueRequired":true,"valueName":"search_term_string"}}],"inLanguage":"pt-PT"},{"@type":"Organization","@id":"https:\/\/coelectrix.com\/pt-pt\/#organization","name":"coelectrix.com","url":"https:\/\/coelectrix.com\/pt-pt\/","logo":{"@type":"ImageObject","inLanguage":"pt-PT","@id":"https:\/\/coelectrix.com\/pt-pt\/#\/schema\/logo\/image\/","url":"https:\/\/coelectrix.com\/wp-content\/uploads\/2018\/05\/logo-coelectrix-400x400.jpg","contentUrl":"https:\/\/coelectrix.com\/wp-content\/uploads\/2018\/05\/logo-coelectrix-400x400.jpg","width":300,"height":300,"caption":"coelectrix.com"},"image":{"@id":"https:\/\/coelectrix.com\/pt-pt\/#\/schema\/logo\/image\/"}}]}},"_links":{"self":[{"href":"https:\/\/coelectrix.com\/pt-pt\/wp-json\/wp\/v2\/product\/77000","targetHints":{"allow":["GET"]}}],"collection":[{"href":"https:\/\/coelectrix.com\/pt-pt\/wp-json\/wp\/v2\/product"}],"about":[{"href":"https:\/\/coelectrix.com\/pt-pt\/wp-json\/wp\/v2\/types\/product"}],"version-history":[{"count":1,"href":"https:\/\/coelectrix.com\/pt-pt\/wp-json\/wp\/v2\/product\/77000\/revisions"}],"predecessor-version":[{"id":77188,"href":"https:\/\/coelectrix.com\/pt-pt\/wp-json\/wp\/v2\/product\/77000\/revisions\/77188"}],"wp:featuredmedia":[{"embeddable":true,"href":"https:\/\/coelectrix.com\/pt-pt\/wp-json\/wp\/v2\/media\/72776"}],"wp:attachment":[{"href":"https:\/\/coelectrix.com\/pt-pt\/wp-json\/wp\/v2\/media?parent=77000"}],"wp:term":[{"taxonomy":"product_brand","embeddable":true,"href":"https:\/\/coelectrix.com\/pt-pt\/wp-json\/wp\/v2\/product_brand?post=77000"},{"taxonomy":"product_cat","embeddable":true,"href":"https:\/\/coelectrix.com\/pt-pt\/wp-json\/wp\/v2\/product_cat?post=77000"},{"taxonomy":"product_tag","embeddable":true,"href":"https:\/\/coelectrix.com\/pt-pt\/wp-json\/wp\/v2\/product_tag?post=77000"}],"curies":[{"name":"wp","href":"https:\/\/api.w.org\/{rel}","templated":true}]}}