{"id":77001,"date":"2018-03-17T07:20:26","date_gmt":"2018-03-17T06:20:26","guid":{"rendered":"https:\/\/coelectrix.com\/producto\/voltimetro-12-24v-usb-dual-qc-3-0-com-interrutor-e-tampa"},"modified":"2025-08-19T06:05:19","modified_gmt":"2025-08-19T04:05:19","slug":"voltimetro-12-24v-usb-dual-qc-3-0-com-interrutor-e-tampa","status":"publish","type":"product","link":"https:\/\/coelectrix.com\/pt-pt\/produto\/voltimetro-12v-empotavel-com-usb","title":{"rendered":"Volt\u00edmetro 12\/24v. USB Dual Qc 3.0 com interrutor e tampa"},"content":{"rendered":"<h2><strong>Volt\u00edmetro de montagem embutida de 12v. 12v. com USB Qc 3.0<\/strong><\/h2>\n<div>Tomada de carregador USB 3.0 multifuncional de carregamento r\u00e1pido com interrutor\/volt\u00edmetro LED digital.<\/div>\n<div><span data-spm-anchor-id=\"a2g0o.detail.1000023.i2.6d14780a79CAwN\">Inclui duas portas de carregamento USB QC3.0 que lhe permitem carregar dois dispositivos r\u00e1pida e simultaneamente.<\/span><\/div>\n<div data-spm-anchor-id=\"a2g0o.detail.1000023.i0.6d14780a79CAwN\">Universalmente adequado para a maioria dos autom\u00f3veis-24V DC 12V, barcos, navios, motociclos, cami\u00f5es, ATV, RV, etc.<\/div>\n<div>Fornece uma corrente est\u00e1vel sem oscila\u00e7\u00f5es. Adequado para carregar telem\u00f3veis, tablets, GPS, c\u00e2maras digitais, PDAs e outros acess\u00f3rios USB.<\/div>\n<div>Pode ser instalado em qualquer posi\u00e7\u00e3o: verticalmente, horizontalmente ou sob o painel de instrumentos, ou em qualquer superf\u00edcie plana desejada, etc.<\/div>\n<div>Especifica\u00e7\u00f5es do produto:<\/div>\n<div>Entrada de alimenta\u00e7\u00e3o: DC 9V-32V<\/div>\n<div>Corrente de entrada: \u2264 10A<\/div>\n<div>Tens\u00e3o de sa\u00edda: \u2264 12V<\/div>\n<div>Corrente de sa\u00edda: \u2264 6A<\/div>\n<div>Pot\u00eancia m\u00e1xima: 36W<\/div>\n<div><span data-spm-anchor-id=\"a2g0o.detail.1000023.i1.6d14780a79CAwN\">Sa\u00edda de cada porta USB: DC 3.6V-6.5V \/ 3A, 6.5V-9V \/ 2A, 9V-12V \/ 1.5A.<\/span><\/div>\n","protected":false},"excerpt":{"rendered":"<h2><strong><span style=\"font-family: helvetica,arial,sans-serif;\">Volt\u00edmetro 12\/24v. com 2 USB Fast Charge QC 3.0 e interrutor <\/span><\/strong><\/h2>\n<p><span style=\"font-family: helvetica,arial,sans-serif;\">Volt\u00edmetro incorporado para 12\/24v. com 2 tomadas USB de carregamento r\u00e1pido QC3.0<\/span><br \/>\n<span style=\"font-family: helvetica,arial,sans-serif;\">Medidor do estado da bateria com LED azul ideal para visualizar o estado das baterias auxiliares.<\/span><br \/>\n<span style=\"font-family: helvetica,arial,sans-serif;\">Incorpora tamb\u00e9m duas potentes tomadas USB QC 3.0 de alta velocidade e um interrutor para ligar\/desligar.<\/span><\/p>\n<p>Dimens\u00f5es:<br \/>\nDi\u00e2metro exterior: 3,6 cm<br \/>\nComprimento: 4cm<br \/>\nDi\u00e2metro interior: 2,6 cm<\/p>\n<p><img decoding=\"async\" class=\"alignnone size-full wp-image-715\" src=\"https:\/\/coelectrix.com\/wp-content\/uploads\/2016\/09\/payment-logo-1.png\" alt=\"\" width=\"245\" height=\"62\" srcset=\"https:\/\/coelectrix.com\/wp-content\/uploads\/2016\/09\/payment-logo-1.png 245w, https:\/\/coelectrix.com\/wp-content\/uploads\/2016\/09\/payment-logo-1-64x16.png 64w\" sizes=\"(max-width: 245px) 100vw, 245px\" \/><\/p>\n","protected":false},"featured_media":73760,"template":"","meta":{"_acf_changed":false},"product_brand":[],"product_cat":[1351,1352],"product_tag":[],"class_list":{"0":"post-77001","1":"product","2":"type-product","3":"status-publish","4":"has-post-thumbnail","6":"product_cat-tomadas-de-12v-e-usb","7":"product_cat-voltimetros-pt","9":"first","10":"instock","11":"taxable","12":"shipping-taxable","13":"purchasable","14":"product-type-simple"},"acf":[],"yoast_head":"<!-- This site is optimized with the Yoast SEO plugin v27.2 - https:\/\/yoast.com\/product\/yoast-seo-wordpress\/ -->\n<title>\u25b7 Volt\u00edmetro 12\/24v. USB Dual Qc 3.0 com interrutor e tampa | Coelectrix.com<\/title>\n<meta name=\"description\" content=\"Volt\u00edmetro 12\/24v. com duplo carregamento r\u00e1pido USB Qc 3.0 e interrutor on\/off.\" \/>\n<meta name=\"robots\" content=\"index, follow, max-snippet:-1, max-image-preview:large, max-video-preview:-1\" \/>\n<link rel=\"canonical\" href=\"https:\/\/coelectrix.com\/pt-pt\/produto\/voltimetro-12v-empotavel-com-usb\" \/>\n<meta property=\"og:locale\" content=\"pt_PT\" \/>\n<meta property=\"og:type\" content=\"article\" \/>\n<meta property=\"og:title\" content=\"\u25b7 Volt\u00edmetro 12\/24v. USB Dual Qc 3.0 com interrutor e tampa | Coelectrix.com\" \/>\n<meta property=\"og:description\" content=\"Volt\u00edmetro 12\/24v. com duplo carregamento r\u00e1pido USB Qc 3.0 e interrutor on\/off.\" \/>\n<meta property=\"og:url\" content=\"https:\/\/coelectrix.com\/pt-pt\/produto\/voltimetro-12v-empotavel-com-usb\" \/>\n<meta property=\"og:site_name\" content=\"Coelectrix\" \/>\n<meta property=\"article:modified_time\" content=\"2025-08-19T04:05:19+00:00\" \/>\n<meta property=\"og:image\" content=\"https:\/\/coelectrix.com\/wp-content\/uploads\/2018\/03\/24V.jpg\" \/>\n\t<meta property=\"og:image:width\" content=\"600\" \/>\n\t<meta property=\"og:image:height\" content=\"600\" \/>\n\t<meta property=\"og:image:type\" content=\"image\/jpeg\" \/>\n<meta name=\"twitter:card\" content=\"summary_large_image\" \/>\n<meta name=\"twitter:label1\" content=\"Tempo estimado de leitura\" \/>\n\t<meta name=\"twitter:data1\" content=\"1 minuto\" \/>\n<script type=\"application\/ld+json\" class=\"yoast-schema-graph\">{\"@context\":\"https:\/\/schema.org\",\"@graph\":[{\"@type\":\"WebPage\",\"@id\":\"https:\/\/coelectrix.com\/pt-pt\/produto\/voltimetro-12v-empotavel-com-usb\",\"url\":\"https:\/\/coelectrix.com\/pt-pt\/produto\/voltimetro-12v-empotavel-com-usb\",\"name\":\"\u25b7 Volt\u00edmetro 12\/24v. USB Dual Qc 3.0 com interrutor e tampa | Coelectrix.com\",\"isPartOf\":{\"@id\":\"https:\/\/coelectrix.com\/pt-pt\/#website\"},\"primaryImageOfPage\":{\"@id\":\"https:\/\/coelectrix.com\/pt-pt\/produto\/voltimetro-12v-empotavel-com-usb#primaryimage\"},\"image\":{\"@id\":\"https:\/\/coelectrix.com\/pt-pt\/produto\/voltimetro-12v-empotavel-com-usb#primaryimage\"},\"thumbnailUrl\":\"https:\/\/coelectrix.com\/wp-content\/uploads\/2018\/03\/24V.jpg\",\"datePublished\":\"2018-03-17T06:20:26+00:00\",\"dateModified\":\"2025-08-19T04:05:19+00:00\",\"description\":\"Volt\u00edmetro 12\/24v. com duplo carregamento r\u00e1pido USB Qc 3.0 e interrutor on\/off.\",\"breadcrumb\":{\"@id\":\"https:\/\/coelectrix.com\/pt-pt\/produto\/voltimetro-12v-empotavel-com-usb#breadcrumb\"},\"inLanguage\":\"pt-PT\",\"potentialAction\":[{\"@type\":\"ReadAction\",\"target\":[\"https:\/\/coelectrix.com\/pt-pt\/produto\/voltimetro-12v-empotavel-com-usb\"]}]},{\"@type\":\"ImageObject\",\"inLanguage\":\"pt-PT\",\"@id\":\"https:\/\/coelectrix.com\/pt-pt\/produto\/voltimetro-12v-empotavel-com-usb#primaryimage\",\"url\":\"https:\/\/coelectrix.com\/wp-content\/uploads\/2018\/03\/24V.jpg\",\"contentUrl\":\"https:\/\/coelectrix.com\/wp-content\/uploads\/2018\/03\/24V.jpg\",\"width\":600,\"height\":600,\"caption\":\"volt\u00edmetro com usb qc 3.0\"},{\"@type\":\"BreadcrumbList\",\"@id\":\"https:\/\/coelectrix.com\/pt-pt\/produto\/voltimetro-12v-empotavel-com-usb#breadcrumb\",\"itemListElement\":[{\"@type\":\"ListItem\",\"position\":1,\"name\":\"Portada\",\"item\":\"https:\/\/coelectrix.com\/\"},{\"@type\":\"ListItem\",\"position\":2,\"name\":\"Loja\",\"item\":\"https:\/\/coelectrix.com\/pt-pt\/loja\"},{\"@type\":\"ListItem\",\"position\":3,\"name\":\"Volt\u00edmetro 12\/24v. USB Dual Qc 3.0 com interrutor e tampa\"}]},{\"@type\":\"WebSite\",\"@id\":\"https:\/\/coelectrix.com\/pt-pt\/#website\",\"url\":\"https:\/\/coelectrix.com\/pt-pt\/\",\"name\":\"Coelectrix\",\"description\":\"Componentes el\u00e9ctricos\",\"publisher\":{\"@id\":\"https:\/\/coelectrix.com\/pt-pt\/#organization\"},\"potentialAction\":[{\"@type\":\"SearchAction\",\"target\":{\"@type\":\"EntryPoint\",\"urlTemplate\":\"https:\/\/coelectrix.com\/pt-pt\/?s={search_term_string}\"},\"query-input\":{\"@type\":\"PropertyValueSpecification\",\"valueRequired\":true,\"valueName\":\"search_term_string\"}}],\"inLanguage\":\"pt-PT\"},{\"@type\":\"Organization\",\"@id\":\"https:\/\/coelectrix.com\/pt-pt\/#organization\",\"name\":\"coelectrix.com\",\"url\":\"https:\/\/coelectrix.com\/pt-pt\/\",\"logo\":{\"@type\":\"ImageObject\",\"inLanguage\":\"pt-PT\",\"@id\":\"https:\/\/coelectrix.com\/pt-pt\/#\/schema\/logo\/image\/\",\"url\":\"https:\/\/coelectrix.com\/wp-content\/uploads\/2018\/05\/logo-coelectrix-400x400.jpg\",\"contentUrl\":\"https:\/\/coelectrix.com\/wp-content\/uploads\/2018\/05\/logo-coelectrix-400x400.jpg\",\"width\":300,\"height\":300,\"caption\":\"coelectrix.com\"},\"image\":{\"@id\":\"https:\/\/coelectrix.com\/pt-pt\/#\/schema\/logo\/image\/\"}}]}<\/script>\n<!-- \/ Yoast SEO plugin. -->","yoast_head_json":{"title":"\u25b7 Volt\u00edmetro 12\/24v. USB Dual Qc 3.0 com interrutor e tampa | Coelectrix.com","description":"Volt\u00edmetro 12\/24v. com duplo carregamento r\u00e1pido USB Qc 3.0 e interrutor on\/off.","robots":{"index":"index","follow":"follow","max-snippet":"max-snippet:-1","max-image-preview":"max-image-preview:large","max-video-preview":"max-video-preview:-1"},"canonical":"https:\/\/coelectrix.com\/pt-pt\/produto\/voltimetro-12v-empotavel-com-usb","og_locale":"pt_PT","og_type":"article","og_title":"\u25b7 Volt\u00edmetro 12\/24v. USB Dual Qc 3.0 com interrutor e tampa | Coelectrix.com","og_description":"Volt\u00edmetro 12\/24v. com duplo carregamento r\u00e1pido USB Qc 3.0 e interrutor on\/off.","og_url":"https:\/\/coelectrix.com\/pt-pt\/produto\/voltimetro-12v-empotavel-com-usb","og_site_name":"Coelectrix","article_modified_time":"2025-08-19T04:05:19+00:00","og_image":[{"width":600,"height":600,"url":"https:\/\/coelectrix.com\/wp-content\/uploads\/2018\/03\/24V.jpg","type":"image\/jpeg"}],"twitter_card":"summary_large_image","twitter_misc":{"Tempo estimado de leitura":"1 minuto"},"schema":{"@context":"https:\/\/schema.org","@graph":[{"@type":"WebPage","@id":"https:\/\/coelectrix.com\/pt-pt\/produto\/voltimetro-12v-empotavel-com-usb","url":"https:\/\/coelectrix.com\/pt-pt\/produto\/voltimetro-12v-empotavel-com-usb","name":"\u25b7 Volt\u00edmetro 12\/24v. USB Dual Qc 3.0 com interrutor e tampa | Coelectrix.com","isPartOf":{"@id":"https:\/\/coelectrix.com\/pt-pt\/#website"},"primaryImageOfPage":{"@id":"https:\/\/coelectrix.com\/pt-pt\/produto\/voltimetro-12v-empotavel-com-usb#primaryimage"},"image":{"@id":"https:\/\/coelectrix.com\/pt-pt\/produto\/voltimetro-12v-empotavel-com-usb#primaryimage"},"thumbnailUrl":"https:\/\/coelectrix.com\/wp-content\/uploads\/2018\/03\/24V.jpg","datePublished":"2018-03-17T06:20:26+00:00","dateModified":"2025-08-19T04:05:19+00:00","description":"Volt\u00edmetro 12\/24v. com duplo carregamento r\u00e1pido USB Qc 3.0 e interrutor on\/off.","breadcrumb":{"@id":"https:\/\/coelectrix.com\/pt-pt\/produto\/voltimetro-12v-empotavel-com-usb#breadcrumb"},"inLanguage":"pt-PT","potentialAction":[{"@type":"ReadAction","target":["https:\/\/coelectrix.com\/pt-pt\/produto\/voltimetro-12v-empotavel-com-usb"]}]},{"@type":"ImageObject","inLanguage":"pt-PT","@id":"https:\/\/coelectrix.com\/pt-pt\/produto\/voltimetro-12v-empotavel-com-usb#primaryimage","url":"https:\/\/coelectrix.com\/wp-content\/uploads\/2018\/03\/24V.jpg","contentUrl":"https:\/\/coelectrix.com\/wp-content\/uploads\/2018\/03\/24V.jpg","width":600,"height":600,"caption":"volt\u00edmetro com usb qc 3.0"},{"@type":"BreadcrumbList","@id":"https:\/\/coelectrix.com\/pt-pt\/produto\/voltimetro-12v-empotavel-com-usb#breadcrumb","itemListElement":[{"@type":"ListItem","position":1,"name":"Portada","item":"https:\/\/coelectrix.com\/"},{"@type":"ListItem","position":2,"name":"Loja","item":"https:\/\/coelectrix.com\/pt-pt\/loja"},{"@type":"ListItem","position":3,"name":"Volt\u00edmetro 12\/24v. USB Dual Qc 3.0 com interrutor e tampa"}]},{"@type":"WebSite","@id":"https:\/\/coelectrix.com\/pt-pt\/#website","url":"https:\/\/coelectrix.com\/pt-pt\/","name":"Coelectrix","description":"Componentes el\u00e9ctricos","publisher":{"@id":"https:\/\/coelectrix.com\/pt-pt\/#organization"},"potentialAction":[{"@type":"SearchAction","target":{"@type":"EntryPoint","urlTemplate":"https:\/\/coelectrix.com\/pt-pt\/?s={search_term_string}"},"query-input":{"@type":"PropertyValueSpecification","valueRequired":true,"valueName":"search_term_string"}}],"inLanguage":"pt-PT"},{"@type":"Organization","@id":"https:\/\/coelectrix.com\/pt-pt\/#organization","name":"coelectrix.com","url":"https:\/\/coelectrix.com\/pt-pt\/","logo":{"@type":"ImageObject","inLanguage":"pt-PT","@id":"https:\/\/coelectrix.com\/pt-pt\/#\/schema\/logo\/image\/","url":"https:\/\/coelectrix.com\/wp-content\/uploads\/2018\/05\/logo-coelectrix-400x400.jpg","contentUrl":"https:\/\/coelectrix.com\/wp-content\/uploads\/2018\/05\/logo-coelectrix-400x400.jpg","width":300,"height":300,"caption":"coelectrix.com"},"image":{"@id":"https:\/\/coelectrix.com\/pt-pt\/#\/schema\/logo\/image\/"}}]}},"_links":{"self":[{"href":"https:\/\/coelectrix.com\/pt-pt\/wp-json\/wp\/v2\/product\/77001","targetHints":{"allow":["GET"]}}],"collection":[{"href":"https:\/\/coelectrix.com\/pt-pt\/wp-json\/wp\/v2\/product"}],"about":[{"href":"https:\/\/coelectrix.com\/pt-pt\/wp-json\/wp\/v2\/types\/product"}],"version-history":[{"count":1,"href":"https:\/\/coelectrix.com\/pt-pt\/wp-json\/wp\/v2\/product\/77001\/revisions"}],"predecessor-version":[{"id":77189,"href":"https:\/\/coelectrix.com\/pt-pt\/wp-json\/wp\/v2\/product\/77001\/revisions\/77189"}],"wp:featuredmedia":[{"embeddable":true,"href":"https:\/\/coelectrix.com\/pt-pt\/wp-json\/wp\/v2\/media\/73760"}],"wp:attachment":[{"href":"https:\/\/coelectrix.com\/pt-pt\/wp-json\/wp\/v2\/media?parent=77001"}],"wp:term":[{"taxonomy":"product_brand","embeddable":true,"href":"https:\/\/coelectrix.com\/pt-pt\/wp-json\/wp\/v2\/product_brand?post=77001"},{"taxonomy":"product_cat","embeddable":true,"href":"https:\/\/coelectrix.com\/pt-pt\/wp-json\/wp\/v2\/product_cat?post=77001"},{"taxonomy":"product_tag","embeddable":true,"href":"https:\/\/coelectrix.com\/pt-pt\/wp-json\/wp\/v2\/product_tag?post=77001"}],"curies":[{"name":"wp","href":"https:\/\/api.w.org\/{rel}","templated":true}]}}