{"id":77003,"date":"2018-03-17T06:40:25","date_gmt":"2018-03-17T05:40:25","guid":{"rendered":"https:\/\/coelectrix.com\/producto\/tomada-12v-metalica-20a"},"modified":"2025-08-19T06:05:20","modified_gmt":"2025-08-19T04:05:20","slug":"tomada-12v-metalica-20a","status":"publish","type":"product","link":"https:\/\/coelectrix.com\/pt-pt\/produto\/saida-12v-metalic-30a","title":{"rendered":"Tomada 12v. Met\u00e1lica 20A"},"content":{"rendered":"<p>Tomada met\u00e1lica de encastrar 12.<\/p>\n","protected":false},"excerpt":{"rendered":"<h3>Tomada 12v. F\u00eamea Met\u00e1lica<\/h3>\n<p><span style=\"font-family: helvetica,arial,sans-serif;\">Tomada de isqueiro com porca sem luz, para instala\u00e7\u00e3o e utiliza\u00e7\u00e3o no interior do ve\u00edculo, <\/span><br \/>\n<span style=\"font-family: helvetica,arial,sans-serif;\">20 Amp max. em sistemas el\u00e9ctricos de 12\/24 volts.<\/span><br \/>\n<span style=\"font-family: helvetica,arial,sans-serif;\">Produto de fabrico alem\u00e3o.<\/span><\/p>\n<p><img decoding=\"async\" class=\"alignnone size-full wp-image-715\" src=\"https:\/\/coelectrix.com\/wp-content\/uploads\/2016\/09\/payment-logo-1.png\" alt=\"\" width=\"245\" height=\"62\" srcset=\"https:\/\/coelectrix.com\/wp-content\/uploads\/2016\/09\/payment-logo-1.png 245w, https:\/\/coelectrix.com\/wp-content\/uploads\/2016\/09\/payment-logo-1-64x16.png 64w\" sizes=\"(max-width: 245px) 100vw, 245px\" \/><\/p>\n","protected":false},"featured_media":72772,"template":"","meta":{"_acf_changed":false},"product_brand":[],"product_cat":[1351,1352],"product_tag":[],"class_list":{"0":"post-77003","1":"product","2":"type-product","3":"status-publish","4":"has-post-thumbnail","6":"product_cat-tomadas-de-12v-e-usb","7":"product_cat-voltimetros-pt","9":"first","10":"instock","11":"taxable","12":"shipping-taxable","13":"purchasable","14":"product-type-simple"},"acf":[],"yoast_head":"<!-- This site is optimized with the Yoast SEO plugin v27.2 - https:\/\/yoast.com\/product\/yoast-seo-wordpress\/ -->\n<title>\u25b7 Tomada 12v. Met\u00e1lica 20A | Coelectrix.com<\/title>\n<meta name=\"description\" content=\"Tomada 12v. f\u00eamea para ve\u00edculos | Loja online de tomadas 12v., conectores, cabos, terminais, baterias...etc | Coelectrix.com\" \/>\n<meta name=\"robots\" content=\"index, follow, max-snippet:-1, max-image-preview:large, max-video-preview:-1\" \/>\n<link rel=\"canonical\" href=\"https:\/\/coelectrix.com\/pt-pt\/produto\/saida-12v-metalic-30a\" \/>\n<meta property=\"og:locale\" content=\"pt_PT\" \/>\n<meta property=\"og:type\" content=\"article\" \/>\n<meta property=\"og:title\" content=\"\u25b7 Tomada 12v. Met\u00e1lica 20A | Coelectrix.com\" \/>\n<meta property=\"og:description\" content=\"Tomada 12v. f\u00eamea para ve\u00edculos | Loja online de tomadas 12v., conectores, cabos, terminais, baterias...etc | Coelectrix.com\" \/>\n<meta property=\"og:url\" content=\"https:\/\/coelectrix.com\/pt-pt\/produto\/saida-12v-metalic-30a\" \/>\n<meta property=\"og:site_name\" content=\"Coelectrix\" \/>\n<meta property=\"article:modified_time\" content=\"2025-08-19T04:05:20+00:00\" \/>\n<meta property=\"og:image\" content=\"https:\/\/coelectrix.com\/wp-content\/uploads\/2018\/03\/toma-12v.jpg\" \/>\n\t<meta property=\"og:image:width\" content=\"250\" \/>\n\t<meta property=\"og:image:height\" content=\"250\" \/>\n\t<meta property=\"og:image:type\" content=\"image\/jpeg\" \/>\n<meta name=\"twitter:card\" content=\"summary_large_image\" \/>\n<script type=\"application\/ld+json\" class=\"yoast-schema-graph\">{\"@context\":\"https:\/\/schema.org\",\"@graph\":[{\"@type\":\"WebPage\",\"@id\":\"https:\/\/coelectrix.com\/pt-pt\/produto\/saida-12v-metalic-30a\",\"url\":\"https:\/\/coelectrix.com\/pt-pt\/produto\/saida-12v-metalic-30a\",\"name\":\"\u25b7 Tomada 12v. Met\u00e1lica 20A | Coelectrix.com\",\"isPartOf\":{\"@id\":\"https:\/\/coelectrix.com\/pt-pt\/#website\"},\"primaryImageOfPage\":{\"@id\":\"https:\/\/coelectrix.com\/pt-pt\/produto\/saida-12v-metalic-30a#primaryimage\"},\"image\":{\"@id\":\"https:\/\/coelectrix.com\/pt-pt\/produto\/saida-12v-metalic-30a#primaryimage\"},\"thumbnailUrl\":\"https:\/\/coelectrix.com\/wp-content\/uploads\/2018\/03\/toma-12v.jpg\",\"datePublished\":\"2018-03-17T05:40:25+00:00\",\"dateModified\":\"2025-08-19T04:05:20+00:00\",\"description\":\"Tomada 12v. f\u00eamea para ve\u00edculos | Loja online de tomadas 12v., conectores, cabos, terminais, baterias...etc | Coelectrix.com\",\"breadcrumb\":{\"@id\":\"https:\/\/coelectrix.com\/pt-pt\/produto\/saida-12v-metalic-30a#breadcrumb\"},\"inLanguage\":\"pt-PT\",\"potentialAction\":[{\"@type\":\"ReadAction\",\"target\":[\"https:\/\/coelectrix.com\/pt-pt\/produto\/saida-12v-metalic-30a\"]}]},{\"@type\":\"ImageObject\",\"inLanguage\":\"pt-PT\",\"@id\":\"https:\/\/coelectrix.com\/pt-pt\/produto\/saida-12v-metalic-30a#primaryimage\",\"url\":\"https:\/\/coelectrix.com\/wp-content\/uploads\/2018\/03\/toma-12v.jpg\",\"contentUrl\":\"https:\/\/coelectrix.com\/wp-content\/uploads\/2018\/03\/toma-12v.jpg\",\"width\":250,\"height\":250},{\"@type\":\"BreadcrumbList\",\"@id\":\"https:\/\/coelectrix.com\/pt-pt\/produto\/saida-12v-metalic-30a#breadcrumb\",\"itemListElement\":[{\"@type\":\"ListItem\",\"position\":1,\"name\":\"Portada\",\"item\":\"https:\/\/coelectrix.com\/\"},{\"@type\":\"ListItem\",\"position\":2,\"name\":\"Loja\",\"item\":\"https:\/\/coelectrix.com\/pt-pt\/loja\"},{\"@type\":\"ListItem\",\"position\":3,\"name\":\"Tomada 12v. Met\u00e1lica 20A\"}]},{\"@type\":\"WebSite\",\"@id\":\"https:\/\/coelectrix.com\/pt-pt\/#website\",\"url\":\"https:\/\/coelectrix.com\/pt-pt\/\",\"name\":\"Coelectrix\",\"description\":\"Componentes el\u00e9ctricos\",\"publisher\":{\"@id\":\"https:\/\/coelectrix.com\/pt-pt\/#organization\"},\"potentialAction\":[{\"@type\":\"SearchAction\",\"target\":{\"@type\":\"EntryPoint\",\"urlTemplate\":\"https:\/\/coelectrix.com\/pt-pt\/?s={search_term_string}\"},\"query-input\":{\"@type\":\"PropertyValueSpecification\",\"valueRequired\":true,\"valueName\":\"search_term_string\"}}],\"inLanguage\":\"pt-PT\"},{\"@type\":\"Organization\",\"@id\":\"https:\/\/coelectrix.com\/pt-pt\/#organization\",\"name\":\"coelectrix.com\",\"url\":\"https:\/\/coelectrix.com\/pt-pt\/\",\"logo\":{\"@type\":\"ImageObject\",\"inLanguage\":\"pt-PT\",\"@id\":\"https:\/\/coelectrix.com\/pt-pt\/#\/schema\/logo\/image\/\",\"url\":\"https:\/\/coelectrix.com\/wp-content\/uploads\/2018\/05\/logo-coelectrix-400x400.jpg\",\"contentUrl\":\"https:\/\/coelectrix.com\/wp-content\/uploads\/2018\/05\/logo-coelectrix-400x400.jpg\",\"width\":300,\"height\":300,\"caption\":\"coelectrix.com\"},\"image\":{\"@id\":\"https:\/\/coelectrix.com\/pt-pt\/#\/schema\/logo\/image\/\"}}]}<\/script>\n<!-- \/ Yoast SEO plugin. -->","yoast_head_json":{"title":"\u25b7 Tomada 12v. Met\u00e1lica 20A | Coelectrix.com","description":"Tomada 12v. f\u00eamea para ve\u00edculos | Loja online de tomadas 12v., conectores, cabos, terminais, baterias...etc | Coelectrix.com","robots":{"index":"index","follow":"follow","max-snippet":"max-snippet:-1","max-image-preview":"max-image-preview:large","max-video-preview":"max-video-preview:-1"},"canonical":"https:\/\/coelectrix.com\/pt-pt\/produto\/saida-12v-metalic-30a","og_locale":"pt_PT","og_type":"article","og_title":"\u25b7 Tomada 12v. Met\u00e1lica 20A | Coelectrix.com","og_description":"Tomada 12v. f\u00eamea para ve\u00edculos | Loja online de tomadas 12v., conectores, cabos, terminais, baterias...etc | Coelectrix.com","og_url":"https:\/\/coelectrix.com\/pt-pt\/produto\/saida-12v-metalic-30a","og_site_name":"Coelectrix","article_modified_time":"2025-08-19T04:05:20+00:00","og_image":[{"width":250,"height":250,"url":"https:\/\/coelectrix.com\/wp-content\/uploads\/2018\/03\/toma-12v.jpg","type":"image\/jpeg"}],"twitter_card":"summary_large_image","schema":{"@context":"https:\/\/schema.org","@graph":[{"@type":"WebPage","@id":"https:\/\/coelectrix.com\/pt-pt\/produto\/saida-12v-metalic-30a","url":"https:\/\/coelectrix.com\/pt-pt\/produto\/saida-12v-metalic-30a","name":"\u25b7 Tomada 12v. Met\u00e1lica 20A | Coelectrix.com","isPartOf":{"@id":"https:\/\/coelectrix.com\/pt-pt\/#website"},"primaryImageOfPage":{"@id":"https:\/\/coelectrix.com\/pt-pt\/produto\/saida-12v-metalic-30a#primaryimage"},"image":{"@id":"https:\/\/coelectrix.com\/pt-pt\/produto\/saida-12v-metalic-30a#primaryimage"},"thumbnailUrl":"https:\/\/coelectrix.com\/wp-content\/uploads\/2018\/03\/toma-12v.jpg","datePublished":"2018-03-17T05:40:25+00:00","dateModified":"2025-08-19T04:05:20+00:00","description":"Tomada 12v. f\u00eamea para ve\u00edculos | Loja online de tomadas 12v., conectores, cabos, terminais, baterias...etc | Coelectrix.com","breadcrumb":{"@id":"https:\/\/coelectrix.com\/pt-pt\/produto\/saida-12v-metalic-30a#breadcrumb"},"inLanguage":"pt-PT","potentialAction":[{"@type":"ReadAction","target":["https:\/\/coelectrix.com\/pt-pt\/produto\/saida-12v-metalic-30a"]}]},{"@type":"ImageObject","inLanguage":"pt-PT","@id":"https:\/\/coelectrix.com\/pt-pt\/produto\/saida-12v-metalic-30a#primaryimage","url":"https:\/\/coelectrix.com\/wp-content\/uploads\/2018\/03\/toma-12v.jpg","contentUrl":"https:\/\/coelectrix.com\/wp-content\/uploads\/2018\/03\/toma-12v.jpg","width":250,"height":250},{"@type":"BreadcrumbList","@id":"https:\/\/coelectrix.com\/pt-pt\/produto\/saida-12v-metalic-30a#breadcrumb","itemListElement":[{"@type":"ListItem","position":1,"name":"Portada","item":"https:\/\/coelectrix.com\/"},{"@type":"ListItem","position":2,"name":"Loja","item":"https:\/\/coelectrix.com\/pt-pt\/loja"},{"@type":"ListItem","position":3,"name":"Tomada 12v. Met\u00e1lica 20A"}]},{"@type":"WebSite","@id":"https:\/\/coelectrix.com\/pt-pt\/#website","url":"https:\/\/coelectrix.com\/pt-pt\/","name":"Coelectrix","description":"Componentes el\u00e9ctricos","publisher":{"@id":"https:\/\/coelectrix.com\/pt-pt\/#organization"},"potentialAction":[{"@type":"SearchAction","target":{"@type":"EntryPoint","urlTemplate":"https:\/\/coelectrix.com\/pt-pt\/?s={search_term_string}"},"query-input":{"@type":"PropertyValueSpecification","valueRequired":true,"valueName":"search_term_string"}}],"inLanguage":"pt-PT"},{"@type":"Organization","@id":"https:\/\/coelectrix.com\/pt-pt\/#organization","name":"coelectrix.com","url":"https:\/\/coelectrix.com\/pt-pt\/","logo":{"@type":"ImageObject","inLanguage":"pt-PT","@id":"https:\/\/coelectrix.com\/pt-pt\/#\/schema\/logo\/image\/","url":"https:\/\/coelectrix.com\/wp-content\/uploads\/2018\/05\/logo-coelectrix-400x400.jpg","contentUrl":"https:\/\/coelectrix.com\/wp-content\/uploads\/2018\/05\/logo-coelectrix-400x400.jpg","width":300,"height":300,"caption":"coelectrix.com"},"image":{"@id":"https:\/\/coelectrix.com\/pt-pt\/#\/schema\/logo\/image\/"}}]}},"_links":{"self":[{"href":"https:\/\/coelectrix.com\/pt-pt\/wp-json\/wp\/v2\/product\/77003","targetHints":{"allow":["GET"]}}],"collection":[{"href":"https:\/\/coelectrix.com\/pt-pt\/wp-json\/wp\/v2\/product"}],"about":[{"href":"https:\/\/coelectrix.com\/pt-pt\/wp-json\/wp\/v2\/types\/product"}],"version-history":[{"count":1,"href":"https:\/\/coelectrix.com\/pt-pt\/wp-json\/wp\/v2\/product\/77003\/revisions"}],"predecessor-version":[{"id":77191,"href":"https:\/\/coelectrix.com\/pt-pt\/wp-json\/wp\/v2\/product\/77003\/revisions\/77191"}],"wp:featuredmedia":[{"embeddable":true,"href":"https:\/\/coelectrix.com\/pt-pt\/wp-json\/wp\/v2\/media\/72772"}],"wp:attachment":[{"href":"https:\/\/coelectrix.com\/pt-pt\/wp-json\/wp\/v2\/media?parent=77003"}],"wp:term":[{"taxonomy":"product_brand","embeddable":true,"href":"https:\/\/coelectrix.com\/pt-pt\/wp-json\/wp\/v2\/product_brand?post=77003"},{"taxonomy":"product_cat","embeddable":true,"href":"https:\/\/coelectrix.com\/pt-pt\/wp-json\/wp\/v2\/product_cat?post=77003"},{"taxonomy":"product_tag","embeddable":true,"href":"https:\/\/coelectrix.com\/pt-pt\/wp-json\/wp\/v2\/product_tag?post=77003"}],"curies":[{"name":"wp","href":"https:\/\/api.w.org\/{rel}","templated":true}]}}