{"id":77005,"date":"2025-06-11T09:05:02","date_gmt":"2025-06-11T07:05:02","guid":{"rendered":"https:\/\/coelectrix.com\/producto\/sensor-bluetooth-4-em-1-ruuvitag-pro"},"modified":"2025-08-19T05:57:04","modified_gmt":"2025-08-19T03:57:04","slug":"sensor-bluetooth-4-em-1-ruuvitag-pro","status":"publish","type":"product","link":"https:\/\/coelectrix.com\/pt-pt\/produto\/sensor-bluetooth-ruuvitag-pro-4-en-1","title":{"rendered":"Sensor Bluetooth 4 em 1 RuuviTag Pro"},"content":{"rendered":"<h2><strong>Sensor Bluetooth 4 em 1 RuuviTag Pro<\/strong><\/h2>\n<p>O RuuviTag Pro monitoriza as condi\u00e7\u00f5es ambientais e envia os dados diretamente para o seu dispositivo m\u00f3vel. A aplica\u00e7\u00e3o m\u00f3vel Ruuvi Station permite-lhe visualizar medi\u00e7\u00f5es precisas em tempo real e gr\u00e1ficos hist\u00f3ricos. A aplica\u00e7\u00e3o tamb\u00e9m oferece alertas personaliz\u00e1veis para o notificar de condi\u00e7\u00f5es cr\u00edticas, tais como um congelador a derreter, temperaturas excessivamente elevadas no quarto que podem perturbar o sono, ou n\u00edveis de humidade elevados na cave.<\/p>\n<h2><strong>RuuviTag Pro ou RuuviTag?<\/strong><\/h2>\n<p>O RuuviTag Pro \u00e9 uma vers\u00e3o mais robusta do RuuviTag. Ambos partilham o mesmo design de placa de circuito e princ\u00edpio de funcionamento. O RuuviTag Pro possui um sensor de temperatura mais preciso, uma caixa mais robusta, op\u00e7\u00f5es de montagem melhoradas e uma bateria com uma gama de temperaturas de funcionamento mais alargada. Se n\u00e3o tem a certeza de que o RuuviTag b\u00e1sico satisfaz as suas necessidades, especialmente se planeia utilizar os sensores em condi\u00e7\u00f5es extremas ou em ambientes industriais, recomendamos o RuuviTag Pro. Consulte as especifica\u00e7\u00f5es t\u00e9cnicas para obter mais informa\u00e7\u00f5es.<\/p>\n<h3><strong>Condi\u00e7\u00f5es de funcionamento<\/strong><\/h3>\n<p><strong><span>Temperatura de funcionamento (com bateria standard):<\/span><\/strong><span> -40 \u00b0C a +85 \u00b0C (-40 \u00b0F a 185 \u00b0F).<\/span><br \/>\n<strong><span>N\u00edvel de prote\u00e7\u00e3o contra \u00e1gua da caixa (4 em 1 e 3 em 1):<\/span><\/strong><span> IP67, \u00e0 prova de salpicos, localiza\u00e7\u00e3o sem condensa\u00e7\u00e3o.<\/span><br \/>\n<strong><span>N\u00edvel de prote\u00e7\u00e3o contra \u00e1gua da caixa (2 em 1):<\/span><\/strong><span> IP68 e IP69K, pulveriza\u00e7\u00e3o de press\u00e3o quente.<\/span><br \/>\n<strong><span>Bateria:<\/span><\/strong><span> CR2477T substitu\u00edvel pelo utilizador (inclu\u00edda).<\/span><br \/>\n<strong><span>Dura\u00e7\u00e3o da pilha:<\/span><\/strong><span> Estimada de 12 a 24 meses.<\/span><br \/>\n<strong><span>Certifica\u00e7\u00f5es:<\/span><\/strong><span> CE, FCC, ISED, TELEC, IFETEL, NOM, RTCA DO-160 categoria H, RoHS, IC, HVIN, IMDA, OFCA, ICASA, POTRAZ.<\/span><br \/>\n<strong><span>Alcance do Bluetooth:<\/span><\/strong><span> 5-20 metros (interior), 20-100 metros (exterior). A sensibilidade da antena do dispositivo m\u00f3vel recetor, os obst\u00e1culos e os materiais das paredes afectam o alcance. Para aumentar o alcance, utilize o router Ruuvi Gateway como recetor.<\/span><\/p>\n<h3><strong>Carater\u00edsticas da aplica\u00e7\u00e3o<\/strong><\/h3>\n<p><strong><span>Gr\u00e1tis e f\u00e1cil:<\/span><\/strong><span> Aplica\u00e7\u00e3o gratuita e intuitiva; o in\u00edcio de sess\u00e3o \u00e9 opcional.<\/span><br \/>\n<strong><span>Plataformas:<\/span><\/strong><span> Android e iOS.<\/span><br \/>\n<strong><span>Alertas:<\/span><\/strong><span> Alertas push Bluetooth configur\u00e1veis com mensagens personaliz\u00e1veis.<\/span><br \/>\n<strong><span>Medi\u00e7\u00f5es em tempo real:<\/span><\/strong><span> Acompanhamento de dados em tempo real.<\/span><br \/>\n<strong><span>Dados hist\u00f3ricos:<\/span><\/strong><span> Gr\u00e1ficos hist\u00f3ricos detalhados dispon\u00edveis at\u00e9 10 dias (offline).<\/span><br \/>\n<strong><span>Exporta\u00e7\u00e3o do hist\u00f3rico:<\/span><\/strong><span> Exporta\u00e7\u00e3o do hist\u00f3rico de 10 dias.<\/span><br \/>\n<strong><span>Painel de controlo:<\/span><\/strong><span> Veja todos os seus sensores num relance.<\/span><br \/>\n<strong><span>Personalize os seus sensores:<\/span><\/strong><span> Utilize fundos e nomes personalizados.<\/span><br \/>\n<strong><span>Multilingue:<\/span><\/strong><span> Dispon\u00edvel em ingl\u00eas, finland\u00eas, sueco, franc\u00eas e alem\u00e3o.<\/span><\/p>\n<h3><strong>RuuviTag Pro 4 em 1<\/strong><\/h3>\n<p><strong><span>Temperatura:<\/span><\/strong><span> \u00b0C, \u00b0F, K; exatid\u00e3o t\u00edpica \u00b10,1 \u00b0C a 5-60 \u00b0C (\u00b10,36 \u00b0F a 41-140 \u00b0F).<\/span><br \/>\n<strong><span>Humidade do ar:<\/span><\/strong><span> %RH, g\/m\u00b3, ponto de orvalho; precis\u00e3o t\u00edpica \u00b12 %RH a 20-80 %. Gama: 0-95 %.<\/span><br \/>\n<strong><span>Press\u00e3o atmosf\u00e9rica:<\/span><\/strong><span> Pa, hPa, mmHg, inHg; exatid\u00e3o t\u00edpica \u00b11 hPa. Gama: 500-1155 hPa.<\/span><br \/>\n<strong><span>Movimento:<\/span><\/strong><span> Contador de movimentos. O contador aumenta quando a acelera\u00e7\u00e3o excede o limiar em qualquer eixo.<\/span><\/p>\n","protected":false},"excerpt":{"rendered":"<p>O RuuviTag Pro \u00e9 um sensor ambiental robusto, com certifica\u00e7\u00e3o IP67, para monitorizar a temperatura, a humidade, a press\u00e3o e a acelera\u00e7\u00e3o.<br \/>\nO RuuviTag Pro baseia-se no conceito bem sucedido do RuuviTag e, para al\u00e9m disso, oferece v\u00e1rias carater\u00edsticas excepcionais.<br \/>\n\u00c9 o sensor de c\u00f3digo aberto mais robusto do mercado e \u00e9 perfeitamente adequado para aplica\u00e7\u00f5es industriais e dom\u00e9sticas exigentes.<\/p>\n<p><strong>Dimens\u00f5es: 78x56x15mm<\/strong><\/p>\n<p><strong>Compat\u00edvel com os sistemas Victron GX<\/strong><\/p>\n","protected":false},"featured_media":74703,"template":"","meta":{"_acf_changed":false},"product_brand":[],"product_cat":[1338],"product_tag":[],"class_list":{"0":"post-77005","1":"product","2":"type-product","3":"status-publish","4":"has-post-thumbnail","6":"product_cat-victron-energia","8":"first","9":"instock","10":"taxable","11":"shipping-taxable","12":"purchasable","13":"product-type-simple"},"acf":[],"yoast_head":"<!-- This site is optimized with the Yoast SEO plugin v27.2 - https:\/\/yoast.com\/product\/yoast-seo-wordpress\/ -->\n<title>\u25b7 Sensor Bluetooth 4 em 1 RuuviTag Pro | Coelectrix.com<\/title>\n<meta name=\"robots\" content=\"index, follow, max-snippet:-1, max-image-preview:large, max-video-preview:-1\" \/>\n<link rel=\"canonical\" href=\"https:\/\/coelectrix.com\/pt-pt\/produto\/sensor-bluetooth-ruuvitag-pro-4-en-1\" \/>\n<meta property=\"og:locale\" content=\"pt_PT\" \/>\n<meta property=\"og:type\" content=\"article\" \/>\n<meta property=\"og:title\" content=\"\u25b7 Sensor Bluetooth 4 em 1 RuuviTag Pro | Coelectrix.com\" \/>\n<meta property=\"og:description\" content=\"O RuuviTag Pro \u00e9 um sensor ambiental robusto, com certifica\u00e7\u00e3o IP67, para monitorizar a temperatura, a humidade, a press\u00e3o e a acelera\u00e7\u00e3o. O RuuviTag Pro baseia-se no conceito bem sucedido do RuuviTag e, para al\u00e9m disso, oferece v\u00e1rias carater\u00edsticas excepcionais. \u00c9 o sensor de c\u00f3digo aberto mais robusto do mercado e \u00e9 perfeitamente adequado para aplica\u00e7\u00f5es industriais e dom\u00e9sticas exigentes. Dimens\u00f5es: 78x56x15mm Compat\u00edvel com os sistemas Victron GX\" \/>\n<meta property=\"og:url\" content=\"https:\/\/coelectrix.com\/pt-pt\/produto\/sensor-bluetooth-ruuvitag-pro-4-en-1\" \/>\n<meta property=\"og:site_name\" content=\"Coelectrix\" \/>\n<meta property=\"article:modified_time\" content=\"2025-08-19T03:57:04+00:00\" \/>\n<meta property=\"og:image\" content=\"https:\/\/coelectrix.com\/wp-content\/uploads\/2025\/06\/Sensor-Bluetooth-RuuviTag-Pro-4-en-1.jpg\" \/>\n\t<meta property=\"og:image:width\" content=\"800\" \/>\n\t<meta property=\"og:image:height\" content=\"800\" \/>\n\t<meta property=\"og:image:type\" content=\"image\/jpeg\" \/>\n<meta name=\"twitter:card\" content=\"summary_large_image\" \/>\n<meta name=\"twitter:label1\" content=\"Tempo estimado de leitura\" \/>\n\t<meta name=\"twitter:data1\" content=\"2 minutos\" \/>\n<script type=\"application\/ld+json\" class=\"yoast-schema-graph\">{\"@context\":\"https:\/\/schema.org\",\"@graph\":[{\"@type\":\"WebPage\",\"@id\":\"https:\/\/coelectrix.com\/pt-pt\/produto\/sensor-bluetooth-ruuvitag-pro-4-en-1\",\"url\":\"https:\/\/coelectrix.com\/pt-pt\/produto\/sensor-bluetooth-ruuvitag-pro-4-en-1\",\"name\":\"\u25b7 Sensor Bluetooth 4 em 1 RuuviTag Pro | Coelectrix.com\",\"isPartOf\":{\"@id\":\"https:\/\/coelectrix.com\/pt-pt\/#website\"},\"primaryImageOfPage\":{\"@id\":\"https:\/\/coelectrix.com\/pt-pt\/produto\/sensor-bluetooth-ruuvitag-pro-4-en-1#primaryimage\"},\"image\":{\"@id\":\"https:\/\/coelectrix.com\/pt-pt\/produto\/sensor-bluetooth-ruuvitag-pro-4-en-1#primaryimage\"},\"thumbnailUrl\":\"https:\/\/coelectrix.com\/wp-content\/uploads\/2025\/06\/Sensor-Bluetooth-RuuviTag-Pro-4-en-1.jpg\",\"datePublished\":\"2025-06-11T07:05:02+00:00\",\"dateModified\":\"2025-08-19T03:57:04+00:00\",\"breadcrumb\":{\"@id\":\"https:\/\/coelectrix.com\/pt-pt\/produto\/sensor-bluetooth-ruuvitag-pro-4-en-1#breadcrumb\"},\"inLanguage\":\"pt-PT\",\"potentialAction\":[{\"@type\":\"ReadAction\",\"target\":[\"https:\/\/coelectrix.com\/pt-pt\/produto\/sensor-bluetooth-ruuvitag-pro-4-en-1\"]}]},{\"@type\":\"ImageObject\",\"inLanguage\":\"pt-PT\",\"@id\":\"https:\/\/coelectrix.com\/pt-pt\/produto\/sensor-bluetooth-ruuvitag-pro-4-en-1#primaryimage\",\"url\":\"https:\/\/coelectrix.com\/wp-content\/uploads\/2025\/06\/Sensor-Bluetooth-RuuviTag-Pro-4-en-1.jpg\",\"contentUrl\":\"https:\/\/coelectrix.com\/wp-content\/uploads\/2025\/06\/Sensor-Bluetooth-RuuviTag-Pro-4-en-1.jpg\",\"width\":800,\"height\":800,\"caption\":\"Sensor Bluetooth 4 em 1 RuuviTag Pro\"},{\"@type\":\"BreadcrumbList\",\"@id\":\"https:\/\/coelectrix.com\/pt-pt\/produto\/sensor-bluetooth-ruuvitag-pro-4-en-1#breadcrumb\",\"itemListElement\":[{\"@type\":\"ListItem\",\"position\":1,\"name\":\"Portada\",\"item\":\"https:\/\/coelectrix.com\/\"},{\"@type\":\"ListItem\",\"position\":2,\"name\":\"Loja\",\"item\":\"https:\/\/coelectrix.com\/pt-pt\/loja\"},{\"@type\":\"ListItem\",\"position\":3,\"name\":\"Sensor Bluetooth 4 em 1 RuuviTag Pro\"}]},{\"@type\":\"WebSite\",\"@id\":\"https:\/\/coelectrix.com\/pt-pt\/#website\",\"url\":\"https:\/\/coelectrix.com\/pt-pt\/\",\"name\":\"Coelectrix\",\"description\":\"Componentes el\u00e9ctricos\",\"publisher\":{\"@id\":\"https:\/\/coelectrix.com\/pt-pt\/#organization\"},\"potentialAction\":[{\"@type\":\"SearchAction\",\"target\":{\"@type\":\"EntryPoint\",\"urlTemplate\":\"https:\/\/coelectrix.com\/pt-pt\/?s={search_term_string}\"},\"query-input\":{\"@type\":\"PropertyValueSpecification\",\"valueRequired\":true,\"valueName\":\"search_term_string\"}}],\"inLanguage\":\"pt-PT\"},{\"@type\":\"Organization\",\"@id\":\"https:\/\/coelectrix.com\/pt-pt\/#organization\",\"name\":\"coelectrix.com\",\"url\":\"https:\/\/coelectrix.com\/pt-pt\/\",\"logo\":{\"@type\":\"ImageObject\",\"inLanguage\":\"pt-PT\",\"@id\":\"https:\/\/coelectrix.com\/pt-pt\/#\/schema\/logo\/image\/\",\"url\":\"https:\/\/coelectrix.com\/wp-content\/uploads\/2018\/05\/logo-coelectrix-400x400.jpg\",\"contentUrl\":\"https:\/\/coelectrix.com\/wp-content\/uploads\/2018\/05\/logo-coelectrix-400x400.jpg\",\"width\":300,\"height\":300,\"caption\":\"coelectrix.com\"},\"image\":{\"@id\":\"https:\/\/coelectrix.com\/pt-pt\/#\/schema\/logo\/image\/\"}}]}<\/script>\n<!-- \/ Yoast SEO plugin. -->","yoast_head_json":{"title":"\u25b7 Sensor Bluetooth 4 em 1 RuuviTag Pro | Coelectrix.com","robots":{"index":"index","follow":"follow","max-snippet":"max-snippet:-1","max-image-preview":"max-image-preview:large","max-video-preview":"max-video-preview:-1"},"canonical":"https:\/\/coelectrix.com\/pt-pt\/produto\/sensor-bluetooth-ruuvitag-pro-4-en-1","og_locale":"pt_PT","og_type":"article","og_title":"\u25b7 Sensor Bluetooth 4 em 1 RuuviTag Pro | Coelectrix.com","og_description":"O RuuviTag Pro \u00e9 um sensor ambiental robusto, com certifica\u00e7\u00e3o IP67, para monitorizar a temperatura, a humidade, a press\u00e3o e a acelera\u00e7\u00e3o. O RuuviTag Pro baseia-se no conceito bem sucedido do RuuviTag e, para al\u00e9m disso, oferece v\u00e1rias carater\u00edsticas excepcionais. \u00c9 o sensor de c\u00f3digo aberto mais robusto do mercado e \u00e9 perfeitamente adequado para aplica\u00e7\u00f5es industriais e dom\u00e9sticas exigentes. Dimens\u00f5es: 78x56x15mm Compat\u00edvel com os sistemas Victron GX","og_url":"https:\/\/coelectrix.com\/pt-pt\/produto\/sensor-bluetooth-ruuvitag-pro-4-en-1","og_site_name":"Coelectrix","article_modified_time":"2025-08-19T03:57:04+00:00","og_image":[{"width":800,"height":800,"url":"https:\/\/coelectrix.com\/wp-content\/uploads\/2025\/06\/Sensor-Bluetooth-RuuviTag-Pro-4-en-1.jpg","type":"image\/jpeg"}],"twitter_card":"summary_large_image","twitter_misc":{"Tempo estimado de leitura":"2 minutos"},"schema":{"@context":"https:\/\/schema.org","@graph":[{"@type":"WebPage","@id":"https:\/\/coelectrix.com\/pt-pt\/produto\/sensor-bluetooth-ruuvitag-pro-4-en-1","url":"https:\/\/coelectrix.com\/pt-pt\/produto\/sensor-bluetooth-ruuvitag-pro-4-en-1","name":"\u25b7 Sensor Bluetooth 4 em 1 RuuviTag Pro | Coelectrix.com","isPartOf":{"@id":"https:\/\/coelectrix.com\/pt-pt\/#website"},"primaryImageOfPage":{"@id":"https:\/\/coelectrix.com\/pt-pt\/produto\/sensor-bluetooth-ruuvitag-pro-4-en-1#primaryimage"},"image":{"@id":"https:\/\/coelectrix.com\/pt-pt\/produto\/sensor-bluetooth-ruuvitag-pro-4-en-1#primaryimage"},"thumbnailUrl":"https:\/\/coelectrix.com\/wp-content\/uploads\/2025\/06\/Sensor-Bluetooth-RuuviTag-Pro-4-en-1.jpg","datePublished":"2025-06-11T07:05:02+00:00","dateModified":"2025-08-19T03:57:04+00:00","breadcrumb":{"@id":"https:\/\/coelectrix.com\/pt-pt\/produto\/sensor-bluetooth-ruuvitag-pro-4-en-1#breadcrumb"},"inLanguage":"pt-PT","potentialAction":[{"@type":"ReadAction","target":["https:\/\/coelectrix.com\/pt-pt\/produto\/sensor-bluetooth-ruuvitag-pro-4-en-1"]}]},{"@type":"ImageObject","inLanguage":"pt-PT","@id":"https:\/\/coelectrix.com\/pt-pt\/produto\/sensor-bluetooth-ruuvitag-pro-4-en-1#primaryimage","url":"https:\/\/coelectrix.com\/wp-content\/uploads\/2025\/06\/Sensor-Bluetooth-RuuviTag-Pro-4-en-1.jpg","contentUrl":"https:\/\/coelectrix.com\/wp-content\/uploads\/2025\/06\/Sensor-Bluetooth-RuuviTag-Pro-4-en-1.jpg","width":800,"height":800,"caption":"Sensor Bluetooth 4 em 1 RuuviTag Pro"},{"@type":"BreadcrumbList","@id":"https:\/\/coelectrix.com\/pt-pt\/produto\/sensor-bluetooth-ruuvitag-pro-4-en-1#breadcrumb","itemListElement":[{"@type":"ListItem","position":1,"name":"Portada","item":"https:\/\/coelectrix.com\/"},{"@type":"ListItem","position":2,"name":"Loja","item":"https:\/\/coelectrix.com\/pt-pt\/loja"},{"@type":"ListItem","position":3,"name":"Sensor Bluetooth 4 em 1 RuuviTag Pro"}]},{"@type":"WebSite","@id":"https:\/\/coelectrix.com\/pt-pt\/#website","url":"https:\/\/coelectrix.com\/pt-pt\/","name":"Coelectrix","description":"Componentes el\u00e9ctricos","publisher":{"@id":"https:\/\/coelectrix.com\/pt-pt\/#organization"},"potentialAction":[{"@type":"SearchAction","target":{"@type":"EntryPoint","urlTemplate":"https:\/\/coelectrix.com\/pt-pt\/?s={search_term_string}"},"query-input":{"@type":"PropertyValueSpecification","valueRequired":true,"valueName":"search_term_string"}}],"inLanguage":"pt-PT"},{"@type":"Organization","@id":"https:\/\/coelectrix.com\/pt-pt\/#organization","name":"coelectrix.com","url":"https:\/\/coelectrix.com\/pt-pt\/","logo":{"@type":"ImageObject","inLanguage":"pt-PT","@id":"https:\/\/coelectrix.com\/pt-pt\/#\/schema\/logo\/image\/","url":"https:\/\/coelectrix.com\/wp-content\/uploads\/2018\/05\/logo-coelectrix-400x400.jpg","contentUrl":"https:\/\/coelectrix.com\/wp-content\/uploads\/2018\/05\/logo-coelectrix-400x400.jpg","width":300,"height":300,"caption":"coelectrix.com"},"image":{"@id":"https:\/\/coelectrix.com\/pt-pt\/#\/schema\/logo\/image\/"}}]}},"_links":{"self":[{"href":"https:\/\/coelectrix.com\/pt-pt\/wp-json\/wp\/v2\/product\/77005","targetHints":{"allow":["GET"]}}],"collection":[{"href":"https:\/\/coelectrix.com\/pt-pt\/wp-json\/wp\/v2\/product"}],"about":[{"href":"https:\/\/coelectrix.com\/pt-pt\/wp-json\/wp\/v2\/types\/product"}],"version-history":[{"count":1,"href":"https:\/\/coelectrix.com\/pt-pt\/wp-json\/wp\/v2\/product\/77005\/revisions"}],"predecessor-version":[{"id":77125,"href":"https:\/\/coelectrix.com\/pt-pt\/wp-json\/wp\/v2\/product\/77005\/revisions\/77125"}],"wp:featuredmedia":[{"embeddable":true,"href":"https:\/\/coelectrix.com\/pt-pt\/wp-json\/wp\/v2\/media\/74703"}],"wp:attachment":[{"href":"https:\/\/coelectrix.com\/pt-pt\/wp-json\/wp\/v2\/media?parent=77005"}],"wp:term":[{"taxonomy":"product_brand","embeddable":true,"href":"https:\/\/coelectrix.com\/pt-pt\/wp-json\/wp\/v2\/product_brand?post=77005"},{"taxonomy":"product_cat","embeddable":true,"href":"https:\/\/coelectrix.com\/pt-pt\/wp-json\/wp\/v2\/product_cat?post=77005"},{"taxonomy":"product_tag","embeddable":true,"href":"https:\/\/coelectrix.com\/pt-pt\/wp-json\/wp\/v2\/product_tag?post=77005"}],"curies":[{"name":"wp","href":"https:\/\/api.w.org\/{rel}","templated":true}]}}