{"id":77007,"date":"2024-08-16T08:07:06","date_gmt":"2024-08-16T06:07:06","guid":{"rendered":"https:\/\/coelectrix.com\/producto\/cabo-victron-utp-rj45-rj45-5mt"},"modified":"2025-08-19T06:00:43","modified_gmt":"2025-08-19T04:00:43","slug":"cabo-victron-utp-rj45-rj45-5mt","status":"publish","type":"product","link":"https:\/\/coelectrix.com\/pt-pt\/produto\/cabo-victron-utp-rj45-5mt","title":{"rendered":"Cabo Victron UTP RJ45 RJ45 5mt."},"content":{"rendered":"","protected":false},"excerpt":{"rendered":"<p>Cabo Ethernet para ligar, entre outras coisas, inversores Victron, a interface VE MK3-USB e liga\u00e7\u00f5es VE.Bus entre v\u00e1rios dispositivos VE.Bus e GX.<\/p>\n<p>Comprimento: 5mts.<\/p>\n","protected":false},"featured_media":74487,"template":"","meta":{"_acf_changed":false},"product_brand":[],"product_cat":[1338],"product_tag":[1445],"class_list":{"0":"post-77007","1":"product","2":"type-product","3":"status-publish","4":"has-post-thumbnail","6":"product_cat-victron-energia","7":"product_tag-victron-pt","9":"first","10":"onbackorder","11":"taxable","12":"shipping-taxable","13":"purchasable","14":"product-type-simple"},"acf":[],"yoast_head":"<!-- This site is optimized with the Yoast SEO plugin v27.2 - https:\/\/yoast.com\/product\/yoast-seo-wordpress\/ -->\n<title>\u25b7 Cabo Victron UTP RJ45 RJ45 5mt. | Coelectrix.com<\/title>\n<meta name=\"description\" content=\"Cabo Ethernet para ligar, entre outras coisas, inversores Victron, a interface VE MK3-USB e liga\u00e7\u00f5es VE.Bus entre v\u00e1rios dispositivos VE.Bus e GX.\" \/>\n<meta name=\"robots\" content=\"index, follow, max-snippet:-1, max-image-preview:large, max-video-preview:-1\" \/>\n<link rel=\"canonical\" href=\"https:\/\/coelectrix.com\/pt-pt\/produto\/cabo-victron-utp-rj45-5mt\" \/>\n<meta property=\"og:locale\" content=\"pt_PT\" \/>\n<meta property=\"og:type\" content=\"article\" \/>\n<meta property=\"og:title\" content=\"\u25b7 Cabo Victron UTP RJ45 RJ45 5mt. | Coelectrix.com\" \/>\n<meta property=\"og:description\" content=\"Cabo Ethernet para ligar, entre outras coisas, inversores Victron, a interface VE MK3-USB e liga\u00e7\u00f5es VE.Bus entre v\u00e1rios dispositivos VE.Bus e GX.\" \/>\n<meta property=\"og:url\" content=\"https:\/\/coelectrix.com\/pt-pt\/produto\/cabo-victron-utp-rj45-5mt\" \/>\n<meta property=\"og:site_name\" content=\"Coelectrix\" \/>\n<meta property=\"article:modified_time\" content=\"2025-08-19T04:00:43+00:00\" \/>\n<meta property=\"og:image\" content=\"https:\/\/coelectrix.com\/wp-content\/uploads\/2024\/08\/Cable-Victron-UTP-RJ45-18m.jpg\" \/>\n\t<meta property=\"og:image:width\" content=\"600\" \/>\n\t<meta property=\"og:image:height\" content=\"600\" \/>\n\t<meta property=\"og:image:type\" content=\"image\/jpeg\" \/>\n<meta name=\"twitter:card\" content=\"summary_large_image\" \/>\n<script type=\"application\/ld+json\" class=\"yoast-schema-graph\">{\"@context\":\"https:\/\/schema.org\",\"@graph\":[{\"@type\":\"WebPage\",\"@id\":\"https:\/\/coelectrix.com\/pt-pt\/produto\/cabo-victron-utp-rj45-5mt\",\"url\":\"https:\/\/coelectrix.com\/pt-pt\/produto\/cabo-victron-utp-rj45-5mt\",\"name\":\"\u25b7 Cabo Victron UTP RJ45 RJ45 5mt. | Coelectrix.com\",\"isPartOf\":{\"@id\":\"https:\/\/coelectrix.com\/pt-pt\/#website\"},\"primaryImageOfPage\":{\"@id\":\"https:\/\/coelectrix.com\/pt-pt\/produto\/cabo-victron-utp-rj45-5mt#primaryimage\"},\"image\":{\"@id\":\"https:\/\/coelectrix.com\/pt-pt\/produto\/cabo-victron-utp-rj45-5mt#primaryimage\"},\"thumbnailUrl\":\"https:\/\/coelectrix.com\/wp-content\/uploads\/2024\/08\/Cable-Victron-UTP-RJ45-18m.jpg\",\"datePublished\":\"2024-08-16T06:07:06+00:00\",\"dateModified\":\"2025-08-19T04:00:43+00:00\",\"description\":\"Cabo Ethernet para ligar, entre outras coisas, inversores Victron, a interface VE MK3-USB e liga\u00e7\u00f5es VE.Bus entre v\u00e1rios dispositivos VE.Bus e GX.\",\"breadcrumb\":{\"@id\":\"https:\/\/coelectrix.com\/pt-pt\/produto\/cabo-victron-utp-rj45-5mt#breadcrumb\"},\"inLanguage\":\"pt-PT\",\"potentialAction\":[{\"@type\":\"ReadAction\",\"target\":[\"https:\/\/coelectrix.com\/pt-pt\/produto\/cabo-victron-utp-rj45-5mt\"]}]},{\"@type\":\"ImageObject\",\"inLanguage\":\"pt-PT\",\"@id\":\"https:\/\/coelectrix.com\/pt-pt\/produto\/cabo-victron-utp-rj45-5mt#primaryimage\",\"url\":\"https:\/\/coelectrix.com\/wp-content\/uploads\/2024\/08\/Cable-Victron-UTP-RJ45-18m.jpg\",\"contentUrl\":\"https:\/\/coelectrix.com\/wp-content\/uploads\/2024\/08\/Cable-Victron-UTP-RJ45-18m.jpg\",\"width\":600,\"height\":600,\"caption\":\"Cabo Victron UTP RJ45 RJ45 5mt.\"},{\"@type\":\"BreadcrumbList\",\"@id\":\"https:\/\/coelectrix.com\/pt-pt\/produto\/cabo-victron-utp-rj45-5mt#breadcrumb\",\"itemListElement\":[{\"@type\":\"ListItem\",\"position\":1,\"name\":\"Portada\",\"item\":\"https:\/\/coelectrix.com\/\"},{\"@type\":\"ListItem\",\"position\":2,\"name\":\"Loja\",\"item\":\"https:\/\/coelectrix.com\/pt-pt\/loja\"},{\"@type\":\"ListItem\",\"position\":3,\"name\":\"Cabo Victron UTP RJ45 RJ45 5mt.\"}]},{\"@type\":\"WebSite\",\"@id\":\"https:\/\/coelectrix.com\/pt-pt\/#website\",\"url\":\"https:\/\/coelectrix.com\/pt-pt\/\",\"name\":\"Coelectrix\",\"description\":\"Componentes el\u00e9ctricos\",\"publisher\":{\"@id\":\"https:\/\/coelectrix.com\/pt-pt\/#organization\"},\"potentialAction\":[{\"@type\":\"SearchAction\",\"target\":{\"@type\":\"EntryPoint\",\"urlTemplate\":\"https:\/\/coelectrix.com\/pt-pt\/?s={search_term_string}\"},\"query-input\":{\"@type\":\"PropertyValueSpecification\",\"valueRequired\":true,\"valueName\":\"search_term_string\"}}],\"inLanguage\":\"pt-PT\"},{\"@type\":\"Organization\",\"@id\":\"https:\/\/coelectrix.com\/pt-pt\/#organization\",\"name\":\"coelectrix.com\",\"url\":\"https:\/\/coelectrix.com\/pt-pt\/\",\"logo\":{\"@type\":\"ImageObject\",\"inLanguage\":\"pt-PT\",\"@id\":\"https:\/\/coelectrix.com\/pt-pt\/#\/schema\/logo\/image\/\",\"url\":\"https:\/\/coelectrix.com\/wp-content\/uploads\/2018\/05\/logo-coelectrix-400x400.jpg\",\"contentUrl\":\"https:\/\/coelectrix.com\/wp-content\/uploads\/2018\/05\/logo-coelectrix-400x400.jpg\",\"width\":300,\"height\":300,\"caption\":\"coelectrix.com\"},\"image\":{\"@id\":\"https:\/\/coelectrix.com\/pt-pt\/#\/schema\/logo\/image\/\"}}]}<\/script>\n<!-- \/ Yoast SEO plugin. -->","yoast_head_json":{"title":"\u25b7 Cabo Victron UTP RJ45 RJ45 5mt. | Coelectrix.com","description":"Cabo Ethernet para ligar, entre outras coisas, inversores Victron, a interface VE MK3-USB e liga\u00e7\u00f5es VE.Bus entre v\u00e1rios dispositivos VE.Bus e GX.","robots":{"index":"index","follow":"follow","max-snippet":"max-snippet:-1","max-image-preview":"max-image-preview:large","max-video-preview":"max-video-preview:-1"},"canonical":"https:\/\/coelectrix.com\/pt-pt\/produto\/cabo-victron-utp-rj45-5mt","og_locale":"pt_PT","og_type":"article","og_title":"\u25b7 Cabo Victron UTP RJ45 RJ45 5mt. | Coelectrix.com","og_description":"Cabo Ethernet para ligar, entre outras coisas, inversores Victron, a interface VE MK3-USB e liga\u00e7\u00f5es VE.Bus entre v\u00e1rios dispositivos VE.Bus e GX.","og_url":"https:\/\/coelectrix.com\/pt-pt\/produto\/cabo-victron-utp-rj45-5mt","og_site_name":"Coelectrix","article_modified_time":"2025-08-19T04:00:43+00:00","og_image":[{"width":600,"height":600,"url":"https:\/\/coelectrix.com\/wp-content\/uploads\/2024\/08\/Cable-Victron-UTP-RJ45-18m.jpg","type":"image\/jpeg"}],"twitter_card":"summary_large_image","schema":{"@context":"https:\/\/schema.org","@graph":[{"@type":"WebPage","@id":"https:\/\/coelectrix.com\/pt-pt\/produto\/cabo-victron-utp-rj45-5mt","url":"https:\/\/coelectrix.com\/pt-pt\/produto\/cabo-victron-utp-rj45-5mt","name":"\u25b7 Cabo Victron UTP RJ45 RJ45 5mt. | Coelectrix.com","isPartOf":{"@id":"https:\/\/coelectrix.com\/pt-pt\/#website"},"primaryImageOfPage":{"@id":"https:\/\/coelectrix.com\/pt-pt\/produto\/cabo-victron-utp-rj45-5mt#primaryimage"},"image":{"@id":"https:\/\/coelectrix.com\/pt-pt\/produto\/cabo-victron-utp-rj45-5mt#primaryimage"},"thumbnailUrl":"https:\/\/coelectrix.com\/wp-content\/uploads\/2024\/08\/Cable-Victron-UTP-RJ45-18m.jpg","datePublished":"2024-08-16T06:07:06+00:00","dateModified":"2025-08-19T04:00:43+00:00","description":"Cabo Ethernet para ligar, entre outras coisas, inversores Victron, a interface VE MK3-USB e liga\u00e7\u00f5es VE.Bus entre v\u00e1rios dispositivos VE.Bus e GX.","breadcrumb":{"@id":"https:\/\/coelectrix.com\/pt-pt\/produto\/cabo-victron-utp-rj45-5mt#breadcrumb"},"inLanguage":"pt-PT","potentialAction":[{"@type":"ReadAction","target":["https:\/\/coelectrix.com\/pt-pt\/produto\/cabo-victron-utp-rj45-5mt"]}]},{"@type":"ImageObject","inLanguage":"pt-PT","@id":"https:\/\/coelectrix.com\/pt-pt\/produto\/cabo-victron-utp-rj45-5mt#primaryimage","url":"https:\/\/coelectrix.com\/wp-content\/uploads\/2024\/08\/Cable-Victron-UTP-RJ45-18m.jpg","contentUrl":"https:\/\/coelectrix.com\/wp-content\/uploads\/2024\/08\/Cable-Victron-UTP-RJ45-18m.jpg","width":600,"height":600,"caption":"Cabo Victron UTP RJ45 RJ45 5mt."},{"@type":"BreadcrumbList","@id":"https:\/\/coelectrix.com\/pt-pt\/produto\/cabo-victron-utp-rj45-5mt#breadcrumb","itemListElement":[{"@type":"ListItem","position":1,"name":"Portada","item":"https:\/\/coelectrix.com\/"},{"@type":"ListItem","position":2,"name":"Loja","item":"https:\/\/coelectrix.com\/pt-pt\/loja"},{"@type":"ListItem","position":3,"name":"Cabo Victron UTP RJ45 RJ45 5mt."}]},{"@type":"WebSite","@id":"https:\/\/coelectrix.com\/pt-pt\/#website","url":"https:\/\/coelectrix.com\/pt-pt\/","name":"Coelectrix","description":"Componentes el\u00e9ctricos","publisher":{"@id":"https:\/\/coelectrix.com\/pt-pt\/#organization"},"potentialAction":[{"@type":"SearchAction","target":{"@type":"EntryPoint","urlTemplate":"https:\/\/coelectrix.com\/pt-pt\/?s={search_term_string}"},"query-input":{"@type":"PropertyValueSpecification","valueRequired":true,"valueName":"search_term_string"}}],"inLanguage":"pt-PT"},{"@type":"Organization","@id":"https:\/\/coelectrix.com\/pt-pt\/#organization","name":"coelectrix.com","url":"https:\/\/coelectrix.com\/pt-pt\/","logo":{"@type":"ImageObject","inLanguage":"pt-PT","@id":"https:\/\/coelectrix.com\/pt-pt\/#\/schema\/logo\/image\/","url":"https:\/\/coelectrix.com\/wp-content\/uploads\/2018\/05\/logo-coelectrix-400x400.jpg","contentUrl":"https:\/\/coelectrix.com\/wp-content\/uploads\/2018\/05\/logo-coelectrix-400x400.jpg","width":300,"height":300,"caption":"coelectrix.com"},"image":{"@id":"https:\/\/coelectrix.com\/pt-pt\/#\/schema\/logo\/image\/"}}]}},"_links":{"self":[{"href":"https:\/\/coelectrix.com\/pt-pt\/wp-json\/wp\/v2\/product\/77007","targetHints":{"allow":["GET"]}}],"collection":[{"href":"https:\/\/coelectrix.com\/pt-pt\/wp-json\/wp\/v2\/product"}],"about":[{"href":"https:\/\/coelectrix.com\/pt-pt\/wp-json\/wp\/v2\/types\/product"}],"version-history":[{"count":1,"href":"https:\/\/coelectrix.com\/pt-pt\/wp-json\/wp\/v2\/product\/77007\/revisions"}],"predecessor-version":[{"id":77132,"href":"https:\/\/coelectrix.com\/pt-pt\/wp-json\/wp\/v2\/product\/77007\/revisions\/77132"}],"wp:featuredmedia":[{"embeddable":true,"href":"https:\/\/coelectrix.com\/pt-pt\/wp-json\/wp\/v2\/media\/74487"}],"wp:attachment":[{"href":"https:\/\/coelectrix.com\/pt-pt\/wp-json\/wp\/v2\/media?parent=77007"}],"wp:term":[{"taxonomy":"product_brand","embeddable":true,"href":"https:\/\/coelectrix.com\/pt-pt\/wp-json\/wp\/v2\/product_brand?post=77007"},{"taxonomy":"product_cat","embeddable":true,"href":"https:\/\/coelectrix.com\/pt-pt\/wp-json\/wp\/v2\/product_cat?post=77007"},{"taxonomy":"product_tag","embeddable":true,"href":"https:\/\/coelectrix.com\/pt-pt\/wp-json\/wp\/v2\/product_tag?post=77007"}],"curies":[{"name":"wp","href":"https:\/\/api.w.org\/{rel}","templated":true}]}}