{"id":77016,"date":"2022-09-09T12:14:46","date_gmt":"2022-09-09T10:14:46","guid":{"rendered":"https:\/\/coelectrix.com\/producto\/monitor-de-bateria-victron-energy-serie-bmv-700"},"modified":"2025-08-19T06:02:31","modified_gmt":"2025-08-19T04:02:31","slug":"monitor-de-bateria-victron-energy-serie-bmv-700","status":"publish","type":"product","link":"https:\/\/coelectrix.com\/pt-pt\/produto\/monitor-de-bateria-victron-energy-bmv-700-series","title":{"rendered":"Monitor de bateria Victron Energy S\u00e9rie BMV-700"},"content":{"rendered":"<h2><strong>Indicador do n\u00edvel de carga, indicador do tempo de autonomia e muito mais<\/strong><\/h2>\n<p>A capacidade restante da bateria depende dos amperes-hora consumidos, da corrente de descarga, da temperatura e da idade da bateria.<br \/>\ntemperatura e da idade da bateria. \u00c9 necess\u00e1rio um software com algoritmos complexos para ter em conta todas estas vari\u00e1veis.<br \/>\nestas vari\u00e1veis.<br \/>\nPara al\u00e9m das op\u00e7\u00f5es b\u00e1sicas de visualiza\u00e7\u00e3o, como a tens\u00e3o, a corrente e os amperes-hora consumidos, a s\u00e9rie BMV700 tamb\u00e9m apresenta o estado de carga, a autonomia restante e a pot\u00eancia consumida em watts.<br \/>\nO BMV-702 possui uma entrada adicional que pode ser programada para medir a tens\u00e3o (de uma segunda bateria), a temperatura ou a tens\u00e3o (de uma segunda bateria).<br \/>\ntemperatura ou tens\u00e3o de ponto m\u00e9dio (ver abaixo).<\/p>\n<h2><strong>Bluetooth inteligente<\/strong><\/h2>\n<p>Utilize o dongle Bluetooth Smart para controlar as suas baterias a partir de smartphones Apple ou Android, tablets,<br \/>\nMacBooks e outros dispositivos.<\/p>\n<h2><strong>F\u00e1cil de instalar:<\/strong><\/h2>\n<p>Todas as liga\u00e7\u00f5es el\u00e9ctricas s\u00e3o feitas ao PCB de liga\u00e7\u00e3o r\u00e1pida do shunt de corrente. A deriva\u00e7\u00e3o liga-se ao<br \/>\nmonitor atrav\u00e9s de um cabo telef\u00f3nico RJ12 padr\u00e3o. Inclu\u00eddo: cabo RJ12 (10m) e cabo de bateria com fus\u00edvel (2m); n\u00e3o \u00e9 necess\u00e1rio mais.<br \/>\nm); n\u00e3o \u00e9 necess\u00e1rio mais.<br \/>\nTamb\u00e9m est\u00e1 inclu\u00edda uma placa de acabamento do ecr\u00e3 frontal, quadrada ou redonda, um anel de fixa\u00e7\u00e3o traseiro e parafusos para montagem frontal.<br \/>\ne parafusos para montagem frontal.<\/p>\n<h2><strong>Programa\u00e7\u00e3o f\u00e1cil (com o seu telem\u00f3vel)<\/strong><\/h2>\n<p>O utilizador disp\u00f5e de um menu de instala\u00e7\u00e3o r\u00e1pida e de um menu mais detalhado, com textos deslizantes, para efetuar as v\u00e1rias regula\u00e7\u00f5es.<br \/>\nv\u00e1rias configura\u00e7\u00f5es<br \/>\nEm alternativa, pode optar pela solu\u00e7\u00e3o r\u00e1pida e f\u00e1cil: descarregar a aplica\u00e7\u00e3o para smartphone (\u00e9 necess\u00e1rio um dongle Bluetooth Smart).<br \/>\nNecess\u00e1rio dongle Bluetooth Smart)<\/p>\n<h2><strong>Controlo da tens\u00e3o do ponto m\u00e9dio (apenas BMV-702)<\/strong><\/h2>\n<p>Frequentemente utilizada na ind\u00fastria para monitorizar bancos de baterias grandes e dispendiosos, esta funcionalidade est\u00e1 agora dispon\u00edvel a baixo custo para monitorizar qualquer banco de baterias.<br \/>\nO controlo de tens\u00e3o do ponto m\u00e9dio est\u00e1 agora dispon\u00edvel a baixo custo para monitorizar qualquer banco de baterias.<br \/>\nUm banco de baterias \u00e9 constitu\u00eddo por uma s\u00e9rie de c\u00e9lulas ligadas em s\u00e9rie. A tens\u00e3o de ponto m\u00e9dio \u00e9 a tens\u00e3o<br \/>\nobtida no meio desta cadeia. Idealmente, a tens\u00e3o do ponto m\u00e9dio seria exatamente metade da tens\u00e3o total.<br \/>\nmetade da tens\u00e3o total. No entanto, na pr\u00e1tica, podem ser observados desvios, dependendo de muitos factores, como os diferentes estados de carga<br \/>\nfactores, como o diferente estado de carga das novas baterias ou c\u00e9lulas, as suas diferentes temperaturas, as correntes de fuga internas<br \/>\ncorrentes de fuga internas, capacidades e muito mais.<br \/>\nDesvios significativos ou crescentes da tens\u00e3o do ponto m\u00e9dio indicam uma manuten\u00e7\u00e3o inadequada ou uma falha da bateria.<br \/>\nmanuten\u00e7\u00e3o inadequada ou falha de uma bateria ou c\u00e9lula. As medidas corretivas tomadas ap\u00f3s um alarme de tens\u00e3o de ponto m\u00e9dio podem evitar danos na bateria ou no elemento.<br \/>\nO alarme de tens\u00e3o de ponto m\u00e9dio pode evitar danos numa bateria dispendiosa. Consulte o manual do BMV para obter mais informa\u00e7\u00f5es.<br \/>\nmais informa\u00e7\u00f5es.<\/p>\n<h2><strong>Carater\u00edsticas padr\u00e3o<\/strong><\/h2>\n<p>&#8211; Tens\u00e3o, corrente, pot\u00eancia, amperes-hora consumidos e estado de carga da bateria.<br \/>\n&#8211; Autonomia restante \u00e0 taxa de descarga atual.<br \/>\n&#8211; Alarme visual e sonoro program\u00e1vel<br \/>\n&#8211; Rel\u00e9 program\u00e1vel, para desligar cargas n\u00e3o cr\u00edticas ou para ligar um gerador, se necess\u00e1rio.<br \/>\n&#8211; Kit de liga\u00e7\u00e3o r\u00e1pida e deriva\u00e7\u00e3o de 500 amp\u00e8res<br \/>\n&#8211; Escolha da capacidade de deriva\u00e7\u00e3o at\u00e9 10.000 amperes<br \/>\n&#8211; Porta de comunica\u00e7\u00e3o direta VE.<br \/>\n&#8211; Armazena uma vasta gama de dados hist\u00f3ricos, que podem ser utilizados para avaliar os padr\u00f5es de utiliza\u00e7\u00e3o e o estado da bateria.<br \/>\nestado da bateria<br \/>\n&#8211; Ampla gama de tens\u00f5es de entrada: 6,5 &#8211; 95 V<br \/>\n&#8211; Alta resolu\u00e7\u00e3o de medi\u00e7\u00e3o de corrente: 10 mA (0,01 A)<br \/>\n&#8211; Baixo consumo de energia: 2,9 Ah por m\u00eas (4 mA) a 12 V e 2,2 Ah por m\u00eas (3 mA) a 24 V<\/p>\n<h2><strong>Carater\u00edsticas adicionais do BMV-702<\/strong><\/h2>\n<p>Entrada adicional para medi\u00e7\u00e3o de tens\u00e3o (a partir de uma segunda bateria), temperatura ou tens\u00e3o de ponto m\u00e9dio, e defini\u00e7\u00f5es de alarme e rel\u00e9 correspondentes.<br \/>\nEntrada adicional para medir a tens\u00e3o (a partir de uma segunda bateria), a temperatura ou a tens\u00e3o de ponto m\u00e9dio e as respectivas defini\u00e7\u00f5es de alarme e rel\u00e9.<br \/>\nBMV-700H: Faixa de tens\u00e3o de 60 a 385 VCC.<br \/>\nN\u00e3o \u00e9 necess\u00e1rio pr\u00e9-divisor. Nota: Ideal para sistemas com apenas terra negativo (o monitor de bateria n\u00e3o est\u00e1 isolado do shunt).<br \/>\ndo shunt).<\/p>\n<p>Folha de dados do produto<\/p>\n","protected":false},"excerpt":{"rendered":"<p>O BMV-700 \u00e9 um monitor de bateria altamente preciso. A principal fun\u00e7\u00e3o de um monitor de bateria \u00e9 calcular os amperes-hora consumidos e o estado de carga da bateria. O consumo de amperes-hora \u00e9 calculado atrav\u00e9s da adi\u00e7\u00e3o da corrente que entra ou sai da bateria.<\/p>\n","protected":false},"featured_media":73987,"template":"","meta":{"_acf_changed":false},"product_brand":[],"product_cat":[128,1338,1352],"product_tag":[1445],"class_list":{"0":"post-77016","1":"product","2":"type-product","3":"status-publish","4":"has-post-thumbnail","6":"product_cat-paneles-de-control-y-carga","7":"product_cat-victron-energia","8":"product_cat-voltimetros-pt","9":"product_tag-victron-pt","11":"first","12":"onbackorder","13":"taxable","14":"shipping-taxable","15":"purchasable","16":"product-type-simple"},"acf":[],"yoast_head":"<!-- This site is optimized with the Yoast SEO plugin v27.2 - https:\/\/yoast.com\/product\/yoast-seo-wordpress\/ -->\n<title>\u25b7 Monitor de bateria Victron Energy S\u00e9rie BMV-700 | Coelectrix.com<\/title>\n<meta name=\"description\" content=\"O BMV-700 \u00e9 um monitor de bateria altamente preciso. A principal fun\u00e7\u00e3o de um monitor de bateria \u00e9 calcular os amperes-hora consumidos.\" \/>\n<meta name=\"robots\" content=\"index, follow, max-snippet:-1, max-image-preview:large, max-video-preview:-1\" \/>\n<link rel=\"canonical\" href=\"https:\/\/coelectrix.com\/pt-pt\/produto\/monitor-de-bateria-victron-energy-bmv-700-series\" \/>\n<meta property=\"og:locale\" content=\"pt_PT\" \/>\n<meta property=\"og:type\" content=\"article\" \/>\n<meta property=\"og:title\" content=\"\u25b7 Monitor de bateria Victron Energy S\u00e9rie BMV-700 | Coelectrix.com\" \/>\n<meta property=\"og:description\" content=\"O BMV-700 \u00e9 um monitor de bateria altamente preciso. A principal fun\u00e7\u00e3o de um monitor de bateria \u00e9 calcular os amperes-hora consumidos.\" \/>\n<meta property=\"og:url\" content=\"https:\/\/coelectrix.com\/pt-pt\/produto\/monitor-de-bateria-victron-energy-bmv-700-series\" \/>\n<meta property=\"og:site_name\" content=\"Coelectrix\" \/>\n<meta property=\"article:modified_time\" content=\"2025-08-19T04:02:31+00:00\" \/>\n<meta property=\"og:image\" content=\"https:\/\/coelectrix.com\/wp-content\/uploads\/2022\/09\/Monitor-de-baterias-Victron-Energy-Serie-BMV-700.jpg\" \/>\n\t<meta property=\"og:image:width\" content=\"600\" \/>\n\t<meta property=\"og:image:height\" content=\"600\" \/>\n\t<meta property=\"og:image:type\" content=\"image\/jpeg\" \/>\n<meta name=\"twitter:card\" content=\"summary_large_image\" \/>\n<meta name=\"twitter:label1\" content=\"Tempo estimado de leitura\" \/>\n\t<meta name=\"twitter:data1\" content=\"4 minutos\" \/>\n<script type=\"application\/ld+json\" class=\"yoast-schema-graph\">{\"@context\":\"https:\/\/schema.org\",\"@graph\":[{\"@type\":\"WebPage\",\"@id\":\"https:\/\/coelectrix.com\/pt-pt\/produto\/monitor-de-bateria-victron-energy-bmv-700-series\",\"url\":\"https:\/\/coelectrix.com\/pt-pt\/produto\/monitor-de-bateria-victron-energy-bmv-700-series\",\"name\":\"\u25b7 Monitor de bateria Victron Energy S\u00e9rie BMV-700 | Coelectrix.com\",\"isPartOf\":{\"@id\":\"https:\/\/coelectrix.com\/pt-pt\/#website\"},\"primaryImageOfPage\":{\"@id\":\"https:\/\/coelectrix.com\/pt-pt\/produto\/monitor-de-bateria-victron-energy-bmv-700-series#primaryimage\"},\"image\":{\"@id\":\"https:\/\/coelectrix.com\/pt-pt\/produto\/monitor-de-bateria-victron-energy-bmv-700-series#primaryimage\"},\"thumbnailUrl\":\"https:\/\/coelectrix.com\/wp-content\/uploads\/2022\/09\/Monitor-de-baterias-Victron-Energy-Serie-BMV-700.jpg\",\"datePublished\":\"2022-09-09T10:14:46+00:00\",\"dateModified\":\"2025-08-19T04:02:31+00:00\",\"description\":\"O BMV-700 \u00e9 um monitor de bateria altamente preciso. A principal fun\u00e7\u00e3o de um monitor de bateria \u00e9 calcular os amperes-hora consumidos.\",\"breadcrumb\":{\"@id\":\"https:\/\/coelectrix.com\/pt-pt\/produto\/monitor-de-bateria-victron-energy-bmv-700-series#breadcrumb\"},\"inLanguage\":\"pt-PT\",\"potentialAction\":[{\"@type\":\"ReadAction\",\"target\":[\"https:\/\/coelectrix.com\/pt-pt\/produto\/monitor-de-bateria-victron-energy-bmv-700-series\"]}]},{\"@type\":\"ImageObject\",\"inLanguage\":\"pt-PT\",\"@id\":\"https:\/\/coelectrix.com\/pt-pt\/produto\/monitor-de-bateria-victron-energy-bmv-700-series#primaryimage\",\"url\":\"https:\/\/coelectrix.com\/wp-content\/uploads\/2022\/09\/Monitor-de-baterias-Victron-Energy-Serie-BMV-700.jpg\",\"contentUrl\":\"https:\/\/coelectrix.com\/wp-content\/uploads\/2022\/09\/Monitor-de-baterias-Victron-Energy-Serie-BMV-700.jpg\",\"width\":600,\"height\":600,\"caption\":\"Monitor de bateria Victron Energy S\u00e9rie BMV-700\"},{\"@type\":\"BreadcrumbList\",\"@id\":\"https:\/\/coelectrix.com\/pt-pt\/produto\/monitor-de-bateria-victron-energy-bmv-700-series#breadcrumb\",\"itemListElement\":[{\"@type\":\"ListItem\",\"position\":1,\"name\":\"Portada\",\"item\":\"https:\/\/coelectrix.com\/\"},{\"@type\":\"ListItem\",\"position\":2,\"name\":\"Loja\",\"item\":\"https:\/\/coelectrix.com\/pt-pt\/loja\"},{\"@type\":\"ListItem\",\"position\":3,\"name\":\"Monitor de bateria Victron Energy S\u00e9rie BMV-700\"}]},{\"@type\":\"WebSite\",\"@id\":\"https:\/\/coelectrix.com\/pt-pt\/#website\",\"url\":\"https:\/\/coelectrix.com\/pt-pt\/\",\"name\":\"Coelectrix\",\"description\":\"Componentes el\u00e9ctricos\",\"publisher\":{\"@id\":\"https:\/\/coelectrix.com\/pt-pt\/#organization\"},\"potentialAction\":[{\"@type\":\"SearchAction\",\"target\":{\"@type\":\"EntryPoint\",\"urlTemplate\":\"https:\/\/coelectrix.com\/pt-pt\/?s={search_term_string}\"},\"query-input\":{\"@type\":\"PropertyValueSpecification\",\"valueRequired\":true,\"valueName\":\"search_term_string\"}}],\"inLanguage\":\"pt-PT\"},{\"@type\":\"Organization\",\"@id\":\"https:\/\/coelectrix.com\/pt-pt\/#organization\",\"name\":\"coelectrix.com\",\"url\":\"https:\/\/coelectrix.com\/pt-pt\/\",\"logo\":{\"@type\":\"ImageObject\",\"inLanguage\":\"pt-PT\",\"@id\":\"https:\/\/coelectrix.com\/pt-pt\/#\/schema\/logo\/image\/\",\"url\":\"https:\/\/coelectrix.com\/wp-content\/uploads\/2018\/05\/logo-coelectrix-400x400.jpg\",\"contentUrl\":\"https:\/\/coelectrix.com\/wp-content\/uploads\/2018\/05\/logo-coelectrix-400x400.jpg\",\"width\":300,\"height\":300,\"caption\":\"coelectrix.com\"},\"image\":{\"@id\":\"https:\/\/coelectrix.com\/pt-pt\/#\/schema\/logo\/image\/\"}}]}<\/script>\n<!-- \/ Yoast SEO plugin. -->","yoast_head_json":{"title":"\u25b7 Monitor de bateria Victron Energy S\u00e9rie BMV-700 | Coelectrix.com","description":"O BMV-700 \u00e9 um monitor de bateria altamente preciso. A principal fun\u00e7\u00e3o de um monitor de bateria \u00e9 calcular os amperes-hora consumidos.","robots":{"index":"index","follow":"follow","max-snippet":"max-snippet:-1","max-image-preview":"max-image-preview:large","max-video-preview":"max-video-preview:-1"},"canonical":"https:\/\/coelectrix.com\/pt-pt\/produto\/monitor-de-bateria-victron-energy-bmv-700-series","og_locale":"pt_PT","og_type":"article","og_title":"\u25b7 Monitor de bateria Victron Energy S\u00e9rie BMV-700 | Coelectrix.com","og_description":"O BMV-700 \u00e9 um monitor de bateria altamente preciso. A principal fun\u00e7\u00e3o de um monitor de bateria \u00e9 calcular os amperes-hora consumidos.","og_url":"https:\/\/coelectrix.com\/pt-pt\/produto\/monitor-de-bateria-victron-energy-bmv-700-series","og_site_name":"Coelectrix","article_modified_time":"2025-08-19T04:02:31+00:00","og_image":[{"width":600,"height":600,"url":"https:\/\/coelectrix.com\/wp-content\/uploads\/2022\/09\/Monitor-de-baterias-Victron-Energy-Serie-BMV-700.jpg","type":"image\/jpeg"}],"twitter_card":"summary_large_image","twitter_misc":{"Tempo estimado de leitura":"4 minutos"},"schema":{"@context":"https:\/\/schema.org","@graph":[{"@type":"WebPage","@id":"https:\/\/coelectrix.com\/pt-pt\/produto\/monitor-de-bateria-victron-energy-bmv-700-series","url":"https:\/\/coelectrix.com\/pt-pt\/produto\/monitor-de-bateria-victron-energy-bmv-700-series","name":"\u25b7 Monitor de bateria Victron Energy S\u00e9rie BMV-700 | Coelectrix.com","isPartOf":{"@id":"https:\/\/coelectrix.com\/pt-pt\/#website"},"primaryImageOfPage":{"@id":"https:\/\/coelectrix.com\/pt-pt\/produto\/monitor-de-bateria-victron-energy-bmv-700-series#primaryimage"},"image":{"@id":"https:\/\/coelectrix.com\/pt-pt\/produto\/monitor-de-bateria-victron-energy-bmv-700-series#primaryimage"},"thumbnailUrl":"https:\/\/coelectrix.com\/wp-content\/uploads\/2022\/09\/Monitor-de-baterias-Victron-Energy-Serie-BMV-700.jpg","datePublished":"2022-09-09T10:14:46+00:00","dateModified":"2025-08-19T04:02:31+00:00","description":"O BMV-700 \u00e9 um monitor de bateria altamente preciso. A principal fun\u00e7\u00e3o de um monitor de bateria \u00e9 calcular os amperes-hora consumidos.","breadcrumb":{"@id":"https:\/\/coelectrix.com\/pt-pt\/produto\/monitor-de-bateria-victron-energy-bmv-700-series#breadcrumb"},"inLanguage":"pt-PT","potentialAction":[{"@type":"ReadAction","target":["https:\/\/coelectrix.com\/pt-pt\/produto\/monitor-de-bateria-victron-energy-bmv-700-series"]}]},{"@type":"ImageObject","inLanguage":"pt-PT","@id":"https:\/\/coelectrix.com\/pt-pt\/produto\/monitor-de-bateria-victron-energy-bmv-700-series#primaryimage","url":"https:\/\/coelectrix.com\/wp-content\/uploads\/2022\/09\/Monitor-de-baterias-Victron-Energy-Serie-BMV-700.jpg","contentUrl":"https:\/\/coelectrix.com\/wp-content\/uploads\/2022\/09\/Monitor-de-baterias-Victron-Energy-Serie-BMV-700.jpg","width":600,"height":600,"caption":"Monitor de bateria Victron Energy S\u00e9rie BMV-700"},{"@type":"BreadcrumbList","@id":"https:\/\/coelectrix.com\/pt-pt\/produto\/monitor-de-bateria-victron-energy-bmv-700-series#breadcrumb","itemListElement":[{"@type":"ListItem","position":1,"name":"Portada","item":"https:\/\/coelectrix.com\/"},{"@type":"ListItem","position":2,"name":"Loja","item":"https:\/\/coelectrix.com\/pt-pt\/loja"},{"@type":"ListItem","position":3,"name":"Monitor de bateria Victron Energy S\u00e9rie BMV-700"}]},{"@type":"WebSite","@id":"https:\/\/coelectrix.com\/pt-pt\/#website","url":"https:\/\/coelectrix.com\/pt-pt\/","name":"Coelectrix","description":"Componentes el\u00e9ctricos","publisher":{"@id":"https:\/\/coelectrix.com\/pt-pt\/#organization"},"potentialAction":[{"@type":"SearchAction","target":{"@type":"EntryPoint","urlTemplate":"https:\/\/coelectrix.com\/pt-pt\/?s={search_term_string}"},"query-input":{"@type":"PropertyValueSpecification","valueRequired":true,"valueName":"search_term_string"}}],"inLanguage":"pt-PT"},{"@type":"Organization","@id":"https:\/\/coelectrix.com\/pt-pt\/#organization","name":"coelectrix.com","url":"https:\/\/coelectrix.com\/pt-pt\/","logo":{"@type":"ImageObject","inLanguage":"pt-PT","@id":"https:\/\/coelectrix.com\/pt-pt\/#\/schema\/logo\/image\/","url":"https:\/\/coelectrix.com\/wp-content\/uploads\/2018\/05\/logo-coelectrix-400x400.jpg","contentUrl":"https:\/\/coelectrix.com\/wp-content\/uploads\/2018\/05\/logo-coelectrix-400x400.jpg","width":300,"height":300,"caption":"coelectrix.com"},"image":{"@id":"https:\/\/coelectrix.com\/pt-pt\/#\/schema\/logo\/image\/"}}]}},"_links":{"self":[{"href":"https:\/\/coelectrix.com\/pt-pt\/wp-json\/wp\/v2\/product\/77016","targetHints":{"allow":["GET"]}}],"collection":[{"href":"https:\/\/coelectrix.com\/pt-pt\/wp-json\/wp\/v2\/product"}],"about":[{"href":"https:\/\/coelectrix.com\/pt-pt\/wp-json\/wp\/v2\/types\/product"}],"version-history":[{"count":1,"href":"https:\/\/coelectrix.com\/pt-pt\/wp-json\/wp\/v2\/product\/77016\/revisions"}],"predecessor-version":[{"id":77151,"href":"https:\/\/coelectrix.com\/pt-pt\/wp-json\/wp\/v2\/product\/77016\/revisions\/77151"}],"wp:featuredmedia":[{"embeddable":true,"href":"https:\/\/coelectrix.com\/pt-pt\/wp-json\/wp\/v2\/media\/73987"}],"wp:attachment":[{"href":"https:\/\/coelectrix.com\/pt-pt\/wp-json\/wp\/v2\/media?parent=77016"}],"wp:term":[{"taxonomy":"product_brand","embeddable":true,"href":"https:\/\/coelectrix.com\/pt-pt\/wp-json\/wp\/v2\/product_brand?post=77016"},{"taxonomy":"product_cat","embeddable":true,"href":"https:\/\/coelectrix.com\/pt-pt\/wp-json\/wp\/v2\/product_cat?post=77016"},{"taxonomy":"product_tag","embeddable":true,"href":"https:\/\/coelectrix.com\/pt-pt\/wp-json\/wp\/v2\/product_tag?post=77016"}],"curies":[{"name":"wp","href":"https:\/\/api.w.org\/{rel}","templated":true}]}}