{"id":77024,"date":"2024-08-30T12:10:19","date_gmt":"2024-08-30T10:10:19","guid":{"rendered":"https:\/\/coelectrix.com\/producto\/90-pecas-termorretracteis-sortidas-para-cabos-de-bateria"},"modified":"2025-08-19T06:00:42","modified_gmt":"2025-08-19T04:00:42","slug":"90-pecas-termorretracteis-sortidas-para-cabos-de-bateria","status":"publish","type":"product","link":"https:\/\/coelectrix.com\/pt-pt\/produto\/termoretractil-variavel-90-pecas-para-cabos-de-bateria","title":{"rendered":"90 pe\u00e7as termorretr\u00e1cteis sortidas para cabos de bateria"},"content":{"rendered":"<h2 style=\"text-align: left;\"><strong>90 pe\u00e7as termorretr\u00e1cteis sortidas para cabos de bateria<\/strong><\/h2>\n<p>Sortido de pel\u00edcula termorretr\u00e1ctil nos di\u00e2metros 9, 15 e 20mm<\/p>\n<p>Inclui uma caixa organizadora de pl\u00e1stico para arruma\u00e7\u00e3o e transporte.<\/p>\n<p>O pacote inclui:<\/p>\n<ul>\n<li>15 pe\u00e7as de 9cm de di\u00e2metro 9mm termo-retr\u00e1til 9mm de di\u00e2metro Cor vermelha.<\/li>\n<li>15 unidades de 9 cm de di\u00e2metro termorretr\u00e1ctil de 9 mm de cor preta<\/li>\n<li>15 pe\u00e7as de 9cm termorrectr\u00e1cteis de 9mm de di\u00e2metro e 15mm de di\u00e2metro de cor vermelha<\/li>\n<li>15 pe\u00e7as de 9cm termo-retr\u00e1cteis de 9mm de di\u00e2metro 15mm de di\u00e2metro Cor preta<\/li>\n<li>15 unidades de 9 cm termorretr\u00e1ctil com 9 mm de di\u00e2metro e 20 mm de di\u00e2metro Cor vermelha<\/li>\n<li>15 unidades de 9 cm termorretr\u00e1cteis com 20 mm de di\u00e2metro Cor preta<\/li>\n<li>Mala organizadora de pl\u00e1stico.<\/li>\n<\/ul>\n<p>Tamb\u00e9m temos termo-retr\u00e1cteis em todos os tamanhos e vendemos ao metro. <a href=\"http:\/\/www.coelectrix.com\/producto\/tubo-termoretractil-negro-tira-de-2-mt\">aqui<\/a><\/p>\n<p> <b>A tubagem term<\/b>orretr\u00e1ctil<i>, <\/i> ou <b>macarr\u00e3o termorretr\u00e1ctil<\/b>, \u00e9 uma pel\u00edcula, de v\u00e1rias formas e tamanhos, que, quando sujeita a uma fonte de calor (forno, chama, ar quente, etc.), encolhe at\u00e9 cerca de 50% do seu tamanho inicial, com elevada ader\u00eancia ao objeto em torno do qual \u00e9 enrolada. Ap\u00f3s arrefecimento, a pel\u00edcula mant\u00e9m a sua nova forma.<\/p>\n<p>Este princ\u00edpio \u00e9 utilizado para envolver objectos para garantir a sua estabilidade e prote\u00e7\u00e3o. \u00c9 aplicado, por exemplo, na embalagem de mercadorias em paletes ou em mangas retr\u00e1cteis utilizadas em eletr\u00f3nica para tornar mais s\u00f3lidos os <a title=\"Conector el\u00e9ctrico\" href=\"https:\/\/es.wikipedia.org\/wiki\/Conector_el%C3%A9ctrico\">conectores el\u00e9ctricos<\/a> ou as baterias.<\/p>\n","protected":false},"excerpt":{"rendered":"<h2 style=\"text-align: left;\">Termo-retr\u00e1til sortido 45 pe\u00e7as vermelhas e 45 pe\u00e7as pretas<\/h2>\n<ul>\n<li>15 pe\u00e7as de 9mm. preto de 9cm.<\/li>\n<li>15 pe\u00e7as de 15mm. preto de 9cm.<\/li>\n<li>15 pe\u00e7as de 20mm. preto de 9cm.<\/li>\n<li>15 pe\u00e7as de 9mm. vermelho 9cm.<\/li>\n<li>15 pe\u00e7as de 15mm. vermelho 9cm.<\/li>\n<li>15 pe\u00e7as de 20mm. vermelho 9cm.<\/li>\n<li>Caixa organizadora de pl\u00e1stico.<\/li>\n<\/ul>\n<p>Com estes tamanhos de pel\u00edcula termorretr\u00e1ctil pode cobrir cabos de bateria de 6mm2 at\u00e9 95mm2.<\/p>\n<p><img decoding=\"async\" class=\"alignnone size-full wp-image-715\" src=\"https:\/\/coelectrix.com\/wp-content\/uploads\/2016\/09\/payment-logo-1.png\" alt=\"payment-logo\" width=\"245\" height=\"62\" srcset=\"https:\/\/coelectrix.com\/wp-content\/uploads\/2016\/09\/payment-logo-1.png 245w, https:\/\/coelectrix.com\/wp-content\/uploads\/2016\/09\/payment-logo-1-64x16.png 64w\" sizes=\"(max-width: 245px) 100vw, 245px\" \/><\/p>\n","protected":false},"featured_media":74519,"template":"","meta":{"_acf_changed":false},"product_brand":[],"product_cat":[1406],"product_tag":[],"class_list":{"0":"post-77024","1":"product","2":"type-product","3":"status-publish","4":"has-post-thumbnail","6":"product_cat-tubos-termorretracteis","8":"first","9":"instock","10":"taxable","11":"shipping-taxable","12":"purchasable","13":"product-type-simple"},"acf":[],"yoast_head":"<!-- This site is optimized with the Yoast SEO plugin v27.2 - https:\/\/yoast.com\/product\/yoast-seo-wordpress\/ -->\n<title>\u25b7 90 pe\u00e7as termorretr\u00e1cteis sortidas para cabos de bateria | Coelectrix.com<\/title>\n<meta name=\"description\" content=\"Material termo-retr\u00e1til sortido com di\u00e2metros de 9, 15 e 20 mm cortado em peda\u00e7os de 9 cm. Inclui uma caixa organizadora de pl\u00e1stico para arruma\u00e7\u00e3o.\" \/>\n<meta name=\"robots\" content=\"index, follow, max-snippet:-1, max-image-preview:large, max-video-preview:-1\" \/>\n<link rel=\"canonical\" href=\"https:\/\/coelectrix.com\/pt-pt\/produto\/termoretractil-variavel-90-pecas-para-cabos-de-bateria\" \/>\n<meta property=\"og:locale\" content=\"pt_PT\" \/>\n<meta property=\"og:type\" content=\"article\" \/>\n<meta property=\"og:title\" content=\"\u25b7 90 pe\u00e7as termorretr\u00e1cteis sortidas para cabos de bateria | Coelectrix.com\" \/>\n<meta property=\"og:description\" content=\"Material termo-retr\u00e1til sortido com di\u00e2metros de 9, 15 e 20 mm cortado em peda\u00e7os de 9 cm. Inclui uma caixa organizadora de pl\u00e1stico para arruma\u00e7\u00e3o.\" \/>\n<meta property=\"og:url\" content=\"https:\/\/coelectrix.com\/pt-pt\/produto\/termoretractil-variavel-90-pecas-para-cabos-de-bateria\" \/>\n<meta property=\"og:site_name\" content=\"Coelectrix\" \/>\n<meta property=\"article:modified_time\" content=\"2025-08-19T04:00:42+00:00\" \/>\n<meta property=\"og:image\" content=\"https:\/\/coelectrix.com\/wp-content\/uploads\/2024\/08\/termorretractil-maletin-2.jpg\" \/>\n\t<meta property=\"og:image:width\" content=\"2520\" \/>\n\t<meta property=\"og:image:height\" content=\"1738\" \/>\n\t<meta property=\"og:image:type\" content=\"image\/jpeg\" \/>\n<meta name=\"twitter:card\" content=\"summary_large_image\" \/>\n<meta name=\"twitter:label1\" content=\"Tempo estimado de leitura\" \/>\n\t<meta name=\"twitter:data1\" content=\"1 minuto\" \/>\n<script type=\"application\/ld+json\" class=\"yoast-schema-graph\">{\"@context\":\"https:\/\/schema.org\",\"@graph\":[{\"@type\":\"WebPage\",\"@id\":\"https:\/\/coelectrix.com\/pt-pt\/produto\/termoretractil-variavel-90-pecas-para-cabos-de-bateria\",\"url\":\"https:\/\/coelectrix.com\/pt-pt\/produto\/termoretractil-variavel-90-pecas-para-cabos-de-bateria\",\"name\":\"\u25b7 90 pe\u00e7as termorretr\u00e1cteis sortidas para cabos de bateria | Coelectrix.com\",\"isPartOf\":{\"@id\":\"https:\/\/coelectrix.com\/pt-pt\/#website\"},\"primaryImageOfPage\":{\"@id\":\"https:\/\/coelectrix.com\/pt-pt\/produto\/termoretractil-variavel-90-pecas-para-cabos-de-bateria#primaryimage\"},\"image\":{\"@id\":\"https:\/\/coelectrix.com\/pt-pt\/produto\/termoretractil-variavel-90-pecas-para-cabos-de-bateria#primaryimage\"},\"thumbnailUrl\":\"https:\/\/coelectrix.com\/wp-content\/uploads\/2024\/08\/termorretractil-maletin-2.jpg\",\"datePublished\":\"2024-08-30T10:10:19+00:00\",\"dateModified\":\"2025-08-19T04:00:42+00:00\",\"description\":\"Material termo-retr\u00e1til sortido com di\u00e2metros de 9, 15 e 20 mm cortado em peda\u00e7os de 9 cm. Inclui uma caixa organizadora de pl\u00e1stico para arruma\u00e7\u00e3o.\",\"breadcrumb\":{\"@id\":\"https:\/\/coelectrix.com\/pt-pt\/produto\/termoretractil-variavel-90-pecas-para-cabos-de-bateria#breadcrumb\"},\"inLanguage\":\"pt-PT\",\"potentialAction\":[{\"@type\":\"ReadAction\",\"target\":[\"https:\/\/coelectrix.com\/pt-pt\/produto\/termoretractil-variavel-90-pecas-para-cabos-de-bateria\"]}]},{\"@type\":\"ImageObject\",\"inLanguage\":\"pt-PT\",\"@id\":\"https:\/\/coelectrix.com\/pt-pt\/produto\/termoretractil-variavel-90-pecas-para-cabos-de-bateria#primaryimage\",\"url\":\"https:\/\/coelectrix.com\/wp-content\/uploads\/2024\/08\/termorretractil-maletin-2.jpg\",\"contentUrl\":\"https:\/\/coelectrix.com\/wp-content\/uploads\/2024\/08\/termorretractil-maletin-2.jpg\",\"width\":2520,\"height\":1738,\"caption\":\"caixa termorretr\u00e1ctil\"},{\"@type\":\"BreadcrumbList\",\"@id\":\"https:\/\/coelectrix.com\/pt-pt\/produto\/termoretractil-variavel-90-pecas-para-cabos-de-bateria#breadcrumb\",\"itemListElement\":[{\"@type\":\"ListItem\",\"position\":1,\"name\":\"Portada\",\"item\":\"https:\/\/coelectrix.com\/\"},{\"@type\":\"ListItem\",\"position\":2,\"name\":\"Loja\",\"item\":\"https:\/\/coelectrix.com\/pt-pt\/loja\"},{\"@type\":\"ListItem\",\"position\":3,\"name\":\"90 pe\u00e7as termorretr\u00e1cteis sortidas para cabos de bateria\"}]},{\"@type\":\"WebSite\",\"@id\":\"https:\/\/coelectrix.com\/pt-pt\/#website\",\"url\":\"https:\/\/coelectrix.com\/pt-pt\/\",\"name\":\"Coelectrix\",\"description\":\"Componentes el\u00e9ctricos\",\"publisher\":{\"@id\":\"https:\/\/coelectrix.com\/pt-pt\/#organization\"},\"potentialAction\":[{\"@type\":\"SearchAction\",\"target\":{\"@type\":\"EntryPoint\",\"urlTemplate\":\"https:\/\/coelectrix.com\/pt-pt\/?s={search_term_string}\"},\"query-input\":{\"@type\":\"PropertyValueSpecification\",\"valueRequired\":true,\"valueName\":\"search_term_string\"}}],\"inLanguage\":\"pt-PT\"},{\"@type\":\"Organization\",\"@id\":\"https:\/\/coelectrix.com\/pt-pt\/#organization\",\"name\":\"coelectrix.com\",\"url\":\"https:\/\/coelectrix.com\/pt-pt\/\",\"logo\":{\"@type\":\"ImageObject\",\"inLanguage\":\"pt-PT\",\"@id\":\"https:\/\/coelectrix.com\/pt-pt\/#\/schema\/logo\/image\/\",\"url\":\"https:\/\/coelectrix.com\/wp-content\/uploads\/2018\/05\/logo-coelectrix-400x400.jpg\",\"contentUrl\":\"https:\/\/coelectrix.com\/wp-content\/uploads\/2018\/05\/logo-coelectrix-400x400.jpg\",\"width\":300,\"height\":300,\"caption\":\"coelectrix.com\"},\"image\":{\"@id\":\"https:\/\/coelectrix.com\/pt-pt\/#\/schema\/logo\/image\/\"}}]}<\/script>\n<!-- \/ Yoast SEO plugin. -->","yoast_head_json":{"title":"\u25b7 90 pe\u00e7as termorretr\u00e1cteis sortidas para cabos de bateria | Coelectrix.com","description":"Material termo-retr\u00e1til sortido com di\u00e2metros de 9, 15 e 20 mm cortado em peda\u00e7os de 9 cm. Inclui uma caixa organizadora de pl\u00e1stico para arruma\u00e7\u00e3o.","robots":{"index":"index","follow":"follow","max-snippet":"max-snippet:-1","max-image-preview":"max-image-preview:large","max-video-preview":"max-video-preview:-1"},"canonical":"https:\/\/coelectrix.com\/pt-pt\/produto\/termoretractil-variavel-90-pecas-para-cabos-de-bateria","og_locale":"pt_PT","og_type":"article","og_title":"\u25b7 90 pe\u00e7as termorretr\u00e1cteis sortidas para cabos de bateria | Coelectrix.com","og_description":"Material termo-retr\u00e1til sortido com di\u00e2metros de 9, 15 e 20 mm cortado em peda\u00e7os de 9 cm. Inclui uma caixa organizadora de pl\u00e1stico para arruma\u00e7\u00e3o.","og_url":"https:\/\/coelectrix.com\/pt-pt\/produto\/termoretractil-variavel-90-pecas-para-cabos-de-bateria","og_site_name":"Coelectrix","article_modified_time":"2025-08-19T04:00:42+00:00","og_image":[{"width":2520,"height":1738,"url":"https:\/\/coelectrix.com\/wp-content\/uploads\/2024\/08\/termorretractil-maletin-2.jpg","type":"image\/jpeg"}],"twitter_card":"summary_large_image","twitter_misc":{"Tempo estimado de leitura":"1 minuto"},"schema":{"@context":"https:\/\/schema.org","@graph":[{"@type":"WebPage","@id":"https:\/\/coelectrix.com\/pt-pt\/produto\/termoretractil-variavel-90-pecas-para-cabos-de-bateria","url":"https:\/\/coelectrix.com\/pt-pt\/produto\/termoretractil-variavel-90-pecas-para-cabos-de-bateria","name":"\u25b7 90 pe\u00e7as termorretr\u00e1cteis sortidas para cabos de bateria | Coelectrix.com","isPartOf":{"@id":"https:\/\/coelectrix.com\/pt-pt\/#website"},"primaryImageOfPage":{"@id":"https:\/\/coelectrix.com\/pt-pt\/produto\/termoretractil-variavel-90-pecas-para-cabos-de-bateria#primaryimage"},"image":{"@id":"https:\/\/coelectrix.com\/pt-pt\/produto\/termoretractil-variavel-90-pecas-para-cabos-de-bateria#primaryimage"},"thumbnailUrl":"https:\/\/coelectrix.com\/wp-content\/uploads\/2024\/08\/termorretractil-maletin-2.jpg","datePublished":"2024-08-30T10:10:19+00:00","dateModified":"2025-08-19T04:00:42+00:00","description":"Material termo-retr\u00e1til sortido com di\u00e2metros de 9, 15 e 20 mm cortado em peda\u00e7os de 9 cm. Inclui uma caixa organizadora de pl\u00e1stico para arruma\u00e7\u00e3o.","breadcrumb":{"@id":"https:\/\/coelectrix.com\/pt-pt\/produto\/termoretractil-variavel-90-pecas-para-cabos-de-bateria#breadcrumb"},"inLanguage":"pt-PT","potentialAction":[{"@type":"ReadAction","target":["https:\/\/coelectrix.com\/pt-pt\/produto\/termoretractil-variavel-90-pecas-para-cabos-de-bateria"]}]},{"@type":"ImageObject","inLanguage":"pt-PT","@id":"https:\/\/coelectrix.com\/pt-pt\/produto\/termoretractil-variavel-90-pecas-para-cabos-de-bateria#primaryimage","url":"https:\/\/coelectrix.com\/wp-content\/uploads\/2024\/08\/termorretractil-maletin-2.jpg","contentUrl":"https:\/\/coelectrix.com\/wp-content\/uploads\/2024\/08\/termorretractil-maletin-2.jpg","width":2520,"height":1738,"caption":"caixa termorretr\u00e1ctil"},{"@type":"BreadcrumbList","@id":"https:\/\/coelectrix.com\/pt-pt\/produto\/termoretractil-variavel-90-pecas-para-cabos-de-bateria#breadcrumb","itemListElement":[{"@type":"ListItem","position":1,"name":"Portada","item":"https:\/\/coelectrix.com\/"},{"@type":"ListItem","position":2,"name":"Loja","item":"https:\/\/coelectrix.com\/pt-pt\/loja"},{"@type":"ListItem","position":3,"name":"90 pe\u00e7as termorretr\u00e1cteis sortidas para cabos de bateria"}]},{"@type":"WebSite","@id":"https:\/\/coelectrix.com\/pt-pt\/#website","url":"https:\/\/coelectrix.com\/pt-pt\/","name":"Coelectrix","description":"Componentes el\u00e9ctricos","publisher":{"@id":"https:\/\/coelectrix.com\/pt-pt\/#organization"},"potentialAction":[{"@type":"SearchAction","target":{"@type":"EntryPoint","urlTemplate":"https:\/\/coelectrix.com\/pt-pt\/?s={search_term_string}"},"query-input":{"@type":"PropertyValueSpecification","valueRequired":true,"valueName":"search_term_string"}}],"inLanguage":"pt-PT"},{"@type":"Organization","@id":"https:\/\/coelectrix.com\/pt-pt\/#organization","name":"coelectrix.com","url":"https:\/\/coelectrix.com\/pt-pt\/","logo":{"@type":"ImageObject","inLanguage":"pt-PT","@id":"https:\/\/coelectrix.com\/pt-pt\/#\/schema\/logo\/image\/","url":"https:\/\/coelectrix.com\/wp-content\/uploads\/2018\/05\/logo-coelectrix-400x400.jpg","contentUrl":"https:\/\/coelectrix.com\/wp-content\/uploads\/2018\/05\/logo-coelectrix-400x400.jpg","width":300,"height":300,"caption":"coelectrix.com"},"image":{"@id":"https:\/\/coelectrix.com\/pt-pt\/#\/schema\/logo\/image\/"}}]}},"_links":{"self":[{"href":"https:\/\/coelectrix.com\/pt-pt\/wp-json\/wp\/v2\/product\/77024","targetHints":{"allow":["GET"]}}],"collection":[{"href":"https:\/\/coelectrix.com\/pt-pt\/wp-json\/wp\/v2\/product"}],"about":[{"href":"https:\/\/coelectrix.com\/pt-pt\/wp-json\/wp\/v2\/types\/product"}],"version-history":[{"count":1,"href":"https:\/\/coelectrix.com\/pt-pt\/wp-json\/wp\/v2\/product\/77024\/revisions"}],"predecessor-version":[{"id":77131,"href":"https:\/\/coelectrix.com\/pt-pt\/wp-json\/wp\/v2\/product\/77024\/revisions\/77131"}],"wp:featuredmedia":[{"embeddable":true,"href":"https:\/\/coelectrix.com\/pt-pt\/wp-json\/wp\/v2\/media\/74519"}],"wp:attachment":[{"href":"https:\/\/coelectrix.com\/pt-pt\/wp-json\/wp\/v2\/media?parent=77024"}],"wp:term":[{"taxonomy":"product_brand","embeddable":true,"href":"https:\/\/coelectrix.com\/pt-pt\/wp-json\/wp\/v2\/product_brand?post=77024"},{"taxonomy":"product_cat","embeddable":true,"href":"https:\/\/coelectrix.com\/pt-pt\/wp-json\/wp\/v2\/product_cat?post=77024"},{"taxonomy":"product_tag","embeddable":true,"href":"https:\/\/coelectrix.com\/pt-pt\/wp-json\/wp\/v2\/product_tag?post=77024"}],"curies":[{"name":"wp","href":"https:\/\/api.w.org\/{rel}","templated":true}]}}