{"id":77025,"date":"2023-08-24T09:48:04","date_gmt":"2023-08-24T07:48:04","guid":{"rendered":"https:\/\/coelectrix.com\/producto\/adesivo-termo-retratil-adesivo-interno-mini-box"},"modified":"2025-08-19T06:01:23","modified_gmt":"2025-08-19T04:01:23","slug":"adesivo-termo-retratil-adesivo-interno-mini-box","status":"publish","type":"product","link":"https:\/\/coelectrix.com\/pt-pt\/produto\/termoretractiladesivo-mini-caixa-todas-as-medidas-copia","title":{"rendered":"Adesivo termo-retr\u00e1til Adesivo interno Mini Box"},"content":{"rendered":"<h2><strong>Mini caixa adesiva termorretr\u00e1ctil<\/strong><\/h2>\n<p><strong>Tubo termo<\/strong> -retr\u00e1til <strong>adesivo interno <\/strong>apresentado numa mini caixa de diferentes metros, consoante a largura da <strong>manga termo-retr\u00e1til adesiva<\/strong>.<\/p>\n<p><img decoding=\"async\" class=\"wp-image-53488 alignleft\" src=\"https:\/\/coelectrix.com\/wp-content\/uploads\/2023\/08\/termoretractil-con-adhesivo-300x300.jpg\" alt=\"\" width=\"197\" height=\"197\" srcset=\"https:\/\/coelectrix.com\/wp-content\/uploads\/2023\/08\/termoretractil-con-adhesivo-300x300.jpg 300w, https:\/\/coelectrix.com\/wp-content\/uploads\/2023\/08\/termoretractil-con-adhesivo-150x150.jpg 150w, https:\/\/coelectrix.com\/wp-content\/uploads\/2023\/08\/termoretractil-con-adhesivo-196x196.jpg 196w, https:\/\/coelectrix.com\/wp-content\/uploads\/2023\/08\/termoretractil-con-adhesivo-416x416.jpg 416w, https:\/\/coelectrix.com\/wp-content\/uploads\/2023\/08\/termoretractil-con-adhesivo-100x100.jpg 100w, https:\/\/coelectrix.com\/wp-content\/uploads\/2023\/08\/termoretractil-con-adhesivo-50x50.jpg 50w, https:\/\/coelectrix.com\/wp-content\/uploads\/2023\/08\/termoretractil-con-adhesivo.jpg 600w\" sizes=\"(max-width: 197px) 100vw, 197px\" \/><\/p>\n<h2><strong>Carater\u00edsticas da manga termorretr\u00e1ctil com adesivo interno<\/strong><\/h2>\n<p>Quando \u00e9 aplicado calor, este adesivo derrete e o tubo termorretr\u00e1ctil encolhe, formando assim uma veda\u00e7\u00e3o muito mais forte e protegendo-o da humidade, sujidade e outros contaminantes.<\/p>\n<p>O tubo termorretr\u00e1ctil de parede dupla com adesivo de fus\u00e3o proporciona uma elevada resist\u00eancia mec\u00e2nica e impede a entrada de fluidos, humidade e corros\u00e3o. \u00c9 utilizado numa grande variedade de aplica\u00e7\u00f5es em que estas carater\u00edsticas s\u00e3o necess\u00e1rias, como a veda\u00e7\u00e3o de conectores, bifurca\u00e7\u00f5es ou deriva\u00e7\u00f5es em instala\u00e7\u00f5es.<\/p>\n<p><img fetchpriority=\"high\" decoding=\"async\" class=\"alignnone wp-image-53477\" src=\"https:\/\/coelectrix.com\/wp-content\/uploads\/2023\/08\/medidas-termo-adh-1024x286.jpg\" alt=\"\" width=\"809\" height=\"226\" srcset=\"https:\/\/coelectrix.com\/wp-content\/uploads\/2023\/08\/medidas-termo-adh-1024x286.jpg 1024w, https:\/\/coelectrix.com\/wp-content\/uploads\/2023\/08\/medidas-termo-adh-300x84.jpg 300w, https:\/\/coelectrix.com\/wp-content\/uploads\/2023\/08\/medidas-termo-adh-768x215.jpg 768w, https:\/\/coelectrix.com\/wp-content\/uploads\/2023\/08\/medidas-termo-adh-1536x429.jpg 1536w, https:\/\/coelectrix.com\/wp-content\/uploads\/2023\/08\/medidas-termo-adh-416x116.jpg 416w, https:\/\/coelectrix.com\/wp-content\/uploads\/2023\/08\/medidas-termo-adh.jpg 1568w\" sizes=\"(max-width: 809px) 100vw, 809px\" \/><\/p>\n","protected":false},"excerpt":{"rendered":"<p><strong>Termo-retr\u00e1til com adesivo interno (parede dupla) HFT em caixa dispensadora.<\/strong><\/p>\n<p>Cor: Preto<br \/>\nRetra\u00e7\u00e3o: 3:1<\/p>\n<p>Todos os tamanhos e metros dispon\u00edveis no menu suspenso.<\/p>\n<p><img decoding=\"async\" class=\"alignnone size-full wp-image-715\" src=\"http:\/\/www.coelectrix.com\/wp-content\/uploads\/2016\/09\/payment-logo-1.png\" alt=\"\" width=\"245\" height=\"62\" srcset=\"https:\/\/coelectrix.com\/wp-content\/uploads\/2016\/09\/payment-logo-1.png 245w, https:\/\/coelectrix.com\/wp-content\/uploads\/2016\/09\/payment-logo-1-64x16.png 64w\" sizes=\"(max-width: 245px) 100vw, 245px\" \/><\/p>\n","protected":false},"featured_media":72574,"template":"","meta":{"_acf_changed":false},"product_brand":[],"product_cat":[1333,1406],"product_tag":[],"class_list":{"0":"post-77025","1":"product","2":"type-product","3":"status-publish","4":"has-post-thumbnail","6":"product_cat-tubo-termo-retratil-com-adesivo-interno","7":"product_cat-tubos-termorretracteis","9":"first","10":"instock","11":"taxable","12":"shipping-taxable","13":"purchasable","14":"product-type-variable"},"acf":[],"yoast_head":"<!-- This site is optimized with the Yoast SEO plugin v27.2 - https:\/\/yoast.com\/product\/yoast-seo-wordpress\/ -->\n<title>Adesivo termo-retr\u00e1til Adesivo interno Mini Box | Todos os tamanhos<\/title>\n<meta name=\"description\" content=\"Caixa Mini Adesivo Thermoretractil | Venda online de adesivo thermoretractil em caixa dispensadora, todos os tamanhos | Os melhores pre\u00e7os | Coelectrix.com\" \/>\n<meta name=\"robots\" content=\"index, follow, max-snippet:-1, max-image-preview:large, max-video-preview:-1\" \/>\n<link rel=\"canonical\" href=\"https:\/\/coelectrix.com\/pt-pt\/produto\/termoretractiladesivo-mini-caixa-todas-as-medidas-copia\" \/>\n<meta property=\"og:locale\" content=\"pt_PT\" \/>\n<meta property=\"og:type\" content=\"article\" \/>\n<meta property=\"og:title\" content=\"Adesivo termo-retr\u00e1til Adesivo interno Mini Box | Todos os tamanhos\" \/>\n<meta property=\"og:description\" content=\"Caixa Mini Adesivo Thermoretractil | Venda online de adesivo thermoretractil em caixa dispensadora, todos os tamanhos | Os melhores pre\u00e7os | Coelectrix.com\" \/>\n<meta property=\"og:url\" content=\"https:\/\/coelectrix.com\/pt-pt\/produto\/termoretractiladesivo-mini-caixa-todas-as-medidas-copia\" \/>\n<meta property=\"og:site_name\" content=\"Coelectrix\" \/>\n<meta property=\"article:modified_time\" content=\"2025-08-19T04:01:23+00:00\" \/>\n<meta property=\"og:image\" content=\"https:\/\/coelectrix.com\/wp-content\/uploads\/2017\/01\/termoretractil-box-ebay.jpg\" \/>\n\t<meta property=\"og:image:width\" content=\"500\" \/>\n\t<meta property=\"og:image:height\" content=\"500\" \/>\n\t<meta property=\"og:image:type\" content=\"image\/jpeg\" \/>\n<meta name=\"twitter:card\" content=\"summary_large_image\" \/>\n<meta name=\"twitter:label1\" content=\"Tempo estimado de leitura\" \/>\n\t<meta name=\"twitter:data1\" content=\"1 minuto\" \/>\n<script type=\"application\/ld+json\" class=\"yoast-schema-graph\">{\"@context\":\"https:\/\/schema.org\",\"@graph\":[{\"@type\":\"WebPage\",\"@id\":\"https:\/\/coelectrix.com\/pt-pt\/produto\/termoretractiladesivo-mini-caixa-todas-as-medidas-copia\",\"url\":\"https:\/\/coelectrix.com\/pt-pt\/produto\/termoretractiladesivo-mini-caixa-todas-as-medidas-copia\",\"name\":\"Adesivo termo-retr\u00e1til Adesivo interno Mini Box | Todos os tamanhos\",\"isPartOf\":{\"@id\":\"https:\/\/coelectrix.com\/pt-pt\/#website\"},\"primaryImageOfPage\":{\"@id\":\"https:\/\/coelectrix.com\/pt-pt\/produto\/termoretractiladesivo-mini-caixa-todas-as-medidas-copia#primaryimage\"},\"image\":{\"@id\":\"https:\/\/coelectrix.com\/pt-pt\/produto\/termoretractiladesivo-mini-caixa-todas-as-medidas-copia#primaryimage\"},\"thumbnailUrl\":\"https:\/\/coelectrix.com\/wp-content\/uploads\/2017\/01\/termoretractil-box-ebay.jpg\",\"datePublished\":\"2023-08-24T07:48:04+00:00\",\"dateModified\":\"2025-08-19T04:01:23+00:00\",\"description\":\"Caixa Mini Adesivo Thermoretractil | Venda online de adesivo thermoretractil em caixa dispensadora, todos os tamanhos | Os melhores pre\u00e7os | Coelectrix.com\",\"breadcrumb\":{\"@id\":\"https:\/\/coelectrix.com\/pt-pt\/produto\/termoretractiladesivo-mini-caixa-todas-as-medidas-copia#breadcrumb\"},\"inLanguage\":\"pt-PT\",\"potentialAction\":[{\"@type\":\"ReadAction\",\"target\":[\"https:\/\/coelectrix.com\/pt-pt\/produto\/termoretractiladesivo-mini-caixa-todas-as-medidas-copia\"]}]},{\"@type\":\"ImageObject\",\"inLanguage\":\"pt-PT\",\"@id\":\"https:\/\/coelectrix.com\/pt-pt\/produto\/termoretractiladesivo-mini-caixa-todas-as-medidas-copia#primaryimage\",\"url\":\"https:\/\/coelectrix.com\/wp-content\/uploads\/2017\/01\/termoretractil-box-ebay.jpg\",\"contentUrl\":\"https:\/\/coelectrix.com\/wp-content\/uploads\/2017\/01\/termoretractil-box-ebay.jpg\",\"width\":500,\"height\":500,\"caption\":\"mini caixa termorretr\u00e1ctil adesiva\"},{\"@type\":\"BreadcrumbList\",\"@id\":\"https:\/\/coelectrix.com\/pt-pt\/produto\/termoretractiladesivo-mini-caixa-todas-as-medidas-copia#breadcrumb\",\"itemListElement\":[{\"@type\":\"ListItem\",\"position\":1,\"name\":\"Portada\",\"item\":\"https:\/\/coelectrix.com\/\"},{\"@type\":\"ListItem\",\"position\":2,\"name\":\"Loja\",\"item\":\"https:\/\/coelectrix.com\/pt-pt\/loja\"},{\"@type\":\"ListItem\",\"position\":3,\"name\":\"Adesivo termo-retr\u00e1til Adesivo interno Mini Box\"}]},{\"@type\":\"WebSite\",\"@id\":\"https:\/\/coelectrix.com\/pt-pt\/#website\",\"url\":\"https:\/\/coelectrix.com\/pt-pt\/\",\"name\":\"Coelectrix\",\"description\":\"Componentes el\u00e9ctricos\",\"publisher\":{\"@id\":\"https:\/\/coelectrix.com\/pt-pt\/#organization\"},\"potentialAction\":[{\"@type\":\"SearchAction\",\"target\":{\"@type\":\"EntryPoint\",\"urlTemplate\":\"https:\/\/coelectrix.com\/pt-pt\/?s={search_term_string}\"},\"query-input\":{\"@type\":\"PropertyValueSpecification\",\"valueRequired\":true,\"valueName\":\"search_term_string\"}}],\"inLanguage\":\"pt-PT\"},{\"@type\":\"Organization\",\"@id\":\"https:\/\/coelectrix.com\/pt-pt\/#organization\",\"name\":\"coelectrix.com\",\"url\":\"https:\/\/coelectrix.com\/pt-pt\/\",\"logo\":{\"@type\":\"ImageObject\",\"inLanguage\":\"pt-PT\",\"@id\":\"https:\/\/coelectrix.com\/pt-pt\/#\/schema\/logo\/image\/\",\"url\":\"https:\/\/coelectrix.com\/wp-content\/uploads\/2018\/05\/logo-coelectrix-400x400.jpg\",\"contentUrl\":\"https:\/\/coelectrix.com\/wp-content\/uploads\/2018\/05\/logo-coelectrix-400x400.jpg\",\"width\":300,\"height\":300,\"caption\":\"coelectrix.com\"},\"image\":{\"@id\":\"https:\/\/coelectrix.com\/pt-pt\/#\/schema\/logo\/image\/\"}}]}<\/script>\n<!-- \/ Yoast SEO plugin. -->","yoast_head_json":{"title":"Adesivo termo-retr\u00e1til Adesivo interno Mini Box | Todos os tamanhos","description":"Caixa Mini Adesivo Thermoretractil | Venda online de adesivo thermoretractil em caixa dispensadora, todos os tamanhos | Os melhores pre\u00e7os | Coelectrix.com","robots":{"index":"index","follow":"follow","max-snippet":"max-snippet:-1","max-image-preview":"max-image-preview:large","max-video-preview":"max-video-preview:-1"},"canonical":"https:\/\/coelectrix.com\/pt-pt\/produto\/termoretractiladesivo-mini-caixa-todas-as-medidas-copia","og_locale":"pt_PT","og_type":"article","og_title":"Adesivo termo-retr\u00e1til Adesivo interno Mini Box | Todos os tamanhos","og_description":"Caixa Mini Adesivo Thermoretractil | Venda online de adesivo thermoretractil em caixa dispensadora, todos os tamanhos | Os melhores pre\u00e7os | Coelectrix.com","og_url":"https:\/\/coelectrix.com\/pt-pt\/produto\/termoretractiladesivo-mini-caixa-todas-as-medidas-copia","og_site_name":"Coelectrix","article_modified_time":"2025-08-19T04:01:23+00:00","og_image":[{"width":500,"height":500,"url":"https:\/\/coelectrix.com\/wp-content\/uploads\/2017\/01\/termoretractil-box-ebay.jpg","type":"image\/jpeg"}],"twitter_card":"summary_large_image","twitter_misc":{"Tempo estimado de leitura":"1 minuto"},"schema":{"@context":"https:\/\/schema.org","@graph":[{"@type":"WebPage","@id":"https:\/\/coelectrix.com\/pt-pt\/produto\/termoretractiladesivo-mini-caixa-todas-as-medidas-copia","url":"https:\/\/coelectrix.com\/pt-pt\/produto\/termoretractiladesivo-mini-caixa-todas-as-medidas-copia","name":"Adesivo termo-retr\u00e1til Adesivo interno Mini Box | Todos os tamanhos","isPartOf":{"@id":"https:\/\/coelectrix.com\/pt-pt\/#website"},"primaryImageOfPage":{"@id":"https:\/\/coelectrix.com\/pt-pt\/produto\/termoretractiladesivo-mini-caixa-todas-as-medidas-copia#primaryimage"},"image":{"@id":"https:\/\/coelectrix.com\/pt-pt\/produto\/termoretractiladesivo-mini-caixa-todas-as-medidas-copia#primaryimage"},"thumbnailUrl":"https:\/\/coelectrix.com\/wp-content\/uploads\/2017\/01\/termoretractil-box-ebay.jpg","datePublished":"2023-08-24T07:48:04+00:00","dateModified":"2025-08-19T04:01:23+00:00","description":"Caixa Mini Adesivo Thermoretractil | Venda online de adesivo thermoretractil em caixa dispensadora, todos os tamanhos | Os melhores pre\u00e7os | Coelectrix.com","breadcrumb":{"@id":"https:\/\/coelectrix.com\/pt-pt\/produto\/termoretractiladesivo-mini-caixa-todas-as-medidas-copia#breadcrumb"},"inLanguage":"pt-PT","potentialAction":[{"@type":"ReadAction","target":["https:\/\/coelectrix.com\/pt-pt\/produto\/termoretractiladesivo-mini-caixa-todas-as-medidas-copia"]}]},{"@type":"ImageObject","inLanguage":"pt-PT","@id":"https:\/\/coelectrix.com\/pt-pt\/produto\/termoretractiladesivo-mini-caixa-todas-as-medidas-copia#primaryimage","url":"https:\/\/coelectrix.com\/wp-content\/uploads\/2017\/01\/termoretractil-box-ebay.jpg","contentUrl":"https:\/\/coelectrix.com\/wp-content\/uploads\/2017\/01\/termoretractil-box-ebay.jpg","width":500,"height":500,"caption":"mini caixa termorretr\u00e1ctil adesiva"},{"@type":"BreadcrumbList","@id":"https:\/\/coelectrix.com\/pt-pt\/produto\/termoretractiladesivo-mini-caixa-todas-as-medidas-copia#breadcrumb","itemListElement":[{"@type":"ListItem","position":1,"name":"Portada","item":"https:\/\/coelectrix.com\/"},{"@type":"ListItem","position":2,"name":"Loja","item":"https:\/\/coelectrix.com\/pt-pt\/loja"},{"@type":"ListItem","position":3,"name":"Adesivo termo-retr\u00e1til Adesivo interno Mini Box"}]},{"@type":"WebSite","@id":"https:\/\/coelectrix.com\/pt-pt\/#website","url":"https:\/\/coelectrix.com\/pt-pt\/","name":"Coelectrix","description":"Componentes el\u00e9ctricos","publisher":{"@id":"https:\/\/coelectrix.com\/pt-pt\/#organization"},"potentialAction":[{"@type":"SearchAction","target":{"@type":"EntryPoint","urlTemplate":"https:\/\/coelectrix.com\/pt-pt\/?s={search_term_string}"},"query-input":{"@type":"PropertyValueSpecification","valueRequired":true,"valueName":"search_term_string"}}],"inLanguage":"pt-PT"},{"@type":"Organization","@id":"https:\/\/coelectrix.com\/pt-pt\/#organization","name":"coelectrix.com","url":"https:\/\/coelectrix.com\/pt-pt\/","logo":{"@type":"ImageObject","inLanguage":"pt-PT","@id":"https:\/\/coelectrix.com\/pt-pt\/#\/schema\/logo\/image\/","url":"https:\/\/coelectrix.com\/wp-content\/uploads\/2018\/05\/logo-coelectrix-400x400.jpg","contentUrl":"https:\/\/coelectrix.com\/wp-content\/uploads\/2018\/05\/logo-coelectrix-400x400.jpg","width":300,"height":300,"caption":"coelectrix.com"},"image":{"@id":"https:\/\/coelectrix.com\/pt-pt\/#\/schema\/logo\/image\/"}}]}},"_links":{"self":[{"href":"https:\/\/coelectrix.com\/pt-pt\/wp-json\/wp\/v2\/product\/77025","targetHints":{"allow":["GET"]}}],"collection":[{"href":"https:\/\/coelectrix.com\/pt-pt\/wp-json\/wp\/v2\/product"}],"about":[{"href":"https:\/\/coelectrix.com\/pt-pt\/wp-json\/wp\/v2\/types\/product"}],"version-history":[{"count":1,"href":"https:\/\/coelectrix.com\/pt-pt\/wp-json\/wp\/v2\/product\/77025\/revisions"}],"predecessor-version":[{"id":77141,"href":"https:\/\/coelectrix.com\/pt-pt\/wp-json\/wp\/v2\/product\/77025\/revisions\/77141"}],"wp:featuredmedia":[{"embeddable":true,"href":"https:\/\/coelectrix.com\/pt-pt\/wp-json\/wp\/v2\/media\/72574"}],"wp:attachment":[{"href":"https:\/\/coelectrix.com\/pt-pt\/wp-json\/wp\/v2\/media?parent=77025"}],"wp:term":[{"taxonomy":"product_brand","embeddable":true,"href":"https:\/\/coelectrix.com\/pt-pt\/wp-json\/wp\/v2\/product_brand?post=77025"},{"taxonomy":"product_cat","embeddable":true,"href":"https:\/\/coelectrix.com\/pt-pt\/wp-json\/wp\/v2\/product_cat?post=77025"},{"taxonomy":"product_tag","embeddable":true,"href":"https:\/\/coelectrix.com\/pt-pt\/wp-json\/wp\/v2\/product_tag?post=77025"}],"curies":[{"name":"wp","href":"https:\/\/api.w.org\/{rel}","templated":true}]}}