{"id":77047,"date":"2019-05-02T13:24:25","date_gmt":"2019-05-02T11:24:25","guid":{"rendered":"https:\/\/coelectrix.com\/producto\/termo-retratil-preto-com-adesivo-interno-31-parede-dupla"},"modified":"2025-08-19T06:04:45","modified_gmt":"2025-08-19T04:04:45","slug":"termo-retratil-preto-com-adesivo-interno-31-parede-dupla","status":"publish","type":"product","link":"https:\/\/coelectrix.com\/pt-pt\/produto\/termoretractil-com-adesivo","title":{"rendered":"Termo-retr\u00e1til preto com adesivo interno 3:1 (parede dupla)"},"content":{"rendered":"<h2><strong>Comprar tubos termo-retr\u00e1cteis pretos com adesivo interno<\/strong><\/h2>\n<p>Tubo termo-retr\u00e1til de poliolefina sem alog\u00e9nio com adesivo interno (parede dupla)<\/p>\n<p>Este tubo tem uma parede dupla com adesivo de fus\u00e3o e proporciona uma elevada resist\u00eancia mec\u00e2nica e impede a entrada de fluidos, humidade e corros\u00e3o. \u00c9 utilizado numa grande variedade de aplica\u00e7\u00f5es em que estas carater\u00edsticas s\u00e3o necess\u00e1rias, como a veda\u00e7\u00e3o de conectores, bifurca\u00e7\u00f5es ou ramifica\u00e7\u00f5es em instala\u00e7\u00f5es.<\/p>\n<p>Temperatura de retra\u00e7\u00e3o: 110\u00baC<br \/>\nR\u00e1cio de retra\u00e7\u00e3o: 3:1<\/p>\n<p>Os tamanhos dispon\u00edveis s\u00e3o indicados como di\u00e2metro interior.<\/p>\n<h2><strong>Carater\u00edsticas do tubo termo-retr\u00e1til preto com adesivo<\/strong><\/h2>\n<p>Este tubo termorretr\u00e1ctil incorpora uma camada de adesivo termofus\u00edvel no interior e, quando \u00e9 aplicado calor, este adesivo derrete e o tubo termorretr\u00e1ctil encolhe, formando assim uma veda\u00e7\u00e3o muito mais forte e uma prote\u00e7\u00e3o contra a humidade, a sujidade e outros.<\/p>\n<p><img fetchpriority=\"high\" decoding=\"async\" class=\"wp-image-53489 size-large aligncenter\" src=\"https:\/\/coelectrix.com\/wp-content\/uploads\/2019\/05\/ficha-datos-termo-adhesivo-1024x448.jpg\" alt=\"\" width=\"980\" height=\"429\" srcset=\"https:\/\/coelectrix.com\/wp-content\/uploads\/2019\/05\/ficha-datos-termo-adhesivo-1024x448.jpg 1024w, https:\/\/coelectrix.com\/wp-content\/uploads\/2019\/05\/ficha-datos-termo-adhesivo-300x131.jpg 300w, https:\/\/coelectrix.com\/wp-content\/uploads\/2019\/05\/ficha-datos-termo-adhesivo-768x336.jpg 768w, https:\/\/coelectrix.com\/wp-content\/uploads\/2019\/05\/ficha-datos-termo-adhesivo-416x182.jpg 416w, https:\/\/coelectrix.com\/wp-content\/uploads\/2019\/05\/ficha-datos-termo-adhesivo.jpg 1175w\" sizes=\"(max-width: 980px) 100vw, 980px\" \/><\/p>\n","protected":false},"excerpt":{"rendered":"<p><span style=\"font-family: helvetica, arial, sans-serif;\"><strong>Manga termo-retr\u00e1til<\/strong> de poliolefina<strong>preta<\/strong> sem halog\u00e9neos com <strong>adesivo no interior.<\/strong><br \/>\nBarras de 1 metro em tamanhos de 3 mm a 31,8 mm de di\u00e2metro interior.<br \/>\nR\u00e1cio de retra\u00e7\u00e3o: 3:1<br \/>\nCor: preto<br \/>\nO pre\u00e7o \u00e9 por barra de 1 metro<\/span><\/p>\n<p>Pode escolher o tamanho no menu pendente.<\/p>\n<p><img decoding=\"async\" class=\"alignnone size-full wp-image-304\" src=\"https:\/\/coelectrix.com\/wp-content\/uploads\/2016\/03\/formas-de-pago.png\" alt=\"formas de pago\" width=\"245\" height=\"62\" srcset=\"https:\/\/coelectrix.com\/wp-content\/uploads\/2016\/03\/formas-de-pago.png 245w, https:\/\/coelectrix.com\/wp-content\/uploads\/2016\/03\/formas-de-pago-64x16.png 64w\" sizes=\"(max-width: 245px) 100vw, 245px\" \/><\/p>\n","protected":false},"featured_media":73002,"template":"","meta":{"_acf_changed":false},"product_brand":[],"product_cat":[1333,1406],"product_tag":[1442],"class_list":{"0":"post-77047","1":"product","2":"type-product","3":"status-publish","4":"has-post-thumbnail","6":"product_cat-tubo-termo-retratil-com-adesivo-interno","7":"product_cat-tubos-termorretracteis","8":"product_tag-termo-retratil","10":"first","11":"instock","12":"taxable","13":"shipping-taxable","14":"purchasable","15":"product-type-variable"},"acf":[],"yoast_head":"<!-- This site is optimized with the Yoast SEO plugin v27.2 - https:\/\/yoast.com\/product\/yoast-seo-wordpress\/ -->\n<title>\u25b7 Tubo termorretr\u00e1til com adesivo interno | Coelectrix.com<\/title>\n<meta name=\"description\" content=\"Tubo termo-retr\u00e1til preto com adesivo de parede dupla 3:1 no interior \u27a4 Todos os tamanhos em metros, de 3mm a 31mm | Em stock permanente e entrega em 24 horas.\" \/>\n<meta name=\"robots\" content=\"index, follow, max-snippet:-1, max-image-preview:large, max-video-preview:-1\" \/>\n<link rel=\"canonical\" href=\"https:\/\/coelectrix.com\/pt-pt\/produto\/termoretractil-com-adesivo\" \/>\n<meta property=\"og:locale\" content=\"pt_PT\" \/>\n<meta property=\"og:type\" content=\"article\" \/>\n<meta property=\"og:title\" content=\"\u25b7 Tubo termorretr\u00e1til com adesivo interno | Coelectrix.com\" \/>\n<meta property=\"og:description\" content=\"Tubo termo-retr\u00e1til preto com adesivo de parede dupla 3:1 no interior \u27a4 Todos os tamanhos em metros, de 3mm a 31mm | Em stock permanente e entrega em 24 horas.\" \/>\n<meta property=\"og:url\" content=\"https:\/\/coelectrix.com\/pt-pt\/produto\/termoretractil-com-adesivo\" \/>\n<meta property=\"og:site_name\" content=\"Coelectrix\" \/>\n<meta property=\"article:modified_time\" content=\"2025-08-19T04:04:45+00:00\" \/>\n<meta property=\"og:image\" content=\"https:\/\/coelectrix.com\/wp-content\/uploads\/2019\/05\/termo-adhesivo-interior.jpg\" \/>\n\t<meta property=\"og:image:width\" content=\"800\" \/>\n\t<meta property=\"og:image:height\" content=\"800\" \/>\n\t<meta property=\"og:image:type\" content=\"image\/jpeg\" \/>\n<meta name=\"twitter:card\" content=\"summary_large_image\" \/>\n<meta name=\"twitter:label1\" content=\"Tempo estimado de leitura\" \/>\n\t<meta name=\"twitter:data1\" content=\"1 minuto\" \/>\n<script type=\"application\/ld+json\" class=\"yoast-schema-graph\">{\"@context\":\"https:\/\/schema.org\",\"@graph\":[{\"@type\":\"WebPage\",\"@id\":\"https:\/\/coelectrix.com\/pt-pt\/produto\/termoretractil-com-adesivo\",\"url\":\"https:\/\/coelectrix.com\/pt-pt\/produto\/termoretractil-com-adesivo\",\"name\":\"\u25b7 Tubo termorretr\u00e1til com adesivo interno | Coelectrix.com\",\"isPartOf\":{\"@id\":\"https:\/\/coelectrix.com\/pt-pt\/#website\"},\"primaryImageOfPage\":{\"@id\":\"https:\/\/coelectrix.com\/pt-pt\/produto\/termoretractil-com-adesivo#primaryimage\"},\"image\":{\"@id\":\"https:\/\/coelectrix.com\/pt-pt\/produto\/termoretractil-com-adesivo#primaryimage\"},\"thumbnailUrl\":\"https:\/\/coelectrix.com\/wp-content\/uploads\/2019\/05\/termo-adhesivo-interior.jpg\",\"datePublished\":\"2019-05-02T11:24:25+00:00\",\"dateModified\":\"2025-08-19T04:04:45+00:00\",\"description\":\"Tubo termo-retr\u00e1til preto com adesivo de parede dupla 3:1 no interior \u27a4 Todos os tamanhos em metros, de 3mm a 31mm | Em stock permanente e entrega em 24 horas.\",\"breadcrumb\":{\"@id\":\"https:\/\/coelectrix.com\/pt-pt\/produto\/termoretractil-com-adesivo#breadcrumb\"},\"inLanguage\":\"pt-PT\",\"potentialAction\":[{\"@type\":\"ReadAction\",\"target\":[\"https:\/\/coelectrix.com\/pt-pt\/produto\/termoretractil-com-adesivo\"]}]},{\"@type\":\"ImageObject\",\"inLanguage\":\"pt-PT\",\"@id\":\"https:\/\/coelectrix.com\/pt-pt\/produto\/termoretractil-com-adesivo#primaryimage\",\"url\":\"https:\/\/coelectrix.com\/wp-content\/uploads\/2019\/05\/termo-adhesivo-interior.jpg\",\"contentUrl\":\"https:\/\/coelectrix.com\/wp-content\/uploads\/2019\/05\/termo-adhesivo-interior.jpg\",\"width\":800,\"height\":800,\"caption\":\"comprar tubos termorretr\u00e1cteis com cola interna\"},{\"@type\":\"BreadcrumbList\",\"@id\":\"https:\/\/coelectrix.com\/pt-pt\/produto\/termoretractil-com-adesivo#breadcrumb\",\"itemListElement\":[{\"@type\":\"ListItem\",\"position\":1,\"name\":\"Portada\",\"item\":\"https:\/\/coelectrix.com\/\"},{\"@type\":\"ListItem\",\"position\":2,\"name\":\"Loja\",\"item\":\"https:\/\/coelectrix.com\/pt-pt\/loja\"},{\"@type\":\"ListItem\",\"position\":3,\"name\":\"Termo-retr\u00e1til preto com adesivo interno 3:1 (parede dupla)\"}]},{\"@type\":\"WebSite\",\"@id\":\"https:\/\/coelectrix.com\/pt-pt\/#website\",\"url\":\"https:\/\/coelectrix.com\/pt-pt\/\",\"name\":\"Coelectrix\",\"description\":\"Componentes el\u00e9ctricos\",\"publisher\":{\"@id\":\"https:\/\/coelectrix.com\/pt-pt\/#organization\"},\"potentialAction\":[{\"@type\":\"SearchAction\",\"target\":{\"@type\":\"EntryPoint\",\"urlTemplate\":\"https:\/\/coelectrix.com\/pt-pt\/?s={search_term_string}\"},\"query-input\":{\"@type\":\"PropertyValueSpecification\",\"valueRequired\":true,\"valueName\":\"search_term_string\"}}],\"inLanguage\":\"pt-PT\"},{\"@type\":\"Organization\",\"@id\":\"https:\/\/coelectrix.com\/pt-pt\/#organization\",\"name\":\"coelectrix.com\",\"url\":\"https:\/\/coelectrix.com\/pt-pt\/\",\"logo\":{\"@type\":\"ImageObject\",\"inLanguage\":\"pt-PT\",\"@id\":\"https:\/\/coelectrix.com\/pt-pt\/#\/schema\/logo\/image\/\",\"url\":\"https:\/\/coelectrix.com\/wp-content\/uploads\/2018\/05\/logo-coelectrix-400x400.jpg\",\"contentUrl\":\"https:\/\/coelectrix.com\/wp-content\/uploads\/2018\/05\/logo-coelectrix-400x400.jpg\",\"width\":300,\"height\":300,\"caption\":\"coelectrix.com\"},\"image\":{\"@id\":\"https:\/\/coelectrix.com\/pt-pt\/#\/schema\/logo\/image\/\"}}]}<\/script>\n<!-- \/ Yoast SEO plugin. -->","yoast_head_json":{"title":"\u25b7 Tubo termorretr\u00e1til com adesivo interno | Coelectrix.com","description":"Tubo termo-retr\u00e1til preto com adesivo de parede dupla 3:1 no interior \u27a4 Todos os tamanhos em metros, de 3mm a 31mm | Em stock permanente e entrega em 24 horas.","robots":{"index":"index","follow":"follow","max-snippet":"max-snippet:-1","max-image-preview":"max-image-preview:large","max-video-preview":"max-video-preview:-1"},"canonical":"https:\/\/coelectrix.com\/pt-pt\/produto\/termoretractil-com-adesivo","og_locale":"pt_PT","og_type":"article","og_title":"\u25b7 Tubo termorretr\u00e1til com adesivo interno | Coelectrix.com","og_description":"Tubo termo-retr\u00e1til preto com adesivo de parede dupla 3:1 no interior \u27a4 Todos os tamanhos em metros, de 3mm a 31mm | Em stock permanente e entrega em 24 horas.","og_url":"https:\/\/coelectrix.com\/pt-pt\/produto\/termoretractil-com-adesivo","og_site_name":"Coelectrix","article_modified_time":"2025-08-19T04:04:45+00:00","og_image":[{"width":800,"height":800,"url":"https:\/\/coelectrix.com\/wp-content\/uploads\/2019\/05\/termo-adhesivo-interior.jpg","type":"image\/jpeg"}],"twitter_card":"summary_large_image","twitter_misc":{"Tempo estimado de leitura":"1 minuto"},"schema":{"@context":"https:\/\/schema.org","@graph":[{"@type":"WebPage","@id":"https:\/\/coelectrix.com\/pt-pt\/produto\/termoretractil-com-adesivo","url":"https:\/\/coelectrix.com\/pt-pt\/produto\/termoretractil-com-adesivo","name":"\u25b7 Tubo termorretr\u00e1til com adesivo interno | Coelectrix.com","isPartOf":{"@id":"https:\/\/coelectrix.com\/pt-pt\/#website"},"primaryImageOfPage":{"@id":"https:\/\/coelectrix.com\/pt-pt\/produto\/termoretractil-com-adesivo#primaryimage"},"image":{"@id":"https:\/\/coelectrix.com\/pt-pt\/produto\/termoretractil-com-adesivo#primaryimage"},"thumbnailUrl":"https:\/\/coelectrix.com\/wp-content\/uploads\/2019\/05\/termo-adhesivo-interior.jpg","datePublished":"2019-05-02T11:24:25+00:00","dateModified":"2025-08-19T04:04:45+00:00","description":"Tubo termo-retr\u00e1til preto com adesivo de parede dupla 3:1 no interior \u27a4 Todos os tamanhos em metros, de 3mm a 31mm | Em stock permanente e entrega em 24 horas.","breadcrumb":{"@id":"https:\/\/coelectrix.com\/pt-pt\/produto\/termoretractil-com-adesivo#breadcrumb"},"inLanguage":"pt-PT","potentialAction":[{"@type":"ReadAction","target":["https:\/\/coelectrix.com\/pt-pt\/produto\/termoretractil-com-adesivo"]}]},{"@type":"ImageObject","inLanguage":"pt-PT","@id":"https:\/\/coelectrix.com\/pt-pt\/produto\/termoretractil-com-adesivo#primaryimage","url":"https:\/\/coelectrix.com\/wp-content\/uploads\/2019\/05\/termo-adhesivo-interior.jpg","contentUrl":"https:\/\/coelectrix.com\/wp-content\/uploads\/2019\/05\/termo-adhesivo-interior.jpg","width":800,"height":800,"caption":"comprar tubos termorretr\u00e1cteis com cola interna"},{"@type":"BreadcrumbList","@id":"https:\/\/coelectrix.com\/pt-pt\/produto\/termoretractil-com-adesivo#breadcrumb","itemListElement":[{"@type":"ListItem","position":1,"name":"Portada","item":"https:\/\/coelectrix.com\/"},{"@type":"ListItem","position":2,"name":"Loja","item":"https:\/\/coelectrix.com\/pt-pt\/loja"},{"@type":"ListItem","position":3,"name":"Termo-retr\u00e1til preto com adesivo interno 3:1 (parede dupla)"}]},{"@type":"WebSite","@id":"https:\/\/coelectrix.com\/pt-pt\/#website","url":"https:\/\/coelectrix.com\/pt-pt\/","name":"Coelectrix","description":"Componentes el\u00e9ctricos","publisher":{"@id":"https:\/\/coelectrix.com\/pt-pt\/#organization"},"potentialAction":[{"@type":"SearchAction","target":{"@type":"EntryPoint","urlTemplate":"https:\/\/coelectrix.com\/pt-pt\/?s={search_term_string}"},"query-input":{"@type":"PropertyValueSpecification","valueRequired":true,"valueName":"search_term_string"}}],"inLanguage":"pt-PT"},{"@type":"Organization","@id":"https:\/\/coelectrix.com\/pt-pt\/#organization","name":"coelectrix.com","url":"https:\/\/coelectrix.com\/pt-pt\/","logo":{"@type":"ImageObject","inLanguage":"pt-PT","@id":"https:\/\/coelectrix.com\/pt-pt\/#\/schema\/logo\/image\/","url":"https:\/\/coelectrix.com\/wp-content\/uploads\/2018\/05\/logo-coelectrix-400x400.jpg","contentUrl":"https:\/\/coelectrix.com\/wp-content\/uploads\/2018\/05\/logo-coelectrix-400x400.jpg","width":300,"height":300,"caption":"coelectrix.com"},"image":{"@id":"https:\/\/coelectrix.com\/pt-pt\/#\/schema\/logo\/image\/"}}]}},"_links":{"self":[{"href":"https:\/\/coelectrix.com\/pt-pt\/wp-json\/wp\/v2\/product\/77047","targetHints":{"allow":["GET"]}}],"collection":[{"href":"https:\/\/coelectrix.com\/pt-pt\/wp-json\/wp\/v2\/product"}],"about":[{"href":"https:\/\/coelectrix.com\/pt-pt\/wp-json\/wp\/v2\/types\/product"}],"version-history":[{"count":1,"href":"https:\/\/coelectrix.com\/pt-pt\/wp-json\/wp\/v2\/product\/77047\/revisions"}],"predecessor-version":[{"id":77179,"href":"https:\/\/coelectrix.com\/pt-pt\/wp-json\/wp\/v2\/product\/77047\/revisions\/77179"}],"wp:featuredmedia":[{"embeddable":true,"href":"https:\/\/coelectrix.com\/pt-pt\/wp-json\/wp\/v2\/media\/73002"}],"wp:attachment":[{"href":"https:\/\/coelectrix.com\/pt-pt\/wp-json\/wp\/v2\/media?parent=77047"}],"wp:term":[{"taxonomy":"product_brand","embeddable":true,"href":"https:\/\/coelectrix.com\/pt-pt\/wp-json\/wp\/v2\/product_brand?post=77047"},{"taxonomy":"product_cat","embeddable":true,"href":"https:\/\/coelectrix.com\/pt-pt\/wp-json\/wp\/v2\/product_cat?post=77047"},{"taxonomy":"product_tag","embeddable":true,"href":"https:\/\/coelectrix.com\/pt-pt\/wp-json\/wp\/v2\/product_tag?post=77047"}],"curies":[{"name":"wp","href":"https:\/\/api.w.org\/{rel}","templated":true}]}}