{"id":77055,"date":"2018-06-19T13:41:06","date_gmt":"2018-06-19T11:41:06","guid":{"rendered":"https:\/\/coelectrix.com\/producto\/mangas-termo-retracteis-hft-em-bobinas-de-50-a-200-metros"},"modified":"2025-08-19T06:05:18","modified_gmt":"2025-08-19T04:05:18","slug":"mangas-termo-retracteis-hft-em-bobinas-de-50-a-200-metros","status":"publish","type":"product","link":"https:\/\/coelectrix.com\/pt-pt\/produto\/thermo-thermotractyl-hft-on-coil-casing","title":{"rendered":"Mangas termo-retr\u00e1cteis HFT em bobinas de 50 a 200 metros."},"content":{"rendered":"<h2><strong>Mangas termo-retr\u00e1cteis HFT em bobinas de 50 a 200 metros.<\/strong><\/h2>\n<p>A manga <b>termorretr\u00e1ctil<\/b><i>, <\/i> ou <b>macarr\u00e3o termorretr\u00e1ctil<\/b>, \u00e9 uma pel\u00edcula, de v\u00e1rias formas e tamanhos, que, quando submetida a uma fonte de calor (forno, chama, ar quente, etc.), encolhe at\u00e9 cerca de 50 % do seu tamanho inicial, com elevada ader\u00eancia ao objeto em torno do qual \u00e9 enrolada. Ap\u00f3s arrefecimento, a pel\u00edcula mant\u00e9m a sua nova forma.<\/p>\n<p>Este princ\u00edpio \u00e9 utilizado para envolver objectos, a fim de garantir a sua estabilidade e prote\u00e7\u00e3o. \u00c9 aplicado, por exemplo, na embalagem de mercadorias em paletes ou em mangas retr\u00e1cteis utilizadas em eletr\u00f3nica para tornar mais s\u00f3lidos os <a title=\"Conector el\u00e9ctrico\" href=\"https:\/\/es.wikipedia.org\/wiki\/Conector_el%C3%A9ctrico\">conectores el\u00e9ctricos<\/a> ou as baterias.<\/p>\n<h3><strong>Um guia de medi\u00e7\u00e3o para a utiliza\u00e7\u00e3o de tubos termorretr\u00e1cteis numa das aplica\u00e7\u00f5es mais comuns:<\/strong><\/h3>\n<p>Este \u00e9 um guia orientativo que pode servir de refer\u00eancia para escolher o tamanho do tubo termorretr\u00e1ctil de que necessita numa das aplica\u00e7\u00f5es mais comuns.<\/p>\n<p><img fetchpriority=\"high\" decoding=\"async\" class=\"wp-image-31582 aligncenter\" src=\"https:\/\/coelectrix.com\/wp-content\/uploads\/2021\/05\/termoretractil-con-terminales-anilla.jpg\" alt=\"\" width=\"460\" height=\"230\" srcset=\"https:\/\/coelectrix.com\/wp-content\/uploads\/2021\/05\/termoretractil-con-terminales-anilla.jpg 800w, https:\/\/coelectrix.com\/wp-content\/uploads\/2021\/05\/termoretractil-con-terminales-anilla-416x208.jpg 416w, https:\/\/coelectrix.com\/wp-content\/uploads\/2021\/05\/termoretractil-con-terminales-anilla-64x32.jpg 64w, https:\/\/coelectrix.com\/wp-content\/uploads\/2021\/05\/termoretractil-con-terminales-anilla-300x150.jpg 300w, https:\/\/coelectrix.com\/wp-content\/uploads\/2021\/05\/termoretractil-con-terminales-anilla-768x384.jpg 768w\" sizes=\"(max-width: 460px) 100vw, 460px\" \/><\/p>\n<p><img decoding=\"async\" class=\"wp-image-63172 aligncenter\" src=\"https:\/\/coelectrix.com\/wp-content\/uploads\/2018\/06\/Proyecto-nuevo-scaled.jpg\" alt=\"\" width=\"918\" height=\"367\" srcset=\"https:\/\/coelectrix.com\/wp-content\/uploads\/2018\/06\/Proyecto-nuevo-scaled.jpg 2560w, https:\/\/coelectrix.com\/wp-content\/uploads\/2018\/06\/Proyecto-nuevo-300x120.jpg 300w, https:\/\/coelectrix.com\/wp-content\/uploads\/2018\/06\/Proyecto-nuevo-1024x410.jpg 1024w, https:\/\/coelectrix.com\/wp-content\/uploads\/2018\/06\/Proyecto-nuevo-768x307.jpg 768w, https:\/\/coelectrix.com\/wp-content\/uploads\/2018\/06\/Proyecto-nuevo-1536x614.jpg 1536w, https:\/\/coelectrix.com\/wp-content\/uploads\/2018\/06\/Proyecto-nuevo-2048x819.jpg 2048w, https:\/\/coelectrix.com\/wp-content\/uploads\/2018\/06\/Proyecto-nuevo-416x166.jpg 416w\" sizes=\"(max-width: 918px) 100vw, 918px\" \/><\/p>\n","protected":false},"excerpt":{"rendered":"<p style=\"text-align: left;\">Mangas termo-retr\u00e1cteis HTC em bobinas de 50 a 200 metros.<br \/>\nDispon\u00edvel em tamanhos de 2mm a 25mm.<br \/>\nTermo-retr\u00e1til 2:1 termo-retr\u00e1til.<\/p>\n","protected":false},"featured_media":72812,"template":"","meta":{"_acf_changed":false},"product_brand":[],"product_cat":[1406],"product_tag":[],"class_list":{"0":"post-77055","1":"product","2":"type-product","3":"status-publish","4":"has-post-thumbnail","6":"product_cat-tubos-termorretracteis","8":"first","9":"instock","10":"taxable","11":"shipping-taxable","12":"purchasable","13":"product-type-variable"},"acf":[],"yoast_head":"<!-- This site is optimized with the Yoast SEO plugin v27.2 - https:\/\/yoast.com\/product\/yoast-seo-wordpress\/ -->\n<title>\u25b7 Mangas termo-retr\u00e1cteis HFT em bobinas de 50 a 200 metros. | Coelectrix.com<\/title>\n<meta name=\"description\" content=\"Quando submetido a uma fonte de calor, encolhe at\u00e9 cerca de 50 % do seu tamanho inicial, com elevada ader\u00eancia ao objeto em torno do qual \u00e9 enrolado.\" \/>\n<meta name=\"robots\" content=\"index, follow, max-snippet:-1, max-image-preview:large, max-video-preview:-1\" \/>\n<link rel=\"canonical\" href=\"https:\/\/coelectrix.com\/pt-pt\/produto\/thermo-thermotractyl-hft-on-coil-casing\" \/>\n<meta property=\"og:locale\" content=\"pt_PT\" \/>\n<meta property=\"og:type\" content=\"article\" \/>\n<meta property=\"og:title\" content=\"\u25b7 Mangas termo-retr\u00e1cteis HFT em bobinas de 50 a 200 metros. | Coelectrix.com\" \/>\n<meta property=\"og:description\" content=\"Quando submetido a uma fonte de calor, encolhe at\u00e9 cerca de 50 % do seu tamanho inicial, com elevada ader\u00eancia ao objeto em torno do qual \u00e9 enrolado.\" \/>\n<meta property=\"og:url\" content=\"https:\/\/coelectrix.com\/pt-pt\/produto\/thermo-thermotractyl-hft-on-coil-casing\" \/>\n<meta property=\"og:site_name\" content=\"Coelectrix\" \/>\n<meta property=\"article:modified_time\" content=\"2025-08-19T04:05:18+00:00\" \/>\n<meta property=\"og:image\" content=\"https:\/\/coelectrix.com\/wp-content\/uploads\/2018\/06\/TERMORETRACTIL-BOBINA.jpg\" \/>\n\t<meta property=\"og:image:width\" content=\"300\" \/>\n\t<meta property=\"og:image:height\" content=\"300\" \/>\n\t<meta property=\"og:image:type\" content=\"image\/jpeg\" \/>\n<meta name=\"twitter:card\" content=\"summary_large_image\" \/>\n<meta name=\"twitter:label1\" content=\"Tempo estimado de leitura\" \/>\n\t<meta name=\"twitter:data1\" content=\"1 minuto\" \/>\n<script type=\"application\/ld+json\" class=\"yoast-schema-graph\">{\"@context\":\"https:\/\/schema.org\",\"@graph\":[{\"@type\":\"WebPage\",\"@id\":\"https:\/\/coelectrix.com\/pt-pt\/produto\/thermo-thermotractyl-hft-on-coil-casing\",\"url\":\"https:\/\/coelectrix.com\/pt-pt\/produto\/thermo-thermotractyl-hft-on-coil-casing\",\"name\":\"\u25b7 Mangas termo-retr\u00e1cteis HFT em bobinas de 50 a 200 metros. | Coelectrix.com\",\"isPartOf\":{\"@id\":\"https:\/\/coelectrix.com\/pt-pt\/#website\"},\"primaryImageOfPage\":{\"@id\":\"https:\/\/coelectrix.com\/pt-pt\/produto\/thermo-thermotractyl-hft-on-coil-casing#primaryimage\"},\"image\":{\"@id\":\"https:\/\/coelectrix.com\/pt-pt\/produto\/thermo-thermotractyl-hft-on-coil-casing#primaryimage\"},\"thumbnailUrl\":\"https:\/\/coelectrix.com\/wp-content\/uploads\/2018\/06\/TERMORETRACTIL-BOBINA.jpg\",\"datePublished\":\"2018-06-19T11:41:06+00:00\",\"dateModified\":\"2025-08-19T04:05:18+00:00\",\"description\":\"Quando submetido a uma fonte de calor, encolhe at\u00e9 cerca de 50 % do seu tamanho inicial, com elevada ader\u00eancia ao objeto em torno do qual \u00e9 enrolado.\",\"breadcrumb\":{\"@id\":\"https:\/\/coelectrix.com\/pt-pt\/produto\/thermo-thermotractyl-hft-on-coil-casing#breadcrumb\"},\"inLanguage\":\"pt-PT\",\"potentialAction\":[{\"@type\":\"ReadAction\",\"target\":[\"https:\/\/coelectrix.com\/pt-pt\/produto\/thermo-thermotractyl-hft-on-coil-casing\"]}]},{\"@type\":\"ImageObject\",\"inLanguage\":\"pt-PT\",\"@id\":\"https:\/\/coelectrix.com\/pt-pt\/produto\/thermo-thermotractyl-hft-on-coil-casing#primaryimage\",\"url\":\"https:\/\/coelectrix.com\/wp-content\/uploads\/2018\/06\/TERMORETRACTIL-BOBINA.jpg\",\"contentUrl\":\"https:\/\/coelectrix.com\/wp-content\/uploads\/2018\/06\/TERMORETRACTIL-BOBINA.jpg\",\"width\":300,\"height\":300},{\"@type\":\"BreadcrumbList\",\"@id\":\"https:\/\/coelectrix.com\/pt-pt\/produto\/thermo-thermotractyl-hft-on-coil-casing#breadcrumb\",\"itemListElement\":[{\"@type\":\"ListItem\",\"position\":1,\"name\":\"Portada\",\"item\":\"https:\/\/coelectrix.com\/\"},{\"@type\":\"ListItem\",\"position\":2,\"name\":\"Loja\",\"item\":\"https:\/\/coelectrix.com\/pt-pt\/loja\"},{\"@type\":\"ListItem\",\"position\":3,\"name\":\"Mangas termo-retr\u00e1cteis HFT em bobinas de 50 a 200 metros.\"}]},{\"@type\":\"WebSite\",\"@id\":\"https:\/\/coelectrix.com\/pt-pt\/#website\",\"url\":\"https:\/\/coelectrix.com\/pt-pt\/\",\"name\":\"Coelectrix\",\"description\":\"Componentes el\u00e9ctricos\",\"publisher\":{\"@id\":\"https:\/\/coelectrix.com\/pt-pt\/#organization\"},\"potentialAction\":[{\"@type\":\"SearchAction\",\"target\":{\"@type\":\"EntryPoint\",\"urlTemplate\":\"https:\/\/coelectrix.com\/pt-pt\/?s={search_term_string}\"},\"query-input\":{\"@type\":\"PropertyValueSpecification\",\"valueRequired\":true,\"valueName\":\"search_term_string\"}}],\"inLanguage\":\"pt-PT\"},{\"@type\":\"Organization\",\"@id\":\"https:\/\/coelectrix.com\/pt-pt\/#organization\",\"name\":\"coelectrix.com\",\"url\":\"https:\/\/coelectrix.com\/pt-pt\/\",\"logo\":{\"@type\":\"ImageObject\",\"inLanguage\":\"pt-PT\",\"@id\":\"https:\/\/coelectrix.com\/pt-pt\/#\/schema\/logo\/image\/\",\"url\":\"https:\/\/coelectrix.com\/wp-content\/uploads\/2018\/05\/logo-coelectrix-400x400.jpg\",\"contentUrl\":\"https:\/\/coelectrix.com\/wp-content\/uploads\/2018\/05\/logo-coelectrix-400x400.jpg\",\"width\":300,\"height\":300,\"caption\":\"coelectrix.com\"},\"image\":{\"@id\":\"https:\/\/coelectrix.com\/pt-pt\/#\/schema\/logo\/image\/\"}}]}<\/script>\n<!-- \/ Yoast SEO plugin. -->","yoast_head_json":{"title":"\u25b7 Mangas termo-retr\u00e1cteis HFT em bobinas de 50 a 200 metros. | Coelectrix.com","description":"Quando submetido a uma fonte de calor, encolhe at\u00e9 cerca de 50 % do seu tamanho inicial, com elevada ader\u00eancia ao objeto em torno do qual \u00e9 enrolado.","robots":{"index":"index","follow":"follow","max-snippet":"max-snippet:-1","max-image-preview":"max-image-preview:large","max-video-preview":"max-video-preview:-1"},"canonical":"https:\/\/coelectrix.com\/pt-pt\/produto\/thermo-thermotractyl-hft-on-coil-casing","og_locale":"pt_PT","og_type":"article","og_title":"\u25b7 Mangas termo-retr\u00e1cteis HFT em bobinas de 50 a 200 metros. | Coelectrix.com","og_description":"Quando submetido a uma fonte de calor, encolhe at\u00e9 cerca de 50 % do seu tamanho inicial, com elevada ader\u00eancia ao objeto em torno do qual \u00e9 enrolado.","og_url":"https:\/\/coelectrix.com\/pt-pt\/produto\/thermo-thermotractyl-hft-on-coil-casing","og_site_name":"Coelectrix","article_modified_time":"2025-08-19T04:05:18+00:00","og_image":[{"width":300,"height":300,"url":"https:\/\/coelectrix.com\/wp-content\/uploads\/2018\/06\/TERMORETRACTIL-BOBINA.jpg","type":"image\/jpeg"}],"twitter_card":"summary_large_image","twitter_misc":{"Tempo estimado de leitura":"1 minuto"},"schema":{"@context":"https:\/\/schema.org","@graph":[{"@type":"WebPage","@id":"https:\/\/coelectrix.com\/pt-pt\/produto\/thermo-thermotractyl-hft-on-coil-casing","url":"https:\/\/coelectrix.com\/pt-pt\/produto\/thermo-thermotractyl-hft-on-coil-casing","name":"\u25b7 Mangas termo-retr\u00e1cteis HFT em bobinas de 50 a 200 metros. | Coelectrix.com","isPartOf":{"@id":"https:\/\/coelectrix.com\/pt-pt\/#website"},"primaryImageOfPage":{"@id":"https:\/\/coelectrix.com\/pt-pt\/produto\/thermo-thermotractyl-hft-on-coil-casing#primaryimage"},"image":{"@id":"https:\/\/coelectrix.com\/pt-pt\/produto\/thermo-thermotractyl-hft-on-coil-casing#primaryimage"},"thumbnailUrl":"https:\/\/coelectrix.com\/wp-content\/uploads\/2018\/06\/TERMORETRACTIL-BOBINA.jpg","datePublished":"2018-06-19T11:41:06+00:00","dateModified":"2025-08-19T04:05:18+00:00","description":"Quando submetido a uma fonte de calor, encolhe at\u00e9 cerca de 50 % do seu tamanho inicial, com elevada ader\u00eancia ao objeto em torno do qual \u00e9 enrolado.","breadcrumb":{"@id":"https:\/\/coelectrix.com\/pt-pt\/produto\/thermo-thermotractyl-hft-on-coil-casing#breadcrumb"},"inLanguage":"pt-PT","potentialAction":[{"@type":"ReadAction","target":["https:\/\/coelectrix.com\/pt-pt\/produto\/thermo-thermotractyl-hft-on-coil-casing"]}]},{"@type":"ImageObject","inLanguage":"pt-PT","@id":"https:\/\/coelectrix.com\/pt-pt\/produto\/thermo-thermotractyl-hft-on-coil-casing#primaryimage","url":"https:\/\/coelectrix.com\/wp-content\/uploads\/2018\/06\/TERMORETRACTIL-BOBINA.jpg","contentUrl":"https:\/\/coelectrix.com\/wp-content\/uploads\/2018\/06\/TERMORETRACTIL-BOBINA.jpg","width":300,"height":300},{"@type":"BreadcrumbList","@id":"https:\/\/coelectrix.com\/pt-pt\/produto\/thermo-thermotractyl-hft-on-coil-casing#breadcrumb","itemListElement":[{"@type":"ListItem","position":1,"name":"Portada","item":"https:\/\/coelectrix.com\/"},{"@type":"ListItem","position":2,"name":"Loja","item":"https:\/\/coelectrix.com\/pt-pt\/loja"},{"@type":"ListItem","position":3,"name":"Mangas termo-retr\u00e1cteis HFT em bobinas de 50 a 200 metros."}]},{"@type":"WebSite","@id":"https:\/\/coelectrix.com\/pt-pt\/#website","url":"https:\/\/coelectrix.com\/pt-pt\/","name":"Coelectrix","description":"Componentes el\u00e9ctricos","publisher":{"@id":"https:\/\/coelectrix.com\/pt-pt\/#organization"},"potentialAction":[{"@type":"SearchAction","target":{"@type":"EntryPoint","urlTemplate":"https:\/\/coelectrix.com\/pt-pt\/?s={search_term_string}"},"query-input":{"@type":"PropertyValueSpecification","valueRequired":true,"valueName":"search_term_string"}}],"inLanguage":"pt-PT"},{"@type":"Organization","@id":"https:\/\/coelectrix.com\/pt-pt\/#organization","name":"coelectrix.com","url":"https:\/\/coelectrix.com\/pt-pt\/","logo":{"@type":"ImageObject","inLanguage":"pt-PT","@id":"https:\/\/coelectrix.com\/pt-pt\/#\/schema\/logo\/image\/","url":"https:\/\/coelectrix.com\/wp-content\/uploads\/2018\/05\/logo-coelectrix-400x400.jpg","contentUrl":"https:\/\/coelectrix.com\/wp-content\/uploads\/2018\/05\/logo-coelectrix-400x400.jpg","width":300,"height":300,"caption":"coelectrix.com"},"image":{"@id":"https:\/\/coelectrix.com\/pt-pt\/#\/schema\/logo\/image\/"}}]}},"_links":{"self":[{"href":"https:\/\/coelectrix.com\/pt-pt\/wp-json\/wp\/v2\/product\/77055","targetHints":{"allow":["GET"]}}],"collection":[{"href":"https:\/\/coelectrix.com\/pt-pt\/wp-json\/wp\/v2\/product"}],"about":[{"href":"https:\/\/coelectrix.com\/pt-pt\/wp-json\/wp\/v2\/types\/product"}],"version-history":[{"count":1,"href":"https:\/\/coelectrix.com\/pt-pt\/wp-json\/wp\/v2\/product\/77055\/revisions"}],"predecessor-version":[{"id":77187,"href":"https:\/\/coelectrix.com\/pt-pt\/wp-json\/wp\/v2\/product\/77055\/revisions\/77187"}],"wp:featuredmedia":[{"embeddable":true,"href":"https:\/\/coelectrix.com\/pt-pt\/wp-json\/wp\/v2\/media\/72812"}],"wp:attachment":[{"href":"https:\/\/coelectrix.com\/pt-pt\/wp-json\/wp\/v2\/media?parent=77055"}],"wp:term":[{"taxonomy":"product_brand","embeddable":true,"href":"https:\/\/coelectrix.com\/pt-pt\/wp-json\/wp\/v2\/product_brand?post=77055"},{"taxonomy":"product_cat","embeddable":true,"href":"https:\/\/coelectrix.com\/pt-pt\/wp-json\/wp\/v2\/product_cat?post=77055"},{"taxonomy":"product_tag","embeddable":true,"href":"https:\/\/coelectrix.com\/pt-pt\/wp-json\/wp\/v2\/product_tag?post=77055"}],"curies":[{"name":"wp","href":"https:\/\/api.w.org\/{rel}","templated":true}]}}