{"id":77073,"date":"2016-12-03T18:18:07","date_gmt":"2016-12-03T17:18:07","guid":{"rendered":"https:\/\/coelectrix.com\/producto\/tubos-termorretracteis-sortidos-em-caixa-140-pcs"},"modified":"2025-08-19T06:05:54","modified_gmt":"2025-08-19T04:05:54","slug":"tubos-termorretracteis-sortidos-em-caixa-140-pcs","status":"publish","type":"product","link":"https:\/\/coelectrix.com\/pt-pt\/produto\/termoretractil-variedades-em-maletina","title":{"rendered":"Tubos termorretr\u00e1cteis sortidos em caixa 140 pcs."},"content":{"rendered":"<h1 style=\"text-align: left;\">Termo-retr\u00e1til sortido 140 pe\u00e7as<\/h1>\n<p>Termo-retr\u00e1til sortido nos 6 di\u00e2metros mais comuns, cortado em pe\u00e7as entre 80 mm e 100 mm.<\/p>\n<p>Inclui uma caixa organizadora de pl\u00e1stico para arruma\u00e7\u00e3o e transporte.<\/p>\n<p>O pacote inclui:<\/p>\n<ul>\n<li>35 pe\u00e7as 2mm. preto 70mm.<\/li>\n<li>20 pe\u00e7as 4,5mm. preto 100mm.<\/li>\n<li>20 pe\u00e7as 6mm. 100mm preto.<\/li>\n<li>25 pe\u00e7as 9mm. preto 70mm.<\/li>\n<li>20 pe\u00e7as 13mm. 70mm. preto.<\/li>\n<li>20 pe\u00e7as. 20mm. preto 70mm.<\/li>\n<li>Caixa organizadora de pl\u00e1stico.<\/li>\n<\/ul>\n<p>Tamb\u00e9m temos termo-retr\u00e1cteis em todos os tamanhos e vendemo-los ao metro. <a href=\"http:\/\/www.coelectrix.com\/producto\/tubo-termoretractil-negro-tira-de-2-mt\">aqui<\/a><\/p>\n<p> <b>A tubagem term<\/b>orretr\u00e1ctil<i>, <\/i> ou <b>macarr\u00e3o termorretr\u00e1ctil<\/b>, \u00e9 uma pel\u00edcula, de v\u00e1rias formas e tamanhos, que, quando sujeita a uma fonte de calor (forno, chama, ar quente, etc.), encolhe at\u00e9 cerca de 50% do seu tamanho inicial, com grande ader\u00eancia ao objeto em torno do qual \u00e9 enrolada. Ap\u00f3s arrefecimento, a pel\u00edcula mant\u00e9m a sua nova forma.<\/p>\n<p>Este princ\u00edpio \u00e9 utilizado para envolver objectos, a fim de garantir a sua estabilidade e prote\u00e7\u00e3o. \u00c9 aplicado, por exemplo, na embalagem de mercadorias em paletes ou em mangas retr\u00e1cteis utilizadas em eletr\u00f3nica para tornar mais s\u00f3lidos os <a title=\"Conector el\u00e9ctrico\" href=\"https:\/\/es.wikipedia.org\/wiki\/Conector_el%C3%A9ctrico\">conectores el\u00e9ctricos<\/a> ou as baterias.<\/p>\n","protected":false},"excerpt":{"rendered":"<p><strong>Mala de transporte com 140 pe\u00e7as de pel\u00edcula retr\u00e1til de v\u00e1rios tamanhos.<\/strong><\/p>\n<p><em>35 pe\u00e7as 2mm.x70mm.<\/em><\/p>\n<p><em>20 pe\u00e7as 4,5mm.x100mm.<\/em><\/p>\n<p><em>20 pe\u00e7as 6mm.x100mm.<\/em><\/p>\n<p><em>25 pe\u00e7as 9mm.x70mm.<\/em><\/p>\n<p><em>20 pe\u00e7as 13mm.x70mm.<\/em><\/p>\n<p><em>20 pe\u00e7as 20mm.x70mm.<\/em><\/p>\n<p><img decoding=\"async\" class=\"alignnone size-full wp-image-715\" src=\"https:\/\/coelectrix.com\/wp-content\/uploads\/2016\/09\/payment-logo-1.png\" alt=\"payment-logo\" width=\"245\" height=\"62\" srcset=\"https:\/\/coelectrix.com\/wp-content\/uploads\/2016\/09\/payment-logo-1.png 245w, https:\/\/coelectrix.com\/wp-content\/uploads\/2016\/09\/payment-logo-1-64x16.png 64w\" sizes=\"(max-width: 245px) 100vw, 245px\" \/><\/p>\n","protected":false},"featured_media":72573,"template":"","meta":{"_acf_changed":false},"product_brand":[],"product_cat":[1406],"product_tag":[],"class_list":{"0":"post-77073","1":"product","2":"type-product","3":"status-publish","4":"has-post-thumbnail","6":"product_cat-tubos-termorretracteis","8":"first","9":"instock","10":"taxable","11":"shipping-taxable","12":"purchasable","13":"product-type-simple"},"acf":[],"yoast_head":"<!-- This site is optimized with the Yoast SEO plugin v27.2 - https:\/\/yoast.com\/product\/yoast-seo-wordpress\/ -->\n<title>\u25b7 Tubos termorretr\u00e1cteis sortidos em caixa 140 pcs. | Coelectrix.com<\/title>\n<meta name=\"description\" content=\"Tubos termorretr\u00e1cteis variados nos 6 di\u00e2metros mais comuns, cortados em peda\u00e7os entre 80 mm e 100 mm. Inclui uma caixa organizadora de pl\u00e1stico para arruma\u00e7\u00e3o e armazenamento.\" \/>\n<meta name=\"robots\" content=\"index, follow, max-snippet:-1, max-image-preview:large, max-video-preview:-1\" \/>\n<link rel=\"canonical\" href=\"https:\/\/coelectrix.com\/pt-pt\/produto\/termoretractil-variedades-em-maletina\" \/>\n<meta property=\"og:locale\" content=\"pt_PT\" \/>\n<meta property=\"og:type\" content=\"article\" \/>\n<meta property=\"og:title\" content=\"\u25b7 Tubos termorretr\u00e1cteis sortidos em caixa 140 pcs. | Coelectrix.com\" \/>\n<meta property=\"og:description\" content=\"Tubos termorretr\u00e1cteis variados nos 6 di\u00e2metros mais comuns, cortados em peda\u00e7os entre 80 mm e 100 mm. Inclui uma caixa organizadora de pl\u00e1stico para arruma\u00e7\u00e3o e armazenamento.\" \/>\n<meta property=\"og:url\" content=\"https:\/\/coelectrix.com\/pt-pt\/produto\/termoretractil-variedades-em-maletina\" \/>\n<meta property=\"og:site_name\" content=\"Coelectrix\" \/>\n<meta property=\"article:modified_time\" content=\"2025-08-19T04:05:54+00:00\" \/>\n<meta property=\"og:image\" content=\"https:\/\/coelectrix.com\/wp-content\/uploads\/2016\/12\/20170109_112834-scaled.jpg\" \/>\n\t<meta property=\"og:image:width\" content=\"1440\" \/>\n\t<meta property=\"og:image:height\" content=\"2560\" \/>\n\t<meta property=\"og:image:type\" content=\"image\/jpeg\" \/>\n<meta name=\"twitter:card\" content=\"summary_large_image\" \/>\n<meta name=\"twitter:label1\" content=\"Tempo estimado de leitura\" \/>\n\t<meta name=\"twitter:data1\" content=\"1 minuto\" \/>\n<script type=\"application\/ld+json\" class=\"yoast-schema-graph\">{\"@context\":\"https:\/\/schema.org\",\"@graph\":[{\"@type\":\"WebPage\",\"@id\":\"https:\/\/coelectrix.com\/pt-pt\/produto\/termoretractil-variedades-em-maletina\",\"url\":\"https:\/\/coelectrix.com\/pt-pt\/produto\/termoretractil-variedades-em-maletina\",\"name\":\"\u25b7 Tubos termorretr\u00e1cteis sortidos em caixa 140 pcs. | Coelectrix.com\",\"isPartOf\":{\"@id\":\"https:\/\/coelectrix.com\/pt-pt\/#website\"},\"primaryImageOfPage\":{\"@id\":\"https:\/\/coelectrix.com\/pt-pt\/produto\/termoretractil-variedades-em-maletina#primaryimage\"},\"image\":{\"@id\":\"https:\/\/coelectrix.com\/pt-pt\/produto\/termoretractil-variedades-em-maletina#primaryimage\"},\"thumbnailUrl\":\"https:\/\/coelectrix.com\/wp-content\/uploads\/2016\/12\/20170109_112834-scaled.jpg\",\"datePublished\":\"2016-12-03T17:18:07+00:00\",\"dateModified\":\"2025-08-19T04:05:54+00:00\",\"description\":\"Tubos termorretr\u00e1cteis variados nos 6 di\u00e2metros mais comuns, cortados em peda\u00e7os entre 80 mm e 100 mm. Inclui uma caixa organizadora de pl\u00e1stico para arruma\u00e7\u00e3o e armazenamento.\",\"breadcrumb\":{\"@id\":\"https:\/\/coelectrix.com\/pt-pt\/produto\/termoretractil-variedades-em-maletina#breadcrumb\"},\"inLanguage\":\"pt-PT\",\"potentialAction\":[{\"@type\":\"ReadAction\",\"target\":[\"https:\/\/coelectrix.com\/pt-pt\/produto\/termoretractil-variedades-em-maletina\"]}]},{\"@type\":\"ImageObject\",\"inLanguage\":\"pt-PT\",\"@id\":\"https:\/\/coelectrix.com\/pt-pt\/produto\/termoretractil-variedades-em-maletina#primaryimage\",\"url\":\"https:\/\/coelectrix.com\/wp-content\/uploads\/2016\/12\/20170109_112834-scaled.jpg\",\"contentUrl\":\"https:\/\/coelectrix.com\/wp-content\/uploads\/2016\/12\/20170109_112834-scaled.jpg\",\"width\":1440,\"height\":2560,\"caption\":\"V\u00c1RIOS TERMORETR\u00c1CTEIS\"},{\"@type\":\"BreadcrumbList\",\"@id\":\"https:\/\/coelectrix.com\/pt-pt\/produto\/termoretractil-variedades-em-maletina#breadcrumb\",\"itemListElement\":[{\"@type\":\"ListItem\",\"position\":1,\"name\":\"Portada\",\"item\":\"https:\/\/coelectrix.com\/\"},{\"@type\":\"ListItem\",\"position\":2,\"name\":\"Loja\",\"item\":\"https:\/\/coelectrix.com\/pt-pt\/loja\"},{\"@type\":\"ListItem\",\"position\":3,\"name\":\"Tubos termorretr\u00e1cteis sortidos em caixa 140 pcs.\"}]},{\"@type\":\"WebSite\",\"@id\":\"https:\/\/coelectrix.com\/pt-pt\/#website\",\"url\":\"https:\/\/coelectrix.com\/pt-pt\/\",\"name\":\"Coelectrix\",\"description\":\"Componentes el\u00e9ctricos\",\"publisher\":{\"@id\":\"https:\/\/coelectrix.com\/pt-pt\/#organization\"},\"potentialAction\":[{\"@type\":\"SearchAction\",\"target\":{\"@type\":\"EntryPoint\",\"urlTemplate\":\"https:\/\/coelectrix.com\/pt-pt\/?s={search_term_string}\"},\"query-input\":{\"@type\":\"PropertyValueSpecification\",\"valueRequired\":true,\"valueName\":\"search_term_string\"}}],\"inLanguage\":\"pt-PT\"},{\"@type\":\"Organization\",\"@id\":\"https:\/\/coelectrix.com\/pt-pt\/#organization\",\"name\":\"coelectrix.com\",\"url\":\"https:\/\/coelectrix.com\/pt-pt\/\",\"logo\":{\"@type\":\"ImageObject\",\"inLanguage\":\"pt-PT\",\"@id\":\"https:\/\/coelectrix.com\/pt-pt\/#\/schema\/logo\/image\/\",\"url\":\"https:\/\/coelectrix.com\/wp-content\/uploads\/2018\/05\/logo-coelectrix-400x400.jpg\",\"contentUrl\":\"https:\/\/coelectrix.com\/wp-content\/uploads\/2018\/05\/logo-coelectrix-400x400.jpg\",\"width\":300,\"height\":300,\"caption\":\"coelectrix.com\"},\"image\":{\"@id\":\"https:\/\/coelectrix.com\/pt-pt\/#\/schema\/logo\/image\/\"}}]}<\/script>\n<!-- \/ Yoast SEO plugin. -->","yoast_head_json":{"title":"\u25b7 Tubos termorretr\u00e1cteis sortidos em caixa 140 pcs. | Coelectrix.com","description":"Tubos termorretr\u00e1cteis variados nos 6 di\u00e2metros mais comuns, cortados em peda\u00e7os entre 80 mm e 100 mm. Inclui uma caixa organizadora de pl\u00e1stico para arruma\u00e7\u00e3o e armazenamento.","robots":{"index":"index","follow":"follow","max-snippet":"max-snippet:-1","max-image-preview":"max-image-preview:large","max-video-preview":"max-video-preview:-1"},"canonical":"https:\/\/coelectrix.com\/pt-pt\/produto\/termoretractil-variedades-em-maletina","og_locale":"pt_PT","og_type":"article","og_title":"\u25b7 Tubos termorretr\u00e1cteis sortidos em caixa 140 pcs. | Coelectrix.com","og_description":"Tubos termorretr\u00e1cteis variados nos 6 di\u00e2metros mais comuns, cortados em peda\u00e7os entre 80 mm e 100 mm. Inclui uma caixa organizadora de pl\u00e1stico para arruma\u00e7\u00e3o e armazenamento.","og_url":"https:\/\/coelectrix.com\/pt-pt\/produto\/termoretractil-variedades-em-maletina","og_site_name":"Coelectrix","article_modified_time":"2025-08-19T04:05:54+00:00","og_image":[{"width":1440,"height":2560,"url":"https:\/\/coelectrix.com\/wp-content\/uploads\/2016\/12\/20170109_112834-scaled.jpg","type":"image\/jpeg"}],"twitter_card":"summary_large_image","twitter_misc":{"Tempo estimado de leitura":"1 minuto"},"schema":{"@context":"https:\/\/schema.org","@graph":[{"@type":"WebPage","@id":"https:\/\/coelectrix.com\/pt-pt\/produto\/termoretractil-variedades-em-maletina","url":"https:\/\/coelectrix.com\/pt-pt\/produto\/termoretractil-variedades-em-maletina","name":"\u25b7 Tubos termorretr\u00e1cteis sortidos em caixa 140 pcs. | Coelectrix.com","isPartOf":{"@id":"https:\/\/coelectrix.com\/pt-pt\/#website"},"primaryImageOfPage":{"@id":"https:\/\/coelectrix.com\/pt-pt\/produto\/termoretractil-variedades-em-maletina#primaryimage"},"image":{"@id":"https:\/\/coelectrix.com\/pt-pt\/produto\/termoretractil-variedades-em-maletina#primaryimage"},"thumbnailUrl":"https:\/\/coelectrix.com\/wp-content\/uploads\/2016\/12\/20170109_112834-scaled.jpg","datePublished":"2016-12-03T17:18:07+00:00","dateModified":"2025-08-19T04:05:54+00:00","description":"Tubos termorretr\u00e1cteis variados nos 6 di\u00e2metros mais comuns, cortados em peda\u00e7os entre 80 mm e 100 mm. Inclui uma caixa organizadora de pl\u00e1stico para arruma\u00e7\u00e3o e armazenamento.","breadcrumb":{"@id":"https:\/\/coelectrix.com\/pt-pt\/produto\/termoretractil-variedades-em-maletina#breadcrumb"},"inLanguage":"pt-PT","potentialAction":[{"@type":"ReadAction","target":["https:\/\/coelectrix.com\/pt-pt\/produto\/termoretractil-variedades-em-maletina"]}]},{"@type":"ImageObject","inLanguage":"pt-PT","@id":"https:\/\/coelectrix.com\/pt-pt\/produto\/termoretractil-variedades-em-maletina#primaryimage","url":"https:\/\/coelectrix.com\/wp-content\/uploads\/2016\/12\/20170109_112834-scaled.jpg","contentUrl":"https:\/\/coelectrix.com\/wp-content\/uploads\/2016\/12\/20170109_112834-scaled.jpg","width":1440,"height":2560,"caption":"V\u00c1RIOS TERMORETR\u00c1CTEIS"},{"@type":"BreadcrumbList","@id":"https:\/\/coelectrix.com\/pt-pt\/produto\/termoretractil-variedades-em-maletina#breadcrumb","itemListElement":[{"@type":"ListItem","position":1,"name":"Portada","item":"https:\/\/coelectrix.com\/"},{"@type":"ListItem","position":2,"name":"Loja","item":"https:\/\/coelectrix.com\/pt-pt\/loja"},{"@type":"ListItem","position":3,"name":"Tubos termorretr\u00e1cteis sortidos em caixa 140 pcs."}]},{"@type":"WebSite","@id":"https:\/\/coelectrix.com\/pt-pt\/#website","url":"https:\/\/coelectrix.com\/pt-pt\/","name":"Coelectrix","description":"Componentes el\u00e9ctricos","publisher":{"@id":"https:\/\/coelectrix.com\/pt-pt\/#organization"},"potentialAction":[{"@type":"SearchAction","target":{"@type":"EntryPoint","urlTemplate":"https:\/\/coelectrix.com\/pt-pt\/?s={search_term_string}"},"query-input":{"@type":"PropertyValueSpecification","valueRequired":true,"valueName":"search_term_string"}}],"inLanguage":"pt-PT"},{"@type":"Organization","@id":"https:\/\/coelectrix.com\/pt-pt\/#organization","name":"coelectrix.com","url":"https:\/\/coelectrix.com\/pt-pt\/","logo":{"@type":"ImageObject","inLanguage":"pt-PT","@id":"https:\/\/coelectrix.com\/pt-pt\/#\/schema\/logo\/image\/","url":"https:\/\/coelectrix.com\/wp-content\/uploads\/2018\/05\/logo-coelectrix-400x400.jpg","contentUrl":"https:\/\/coelectrix.com\/wp-content\/uploads\/2018\/05\/logo-coelectrix-400x400.jpg","width":300,"height":300,"caption":"coelectrix.com"},"image":{"@id":"https:\/\/coelectrix.com\/pt-pt\/#\/schema\/logo\/image\/"}}]}},"_links":{"self":[{"href":"https:\/\/coelectrix.com\/pt-pt\/wp-json\/wp\/v2\/product\/77073","targetHints":{"allow":["GET"]}}],"collection":[{"href":"https:\/\/coelectrix.com\/pt-pt\/wp-json\/wp\/v2\/product"}],"about":[{"href":"https:\/\/coelectrix.com\/pt-pt\/wp-json\/wp\/v2\/types\/product"}],"version-history":[{"count":1,"href":"https:\/\/coelectrix.com\/pt-pt\/wp-json\/wp\/v2\/product\/77073\/revisions"}],"predecessor-version":[{"id":77198,"href":"https:\/\/coelectrix.com\/pt-pt\/wp-json\/wp\/v2\/product\/77073\/revisions\/77198"}],"wp:featuredmedia":[{"embeddable":true,"href":"https:\/\/coelectrix.com\/pt-pt\/wp-json\/wp\/v2\/media\/72573"}],"wp:attachment":[{"href":"https:\/\/coelectrix.com\/pt-pt\/wp-json\/wp\/v2\/media?parent=77073"}],"wp:term":[{"taxonomy":"product_brand","embeddable":true,"href":"https:\/\/coelectrix.com\/pt-pt\/wp-json\/wp\/v2\/product_brand?post=77073"},{"taxonomy":"product_cat","embeddable":true,"href":"https:\/\/coelectrix.com\/pt-pt\/wp-json\/wp\/v2\/product_cat?post=77073"},{"taxonomy":"product_tag","embeddable":true,"href":"https:\/\/coelectrix.com\/pt-pt\/wp-json\/wp\/v2\/product_tag?post=77073"}],"curies":[{"name":"wp","href":"https:\/\/api.w.org\/{rel}","templated":true}]}}