{"id":77084,"date":"2016-02-07T13:01:00","date_gmt":"2016-02-07T12:01:00","guid":{"rendered":"https:\/\/coelectrix.com\/producto\/barra-de-tubos-termorretracteis-coloridos-1mt"},"modified":"2025-08-19T06:06:29","modified_gmt":"2025-08-19T04:06:29","slug":"barra-de-tubos-termorretracteis-coloridos-1mt","status":"publish","type":"product","link":"https:\/\/coelectrix.com\/pt-pt\/produto\/shrink-wrap-colour-tube-bar-1mt","title":{"rendered":"Barra de tubos termorretr\u00e1cteis coloridos 1mt."},"content":{"rendered":"<h2><strong>Tubo termorretr\u00e1ctil colorido fornecido em barras de 1 metro.<\/strong><\/h2>\n<p> <b>Os tubos term<\/b>orretr\u00e1cteis <b>coloridos<\/b><i>, <\/i> ou <b>macarr\u00f5es termorretr\u00e1cteis<\/b>, s\u00e3o uma pel\u00edcula, de v\u00e1rias formas e tamanhos, que, quando submetida a uma fonte de calor (forno, chama, ar quente, etc.), encolhe at\u00e9 cerca de 50 % do seu tamanho inicial, com uma elevada ader\u00eancia ao objeto em torno do qual \u00e9 enrolada. Ap\u00f3s arrefecimento, a pel\u00edcula mant\u00e9m a sua nova forma.<\/p>\n<p>Este princ\u00edpio \u00e9 utilizado para envolver objectos, a fim de garantir a sua estabilidade e prote\u00e7\u00e3o. \u00c9 aplicado, por exemplo, na embalagem de mercadorias em paletes ou em mangas retr\u00e1cteis utilizadas em eletr\u00f3nica para tornar mais s\u00f3lidos os <a title=\"Conector el\u00e9ctrico\" href=\"https:\/\/es.wikipedia.org\/wiki\/Conector_el%C3%A9ctrico\">conectores el\u00e9ctricos<\/a> ou as baterias.<\/p>\n<p>Uma das <strong>aplica\u00e7\u00f5es mais comuns<\/strong> dos tubos termorretr\u00e1cteis \u00e9 a sua utiliza\u00e7\u00e3o na <strong>repara\u00e7\u00e3o de cabos<\/strong>. Quando um cabo el\u00e9trico se deteriora ou \u00e9 danificado de alguma forma, os tubos termorretr\u00e1cteis podem cobrir a \u00e1rea afetada e proteger o cabo de mais danos. Al\u00e9m disso, devido \u00e0 sua capacidade de isolamento, os tubos termorretr\u00e1cteis tamb\u00e9m ajudam a <strong>evitar curto-circuitos<\/strong> e outras falhas el\u00e9ctricas.<\/p>\n<p>Al\u00e9m disso, a tubagem termorretr\u00e1ctil tamb\u00e9m \u00e9 utilizada na <strong>identifica\u00e7\u00e3o de cabos<\/strong>. Com a utiliza\u00e7\u00e3o de diferentes cores de tubos termorretr\u00e1cteis, \u00e9 poss\u00edvel identificar f\u00e1cil e rapidamente diferentes cabos e circuitos.<\/p>\n","protected":false},"excerpt":{"rendered":"<ul>\n<li>Tubos termoretr\u00e1cteis em barras de 1 metro.<\/li>\n<li>Di\u00e2metros \u00e0 escolha entre 1 mm, 2 mm e 4 mm.<\/li>\n<li>Cores: Amarelo-verde, azul, vermelho, castanho e transparente.<\/li>\n<\/ul>\n<p><img decoding=\"async\" class=\"alignnone size-full wp-image-304\" src=\"https:\/\/coelectrix.com\/wp-content\/uploads\/2016\/03\/formas-de-pago.png\" alt=\"formas de pago\" width=\"245\" height=\"62\" srcset=\"https:\/\/coelectrix.com\/wp-content\/uploads\/2016\/03\/formas-de-pago.png 245w, https:\/\/coelectrix.com\/wp-content\/uploads\/2016\/03\/formas-de-pago-64x16.png 64w\" sizes=\"(max-width: 245px) 100vw, 245px\" \/><\/p>\n","protected":false},"featured_media":74163,"template":"","meta":{"_acf_changed":false},"product_brand":[],"product_cat":[1406],"product_tag":[],"class_list":{"0":"post-77084","1":"product","2":"type-product","3":"status-publish","4":"has-post-thumbnail","6":"product_cat-tubos-termorretracteis","8":"first","9":"instock","10":"taxable","11":"shipping-taxable","12":"purchasable","13":"product-type-variable"},"acf":[],"yoast_head":"<!-- This site is optimized with the Yoast SEO plugin v27.2 - https:\/\/yoast.com\/product\/yoast-seo-wordpress\/ -->\n<title>\u25b7 Tubo termorretr\u00e1til colorido 1 metro | Coelectrix.com<\/title>\n<meta name=\"description\" content=\"Tubos termoretr\u00e1cteis coloridos em tubos de 1 metro | Di\u00e2metros 1 mm. 2 mm. e 4 mm | Cores diferentes \u27a4 Melhor pre\u00e7o online.\" \/>\n<meta name=\"robots\" content=\"index, follow, max-snippet:-1, max-image-preview:large, max-video-preview:-1\" \/>\n<link rel=\"canonical\" href=\"https:\/\/coelectrix.com\/pt-pt\/produto\/shrink-wrap-colour-tube-bar-1mt\" \/>\n<meta property=\"og:locale\" content=\"pt_PT\" \/>\n<meta property=\"og:type\" content=\"article\" \/>\n<meta property=\"og:title\" content=\"\u25b7 Tubo termorretr\u00e1til colorido 1 metro | Coelectrix.com\" \/>\n<meta property=\"og:description\" content=\"Tubos termoretr\u00e1cteis coloridos em tubos de 1 metro | Di\u00e2metros 1 mm. 2 mm. e 4 mm | Cores diferentes \u27a4 Melhor pre\u00e7o online.\" \/>\n<meta property=\"og:url\" content=\"https:\/\/coelectrix.com\/pt-pt\/produto\/shrink-wrap-colour-tube-bar-1mt\" \/>\n<meta property=\"og:site_name\" content=\"Coelectrix\" \/>\n<meta property=\"article:modified_time\" content=\"2025-08-19T04:06:29+00:00\" \/>\n<meta property=\"og:image\" content=\"https:\/\/coelectrix.com\/wp-content\/uploads\/2016\/02\/tubos-termoretractiles-colores.jpg\" \/>\n\t<meta property=\"og:image:width\" content=\"640\" \/>\n\t<meta property=\"og:image:height\" content=\"480\" \/>\n\t<meta property=\"og:image:type\" content=\"image\/jpeg\" \/>\n<meta name=\"twitter:card\" content=\"summary_large_image\" \/>\n<meta name=\"twitter:label1\" content=\"Tempo estimado de leitura\" \/>\n\t<meta name=\"twitter:data1\" content=\"1 minuto\" \/>\n<script type=\"application\/ld+json\" class=\"yoast-schema-graph\">{\"@context\":\"https:\/\/schema.org\",\"@graph\":[{\"@type\":\"WebPage\",\"@id\":\"https:\/\/coelectrix.com\/pt-pt\/produto\/shrink-wrap-colour-tube-bar-1mt\",\"url\":\"https:\/\/coelectrix.com\/pt-pt\/produto\/shrink-wrap-colour-tube-bar-1mt\",\"name\":\"\u25b7 Tubo termorretr\u00e1til colorido 1 metro | Coelectrix.com\",\"isPartOf\":{\"@id\":\"https:\/\/coelectrix.com\/pt-pt\/#website\"},\"primaryImageOfPage\":{\"@id\":\"https:\/\/coelectrix.com\/pt-pt\/produto\/shrink-wrap-colour-tube-bar-1mt#primaryimage\"},\"image\":{\"@id\":\"https:\/\/coelectrix.com\/pt-pt\/produto\/shrink-wrap-colour-tube-bar-1mt#primaryimage\"},\"thumbnailUrl\":\"https:\/\/coelectrix.com\/wp-content\/uploads\/2016\/02\/tubos-termoretractiles-colores.jpg\",\"datePublished\":\"2016-02-07T12:01:00+00:00\",\"dateModified\":\"2025-08-19T04:06:29+00:00\",\"description\":\"Tubos termoretr\u00e1cteis coloridos em tubos de 1 metro | Di\u00e2metros 1 mm. 2 mm. e 4 mm | Cores diferentes \u27a4 Melhor pre\u00e7o online.\",\"breadcrumb\":{\"@id\":\"https:\/\/coelectrix.com\/pt-pt\/produto\/shrink-wrap-colour-tube-bar-1mt#breadcrumb\"},\"inLanguage\":\"pt-PT\",\"potentialAction\":[{\"@type\":\"ReadAction\",\"target\":[\"https:\/\/coelectrix.com\/pt-pt\/produto\/shrink-wrap-colour-tube-bar-1mt\"]}]},{\"@type\":\"ImageObject\",\"inLanguage\":\"pt-PT\",\"@id\":\"https:\/\/coelectrix.com\/pt-pt\/produto\/shrink-wrap-colour-tube-bar-1mt#primaryimage\",\"url\":\"https:\/\/coelectrix.com\/wp-content\/uploads\/2016\/02\/tubos-termoretractiles-colores.jpg\",\"contentUrl\":\"https:\/\/coelectrix.com\/wp-content\/uploads\/2016\/02\/tubos-termoretractiles-colores.jpg\",\"width\":640,\"height\":480,\"caption\":\"comprar tubos termorretr\u00e1cteis coloridos\"},{\"@type\":\"BreadcrumbList\",\"@id\":\"https:\/\/coelectrix.com\/pt-pt\/produto\/shrink-wrap-colour-tube-bar-1mt#breadcrumb\",\"itemListElement\":[{\"@type\":\"ListItem\",\"position\":1,\"name\":\"Portada\",\"item\":\"https:\/\/coelectrix.com\/\"},{\"@type\":\"ListItem\",\"position\":2,\"name\":\"Loja\",\"item\":\"https:\/\/coelectrix.com\/pt-pt\/loja\"},{\"@type\":\"ListItem\",\"position\":3,\"name\":\"Barra de tubos termorretr\u00e1cteis coloridos 1mt.\"}]},{\"@type\":\"WebSite\",\"@id\":\"https:\/\/coelectrix.com\/pt-pt\/#website\",\"url\":\"https:\/\/coelectrix.com\/pt-pt\/\",\"name\":\"Coelectrix\",\"description\":\"Componentes el\u00e9ctricos\",\"publisher\":{\"@id\":\"https:\/\/coelectrix.com\/pt-pt\/#organization\"},\"potentialAction\":[{\"@type\":\"SearchAction\",\"target\":{\"@type\":\"EntryPoint\",\"urlTemplate\":\"https:\/\/coelectrix.com\/pt-pt\/?s={search_term_string}\"},\"query-input\":{\"@type\":\"PropertyValueSpecification\",\"valueRequired\":true,\"valueName\":\"search_term_string\"}}],\"inLanguage\":\"pt-PT\"},{\"@type\":\"Organization\",\"@id\":\"https:\/\/coelectrix.com\/pt-pt\/#organization\",\"name\":\"coelectrix.com\",\"url\":\"https:\/\/coelectrix.com\/pt-pt\/\",\"logo\":{\"@type\":\"ImageObject\",\"inLanguage\":\"pt-PT\",\"@id\":\"https:\/\/coelectrix.com\/pt-pt\/#\/schema\/logo\/image\/\",\"url\":\"https:\/\/coelectrix.com\/wp-content\/uploads\/2018\/05\/logo-coelectrix-400x400.jpg\",\"contentUrl\":\"https:\/\/coelectrix.com\/wp-content\/uploads\/2018\/05\/logo-coelectrix-400x400.jpg\",\"width\":300,\"height\":300,\"caption\":\"coelectrix.com\"},\"image\":{\"@id\":\"https:\/\/coelectrix.com\/pt-pt\/#\/schema\/logo\/image\/\"}}]}<\/script>\n<!-- \/ Yoast SEO plugin. -->","yoast_head_json":{"title":"\u25b7 Tubo termorretr\u00e1til colorido 1 metro | Coelectrix.com","description":"Tubos termoretr\u00e1cteis coloridos em tubos de 1 metro | Di\u00e2metros 1 mm. 2 mm. e 4 mm | Cores diferentes \u27a4 Melhor pre\u00e7o online.","robots":{"index":"index","follow":"follow","max-snippet":"max-snippet:-1","max-image-preview":"max-image-preview:large","max-video-preview":"max-video-preview:-1"},"canonical":"https:\/\/coelectrix.com\/pt-pt\/produto\/shrink-wrap-colour-tube-bar-1mt","og_locale":"pt_PT","og_type":"article","og_title":"\u25b7 Tubo termorretr\u00e1til colorido 1 metro | Coelectrix.com","og_description":"Tubos termoretr\u00e1cteis coloridos em tubos de 1 metro | Di\u00e2metros 1 mm. 2 mm. e 4 mm | Cores diferentes \u27a4 Melhor pre\u00e7o online.","og_url":"https:\/\/coelectrix.com\/pt-pt\/produto\/shrink-wrap-colour-tube-bar-1mt","og_site_name":"Coelectrix","article_modified_time":"2025-08-19T04:06:29+00:00","og_image":[{"width":640,"height":480,"url":"https:\/\/coelectrix.com\/wp-content\/uploads\/2016\/02\/tubos-termoretractiles-colores.jpg","type":"image\/jpeg"}],"twitter_card":"summary_large_image","twitter_misc":{"Tempo estimado de leitura":"1 minuto"},"schema":{"@context":"https:\/\/schema.org","@graph":[{"@type":"WebPage","@id":"https:\/\/coelectrix.com\/pt-pt\/produto\/shrink-wrap-colour-tube-bar-1mt","url":"https:\/\/coelectrix.com\/pt-pt\/produto\/shrink-wrap-colour-tube-bar-1mt","name":"\u25b7 Tubo termorretr\u00e1til colorido 1 metro | Coelectrix.com","isPartOf":{"@id":"https:\/\/coelectrix.com\/pt-pt\/#website"},"primaryImageOfPage":{"@id":"https:\/\/coelectrix.com\/pt-pt\/produto\/shrink-wrap-colour-tube-bar-1mt#primaryimage"},"image":{"@id":"https:\/\/coelectrix.com\/pt-pt\/produto\/shrink-wrap-colour-tube-bar-1mt#primaryimage"},"thumbnailUrl":"https:\/\/coelectrix.com\/wp-content\/uploads\/2016\/02\/tubos-termoretractiles-colores.jpg","datePublished":"2016-02-07T12:01:00+00:00","dateModified":"2025-08-19T04:06:29+00:00","description":"Tubos termoretr\u00e1cteis coloridos em tubos de 1 metro | Di\u00e2metros 1 mm. 2 mm. e 4 mm | Cores diferentes \u27a4 Melhor pre\u00e7o online.","breadcrumb":{"@id":"https:\/\/coelectrix.com\/pt-pt\/produto\/shrink-wrap-colour-tube-bar-1mt#breadcrumb"},"inLanguage":"pt-PT","potentialAction":[{"@type":"ReadAction","target":["https:\/\/coelectrix.com\/pt-pt\/produto\/shrink-wrap-colour-tube-bar-1mt"]}]},{"@type":"ImageObject","inLanguage":"pt-PT","@id":"https:\/\/coelectrix.com\/pt-pt\/produto\/shrink-wrap-colour-tube-bar-1mt#primaryimage","url":"https:\/\/coelectrix.com\/wp-content\/uploads\/2016\/02\/tubos-termoretractiles-colores.jpg","contentUrl":"https:\/\/coelectrix.com\/wp-content\/uploads\/2016\/02\/tubos-termoretractiles-colores.jpg","width":640,"height":480,"caption":"comprar tubos termorretr\u00e1cteis coloridos"},{"@type":"BreadcrumbList","@id":"https:\/\/coelectrix.com\/pt-pt\/produto\/shrink-wrap-colour-tube-bar-1mt#breadcrumb","itemListElement":[{"@type":"ListItem","position":1,"name":"Portada","item":"https:\/\/coelectrix.com\/"},{"@type":"ListItem","position":2,"name":"Loja","item":"https:\/\/coelectrix.com\/pt-pt\/loja"},{"@type":"ListItem","position":3,"name":"Barra de tubos termorretr\u00e1cteis coloridos 1mt."}]},{"@type":"WebSite","@id":"https:\/\/coelectrix.com\/pt-pt\/#website","url":"https:\/\/coelectrix.com\/pt-pt\/","name":"Coelectrix","description":"Componentes el\u00e9ctricos","publisher":{"@id":"https:\/\/coelectrix.com\/pt-pt\/#organization"},"potentialAction":[{"@type":"SearchAction","target":{"@type":"EntryPoint","urlTemplate":"https:\/\/coelectrix.com\/pt-pt\/?s={search_term_string}"},"query-input":{"@type":"PropertyValueSpecification","valueRequired":true,"valueName":"search_term_string"}}],"inLanguage":"pt-PT"},{"@type":"Organization","@id":"https:\/\/coelectrix.com\/pt-pt\/#organization","name":"coelectrix.com","url":"https:\/\/coelectrix.com\/pt-pt\/","logo":{"@type":"ImageObject","inLanguage":"pt-PT","@id":"https:\/\/coelectrix.com\/pt-pt\/#\/schema\/logo\/image\/","url":"https:\/\/coelectrix.com\/wp-content\/uploads\/2018\/05\/logo-coelectrix-400x400.jpg","contentUrl":"https:\/\/coelectrix.com\/wp-content\/uploads\/2018\/05\/logo-coelectrix-400x400.jpg","width":300,"height":300,"caption":"coelectrix.com"},"image":{"@id":"https:\/\/coelectrix.com\/pt-pt\/#\/schema\/logo\/image\/"}}]}},"_links":{"self":[{"href":"https:\/\/coelectrix.com\/pt-pt\/wp-json\/wp\/v2\/product\/77084","targetHints":{"allow":["GET"]}}],"collection":[{"href":"https:\/\/coelectrix.com\/pt-pt\/wp-json\/wp\/v2\/product"}],"about":[{"href":"https:\/\/coelectrix.com\/pt-pt\/wp-json\/wp\/v2\/types\/product"}],"version-history":[{"count":1,"href":"https:\/\/coelectrix.com\/pt-pt\/wp-json\/wp\/v2\/product\/77084\/revisions"}],"predecessor-version":[{"id":77212,"href":"https:\/\/coelectrix.com\/pt-pt\/wp-json\/wp\/v2\/product\/77084\/revisions\/77212"}],"wp:featuredmedia":[{"embeddable":true,"href":"https:\/\/coelectrix.com\/pt-pt\/wp-json\/wp\/v2\/media\/74163"}],"wp:attachment":[{"href":"https:\/\/coelectrix.com\/pt-pt\/wp-json\/wp\/v2\/media?parent=77084"}],"wp:term":[{"taxonomy":"product_brand","embeddable":true,"href":"https:\/\/coelectrix.com\/pt-pt\/wp-json\/wp\/v2\/product_brand?post=77084"},{"taxonomy":"product_cat","embeddable":true,"href":"https:\/\/coelectrix.com\/pt-pt\/wp-json\/wp\/v2\/product_cat?post=77084"},{"taxonomy":"product_tag","embeddable":true,"href":"https:\/\/coelectrix.com\/pt-pt\/wp-json\/wp\/v2\/product_tag?post=77084"}],"curies":[{"name":"wp","href":"https:\/\/api.w.org\/{rel}","templated":true}]}}