{"id":77106,"date":"2016-03-01T08:36:00","date_gmt":"2016-03-01T07:36:00","guid":{"rendered":"https:\/\/coelectrix.com\/producto\/tubo-corrugado-17-mm-pa6-diametro-nw-rolo-50m"},"modified":"2025-08-19T06:06:25","modified_gmt":"2025-08-19T04:06:25","slug":"tubo-corrugado-17-mm-pa6-diametro-nw-rolo-50m","status":"publish","type":"product","link":"https:\/\/coelectrix.com\/pt-pt\/produto\/tubo-canelado-17mm-pa6-diametro-nw-50m","title":{"rendered":"Tubo corrugado 17 mm. PA6 Di\u00e2metro NW Rolo 50m."},"content":{"rendered":"<h2>Comprar tubo ondulado 17mm.  Poliamida PA6<\/h2>\n<p>Tubos para instala\u00e7\u00f5es el\u00e9ctricas com isolamento de prote\u00e7\u00e3o. Especialmente adequados para a constru\u00e7\u00e3o de m\u00e1quinas e instala\u00e7\u00f5es industriais.<\/p>\n<p>Estanques ao ar e aos l\u00edquidos, resistentes a solu\u00e7\u00f5es salinas aquosas, \u00e1cidos e \u00e1lcalis; altamente resistentes a solventes, resistentes ao ozono, isentos de silicone, c\u00e1dmio e halog\u00e9neos. Resistente aos raios UV em preto, resistente aos raios UV em cinzento, condicionado.<\/p>\n<p>Gama de temperaturas: -40\u00b0C a +115\u00b0C, suportando temperaturas at\u00e9 +150\u00b0C em alguns casos.<\/p>\n<p>Cor: preto<\/p>\n<p>Di\u00e2metro NW: 17 mm.<\/p>\n<p>Di\u00e2metro interior: 16,8 mm.<\/p>\n<p>Di\u00e2metro exterior: 21 mm.<\/p>\n<p>Norma EN 50086-2-3:1995<\/p>\n<p>IP 68 Em conformidade com a norma EN 60529.<\/p>\n<h2>Aplica\u00e7\u00f5es do tubo ondulado de 17 mm.<\/h2>\n<p>Os tubos ondulados de 17 mm. <strong>Os tubos<\/strong> corrugados PA6 s\u00e3o um <strong>tipo de tubo termopl\u00e1stico<\/strong> utilizado na ind\u00fastria autom\u00f3vel <strong>para proteger e organizar os cabos el\u00e9ctricos<\/strong> e as condutas de ar. Estes tubos caracterizam-se por uma sec\u00e7\u00e3o transversal circular e uma parede ondulada, o que lhes confere uma <strong>elevada resist\u00eancia<\/strong> \u00e0 tra\u00e7\u00e3o e \u00e0 deforma\u00e7\u00e3o.<\/p>\n<p>Uma das principais utiliza\u00e7\u00f5es dos tubos corrugados PA6 de 17 mm. PA6 na ind\u00fastria autom\u00f3vel \u00e9 a prote\u00e7\u00e3o e o isolamento dos cabos el\u00e9ctricos. Estes tubos s\u00e3o ideais para <strong>proteger os cabos de danos mec\u00e2nicos, como cortes ou esmagamentos<\/strong>, e tamb\u00e9m os protegem da humidade e do p\u00f3. Para al\u00e9m disso, o seu design ondulado permite uma f\u00e1cil identifica\u00e7\u00e3o e localiza\u00e7\u00e3o dos cabos, o que facilita o trabalho dos profissionais.<\/p>\n<p>Em suma, os tubos ondulados de 17 mm. PA6 s\u00e3o um material muito \u00fatil para a prote\u00e7\u00e3o e organiza\u00e7\u00e3o de cabos el\u00e9ctricos e condutas de ar na ind\u00fastria autom\u00f3vel. S\u00e3o ideais para utiliza\u00e7\u00e3o durante a instala\u00e7\u00e3o e repara\u00e7\u00e3o de sistemas el\u00e9ctricos e para o armazenamento e transporte de cabos.<\/p>\n","protected":false},"excerpt":{"rendered":"<p>Tubo corrugado de poliamida PA6 Preto.<\/p>\n<p>Di\u00e2metro NW: 17 mm.<\/p>\n<p>Rolo de 50 mts.<\/p>\n<p>Tubos para instala\u00e7\u00f5es el\u00e9ctricas, prote\u00e7\u00e3o isolante.<\/p>\n","protected":false},"featured_media":72441,"template":"","meta":{"_acf_changed":false},"product_brand":[],"product_cat":[1403,1332],"product_tag":[1426,1443,1444],"class_list":{"0":"post-77106","1":"product","2":"type-product","3":"status-publish","4":"has-post-thumbnail","6":"product_cat-tubo-corrugado-pt","7":"product_cat-tubo-corrugado-de-poliamida-em-bobinas","8":"product_tag-pa6-pt","9":"product_tag-tubo-pt","10":"product_tag-tubo-corrugado-pt","12":"first","13":"instock","14":"taxable","15":"shipping-taxable","16":"purchasable","17":"product-type-simple"},"acf":[],"yoast_head":"<!-- This site is optimized with the Yoast SEO plugin v27.2 - https:\/\/yoast.com\/product\/yoast-seo-wordpress\/ -->\n<title>\u25b7 Tubo corrugado de poliamida 17mm PA6 Poliamida rolos de 50 metros<\/title>\n<meta name=\"description\" content=\"Conduta ondulada 17mm Poliamida PA6 Especial para prote\u00e7\u00e3o de cablagem em instala\u00e7\u00f5es \u261d Loja online de condutas onduladas, cabos, conectores,...\" \/>\n<meta name=\"robots\" content=\"index, follow, max-snippet:-1, max-image-preview:large, max-video-preview:-1\" \/>\n<link rel=\"canonical\" href=\"https:\/\/coelectrix.com\/pt-pt\/produto\/tubo-canelado-17mm-pa6-diametro-nw-50m\" \/>\n<meta property=\"og:locale\" content=\"pt_PT\" \/>\n<meta property=\"og:type\" content=\"article\" \/>\n<meta property=\"og:title\" content=\"\u25b7 Tubo corrugado de poliamida 17mm PA6 Poliamida rolos de 50 metros\" \/>\n<meta property=\"og:description\" content=\"Conduta ondulada 17mm Poliamida PA6 Especial para prote\u00e7\u00e3o de cablagem em instala\u00e7\u00f5es \u261d Loja online de condutas onduladas, cabos, conectores,...\" \/>\n<meta property=\"og:url\" content=\"https:\/\/coelectrix.com\/pt-pt\/produto\/tubo-canelado-17mm-pa6-diametro-nw-50m\" \/>\n<meta property=\"og:site_name\" content=\"Coelectrix\" \/>\n<meta property=\"article:modified_time\" content=\"2025-08-19T04:06:25+00:00\" \/>\n<meta property=\"og:image\" content=\"https:\/\/coelectrix.com\/wp-content\/uploads\/2016\/03\/tubo-corrugado-1-e1553841109527.jpg\" \/>\n\t<meta property=\"og:image:width\" content=\"349\" \/>\n\t<meta property=\"og:image:height\" content=\"262\" \/>\n\t<meta property=\"og:image:type\" content=\"image\/jpeg\" \/>\n<meta name=\"twitter:card\" content=\"summary_large_image\" \/>\n<meta name=\"twitter:label1\" content=\"Tempo estimado de leitura\" \/>\n\t<meta name=\"twitter:data1\" content=\"2 minutos\" \/>\n<script type=\"application\/ld+json\" class=\"yoast-schema-graph\">{\"@context\":\"https:\/\/schema.org\",\"@graph\":[{\"@type\":\"WebPage\",\"@id\":\"https:\/\/coelectrix.com\/pt-pt\/produto\/tubo-canelado-17mm-pa6-diametro-nw-50m\",\"url\":\"https:\/\/coelectrix.com\/pt-pt\/produto\/tubo-canelado-17mm-pa6-diametro-nw-50m\",\"name\":\"\u25b7 Tubo corrugado de poliamida 17mm PA6 Poliamida rolos de 50 metros\",\"isPartOf\":{\"@id\":\"https:\/\/coelectrix.com\/pt-pt\/#website\"},\"primaryImageOfPage\":{\"@id\":\"https:\/\/coelectrix.com\/pt-pt\/produto\/tubo-canelado-17mm-pa6-diametro-nw-50m#primaryimage\"},\"image\":{\"@id\":\"https:\/\/coelectrix.com\/pt-pt\/produto\/tubo-canelado-17mm-pa6-diametro-nw-50m#primaryimage\"},\"thumbnailUrl\":\"https:\/\/coelectrix.com\/wp-content\/uploads\/2016\/03\/tubo-corrugado-1-e1553841109527.jpg\",\"datePublished\":\"2016-03-01T07:36:00+00:00\",\"dateModified\":\"2025-08-19T04:06:25+00:00\",\"description\":\"Conduta ondulada 17mm Poliamida PA6 Especial para prote\u00e7\u00e3o de cablagem em instala\u00e7\u00f5es \u261d Loja online de condutas onduladas, cabos, conectores,...\",\"breadcrumb\":{\"@id\":\"https:\/\/coelectrix.com\/pt-pt\/produto\/tubo-canelado-17mm-pa6-diametro-nw-50m#breadcrumb\"},\"inLanguage\":\"pt-PT\",\"potentialAction\":[{\"@type\":\"ReadAction\",\"target\":[\"https:\/\/coelectrix.com\/pt-pt\/produto\/tubo-canelado-17mm-pa6-diametro-nw-50m\"]}]},{\"@type\":\"ImageObject\",\"inLanguage\":\"pt-PT\",\"@id\":\"https:\/\/coelectrix.com\/pt-pt\/produto\/tubo-canelado-17mm-pa6-diametro-nw-50m#primaryimage\",\"url\":\"https:\/\/coelectrix.com\/wp-content\/uploads\/2016\/03\/tubo-corrugado-1-e1553841109527.jpg\",\"contentUrl\":\"https:\/\/coelectrix.com\/wp-content\/uploads\/2016\/03\/tubo-corrugado-1-e1553841109527.jpg\",\"width\":349,\"height\":262,\"caption\":\"comprar tubo corrugado\"},{\"@type\":\"BreadcrumbList\",\"@id\":\"https:\/\/coelectrix.com\/pt-pt\/produto\/tubo-canelado-17mm-pa6-diametro-nw-50m#breadcrumb\",\"itemListElement\":[{\"@type\":\"ListItem\",\"position\":1,\"name\":\"Portada\",\"item\":\"https:\/\/coelectrix.com\/\"},{\"@type\":\"ListItem\",\"position\":2,\"name\":\"Loja\",\"item\":\"https:\/\/coelectrix.com\/pt-pt\/loja\"},{\"@type\":\"ListItem\",\"position\":3,\"name\":\"Tubo corrugado 17 mm. PA6 Di\u00e2metro NW Rolo 50m.\"}]},{\"@type\":\"WebSite\",\"@id\":\"https:\/\/coelectrix.com\/pt-pt\/#website\",\"url\":\"https:\/\/coelectrix.com\/pt-pt\/\",\"name\":\"Coelectrix\",\"description\":\"Componentes el\u00e9ctricos\",\"publisher\":{\"@id\":\"https:\/\/coelectrix.com\/pt-pt\/#organization\"},\"potentialAction\":[{\"@type\":\"SearchAction\",\"target\":{\"@type\":\"EntryPoint\",\"urlTemplate\":\"https:\/\/coelectrix.com\/pt-pt\/?s={search_term_string}\"},\"query-input\":{\"@type\":\"PropertyValueSpecification\",\"valueRequired\":true,\"valueName\":\"search_term_string\"}}],\"inLanguage\":\"pt-PT\"},{\"@type\":\"Organization\",\"@id\":\"https:\/\/coelectrix.com\/pt-pt\/#organization\",\"name\":\"coelectrix.com\",\"url\":\"https:\/\/coelectrix.com\/pt-pt\/\",\"logo\":{\"@type\":\"ImageObject\",\"inLanguage\":\"pt-PT\",\"@id\":\"https:\/\/coelectrix.com\/pt-pt\/#\/schema\/logo\/image\/\",\"url\":\"https:\/\/coelectrix.com\/wp-content\/uploads\/2018\/05\/logo-coelectrix-400x400.jpg\",\"contentUrl\":\"https:\/\/coelectrix.com\/wp-content\/uploads\/2018\/05\/logo-coelectrix-400x400.jpg\",\"width\":300,\"height\":300,\"caption\":\"coelectrix.com\"},\"image\":{\"@id\":\"https:\/\/coelectrix.com\/pt-pt\/#\/schema\/logo\/image\/\"}}]}<\/script>\n<!-- \/ Yoast SEO plugin. -->","yoast_head_json":{"title":"\u25b7 Tubo corrugado de poliamida 17mm PA6 Poliamida rolos de 50 metros","description":"Conduta ondulada 17mm Poliamida PA6 Especial para prote\u00e7\u00e3o de cablagem em instala\u00e7\u00f5es \u261d Loja online de condutas onduladas, cabos, conectores,...","robots":{"index":"index","follow":"follow","max-snippet":"max-snippet:-1","max-image-preview":"max-image-preview:large","max-video-preview":"max-video-preview:-1"},"canonical":"https:\/\/coelectrix.com\/pt-pt\/produto\/tubo-canelado-17mm-pa6-diametro-nw-50m","og_locale":"pt_PT","og_type":"article","og_title":"\u25b7 Tubo corrugado de poliamida 17mm PA6 Poliamida rolos de 50 metros","og_description":"Conduta ondulada 17mm Poliamida PA6 Especial para prote\u00e7\u00e3o de cablagem em instala\u00e7\u00f5es \u261d Loja online de condutas onduladas, cabos, conectores,...","og_url":"https:\/\/coelectrix.com\/pt-pt\/produto\/tubo-canelado-17mm-pa6-diametro-nw-50m","og_site_name":"Coelectrix","article_modified_time":"2025-08-19T04:06:25+00:00","og_image":[{"width":349,"height":262,"url":"https:\/\/coelectrix.com\/wp-content\/uploads\/2016\/03\/tubo-corrugado-1-e1553841109527.jpg","type":"image\/jpeg"}],"twitter_card":"summary_large_image","twitter_misc":{"Tempo estimado de leitura":"2 minutos"},"schema":{"@context":"https:\/\/schema.org","@graph":[{"@type":"WebPage","@id":"https:\/\/coelectrix.com\/pt-pt\/produto\/tubo-canelado-17mm-pa6-diametro-nw-50m","url":"https:\/\/coelectrix.com\/pt-pt\/produto\/tubo-canelado-17mm-pa6-diametro-nw-50m","name":"\u25b7 Tubo corrugado de poliamida 17mm PA6 Poliamida rolos de 50 metros","isPartOf":{"@id":"https:\/\/coelectrix.com\/pt-pt\/#website"},"primaryImageOfPage":{"@id":"https:\/\/coelectrix.com\/pt-pt\/produto\/tubo-canelado-17mm-pa6-diametro-nw-50m#primaryimage"},"image":{"@id":"https:\/\/coelectrix.com\/pt-pt\/produto\/tubo-canelado-17mm-pa6-diametro-nw-50m#primaryimage"},"thumbnailUrl":"https:\/\/coelectrix.com\/wp-content\/uploads\/2016\/03\/tubo-corrugado-1-e1553841109527.jpg","datePublished":"2016-03-01T07:36:00+00:00","dateModified":"2025-08-19T04:06:25+00:00","description":"Conduta ondulada 17mm Poliamida PA6 Especial para prote\u00e7\u00e3o de cablagem em instala\u00e7\u00f5es \u261d Loja online de condutas onduladas, cabos, conectores,...","breadcrumb":{"@id":"https:\/\/coelectrix.com\/pt-pt\/produto\/tubo-canelado-17mm-pa6-diametro-nw-50m#breadcrumb"},"inLanguage":"pt-PT","potentialAction":[{"@type":"ReadAction","target":["https:\/\/coelectrix.com\/pt-pt\/produto\/tubo-canelado-17mm-pa6-diametro-nw-50m"]}]},{"@type":"ImageObject","inLanguage":"pt-PT","@id":"https:\/\/coelectrix.com\/pt-pt\/produto\/tubo-canelado-17mm-pa6-diametro-nw-50m#primaryimage","url":"https:\/\/coelectrix.com\/wp-content\/uploads\/2016\/03\/tubo-corrugado-1-e1553841109527.jpg","contentUrl":"https:\/\/coelectrix.com\/wp-content\/uploads\/2016\/03\/tubo-corrugado-1-e1553841109527.jpg","width":349,"height":262,"caption":"comprar tubo corrugado"},{"@type":"BreadcrumbList","@id":"https:\/\/coelectrix.com\/pt-pt\/produto\/tubo-canelado-17mm-pa6-diametro-nw-50m#breadcrumb","itemListElement":[{"@type":"ListItem","position":1,"name":"Portada","item":"https:\/\/coelectrix.com\/"},{"@type":"ListItem","position":2,"name":"Loja","item":"https:\/\/coelectrix.com\/pt-pt\/loja"},{"@type":"ListItem","position":3,"name":"Tubo corrugado 17 mm. PA6 Di\u00e2metro NW Rolo 50m."}]},{"@type":"WebSite","@id":"https:\/\/coelectrix.com\/pt-pt\/#website","url":"https:\/\/coelectrix.com\/pt-pt\/","name":"Coelectrix","description":"Componentes el\u00e9ctricos","publisher":{"@id":"https:\/\/coelectrix.com\/pt-pt\/#organization"},"potentialAction":[{"@type":"SearchAction","target":{"@type":"EntryPoint","urlTemplate":"https:\/\/coelectrix.com\/pt-pt\/?s={search_term_string}"},"query-input":{"@type":"PropertyValueSpecification","valueRequired":true,"valueName":"search_term_string"}}],"inLanguage":"pt-PT"},{"@type":"Organization","@id":"https:\/\/coelectrix.com\/pt-pt\/#organization","name":"coelectrix.com","url":"https:\/\/coelectrix.com\/pt-pt\/","logo":{"@type":"ImageObject","inLanguage":"pt-PT","@id":"https:\/\/coelectrix.com\/pt-pt\/#\/schema\/logo\/image\/","url":"https:\/\/coelectrix.com\/wp-content\/uploads\/2018\/05\/logo-coelectrix-400x400.jpg","contentUrl":"https:\/\/coelectrix.com\/wp-content\/uploads\/2018\/05\/logo-coelectrix-400x400.jpg","width":300,"height":300,"caption":"coelectrix.com"},"image":{"@id":"https:\/\/coelectrix.com\/pt-pt\/#\/schema\/logo\/image\/"}}]}},"_links":{"self":[{"href":"https:\/\/coelectrix.com\/pt-pt\/wp-json\/wp\/v2\/product\/77106","targetHints":{"allow":["GET"]}}],"collection":[{"href":"https:\/\/coelectrix.com\/pt-pt\/wp-json\/wp\/v2\/product"}],"about":[{"href":"https:\/\/coelectrix.com\/pt-pt\/wp-json\/wp\/v2\/types\/product"}],"version-history":[{"count":1,"href":"https:\/\/coelectrix.com\/pt-pt\/wp-json\/wp\/v2\/product\/77106\/revisions"}],"predecessor-version":[{"id":77200,"href":"https:\/\/coelectrix.com\/pt-pt\/wp-json\/wp\/v2\/product\/77106\/revisions\/77200"}],"wp:featuredmedia":[{"embeddable":true,"href":"https:\/\/coelectrix.com\/pt-pt\/wp-json\/wp\/v2\/media\/72441"}],"wp:attachment":[{"href":"https:\/\/coelectrix.com\/pt-pt\/wp-json\/wp\/v2\/media?parent=77106"}],"wp:term":[{"taxonomy":"product_brand","embeddable":true,"href":"https:\/\/coelectrix.com\/pt-pt\/wp-json\/wp\/v2\/product_brand?post=77106"},{"taxonomy":"product_cat","embeddable":true,"href":"https:\/\/coelectrix.com\/pt-pt\/wp-json\/wp\/v2\/product_cat?post=77106"},{"taxonomy":"product_tag","embeddable":true,"href":"https:\/\/coelectrix.com\/pt-pt\/wp-json\/wp\/v2\/product_tag?post=77106"}],"curies":[{"name":"wp","href":"https:\/\/api.w.org\/{rel}","templated":true}]}}