{"id":77109,"date":"2016-03-01T08:32:26","date_gmt":"2016-03-01T07:32:26","guid":{"rendered":"https:\/\/coelectrix.com\/producto\/tubo-ondulado-pa6-diametro-nw-10-mm-rolo-50m"},"modified":"2025-08-19T06:06:25","modified_gmt":"2025-08-19T04:06:25","slug":"tubo-ondulado-pa6-diametro-nw-10-mm-rolo-50m","status":"publish","type":"product","link":"https:\/\/coelectrix.com\/pt-pt\/produto\/tubo-corrugado-pa6-diametro-nw-10-mm-50m","title":{"rendered":"Tubo ondulado PA6 Di\u00e2metro NW 10 mm. Rolo 50m."},"content":{"rendered":"<h2>Comprar tubo ondulado 10mm em rolos<\/h2>\n<p><strong>Tubo corrugado<\/strong> para instala\u00e7\u00f5es el\u00e9ctricas, prote\u00e7\u00e3o isolante. Especialmente adequado para a constru\u00e7\u00e3o de m\u00e1quinas e instala\u00e7\u00f5es industriais.<\/p>\n<p>Estanque ao ar e aos l\u00edquidos, <strong>resistente<\/strong> a solu\u00e7\u00f5es salinas aquosas, \u00e1cidos e \u00e1lcalis; altamente resistente a solventes, resistente ao ozono, isento de silicone, c\u00e1dmio e halog\u00e9neos. Resistente aos raios UV em preto, resistente aos raios UV em cinzento, condicionado.<\/p>\n<p>Gama de temperaturas: <strong>-40\u00b0C a +115\u00b0C<\/strong>, suportando temperaturas at\u00e9 +150\u00b0C em alguns casos.<\/p>\n<p>Cor: preto<\/p>\n<h2>Dimens\u00f5es do tubo de poliamida ondulado 10mm<\/h2>\n<ul>\n<li>Di\u00e2metro NW: 10 mm.<\/li>\n<li>Di\u00e2metro interior: 10,1 mm.<\/li>\n<li>Di\u00e2metro exterior: 12,7 mm.<\/li>\n<\/ul>\n<p>Norma EN 50086-2-3:1995<\/p>\n<p>IP 68 Em conformidade com a norma EN 60529.<\/p>\n<h3> <a href=\"https:\/\/coelectrix.com\/pt-pt\/tubo-corrugado-pt\">Tubo corrugado<\/a> dispon\u00edvel <a href=\"https:\/\/coelectrix.com\/pt-pt\/tubo-corrugado-pt\">em todos os tamanhos<\/a><\/h3>\n","protected":false},"excerpt":{"rendered":"<p>Tubo corrugado de poliamida PA6 Preto.<\/p>\n<p>Di\u00e2metro NW: 10 mm.<\/p>\n<p>Rolo de 50 mts.<\/p>\n<p>Tubos para instala\u00e7\u00f5es el\u00e9ctricas com isolamento de prote\u00e7\u00e3o. Especialmente adequados para a constru\u00e7\u00e3o de m\u00e1quinas, autom\u00f3veis e instala\u00e7\u00f5es industriais.<\/p>\n","protected":false},"featured_media":72441,"template":"","meta":{"_acf_changed":false},"product_brand":[],"product_cat":[1332],"product_tag":[1426,1443,1444],"class_list":{"0":"post-77109","1":"product","2":"type-product","3":"status-publish","4":"has-post-thumbnail","6":"product_cat-tubo-corrugado-de-poliamida-em-bobinas","7":"product_tag-pa6-pt","8":"product_tag-tubo-pt","9":"product_tag-tubo-corrugado-pt","11":"first","12":"outofstock","13":"taxable","14":"shipping-taxable","15":"purchasable","16":"product-type-simple"},"acf":[],"yoast_head":"<!-- This site is optimized with the Yoast SEO plugin v27.2 - https:\/\/yoast.com\/product\/yoast-seo-wordpress\/ -->\n<title>\u25b7 Tubo corrugado 10mm | Coelectrix.com<\/title>\n<meta name=\"description\" content=\"Tubo ondulado PA6 10mm PA6 10mm Rolo de 50m | Dispon\u00edvel em corte \u00e0 medida \u27a4 Compras online de tubo ondulado, cabos, conectores, rel\u00e9s.\" \/>\n<meta name=\"robots\" content=\"index, follow, max-snippet:-1, max-image-preview:large, max-video-preview:-1\" \/>\n<link rel=\"canonical\" href=\"https:\/\/coelectrix.com\/pt-pt\/produto\/tubo-corrugado-pa6-diametro-nw-10-mm-50m\" \/>\n<meta property=\"og:locale\" content=\"pt_PT\" \/>\n<meta property=\"og:type\" content=\"article\" \/>\n<meta property=\"og:title\" content=\"\u25b7 Tubo corrugado 10mm | Coelectrix.com\" \/>\n<meta property=\"og:description\" content=\"Tubo ondulado PA6 10mm PA6 10mm Rolo de 50m | Dispon\u00edvel em corte \u00e0 medida \u27a4 Compras online de tubo ondulado, cabos, conectores, rel\u00e9s.\" \/>\n<meta property=\"og:url\" content=\"https:\/\/coelectrix.com\/pt-pt\/produto\/tubo-corrugado-pa6-diametro-nw-10-mm-50m\" \/>\n<meta property=\"og:site_name\" content=\"Coelectrix\" \/>\n<meta property=\"article:modified_time\" content=\"2025-08-19T04:06:25+00:00\" \/>\n<meta property=\"og:image\" content=\"https:\/\/coelectrix.com\/wp-content\/uploads\/2016\/03\/tubo-corrugado-1-e1553841109527.jpg\" \/>\n\t<meta property=\"og:image:width\" content=\"349\" \/>\n\t<meta property=\"og:image:height\" content=\"262\" \/>\n\t<meta property=\"og:image:type\" content=\"image\/jpeg\" \/>\n<meta name=\"twitter:card\" content=\"summary_large_image\" \/>\n<meta name=\"twitter:label1\" content=\"Tempo estimado de leitura\" \/>\n\t<meta name=\"twitter:data1\" content=\"1 minuto\" \/>\n<script type=\"application\/ld+json\" class=\"yoast-schema-graph\">{\"@context\":\"https:\/\/schema.org\",\"@graph\":[{\"@type\":\"WebPage\",\"@id\":\"https:\/\/coelectrix.com\/pt-pt\/produto\/tubo-corrugado-pa6-diametro-nw-10-mm-50m\",\"url\":\"https:\/\/coelectrix.com\/pt-pt\/produto\/tubo-corrugado-pa6-diametro-nw-10-mm-50m\",\"name\":\"\u25b7 Tubo corrugado 10mm | Coelectrix.com\",\"isPartOf\":{\"@id\":\"https:\/\/coelectrix.com\/pt-pt\/#website\"},\"primaryImageOfPage\":{\"@id\":\"https:\/\/coelectrix.com\/pt-pt\/produto\/tubo-corrugado-pa6-diametro-nw-10-mm-50m#primaryimage\"},\"image\":{\"@id\":\"https:\/\/coelectrix.com\/pt-pt\/produto\/tubo-corrugado-pa6-diametro-nw-10-mm-50m#primaryimage\"},\"thumbnailUrl\":\"https:\/\/coelectrix.com\/wp-content\/uploads\/2016\/03\/tubo-corrugado-1-e1553841109527.jpg\",\"datePublished\":\"2016-03-01T07:32:26+00:00\",\"dateModified\":\"2025-08-19T04:06:25+00:00\",\"description\":\"Tubo ondulado PA6 10mm PA6 10mm Rolo de 50m | Dispon\u00edvel em corte \u00e0 medida \u27a4 Compras online de tubo ondulado, cabos, conectores, rel\u00e9s.\",\"breadcrumb\":{\"@id\":\"https:\/\/coelectrix.com\/pt-pt\/produto\/tubo-corrugado-pa6-diametro-nw-10-mm-50m#breadcrumb\"},\"inLanguage\":\"pt-PT\",\"potentialAction\":[{\"@type\":\"ReadAction\",\"target\":[\"https:\/\/coelectrix.com\/pt-pt\/produto\/tubo-corrugado-pa6-diametro-nw-10-mm-50m\"]}]},{\"@type\":\"ImageObject\",\"inLanguage\":\"pt-PT\",\"@id\":\"https:\/\/coelectrix.com\/pt-pt\/produto\/tubo-corrugado-pa6-diametro-nw-10-mm-50m#primaryimage\",\"url\":\"https:\/\/coelectrix.com\/wp-content\/uploads\/2016\/03\/tubo-corrugado-1-e1553841109527.jpg\",\"contentUrl\":\"https:\/\/coelectrix.com\/wp-content\/uploads\/2016\/03\/tubo-corrugado-1-e1553841109527.jpg\",\"width\":349,\"height\":262,\"caption\":\"comprar tubo corrugado\"},{\"@type\":\"BreadcrumbList\",\"@id\":\"https:\/\/coelectrix.com\/pt-pt\/produto\/tubo-corrugado-pa6-diametro-nw-10-mm-50m#breadcrumb\",\"itemListElement\":[{\"@type\":\"ListItem\",\"position\":1,\"name\":\"Portada\",\"item\":\"https:\/\/coelectrix.com\/\"},{\"@type\":\"ListItem\",\"position\":2,\"name\":\"Loja\",\"item\":\"https:\/\/coelectrix.com\/pt-pt\/loja\"},{\"@type\":\"ListItem\",\"position\":3,\"name\":\"Tubo ondulado PA6 Di\u00e2metro NW 10 mm. Rolo 50m.\"}]},{\"@type\":\"WebSite\",\"@id\":\"https:\/\/coelectrix.com\/pt-pt\/#website\",\"url\":\"https:\/\/coelectrix.com\/pt-pt\/\",\"name\":\"Coelectrix\",\"description\":\"Componentes el\u00e9ctricos\",\"publisher\":{\"@id\":\"https:\/\/coelectrix.com\/pt-pt\/#organization\"},\"potentialAction\":[{\"@type\":\"SearchAction\",\"target\":{\"@type\":\"EntryPoint\",\"urlTemplate\":\"https:\/\/coelectrix.com\/pt-pt\/?s={search_term_string}\"},\"query-input\":{\"@type\":\"PropertyValueSpecification\",\"valueRequired\":true,\"valueName\":\"search_term_string\"}}],\"inLanguage\":\"pt-PT\"},{\"@type\":\"Organization\",\"@id\":\"https:\/\/coelectrix.com\/pt-pt\/#organization\",\"name\":\"coelectrix.com\",\"url\":\"https:\/\/coelectrix.com\/pt-pt\/\",\"logo\":{\"@type\":\"ImageObject\",\"inLanguage\":\"pt-PT\",\"@id\":\"https:\/\/coelectrix.com\/pt-pt\/#\/schema\/logo\/image\/\",\"url\":\"https:\/\/coelectrix.com\/wp-content\/uploads\/2018\/05\/logo-coelectrix-400x400.jpg\",\"contentUrl\":\"https:\/\/coelectrix.com\/wp-content\/uploads\/2018\/05\/logo-coelectrix-400x400.jpg\",\"width\":300,\"height\":300,\"caption\":\"coelectrix.com\"},\"image\":{\"@id\":\"https:\/\/coelectrix.com\/pt-pt\/#\/schema\/logo\/image\/\"}}]}<\/script>\n<!-- \/ Yoast SEO plugin. -->","yoast_head_json":{"title":"\u25b7 Tubo corrugado 10mm | Coelectrix.com","description":"Tubo ondulado PA6 10mm PA6 10mm Rolo de 50m | Dispon\u00edvel em corte \u00e0 medida \u27a4 Compras online de tubo ondulado, cabos, conectores, rel\u00e9s.","robots":{"index":"index","follow":"follow","max-snippet":"max-snippet:-1","max-image-preview":"max-image-preview:large","max-video-preview":"max-video-preview:-1"},"canonical":"https:\/\/coelectrix.com\/pt-pt\/produto\/tubo-corrugado-pa6-diametro-nw-10-mm-50m","og_locale":"pt_PT","og_type":"article","og_title":"\u25b7 Tubo corrugado 10mm | Coelectrix.com","og_description":"Tubo ondulado PA6 10mm PA6 10mm Rolo de 50m | Dispon\u00edvel em corte \u00e0 medida \u27a4 Compras online de tubo ondulado, cabos, conectores, rel\u00e9s.","og_url":"https:\/\/coelectrix.com\/pt-pt\/produto\/tubo-corrugado-pa6-diametro-nw-10-mm-50m","og_site_name":"Coelectrix","article_modified_time":"2025-08-19T04:06:25+00:00","og_image":[{"width":349,"height":262,"url":"https:\/\/coelectrix.com\/wp-content\/uploads\/2016\/03\/tubo-corrugado-1-e1553841109527.jpg","type":"image\/jpeg"}],"twitter_card":"summary_large_image","twitter_misc":{"Tempo estimado de leitura":"1 minuto"},"schema":{"@context":"https:\/\/schema.org","@graph":[{"@type":"WebPage","@id":"https:\/\/coelectrix.com\/pt-pt\/produto\/tubo-corrugado-pa6-diametro-nw-10-mm-50m","url":"https:\/\/coelectrix.com\/pt-pt\/produto\/tubo-corrugado-pa6-diametro-nw-10-mm-50m","name":"\u25b7 Tubo corrugado 10mm | Coelectrix.com","isPartOf":{"@id":"https:\/\/coelectrix.com\/pt-pt\/#website"},"primaryImageOfPage":{"@id":"https:\/\/coelectrix.com\/pt-pt\/produto\/tubo-corrugado-pa6-diametro-nw-10-mm-50m#primaryimage"},"image":{"@id":"https:\/\/coelectrix.com\/pt-pt\/produto\/tubo-corrugado-pa6-diametro-nw-10-mm-50m#primaryimage"},"thumbnailUrl":"https:\/\/coelectrix.com\/wp-content\/uploads\/2016\/03\/tubo-corrugado-1-e1553841109527.jpg","datePublished":"2016-03-01T07:32:26+00:00","dateModified":"2025-08-19T04:06:25+00:00","description":"Tubo ondulado PA6 10mm PA6 10mm Rolo de 50m | Dispon\u00edvel em corte \u00e0 medida \u27a4 Compras online de tubo ondulado, cabos, conectores, rel\u00e9s.","breadcrumb":{"@id":"https:\/\/coelectrix.com\/pt-pt\/produto\/tubo-corrugado-pa6-diametro-nw-10-mm-50m#breadcrumb"},"inLanguage":"pt-PT","potentialAction":[{"@type":"ReadAction","target":["https:\/\/coelectrix.com\/pt-pt\/produto\/tubo-corrugado-pa6-diametro-nw-10-mm-50m"]}]},{"@type":"ImageObject","inLanguage":"pt-PT","@id":"https:\/\/coelectrix.com\/pt-pt\/produto\/tubo-corrugado-pa6-diametro-nw-10-mm-50m#primaryimage","url":"https:\/\/coelectrix.com\/wp-content\/uploads\/2016\/03\/tubo-corrugado-1-e1553841109527.jpg","contentUrl":"https:\/\/coelectrix.com\/wp-content\/uploads\/2016\/03\/tubo-corrugado-1-e1553841109527.jpg","width":349,"height":262,"caption":"comprar tubo corrugado"},{"@type":"BreadcrumbList","@id":"https:\/\/coelectrix.com\/pt-pt\/produto\/tubo-corrugado-pa6-diametro-nw-10-mm-50m#breadcrumb","itemListElement":[{"@type":"ListItem","position":1,"name":"Portada","item":"https:\/\/coelectrix.com\/"},{"@type":"ListItem","position":2,"name":"Loja","item":"https:\/\/coelectrix.com\/pt-pt\/loja"},{"@type":"ListItem","position":3,"name":"Tubo ondulado PA6 Di\u00e2metro NW 10 mm. Rolo 50m."}]},{"@type":"WebSite","@id":"https:\/\/coelectrix.com\/pt-pt\/#website","url":"https:\/\/coelectrix.com\/pt-pt\/","name":"Coelectrix","description":"Componentes el\u00e9ctricos","publisher":{"@id":"https:\/\/coelectrix.com\/pt-pt\/#organization"},"potentialAction":[{"@type":"SearchAction","target":{"@type":"EntryPoint","urlTemplate":"https:\/\/coelectrix.com\/pt-pt\/?s={search_term_string}"},"query-input":{"@type":"PropertyValueSpecification","valueRequired":true,"valueName":"search_term_string"}}],"inLanguage":"pt-PT"},{"@type":"Organization","@id":"https:\/\/coelectrix.com\/pt-pt\/#organization","name":"coelectrix.com","url":"https:\/\/coelectrix.com\/pt-pt\/","logo":{"@type":"ImageObject","inLanguage":"pt-PT","@id":"https:\/\/coelectrix.com\/pt-pt\/#\/schema\/logo\/image\/","url":"https:\/\/coelectrix.com\/wp-content\/uploads\/2018\/05\/logo-coelectrix-400x400.jpg","contentUrl":"https:\/\/coelectrix.com\/wp-content\/uploads\/2018\/05\/logo-coelectrix-400x400.jpg","width":300,"height":300,"caption":"coelectrix.com"},"image":{"@id":"https:\/\/coelectrix.com\/pt-pt\/#\/schema\/logo\/image\/"}}]}},"_links":{"self":[{"href":"https:\/\/coelectrix.com\/pt-pt\/wp-json\/wp\/v2\/product\/77109","targetHints":{"allow":["GET"]}}],"collection":[{"href":"https:\/\/coelectrix.com\/pt-pt\/wp-json\/wp\/v2\/product"}],"about":[{"href":"https:\/\/coelectrix.com\/pt-pt\/wp-json\/wp\/v2\/types\/product"}],"version-history":[{"count":1,"href":"https:\/\/coelectrix.com\/pt-pt\/wp-json\/wp\/v2\/product\/77109\/revisions"}],"predecessor-version":[{"id":77203,"href":"https:\/\/coelectrix.com\/pt-pt\/wp-json\/wp\/v2\/product\/77109\/revisions\/77203"}],"wp:featuredmedia":[{"embeddable":true,"href":"https:\/\/coelectrix.com\/pt-pt\/wp-json\/wp\/v2\/media\/72441"}],"wp:attachment":[{"href":"https:\/\/coelectrix.com\/pt-pt\/wp-json\/wp\/v2\/media?parent=77109"}],"wp:term":[{"taxonomy":"product_brand","embeddable":true,"href":"https:\/\/coelectrix.com\/pt-pt\/wp-json\/wp\/v2\/product_brand?post=77109"},{"taxonomy":"product_cat","embeddable":true,"href":"https:\/\/coelectrix.com\/pt-pt\/wp-json\/wp\/v2\/product_cat?post=77109"},{"taxonomy":"product_tag","embeddable":true,"href":"https:\/\/coelectrix.com\/pt-pt\/wp-json\/wp\/v2\/product_tag?post=77109"}],"curies":[{"name":"wp","href":"https:\/\/api.w.org\/{rel}","templated":true}]}}