{"id":78027,"date":"2025-05-23T12:28:28","date_gmt":"2025-05-23T10:28:28","guid":{"rendered":"https:\/\/coelectrix.com\/producto\/outlet-rele-automovel-de-encaixe-durakool-dg56a-7011-76-1012-dr"},"modified":"2025-08-19T05:57:05","modified_gmt":"2025-08-19T03:57:05","slug":"outlet-rele-automovel-de-encaixe-durakool-dg56a-7011-76-1012-dr","status":"publish","type":"product","link":"https:\/\/coelectrix.com\/pt-pt\/producto\/outlet-rele-automotriz-enchufable-durakool-dg56a-7011-76-1012-dr","title":{"rendered":"OUTLET Rel\u00e9 autom\u00f3vel de encaixe Durakool DG56A-7011-76-1012-DR"},"content":{"rendered":"<h2 data-start=\"2\" data-end=\"76\"><strong><span class=\"relative -mx-px my-[-0.2rem] rounded px-px py-[0.2rem] transition-colors duration-100 ease-in-out\">Rel\u00e9 Autom\u00f3vel Durakool DG56A-7011-76-1012-DR<\/span><\/strong><\/h2>\n<p data-start=\"2\" data-end=\"76\"><span class=\"relative -mx-px my-[-0.2rem] rounded px-px py-[0.2rem] transition-colors duration-100 ease-in-out\">Um componente el\u00e9trico concebido para aplica\u00e7\u00f5es autom\u00f3veis que requerem uma elevada fiabilidade e capacidade de comuta\u00e7\u00e3o.<\/span><\/p>\n<h3 data-start=\"78\" data-end=\"110\">Principais carater\u00edsticas:<\/h3>\n<ul data-start=\"112\" data-end=\"661\">\n<li data-start=\"112\" data-end=\"174\">\n<p data-start=\"114\" data-end=\"174\"><strong data-start=\"114\" data-end=\"136\">Tens\u00e3o da bobina:<\/strong> <span class=\"relative -mx-px my-[-0.2rem] rounded px-px py-[0.2rem] transition-colors duration-100 ease-in-out\">12 V DC<\/span><\/p>\n<\/li>\n<li data-start=\"175\" data-end=\"244\">\n<p data-start=\"177\" data-end=\"244\"><strong data-start=\"177\" data-end=\"206\">Corrente de comuta\u00e7\u00e3o:<\/strong> <span class=\"relative -mx-px my-[-0.2rem] rounded px-px py-[0.2rem] transition-colors duration-100 ease-in-out\">40 A (m\u00e1x. 120 A DC)<\/span><\/p>\n<\/li>\n<li data-start=\"245\" data-end=\"318\">\n<p data-start=\"247\" data-end=\"318\"><strong data-start=\"247\" data-end=\"278\">Configura\u00e7\u00e3o dos contactos:<\/strong> <span class=\"relative -mx-px my-[-0.2rem] rounded px-px py-[0.2rem] transition-colors duration-100 ease-in-out\">SPDT (contacto simples, duplo)<\/span><\/p>\n<\/li>\n<li data-start=\"319\" data-end=\"381\">\n<p data-start=\"321\" data-end=\"381\"><strong data-start=\"321\" data-end=\"341\">Tipo de montagem:<\/strong> <span class=\"relative -mx-px my-[-0.2rem] rounded px-px py-[0.2rem] transition-colors duration-100 ease-in-out\">Plug-in com terminais de liga\u00e7\u00e3o r\u00e1pida.<\/span><\/p>\n<\/li>\n<li data-start=\"382\" data-end=\"449\">\n<p data-start=\"384\" data-end=\"449\"><strong data-start=\"384\" data-end=\"409\">Material dos contactos:<\/strong> <span class=\"relative -mx-px my-[-0.2rem] rounded px-px py-[0.2rem] transition-colors duration-100 ease-in-out\">AgSnOInO<\/span><\/p>\n<\/li>\n<li data-start=\"450\" data-end=\"526\">\n<p data-start=\"452\" data-end=\"526\"><strong data-start=\"452\" data-end=\"486\">Temperatura de funcionamento: -40 \u00b0C a +125 \u00b0C<\/strong> <span class=\"relative -mx-px my-[-0.2rem] rounded px-px py-[0.2rem] transition-colors duration-100 ease-in-out\">-40 \u00b0C a +125 \u00b0C<\/span><\/p>\n<\/li>\n<li data-start=\"527\" data-end=\"583\">\n<p data-start=\"529\" data-end=\"583\"><strong data-start=\"529\" data-end=\"543\">Vida \u00fatil:<\/strong> <span class=\"relative -mx-px my-[-0.2rem] rounded px-px py-[0.2rem] transition-colors duration-100 ease-in-out\">at\u00e9 10\u2077 ciclos<\/span><\/p>\n<\/li>\n<li data-start=\"584\" data-end=\"661\">\n<p data-start=\"586\" data-end=\"661\"><strong data-start=\"586\" data-end=\"617\">Conformidade regulamentar:<\/strong> RoHS<\/p>\n<\/li>\n<\/ul>\n<p data-start=\"663\" data-end=\"781\"><span class=\"relative -mx-px my-[-0.2rem] rounded px-px py-[0.2rem] transition-colors duration-100 ease-in-out\">Este rel\u00e9 \u00e9 ideal para sistemas el\u00e9ctricos de ve\u00edculos que exigem uma comuta\u00e7\u00e3o eficiente e duradoura, tais como sistemas de ilumina\u00e7\u00e3o, ventiladores ou bombas.<\/span> <span class=\"relative -mx-px my-[-0.2rem] rounded px-px py-[0.2rem] transition-colors duration-100 ease-in-out\">O seu design plug-in facilita a instala\u00e7\u00e3o e manuten\u00e7\u00e3o em ambientes autom\u00f3veis exigentes.<\/span><\/p>\n","protected":false},"excerpt":{"rendered":"<p><strong data-start=\"56\" data-end=\"122\">Durakool DG56A-7011-76-1012-DR Rel\u00e9 Autom\u00f3vel (Ref: 915-6635)<\/strong><br data-start=\"122\" data-end=\"125\" \/>Rel\u00e9 miniISO de alta capacidade, ideal para aplica\u00e7\u00f5es autom\u00f3veis exigentes. Funciona a 12V DC, com configura\u00e7\u00e3o SPDT e suporta at\u00e9 40A. Compacto, dur\u00e1vel e fi\u00e1vel, \u00e9 perfeito para controlar motores e sistemas el\u00e9ctricos em ve\u00edculos.<\/p>\n","protected":false},"featured_media":74691,"template":"","meta":{"_acf_changed":false},"product_brand":[],"product_cat":[1312],"product_tag":[],"class_list":{"0":"post-78027","1":"product","2":"type-product","3":"status-publish","4":"has-post-thumbnail","6":"product_cat-saida","8":"first","9":"outofstock","10":"sale","11":"taxable","12":"shipping-taxable","13":"purchasable","14":"product-type-simple"},"acf":[],"yoast_head":"<!-- This site is optimized with the Yoast SEO plugin v27.2 - https:\/\/yoast.com\/product\/yoast-seo-wordpress\/ -->\n<title>\u25b7 OUTLET Rel\u00e9 autom\u00f3vel de encaixe Durakool DG56A-7011-76-1012-DR | Coelectrix.com<\/title>\n<meta name=\"description\" content=\"Durakool DG56A-7011-76-1012-DR Rel\u00e9 Autom\u00f3vel Durakool DG56A-7011-76-1012-DR Rel\u00e9 miniISO de alta capacidade, ideal para aplica\u00e7\u00f5es autom\u00f3veis exigentes. Funciona a 12V DC, com configura\u00e7\u00e3o SPDT e suporta at\u00e9 40A.\" \/>\n<meta name=\"robots\" content=\"index, follow, max-snippet:-1, max-image-preview:large, max-video-preview:-1\" \/>\n<link rel=\"canonical\" href=\"https:\/\/coelectrix.com\/pt-pt\/producto\/outlet-rele-automotriz-enchufable-durakool-dg56a-7011-76-1012-dr\" \/>\n<meta property=\"og:locale\" content=\"pt_PT\" \/>\n<meta property=\"og:type\" content=\"article\" \/>\n<meta property=\"og:title\" content=\"\u25b7 OUTLET Rel\u00e9 autom\u00f3vel de encaixe Durakool DG56A-7011-76-1012-DR | Coelectrix.com\" \/>\n<meta property=\"og:description\" content=\"Durakool DG56A-7011-76-1012-DR Rel\u00e9 Autom\u00f3vel Durakool DG56A-7011-76-1012-DR Rel\u00e9 miniISO de alta capacidade, ideal para aplica\u00e7\u00f5es autom\u00f3veis exigentes. Funciona a 12V DC, com configura\u00e7\u00e3o SPDT e suporta at\u00e9 40A.\" \/>\n<meta property=\"og:url\" content=\"https:\/\/coelectrix.com\/pt-pt\/producto\/outlet-rele-automotriz-enchufable-durakool-dg56a-7011-76-1012-dr\" \/>\n<meta property=\"og:site_name\" content=\"Coelectrix\" \/>\n<meta property=\"article:modified_time\" content=\"2025-08-19T03:57:05+00:00\" \/>\n<meta property=\"og:image\" content=\"https:\/\/coelectrix.com\/wp-content\/uploads\/2025\/05\/durakooldg85a-7011-36-1012-dr_copy.jpg\" \/>\n\t<meta property=\"og:image:width\" content=\"240\" \/>\n\t<meta property=\"og:image:height\" content=\"300\" \/>\n\t<meta property=\"og:image:type\" content=\"image\/jpeg\" \/>\n<meta name=\"twitter:card\" content=\"summary_large_image\" \/>\n<meta name=\"twitter:label1\" content=\"Tempo estimado de leitura\" \/>\n\t<meta name=\"twitter:data1\" content=\"1 minuto\" \/>\n<script type=\"application\/ld+json\" class=\"yoast-schema-graph\">{\"@context\":\"https:\/\/schema.org\",\"@graph\":[{\"@type\":\"WebPage\",\"@id\":\"https:\/\/coelectrix.com\/pt-pt\/producto\/outlet-rele-automotriz-enchufable-durakool-dg56a-7011-76-1012-dr\",\"url\":\"https:\/\/coelectrix.com\/pt-pt\/producto\/outlet-rele-automotriz-enchufable-durakool-dg56a-7011-76-1012-dr\",\"name\":\"\u25b7 OUTLET Rel\u00e9 autom\u00f3vel de encaixe Durakool DG56A-7011-76-1012-DR | Coelectrix.com\",\"isPartOf\":{\"@id\":\"https:\/\/coelectrix.com\/pt-pt\/#website\"},\"primaryImageOfPage\":{\"@id\":\"https:\/\/coelectrix.com\/pt-pt\/producto\/outlet-rele-automotriz-enchufable-durakool-dg56a-7011-76-1012-dr#primaryimage\"},\"image\":{\"@id\":\"https:\/\/coelectrix.com\/pt-pt\/producto\/outlet-rele-automotriz-enchufable-durakool-dg56a-7011-76-1012-dr#primaryimage\"},\"thumbnailUrl\":\"https:\/\/coelectrix.com\/wp-content\/uploads\/2025\/05\/durakooldg85a-7011-36-1012-dr_copy.jpg\",\"datePublished\":\"2025-05-23T10:28:28+00:00\",\"dateModified\":\"2025-08-19T03:57:05+00:00\",\"description\":\"Durakool DG56A-7011-76-1012-DR Rel\u00e9 Autom\u00f3vel Durakool DG56A-7011-76-1012-DR Rel\u00e9 miniISO de alta capacidade, ideal para aplica\u00e7\u00f5es autom\u00f3veis exigentes. Funciona a 12V DC, com configura\u00e7\u00e3o SPDT e suporta at\u00e9 40A.\",\"breadcrumb\":{\"@id\":\"https:\/\/coelectrix.com\/pt-pt\/producto\/outlet-rele-automotriz-enchufable-durakool-dg56a-7011-76-1012-dr#breadcrumb\"},\"inLanguage\":\"pt-PT\",\"potentialAction\":[{\"@type\":\"ReadAction\",\"target\":[\"https:\/\/coelectrix.com\/pt-pt\/producto\/outlet-rele-automotriz-enchufable-durakool-dg56a-7011-76-1012-dr\"]}]},{\"@type\":\"ImageObject\",\"inLanguage\":\"pt-PT\",\"@id\":\"https:\/\/coelectrix.com\/pt-pt\/producto\/outlet-rele-automotriz-enchufable-durakool-dg56a-7011-76-1012-dr#primaryimage\",\"url\":\"https:\/\/coelectrix.com\/wp-content\/uploads\/2025\/05\/durakooldg85a-7011-36-1012-dr_copy.jpg\",\"contentUrl\":\"https:\/\/coelectrix.com\/wp-content\/uploads\/2025\/05\/durakooldg85a-7011-36-1012-dr_copy.jpg\",\"width\":240,\"height\":300,\"caption\":\"Durakool DG56A-7011-76-1012-DR\"},{\"@type\":\"BreadcrumbList\",\"@id\":\"https:\/\/coelectrix.com\/pt-pt\/producto\/outlet-rele-automotriz-enchufable-durakool-dg56a-7011-76-1012-dr#breadcrumb\",\"itemListElement\":[{\"@type\":\"ListItem\",\"position\":1,\"name\":\"Portada\",\"item\":\"https:\/\/coelectrix.com\/\"},{\"@type\":\"ListItem\",\"position\":2,\"name\":\"Loja\",\"item\":\"https:\/\/coelectrix.com\/pt-pt\/loja\"},{\"@type\":\"ListItem\",\"position\":3,\"name\":\"OUTLET Rel\u00e9 autom\u00f3vel de encaixe Durakool DG56A-7011-76-1012-DR\"}]},{\"@type\":\"WebSite\",\"@id\":\"https:\/\/coelectrix.com\/pt-pt\/#website\",\"url\":\"https:\/\/coelectrix.com\/pt-pt\/\",\"name\":\"Coelectrix\",\"description\":\"Componentes el\u00e9ctricos\",\"publisher\":{\"@id\":\"https:\/\/coelectrix.com\/pt-pt\/#organization\"},\"potentialAction\":[{\"@type\":\"SearchAction\",\"target\":{\"@type\":\"EntryPoint\",\"urlTemplate\":\"https:\/\/coelectrix.com\/pt-pt\/?s={search_term_string}\"},\"query-input\":{\"@type\":\"PropertyValueSpecification\",\"valueRequired\":true,\"valueName\":\"search_term_string\"}}],\"inLanguage\":\"pt-PT\"},{\"@type\":\"Organization\",\"@id\":\"https:\/\/coelectrix.com\/pt-pt\/#organization\",\"name\":\"coelectrix.com\",\"url\":\"https:\/\/coelectrix.com\/pt-pt\/\",\"logo\":{\"@type\":\"ImageObject\",\"inLanguage\":\"pt-PT\",\"@id\":\"https:\/\/coelectrix.com\/pt-pt\/#\/schema\/logo\/image\/\",\"url\":\"https:\/\/coelectrix.com\/wp-content\/uploads\/2018\/05\/logo-coelectrix-400x400.jpg\",\"contentUrl\":\"https:\/\/coelectrix.com\/wp-content\/uploads\/2018\/05\/logo-coelectrix-400x400.jpg\",\"width\":300,\"height\":300,\"caption\":\"coelectrix.com\"},\"image\":{\"@id\":\"https:\/\/coelectrix.com\/pt-pt\/#\/schema\/logo\/image\/\"}}]}<\/script>\n<!-- \/ Yoast SEO plugin. -->","yoast_head_json":{"title":"\u25b7 OUTLET Rel\u00e9 autom\u00f3vel de encaixe Durakool DG56A-7011-76-1012-DR | Coelectrix.com","description":"Durakool DG56A-7011-76-1012-DR Rel\u00e9 Autom\u00f3vel Durakool DG56A-7011-76-1012-DR Rel\u00e9 miniISO de alta capacidade, ideal para aplica\u00e7\u00f5es autom\u00f3veis exigentes. Funciona a 12V DC, com configura\u00e7\u00e3o SPDT e suporta at\u00e9 40A.","robots":{"index":"index","follow":"follow","max-snippet":"max-snippet:-1","max-image-preview":"max-image-preview:large","max-video-preview":"max-video-preview:-1"},"canonical":"https:\/\/coelectrix.com\/pt-pt\/producto\/outlet-rele-automotriz-enchufable-durakool-dg56a-7011-76-1012-dr","og_locale":"pt_PT","og_type":"article","og_title":"\u25b7 OUTLET Rel\u00e9 autom\u00f3vel de encaixe Durakool DG56A-7011-76-1012-DR | Coelectrix.com","og_description":"Durakool DG56A-7011-76-1012-DR Rel\u00e9 Autom\u00f3vel Durakool DG56A-7011-76-1012-DR Rel\u00e9 miniISO de alta capacidade, ideal para aplica\u00e7\u00f5es autom\u00f3veis exigentes. Funciona a 12V DC, com configura\u00e7\u00e3o SPDT e suporta at\u00e9 40A.","og_url":"https:\/\/coelectrix.com\/pt-pt\/producto\/outlet-rele-automotriz-enchufable-durakool-dg56a-7011-76-1012-dr","og_site_name":"Coelectrix","article_modified_time":"2025-08-19T03:57:05+00:00","og_image":[{"width":240,"height":300,"url":"https:\/\/coelectrix.com\/wp-content\/uploads\/2025\/05\/durakooldg85a-7011-36-1012-dr_copy.jpg","type":"image\/jpeg"}],"twitter_card":"summary_large_image","twitter_misc":{"Tempo estimado de leitura":"1 minuto"},"schema":{"@context":"https:\/\/schema.org","@graph":[{"@type":"WebPage","@id":"https:\/\/coelectrix.com\/pt-pt\/producto\/outlet-rele-automotriz-enchufable-durakool-dg56a-7011-76-1012-dr","url":"https:\/\/coelectrix.com\/pt-pt\/producto\/outlet-rele-automotriz-enchufable-durakool-dg56a-7011-76-1012-dr","name":"\u25b7 OUTLET Rel\u00e9 autom\u00f3vel de encaixe Durakool DG56A-7011-76-1012-DR | Coelectrix.com","isPartOf":{"@id":"https:\/\/coelectrix.com\/pt-pt\/#website"},"primaryImageOfPage":{"@id":"https:\/\/coelectrix.com\/pt-pt\/producto\/outlet-rele-automotriz-enchufable-durakool-dg56a-7011-76-1012-dr#primaryimage"},"image":{"@id":"https:\/\/coelectrix.com\/pt-pt\/producto\/outlet-rele-automotriz-enchufable-durakool-dg56a-7011-76-1012-dr#primaryimage"},"thumbnailUrl":"https:\/\/coelectrix.com\/wp-content\/uploads\/2025\/05\/durakooldg85a-7011-36-1012-dr_copy.jpg","datePublished":"2025-05-23T10:28:28+00:00","dateModified":"2025-08-19T03:57:05+00:00","description":"Durakool DG56A-7011-76-1012-DR Rel\u00e9 Autom\u00f3vel Durakool DG56A-7011-76-1012-DR Rel\u00e9 miniISO de alta capacidade, ideal para aplica\u00e7\u00f5es autom\u00f3veis exigentes. Funciona a 12V DC, com configura\u00e7\u00e3o SPDT e suporta at\u00e9 40A.","breadcrumb":{"@id":"https:\/\/coelectrix.com\/pt-pt\/producto\/outlet-rele-automotriz-enchufable-durakool-dg56a-7011-76-1012-dr#breadcrumb"},"inLanguage":"pt-PT","potentialAction":[{"@type":"ReadAction","target":["https:\/\/coelectrix.com\/pt-pt\/producto\/outlet-rele-automotriz-enchufable-durakool-dg56a-7011-76-1012-dr"]}]},{"@type":"ImageObject","inLanguage":"pt-PT","@id":"https:\/\/coelectrix.com\/pt-pt\/producto\/outlet-rele-automotriz-enchufable-durakool-dg56a-7011-76-1012-dr#primaryimage","url":"https:\/\/coelectrix.com\/wp-content\/uploads\/2025\/05\/durakooldg85a-7011-36-1012-dr_copy.jpg","contentUrl":"https:\/\/coelectrix.com\/wp-content\/uploads\/2025\/05\/durakooldg85a-7011-36-1012-dr_copy.jpg","width":240,"height":300,"caption":"Durakool DG56A-7011-76-1012-DR"},{"@type":"BreadcrumbList","@id":"https:\/\/coelectrix.com\/pt-pt\/producto\/outlet-rele-automotriz-enchufable-durakool-dg56a-7011-76-1012-dr#breadcrumb","itemListElement":[{"@type":"ListItem","position":1,"name":"Portada","item":"https:\/\/coelectrix.com\/"},{"@type":"ListItem","position":2,"name":"Loja","item":"https:\/\/coelectrix.com\/pt-pt\/loja"},{"@type":"ListItem","position":3,"name":"OUTLET Rel\u00e9 autom\u00f3vel de encaixe Durakool DG56A-7011-76-1012-DR"}]},{"@type":"WebSite","@id":"https:\/\/coelectrix.com\/pt-pt\/#website","url":"https:\/\/coelectrix.com\/pt-pt\/","name":"Coelectrix","description":"Componentes el\u00e9ctricos","publisher":{"@id":"https:\/\/coelectrix.com\/pt-pt\/#organization"},"potentialAction":[{"@type":"SearchAction","target":{"@type":"EntryPoint","urlTemplate":"https:\/\/coelectrix.com\/pt-pt\/?s={search_term_string}"},"query-input":{"@type":"PropertyValueSpecification","valueRequired":true,"valueName":"search_term_string"}}],"inLanguage":"pt-PT"},{"@type":"Organization","@id":"https:\/\/coelectrix.com\/pt-pt\/#organization","name":"coelectrix.com","url":"https:\/\/coelectrix.com\/pt-pt\/","logo":{"@type":"ImageObject","inLanguage":"pt-PT","@id":"https:\/\/coelectrix.com\/pt-pt\/#\/schema\/logo\/image\/","url":"https:\/\/coelectrix.com\/wp-content\/uploads\/2018\/05\/logo-coelectrix-400x400.jpg","contentUrl":"https:\/\/coelectrix.com\/wp-content\/uploads\/2018\/05\/logo-coelectrix-400x400.jpg","width":300,"height":300,"caption":"coelectrix.com"},"image":{"@id":"https:\/\/coelectrix.com\/pt-pt\/#\/schema\/logo\/image\/"}}]}},"_links":{"self":[{"href":"https:\/\/coelectrix.com\/pt-pt\/wp-json\/wp\/v2\/product\/78027","targetHints":{"allow":["GET"]}}],"collection":[{"href":"https:\/\/coelectrix.com\/pt-pt\/wp-json\/wp\/v2\/product"}],"about":[{"href":"https:\/\/coelectrix.com\/pt-pt\/wp-json\/wp\/v2\/types\/product"}],"version-history":[{"count":1,"href":"https:\/\/coelectrix.com\/pt-pt\/wp-json\/wp\/v2\/product\/78027\/revisions"}],"predecessor-version":[{"id":78028,"href":"https:\/\/coelectrix.com\/pt-pt\/wp-json\/wp\/v2\/product\/78027\/revisions\/78028"}],"wp:featuredmedia":[{"embeddable":true,"href":"https:\/\/coelectrix.com\/pt-pt\/wp-json\/wp\/v2\/media\/74691"}],"wp:attachment":[{"href":"https:\/\/coelectrix.com\/pt-pt\/wp-json\/wp\/v2\/media?parent=78027"}],"wp:term":[{"taxonomy":"product_brand","embeddable":true,"href":"https:\/\/coelectrix.com\/pt-pt\/wp-json\/wp\/v2\/product_brand?post=78027"},{"taxonomy":"product_cat","embeddable":true,"href":"https:\/\/coelectrix.com\/pt-pt\/wp-json\/wp\/v2\/product_cat?post=78027"},{"taxonomy":"product_tag","embeddable":true,"href":"https:\/\/coelectrix.com\/pt-pt\/wp-json\/wp\/v2\/product_tag?post=78027"}],"curies":[{"name":"wp","href":"https:\/\/api.w.org\/{rel}","templated":true}]}}