{"id":78029,"date":"2025-05-23T12:09:23","date_gmt":"2025-05-23T10:09:23","guid":{"rendered":"https:\/\/coelectrix.com\/producto\/outlet-carregador-conversor-carregador-orion-tr-12-12-18a-isolado"},"modified":"2025-08-19T05:57:05","modified_gmt":"2025-08-19T03:57:05","slug":"outlet-carregador-conversor-carregador-orion-tr-12-12-18a-isolado","status":"publish","type":"product","link":"https:\/\/coelectrix.com\/pt-pt\/produto\/outlet-charger-converter-orion-tr-12-12-18a-isolation-3","title":{"rendered":"OUTLET Carregador Conversor Carregador Orion Tr 12\/12 18A Isolado"},"content":{"rendered":"<h2><strong>Comprar carregador conversor Orion Tr 12\/12 18A<\/strong><\/h2>\n<p>O <strong>conversor VICTRON 18A Isolated 220W 12V-12V<\/strong> \u00e9 capaz de estabilizar uma tens\u00e3o para 12V (ajust\u00e1vel entre 10 e 15V) a partir de uma fonte que varia entre 8 e 17V. Al\u00e9m disso, este conversor incorpora um isolamento galv\u00e2nico de 200V. A corrente m\u00e1xima de sa\u00edda \u00e9 de 18A ou 220W.<\/p>\n<dl class=\"data-sheet flex_container\"><\/dl>\n<dl class=\"data-sheet flex_container\">\n<dd class=\"value flex_child\">O conversor VICTRON 18A 220W 12V-12V com isolamento galv\u00e2nico \u00e9 ideal para <strong>alimentar um componente eletr\u00f3nico que trabalhe a 12V (ajust\u00e1vel entre 10 e 15V) estabilizando a sua tens\u00e3o de funcionamento a partir de uma fonte entre 8 e 17V<\/strong>. Al\u00e9m disso, como o seu nome indica, <u>possui um isolamento galv\u00e2nico de 200V entre a entrada, a sa\u00edda e a caixa.<\/u><\/p>\n<p>As <strong>carater\u00edsticas mais relevantes<\/strong> do conversor 12V-12V VICTRON 18A 220W 12V-12V com isolamento galv\u00e2nico s\u00e3o:<\/p>\n<p>&#8211; Desconex\u00e3o de subtens\u00e3o 7V, reposi\u00e7\u00e3o de subtens\u00e3o 7,5V.<br \/>\n&#8211; Faixa de ajuste da tens\u00e3o de sa\u00edda entre 10 e 15V, com toler\u00e2ncia de \u00b1 0,2V.<br \/>\n&#8211; Corrente nominal de sa\u00edda, 18A. M\u00e1xima durante 10s de 25A.<br \/>\n&#8211; Corrente m\u00e1xima de curto-circuito 40A.<br \/>\n&#8211; Efici\u00eancia de 87%.<br \/>\n&#8211; Liga\u00e7\u00e3o com terminais de parafuso. Sec\u00e7\u00e3o m\u00e1xima de cablagem 16mm2.<br \/>\n&#8211; Possibilidade de comuta\u00e7\u00e3o \u00e0 dist\u00e2ncia.<br \/>\n&#8211; Pode ser utilizado como carregador de baterias.<br \/>\n&#8211; \u00c0 prova de curto-circuito e com prote\u00e7\u00e3o IP43 (Instala\u00e7\u00e3o com os terminais virados para baixo).<br \/>\n&#8211; Possibilidade de liga\u00e7\u00e3o em paralelo para aumentar a corrente de sa\u00edda.<\/dd>\n<\/dl>\n<p><a href=\"https:\/\/coelectrix.com\/pt-pt\/convertidor-de-corriente-orion-dc-dc-aislado-galvanico-2\" target=\"_blank\" rel=\"noopener\">Orion Tr 12\/12 18A ficha t\u00e9cnica<\/a><\/p>\n","protected":false},"excerpt":{"rendered":"<h3>Produto Outlet &#8211; Bom estado com pequenos pormenores<\/h3>\n<p><strong>Este produto faz parte da nossa sec\u00e7\u00e3o outlet por ter sido usado anteriormente. N\u00e3o inclui caixa original nem acess\u00f3rios adicionais, o que se reflecte no seu pre\u00e7o reduzido. N\u00e3o inclui caixa original nem acess\u00f3rios adicionais, o que se reflecte no seu pre\u00e7o reduzido.<\/strong><br data-start=\"402\" data-end=\"405\" \/><strong>Ideal para quem d\u00e1 prioridade \u00e0 funcionalidade e procura uma excelente rela\u00e7\u00e3o qualidade\/pre\u00e7o &#8211; uma \u00f3ptima oportunidade para tirar partido de um produto fi\u00e1vel a um custo mais acess\u00edvel!<\/strong><\/p>\n<p>Garantia: 3 anos<\/p>\n<p>O Orion Tr 12\/12 18A DC-DC Booster Converter Charger \u00e9 capaz de estabilizar uma tens\u00e3o para 12V (ajust\u00e1vel entre 10 e 15V) a partir de uma fonte que varia entre 8 e 17V. Al\u00e9m disso, este conversor incorpora um isolamento galv\u00e2nico de 200V. A corrente m\u00e1xima de sa\u00edda \u00e9 de 18A ou 220W.<\/p>\n","protected":false},"featured_media":73768,"template":"","meta":{"_acf_changed":false},"product_brand":[],"product_cat":[1312],"product_tag":[],"class_list":{"0":"post-78029","1":"product","2":"type-product","3":"status-publish","4":"has-post-thumbnail","6":"product_cat-saida","8":"first","9":"outofstock","10":"sale","11":"taxable","12":"shipping-taxable","13":"purchasable","14":"product-type-simple"},"acf":[],"yoast_head":"<!-- This site is optimized with the Yoast SEO plugin v27.2 - https:\/\/yoast.com\/product\/yoast-seo-wordpress\/ -->\n<title>\u25b7 OUTLET Carregador Conversor Carregador Orion Tr 12\/12 18A Isolado | Coelectrix.com<\/title>\n<meta name=\"description\" content=\"Compre o conversor isolado Orion Tr 12\/12 18A, envio em 24\/48 horas, loja online l\u00edder em eletr\u00f4nica automotiva \u27a4 Melhor pre\u00e7o online.\" \/>\n<meta name=\"robots\" content=\"index, follow, max-snippet:-1, max-image-preview:large, max-video-preview:-1\" \/>\n<link rel=\"canonical\" href=\"https:\/\/coelectrix.com\/pt-pt\/produto\/outlet-charger-converter-orion-tr-12-12-18a-isolation-3\" \/>\n<meta property=\"og:locale\" content=\"pt_PT\" \/>\n<meta property=\"og:type\" content=\"article\" \/>\n<meta property=\"og:title\" content=\"\u25b7 OUTLET Carregador Conversor Carregador Orion Tr 12\/12 18A Isolado | Coelectrix.com\" \/>\n<meta property=\"og:description\" content=\"Compre o conversor isolado Orion Tr 12\/12 18A, envio em 24\/48 horas, loja online l\u00edder em eletr\u00f4nica automotiva \u27a4 Melhor pre\u00e7o online.\" \/>\n<meta property=\"og:url\" content=\"https:\/\/coelectrix.com\/pt-pt\/produto\/outlet-charger-converter-orion-tr-12-12-18a-isolation-3\" \/>\n<meta property=\"og:site_name\" content=\"Coelectrix\" \/>\n<meta property=\"article:modified_time\" content=\"2025-08-19T03:57:05+00:00\" \/>\n<meta property=\"og:image\" content=\"https:\/\/coelectrix.com\/wp-content\/uploads\/2021\/06\/orion-12_12-18A-aislado.jpg\" \/>\n\t<meta property=\"og:image:width\" content=\"600\" \/>\n\t<meta property=\"og:image:height\" content=\"600\" \/>\n\t<meta property=\"og:image:type\" content=\"image\/jpeg\" \/>\n<meta name=\"twitter:card\" content=\"summary_large_image\" \/>\n<meta name=\"twitter:label1\" content=\"Tempo estimado de leitura\" \/>\n\t<meta name=\"twitter:data1\" content=\"1 minuto\" \/>\n<script type=\"application\/ld+json\" class=\"yoast-schema-graph\">{\"@context\":\"https:\/\/schema.org\",\"@graph\":[{\"@type\":\"WebPage\",\"@id\":\"https:\/\/coelectrix.com\/pt-pt\/produto\/outlet-charger-converter-orion-tr-12-12-18a-isolation-3\",\"url\":\"https:\/\/coelectrix.com\/pt-pt\/produto\/outlet-charger-converter-orion-tr-12-12-18a-isolation-3\",\"name\":\"\u25b7 OUTLET Carregador Conversor Carregador Orion Tr 12\/12 18A Isolado | Coelectrix.com\",\"isPartOf\":{\"@id\":\"https:\/\/coelectrix.com\/pt-pt\/#website\"},\"primaryImageOfPage\":{\"@id\":\"https:\/\/coelectrix.com\/pt-pt\/produto\/outlet-charger-converter-orion-tr-12-12-18a-isolation-3#primaryimage\"},\"image\":{\"@id\":\"https:\/\/coelectrix.com\/pt-pt\/produto\/outlet-charger-converter-orion-tr-12-12-18a-isolation-3#primaryimage\"},\"thumbnailUrl\":\"https:\/\/coelectrix.com\/wp-content\/uploads\/2021\/06\/orion-12_12-18A-aislado.jpg\",\"datePublished\":\"2025-05-23T10:09:23+00:00\",\"dateModified\":\"2025-08-19T03:57:05+00:00\",\"description\":\"Compre o conversor isolado Orion Tr 12\/12 18A, envio em 24\/48 horas, loja online l\u00edder em eletr\u00f4nica automotiva \u27a4 Melhor pre\u00e7o online.\",\"breadcrumb\":{\"@id\":\"https:\/\/coelectrix.com\/pt-pt\/produto\/outlet-charger-converter-orion-tr-12-12-18a-isolation-3#breadcrumb\"},\"inLanguage\":\"pt-PT\",\"potentialAction\":[{\"@type\":\"ReadAction\",\"target\":[\"https:\/\/coelectrix.com\/pt-pt\/produto\/outlet-charger-converter-orion-tr-12-12-18a-isolation-3\"]}]},{\"@type\":\"ImageObject\",\"inLanguage\":\"pt-PT\",\"@id\":\"https:\/\/coelectrix.com\/pt-pt\/produto\/outlet-charger-converter-orion-tr-12-12-18a-isolation-3#primaryimage\",\"url\":\"https:\/\/coelectrix.com\/wp-content\/uploads\/2021\/06\/orion-12_12-18A-aislado.jpg\",\"contentUrl\":\"https:\/\/coelectrix.com\/wp-content\/uploads\/2021\/06\/orion-12_12-18A-aislado.jpg\",\"width\":600,\"height\":600,\"caption\":\"Comprar Booster Orion Tr 12\/12 18A\"},{\"@type\":\"BreadcrumbList\",\"@id\":\"https:\/\/coelectrix.com\/pt-pt\/produto\/outlet-charger-converter-orion-tr-12-12-18a-isolation-3#breadcrumb\",\"itemListElement\":[{\"@type\":\"ListItem\",\"position\":1,\"name\":\"Portada\",\"item\":\"https:\/\/coelectrix.com\/\"},{\"@type\":\"ListItem\",\"position\":2,\"name\":\"Loja\",\"item\":\"https:\/\/coelectrix.com\/pt-pt\/loja\"},{\"@type\":\"ListItem\",\"position\":3,\"name\":\"OUTLET Carregador Conversor Carregador Orion Tr 12\/12 18A Isolado\"}]},{\"@type\":\"WebSite\",\"@id\":\"https:\/\/coelectrix.com\/pt-pt\/#website\",\"url\":\"https:\/\/coelectrix.com\/pt-pt\/\",\"name\":\"Coelectrix\",\"description\":\"Componentes el\u00e9ctricos\",\"publisher\":{\"@id\":\"https:\/\/coelectrix.com\/pt-pt\/#organization\"},\"potentialAction\":[{\"@type\":\"SearchAction\",\"target\":{\"@type\":\"EntryPoint\",\"urlTemplate\":\"https:\/\/coelectrix.com\/pt-pt\/?s={search_term_string}\"},\"query-input\":{\"@type\":\"PropertyValueSpecification\",\"valueRequired\":true,\"valueName\":\"search_term_string\"}}],\"inLanguage\":\"pt-PT\"},{\"@type\":\"Organization\",\"@id\":\"https:\/\/coelectrix.com\/pt-pt\/#organization\",\"name\":\"coelectrix.com\",\"url\":\"https:\/\/coelectrix.com\/pt-pt\/\",\"logo\":{\"@type\":\"ImageObject\",\"inLanguage\":\"pt-PT\",\"@id\":\"https:\/\/coelectrix.com\/pt-pt\/#\/schema\/logo\/image\/\",\"url\":\"https:\/\/coelectrix.com\/wp-content\/uploads\/2018\/05\/logo-coelectrix-400x400.jpg\",\"contentUrl\":\"https:\/\/coelectrix.com\/wp-content\/uploads\/2018\/05\/logo-coelectrix-400x400.jpg\",\"width\":300,\"height\":300,\"caption\":\"coelectrix.com\"},\"image\":{\"@id\":\"https:\/\/coelectrix.com\/pt-pt\/#\/schema\/logo\/image\/\"}}]}<\/script>\n<!-- \/ Yoast SEO plugin. -->","yoast_head_json":{"title":"\u25b7 OUTLET Carregador Conversor Carregador Orion Tr 12\/12 18A Isolado | Coelectrix.com","description":"Compre o conversor isolado Orion Tr 12\/12 18A, envio em 24\/48 horas, loja online l\u00edder em eletr\u00f4nica automotiva \u27a4 Melhor pre\u00e7o online.","robots":{"index":"index","follow":"follow","max-snippet":"max-snippet:-1","max-image-preview":"max-image-preview:large","max-video-preview":"max-video-preview:-1"},"canonical":"https:\/\/coelectrix.com\/pt-pt\/produto\/outlet-charger-converter-orion-tr-12-12-18a-isolation-3","og_locale":"pt_PT","og_type":"article","og_title":"\u25b7 OUTLET Carregador Conversor Carregador Orion Tr 12\/12 18A Isolado | Coelectrix.com","og_description":"Compre o conversor isolado Orion Tr 12\/12 18A, envio em 24\/48 horas, loja online l\u00edder em eletr\u00f4nica automotiva \u27a4 Melhor pre\u00e7o online.","og_url":"https:\/\/coelectrix.com\/pt-pt\/produto\/outlet-charger-converter-orion-tr-12-12-18a-isolation-3","og_site_name":"Coelectrix","article_modified_time":"2025-08-19T03:57:05+00:00","og_image":[{"width":600,"height":600,"url":"https:\/\/coelectrix.com\/wp-content\/uploads\/2021\/06\/orion-12_12-18A-aislado.jpg","type":"image\/jpeg"}],"twitter_card":"summary_large_image","twitter_misc":{"Tempo estimado de leitura":"1 minuto"},"schema":{"@context":"https:\/\/schema.org","@graph":[{"@type":"WebPage","@id":"https:\/\/coelectrix.com\/pt-pt\/produto\/outlet-charger-converter-orion-tr-12-12-18a-isolation-3","url":"https:\/\/coelectrix.com\/pt-pt\/produto\/outlet-charger-converter-orion-tr-12-12-18a-isolation-3","name":"\u25b7 OUTLET Carregador Conversor Carregador Orion Tr 12\/12 18A Isolado | Coelectrix.com","isPartOf":{"@id":"https:\/\/coelectrix.com\/pt-pt\/#website"},"primaryImageOfPage":{"@id":"https:\/\/coelectrix.com\/pt-pt\/produto\/outlet-charger-converter-orion-tr-12-12-18a-isolation-3#primaryimage"},"image":{"@id":"https:\/\/coelectrix.com\/pt-pt\/produto\/outlet-charger-converter-orion-tr-12-12-18a-isolation-3#primaryimage"},"thumbnailUrl":"https:\/\/coelectrix.com\/wp-content\/uploads\/2021\/06\/orion-12_12-18A-aislado.jpg","datePublished":"2025-05-23T10:09:23+00:00","dateModified":"2025-08-19T03:57:05+00:00","description":"Compre o conversor isolado Orion Tr 12\/12 18A, envio em 24\/48 horas, loja online l\u00edder em eletr\u00f4nica automotiva \u27a4 Melhor pre\u00e7o online.","breadcrumb":{"@id":"https:\/\/coelectrix.com\/pt-pt\/produto\/outlet-charger-converter-orion-tr-12-12-18a-isolation-3#breadcrumb"},"inLanguage":"pt-PT","potentialAction":[{"@type":"ReadAction","target":["https:\/\/coelectrix.com\/pt-pt\/produto\/outlet-charger-converter-orion-tr-12-12-18a-isolation-3"]}]},{"@type":"ImageObject","inLanguage":"pt-PT","@id":"https:\/\/coelectrix.com\/pt-pt\/produto\/outlet-charger-converter-orion-tr-12-12-18a-isolation-3#primaryimage","url":"https:\/\/coelectrix.com\/wp-content\/uploads\/2021\/06\/orion-12_12-18A-aislado.jpg","contentUrl":"https:\/\/coelectrix.com\/wp-content\/uploads\/2021\/06\/orion-12_12-18A-aislado.jpg","width":600,"height":600,"caption":"Comprar Booster Orion Tr 12\/12 18A"},{"@type":"BreadcrumbList","@id":"https:\/\/coelectrix.com\/pt-pt\/produto\/outlet-charger-converter-orion-tr-12-12-18a-isolation-3#breadcrumb","itemListElement":[{"@type":"ListItem","position":1,"name":"Portada","item":"https:\/\/coelectrix.com\/"},{"@type":"ListItem","position":2,"name":"Loja","item":"https:\/\/coelectrix.com\/pt-pt\/loja"},{"@type":"ListItem","position":3,"name":"OUTLET Carregador Conversor Carregador Orion Tr 12\/12 18A Isolado"}]},{"@type":"WebSite","@id":"https:\/\/coelectrix.com\/pt-pt\/#website","url":"https:\/\/coelectrix.com\/pt-pt\/","name":"Coelectrix","description":"Componentes el\u00e9ctricos","publisher":{"@id":"https:\/\/coelectrix.com\/pt-pt\/#organization"},"potentialAction":[{"@type":"SearchAction","target":{"@type":"EntryPoint","urlTemplate":"https:\/\/coelectrix.com\/pt-pt\/?s={search_term_string}"},"query-input":{"@type":"PropertyValueSpecification","valueRequired":true,"valueName":"search_term_string"}}],"inLanguage":"pt-PT"},{"@type":"Organization","@id":"https:\/\/coelectrix.com\/pt-pt\/#organization","name":"coelectrix.com","url":"https:\/\/coelectrix.com\/pt-pt\/","logo":{"@type":"ImageObject","inLanguage":"pt-PT","@id":"https:\/\/coelectrix.com\/pt-pt\/#\/schema\/logo\/image\/","url":"https:\/\/coelectrix.com\/wp-content\/uploads\/2018\/05\/logo-coelectrix-400x400.jpg","contentUrl":"https:\/\/coelectrix.com\/wp-content\/uploads\/2018\/05\/logo-coelectrix-400x400.jpg","width":300,"height":300,"caption":"coelectrix.com"},"image":{"@id":"https:\/\/coelectrix.com\/pt-pt\/#\/schema\/logo\/image\/"}}]}},"_links":{"self":[{"href":"https:\/\/coelectrix.com\/pt-pt\/wp-json\/wp\/v2\/product\/78029","targetHints":{"allow":["GET"]}}],"collection":[{"href":"https:\/\/coelectrix.com\/pt-pt\/wp-json\/wp\/v2\/product"}],"about":[{"href":"https:\/\/coelectrix.com\/pt-pt\/wp-json\/wp\/v2\/types\/product"}],"version-history":[{"count":1,"href":"https:\/\/coelectrix.com\/pt-pt\/wp-json\/wp\/v2\/product\/78029\/revisions"}],"predecessor-version":[{"id":78035,"href":"https:\/\/coelectrix.com\/pt-pt\/wp-json\/wp\/v2\/product\/78029\/revisions\/78035"}],"wp:featuredmedia":[{"embeddable":true,"href":"https:\/\/coelectrix.com\/pt-pt\/wp-json\/wp\/v2\/media\/73768"}],"wp:attachment":[{"href":"https:\/\/coelectrix.com\/pt-pt\/wp-json\/wp\/v2\/media?parent=78029"}],"wp:term":[{"taxonomy":"product_brand","embeddable":true,"href":"https:\/\/coelectrix.com\/pt-pt\/wp-json\/wp\/v2\/product_brand?post=78029"},{"taxonomy":"product_cat","embeddable":true,"href":"https:\/\/coelectrix.com\/pt-pt\/wp-json\/wp\/v2\/product_cat?post=78029"},{"taxonomy":"product_tag","embeddable":true,"href":"https:\/\/coelectrix.com\/pt-pt\/wp-json\/wp\/v2\/product_tag?post=78029"}],"curies":[{"name":"wp","href":"https:\/\/api.w.org\/{rel}","templated":true}]}}