{"id":78039,"date":"2019-04-28T07:09:48","date_gmt":"2019-04-28T05:09:48","guid":{"rendered":"https:\/\/coelectrix.com\/producto\/painel-de-carregamento-duplo-usb-ref-01a"},"modified":"2025-08-19T06:04:46","modified_gmt":"2025-08-19T04:04:46","slug":"painel-de-carregamento-duplo-usb-ref-01a","status":"publish","type":"product","link":"https:\/\/coelectrix.com\/pt-pt\/produto\/carregador-usb-painel-duplo","title":{"rendered":"Painel de carregamento duplo USB ref.01A"},"content":{"rendered":"<div>Painel de carregamento, com fios e pronto a ligar.<\/div>\n<div>O painel inclui uma base de carregamento r\u00e1pido USB duplo de 4,2 A.<\/div>\n<h2>Painel de liga\u00e7\u00e3o USB<\/h2>\n<p>\u00c9 f\u00e1cil manter as liga\u00e7\u00f5es USB num \u00fanico local de forma limpa e arrumada com este painel pr\u00e9-cablado com cabo de 2 mm2 e protectores de terminais faston.<\/p>\n<div><\/div>\n<div>Material: ABS<\/div>\n<div>Dimens\u00f5es do painel: altura: 40 mm \/ largura: 40 mm \/ profundidade: 60 mm<\/div>\n<div>Cor: preto<\/div>\n<div>Cor da luz LED: Azul<\/div>\n<div>Sa\u00edda de alimenta\u00e7\u00e3o DC 12 V<\/div>\n<div>Sa\u00edda de tomada USB dupla DC 5 V\/2.1A + 2.1A<\/div>\n<div>Temperatura de funcionamento: -25 \u00b0C ~ 80 \u00b0C<\/div>\n<div>Pot\u00eancia m\u00e1xima: 240 W<\/div>\n<div>Tens\u00e3o de entrada DC 12 V\/24 V<\/div>\n<div data-spm-anchor-id=\"a219c.10010108.1000023.i0.57951aa6xWmuzv\">N\u00edvel de prote\u00e7\u00e3o: IP65<\/div>\n<div data-spm-anchor-id=\"a219c.10010108.1000023.i0.57951aa6xWmuzv\"><\/div>\n<div data-spm-anchor-id=\"a219c.10010108.1000023.i0.57951aa6xWmuzv\">Pode ver outros modelos de <a href=\"https:\/\/coelectrix.com\/pt-pt\/paneles-de-control-y-carga\">carregadores de painel<\/a> aqui<\/div>\n","protected":false},"excerpt":{"rendered":"<p>Painel de controlo com liga\u00e7\u00e3o USB dupla<\/p>\n<p>O painel inclui: 1 carregador USB duplo 4.2A<br \/>\nDimens\u00f5es: altura: 40mm \/ largura: 40mm \/ profundidade: 60mm<\/p>\n<p>O painel \u00e9 entregue j\u00e1 cablado e pronto a ligar.<\/p>\n","protected":false},"featured_media":73620,"template":"","meta":{"_acf_changed":false},"product_brand":[],"product_cat":[128],"product_tag":[],"class_list":{"0":"post-78039","1":"product","2":"type-product","3":"status-publish","4":"has-post-thumbnail","6":"product_cat-paneles-de-control-y-carga","8":"first","9":"instock","10":"taxable","11":"shipping-taxable","12":"purchasable","13":"product-type-simple"},"acf":[],"yoast_head":"<!-- This site is optimized with the Yoast SEO plugin v27.2 - https:\/\/yoast.com\/product\/yoast-seo-wordpress\/ -->\n<title>\u25b7 Painel de carregamento duplo USB ref.01A | Coelectrix.com<\/title>\n<meta name=\"description\" content=\"Painel com carregador duplo USB com fios e pronto a ligar. Ideal para transportar liga\u00e7\u00f5es USB e carregamento 12v. em caravanas, autocaravanas...etc.\" \/>\n<meta name=\"robots\" content=\"index, follow, max-snippet:-1, max-image-preview:large, max-video-preview:-1\" \/>\n<link rel=\"canonical\" href=\"https:\/\/coelectrix.com\/pt-pt\/produto\/carregador-usb-painel-duplo\" \/>\n<meta property=\"og:locale\" content=\"pt_PT\" \/>\n<meta property=\"og:type\" content=\"article\" \/>\n<meta property=\"og:title\" content=\"\u25b7 Painel de carregamento duplo USB ref.01A | Coelectrix.com\" \/>\n<meta property=\"og:description\" content=\"Painel com carregador duplo USB com fios e pronto a ligar. Ideal para transportar liga\u00e7\u00f5es USB e carregamento 12v. em caravanas, autocaravanas...etc.\" \/>\n<meta property=\"og:url\" content=\"https:\/\/coelectrix.com\/pt-pt\/produto\/carregador-usb-painel-duplo\" \/>\n<meta property=\"og:site_name\" content=\"Coelectrix\" \/>\n<meta property=\"article:modified_time\" content=\"2025-08-19T04:04:46+00:00\" \/>\n<meta property=\"og:image\" content=\"https:\/\/coelectrix.com\/wp-content\/uploads\/2019\/04\/panel-voltimetro-cargador-USB-1.jpg\" \/>\n\t<meta property=\"og:image:width\" content=\"800\" \/>\n\t<meta property=\"og:image:height\" content=\"600\" \/>\n\t<meta property=\"og:image:type\" content=\"image\/jpeg\" \/>\n<meta name=\"twitter:card\" content=\"summary_large_image\" \/>\n<meta name=\"twitter:label1\" content=\"Tempo estimado de leitura\" \/>\n\t<meta name=\"twitter:data1\" content=\"1 minuto\" \/>\n<script type=\"application\/ld+json\" class=\"yoast-schema-graph\">{\"@context\":\"https:\/\/schema.org\",\"@graph\":[{\"@type\":\"WebPage\",\"@id\":\"https:\/\/coelectrix.com\/pt-pt\/produto\/carregador-usb-painel-duplo\",\"url\":\"https:\/\/coelectrix.com\/pt-pt\/produto\/carregador-usb-painel-duplo\",\"name\":\"\u25b7 Painel de carregamento duplo USB ref.01A | Coelectrix.com\",\"isPartOf\":{\"@id\":\"https:\/\/coelectrix.com\/pt-pt\/#website\"},\"primaryImageOfPage\":{\"@id\":\"https:\/\/coelectrix.com\/pt-pt\/produto\/carregador-usb-painel-duplo#primaryimage\"},\"image\":{\"@id\":\"https:\/\/coelectrix.com\/pt-pt\/produto\/carregador-usb-painel-duplo#primaryimage\"},\"thumbnailUrl\":\"https:\/\/coelectrix.com\/wp-content\/uploads\/2019\/04\/panel-voltimetro-cargador-USB-1.jpg\",\"datePublished\":\"2019-04-28T05:09:48+00:00\",\"dateModified\":\"2025-08-19T04:04:46+00:00\",\"description\":\"Painel com carregador duplo USB com fios e pronto a ligar. Ideal para transportar liga\u00e7\u00f5es USB e carregamento 12v. em caravanas, autocaravanas...etc.\",\"breadcrumb\":{\"@id\":\"https:\/\/coelectrix.com\/pt-pt\/produto\/carregador-usb-painel-duplo#breadcrumb\"},\"inLanguage\":\"pt-PT\",\"potentialAction\":[{\"@type\":\"ReadAction\",\"target\":[\"https:\/\/coelectrix.com\/pt-pt\/produto\/carregador-usb-painel-duplo\"]}]},{\"@type\":\"ImageObject\",\"inLanguage\":\"pt-PT\",\"@id\":\"https:\/\/coelectrix.com\/pt-pt\/produto\/carregador-usb-painel-duplo#primaryimage\",\"url\":\"https:\/\/coelectrix.com\/wp-content\/uploads\/2019\/04\/panel-voltimetro-cargador-USB-1.jpg\",\"contentUrl\":\"https:\/\/coelectrix.com\/wp-content\/uploads\/2019\/04\/panel-voltimetro-cargador-USB-1.jpg\",\"width\":800,\"height\":600,\"caption\":\"painel de volt\u00edmetro + carregador USB\"},{\"@type\":\"BreadcrumbList\",\"@id\":\"https:\/\/coelectrix.com\/pt-pt\/produto\/carregador-usb-painel-duplo#breadcrumb\",\"itemListElement\":[{\"@type\":\"ListItem\",\"position\":1,\"name\":\"Portada\",\"item\":\"https:\/\/coelectrix.com\/\"},{\"@type\":\"ListItem\",\"position\":2,\"name\":\"Loja\",\"item\":\"https:\/\/coelectrix.com\/pt-pt\/loja\"},{\"@type\":\"ListItem\",\"position\":3,\"name\":\"Painel de carregamento duplo USB ref.01A\"}]},{\"@type\":\"WebSite\",\"@id\":\"https:\/\/coelectrix.com\/pt-pt\/#website\",\"url\":\"https:\/\/coelectrix.com\/pt-pt\/\",\"name\":\"Coelectrix\",\"description\":\"Componentes el\u00e9ctricos\",\"publisher\":{\"@id\":\"https:\/\/coelectrix.com\/pt-pt\/#organization\"},\"potentialAction\":[{\"@type\":\"SearchAction\",\"target\":{\"@type\":\"EntryPoint\",\"urlTemplate\":\"https:\/\/coelectrix.com\/pt-pt\/?s={search_term_string}\"},\"query-input\":{\"@type\":\"PropertyValueSpecification\",\"valueRequired\":true,\"valueName\":\"search_term_string\"}}],\"inLanguage\":\"pt-PT\"},{\"@type\":\"Organization\",\"@id\":\"https:\/\/coelectrix.com\/pt-pt\/#organization\",\"name\":\"coelectrix.com\",\"url\":\"https:\/\/coelectrix.com\/pt-pt\/\",\"logo\":{\"@type\":\"ImageObject\",\"inLanguage\":\"pt-PT\",\"@id\":\"https:\/\/coelectrix.com\/pt-pt\/#\/schema\/logo\/image\/\",\"url\":\"https:\/\/coelectrix.com\/wp-content\/uploads\/2018\/05\/logo-coelectrix-400x400.jpg\",\"contentUrl\":\"https:\/\/coelectrix.com\/wp-content\/uploads\/2018\/05\/logo-coelectrix-400x400.jpg\",\"width\":300,\"height\":300,\"caption\":\"coelectrix.com\"},\"image\":{\"@id\":\"https:\/\/coelectrix.com\/pt-pt\/#\/schema\/logo\/image\/\"}}]}<\/script>\n<!-- \/ Yoast SEO plugin. -->","yoast_head_json":{"title":"\u25b7 Painel de carregamento duplo USB ref.01A | Coelectrix.com","description":"Painel com carregador duplo USB com fios e pronto a ligar. Ideal para transportar liga\u00e7\u00f5es USB e carregamento 12v. em caravanas, autocaravanas...etc.","robots":{"index":"index","follow":"follow","max-snippet":"max-snippet:-1","max-image-preview":"max-image-preview:large","max-video-preview":"max-video-preview:-1"},"canonical":"https:\/\/coelectrix.com\/pt-pt\/produto\/carregador-usb-painel-duplo","og_locale":"pt_PT","og_type":"article","og_title":"\u25b7 Painel de carregamento duplo USB ref.01A | Coelectrix.com","og_description":"Painel com carregador duplo USB com fios e pronto a ligar. Ideal para transportar liga\u00e7\u00f5es USB e carregamento 12v. em caravanas, autocaravanas...etc.","og_url":"https:\/\/coelectrix.com\/pt-pt\/produto\/carregador-usb-painel-duplo","og_site_name":"Coelectrix","article_modified_time":"2025-08-19T04:04:46+00:00","og_image":[{"width":800,"height":600,"url":"https:\/\/coelectrix.com\/wp-content\/uploads\/2019\/04\/panel-voltimetro-cargador-USB-1.jpg","type":"image\/jpeg"}],"twitter_card":"summary_large_image","twitter_misc":{"Tempo estimado de leitura":"1 minuto"},"schema":{"@context":"https:\/\/schema.org","@graph":[{"@type":"WebPage","@id":"https:\/\/coelectrix.com\/pt-pt\/produto\/carregador-usb-painel-duplo","url":"https:\/\/coelectrix.com\/pt-pt\/produto\/carregador-usb-painel-duplo","name":"\u25b7 Painel de carregamento duplo USB ref.01A | Coelectrix.com","isPartOf":{"@id":"https:\/\/coelectrix.com\/pt-pt\/#website"},"primaryImageOfPage":{"@id":"https:\/\/coelectrix.com\/pt-pt\/produto\/carregador-usb-painel-duplo#primaryimage"},"image":{"@id":"https:\/\/coelectrix.com\/pt-pt\/produto\/carregador-usb-painel-duplo#primaryimage"},"thumbnailUrl":"https:\/\/coelectrix.com\/wp-content\/uploads\/2019\/04\/panel-voltimetro-cargador-USB-1.jpg","datePublished":"2019-04-28T05:09:48+00:00","dateModified":"2025-08-19T04:04:46+00:00","description":"Painel com carregador duplo USB com fios e pronto a ligar. Ideal para transportar liga\u00e7\u00f5es USB e carregamento 12v. em caravanas, autocaravanas...etc.","breadcrumb":{"@id":"https:\/\/coelectrix.com\/pt-pt\/produto\/carregador-usb-painel-duplo#breadcrumb"},"inLanguage":"pt-PT","potentialAction":[{"@type":"ReadAction","target":["https:\/\/coelectrix.com\/pt-pt\/produto\/carregador-usb-painel-duplo"]}]},{"@type":"ImageObject","inLanguage":"pt-PT","@id":"https:\/\/coelectrix.com\/pt-pt\/produto\/carregador-usb-painel-duplo#primaryimage","url":"https:\/\/coelectrix.com\/wp-content\/uploads\/2019\/04\/panel-voltimetro-cargador-USB-1.jpg","contentUrl":"https:\/\/coelectrix.com\/wp-content\/uploads\/2019\/04\/panel-voltimetro-cargador-USB-1.jpg","width":800,"height":600,"caption":"painel de volt\u00edmetro + carregador USB"},{"@type":"BreadcrumbList","@id":"https:\/\/coelectrix.com\/pt-pt\/produto\/carregador-usb-painel-duplo#breadcrumb","itemListElement":[{"@type":"ListItem","position":1,"name":"Portada","item":"https:\/\/coelectrix.com\/"},{"@type":"ListItem","position":2,"name":"Loja","item":"https:\/\/coelectrix.com\/pt-pt\/loja"},{"@type":"ListItem","position":3,"name":"Painel de carregamento duplo USB ref.01A"}]},{"@type":"WebSite","@id":"https:\/\/coelectrix.com\/pt-pt\/#website","url":"https:\/\/coelectrix.com\/pt-pt\/","name":"Coelectrix","description":"Componentes el\u00e9ctricos","publisher":{"@id":"https:\/\/coelectrix.com\/pt-pt\/#organization"},"potentialAction":[{"@type":"SearchAction","target":{"@type":"EntryPoint","urlTemplate":"https:\/\/coelectrix.com\/pt-pt\/?s={search_term_string}"},"query-input":{"@type":"PropertyValueSpecification","valueRequired":true,"valueName":"search_term_string"}}],"inLanguage":"pt-PT"},{"@type":"Organization","@id":"https:\/\/coelectrix.com\/pt-pt\/#organization","name":"coelectrix.com","url":"https:\/\/coelectrix.com\/pt-pt\/","logo":{"@type":"ImageObject","inLanguage":"pt-PT","@id":"https:\/\/coelectrix.com\/pt-pt\/#\/schema\/logo\/image\/","url":"https:\/\/coelectrix.com\/wp-content\/uploads\/2018\/05\/logo-coelectrix-400x400.jpg","contentUrl":"https:\/\/coelectrix.com\/wp-content\/uploads\/2018\/05\/logo-coelectrix-400x400.jpg","width":300,"height":300,"caption":"coelectrix.com"},"image":{"@id":"https:\/\/coelectrix.com\/pt-pt\/#\/schema\/logo\/image\/"}}]}},"_links":{"self":[{"href":"https:\/\/coelectrix.com\/pt-pt\/wp-json\/wp\/v2\/product\/78039","targetHints":{"allow":["GET"]}}],"collection":[{"href":"https:\/\/coelectrix.com\/pt-pt\/wp-json\/wp\/v2\/product"}],"about":[{"href":"https:\/\/coelectrix.com\/pt-pt\/wp-json\/wp\/v2\/types\/product"}],"version-history":[{"count":1,"href":"https:\/\/coelectrix.com\/pt-pt\/wp-json\/wp\/v2\/product\/78039\/revisions"}],"predecessor-version":[{"id":78052,"href":"https:\/\/coelectrix.com\/pt-pt\/wp-json\/wp\/v2\/product\/78039\/revisions\/78052"}],"wp:featuredmedia":[{"embeddable":true,"href":"https:\/\/coelectrix.com\/pt-pt\/wp-json\/wp\/v2\/media\/73620"}],"wp:attachment":[{"href":"https:\/\/coelectrix.com\/pt-pt\/wp-json\/wp\/v2\/media?parent=78039"}],"wp:term":[{"taxonomy":"product_brand","embeddable":true,"href":"https:\/\/coelectrix.com\/pt-pt\/wp-json\/wp\/v2\/product_brand?post=78039"},{"taxonomy":"product_cat","embeddable":true,"href":"https:\/\/coelectrix.com\/pt-pt\/wp-json\/wp\/v2\/product_cat?post=78039"},{"taxonomy":"product_tag","embeddable":true,"href":"https:\/\/coelectrix.com\/pt-pt\/wp-json\/wp\/v2\/product_tag?post=78039"}],"curies":[{"name":"wp","href":"https:\/\/api.w.org\/{rel}","templated":true}]}}