{"id":78040,"date":"2019-04-19T07:44:05","date_gmt":"2019-04-19T05:44:05","guid":{"rendered":"https:\/\/coelectrix.com\/producto\/carregador-12v-moto-com-suporte"},"modified":"2025-08-19T06:04:46","modified_gmt":"2025-08-19T04:04:46","slug":"carregador-12v-moto-com-suporte","status":"publish","type":"product","link":"https:\/\/coelectrix.com\/pt-pt\/produto\/carregador-12v-motocicleta-com-suporte","title":{"rendered":"Carregador 12v. Moto com suporte"},"content":{"rendered":"<h2>Carregador 12v. Moto com suporte para guiador<\/h2>\n<p><strong>Carregador de 12v. com suporte<\/strong> para fixar no guiador da mota. Com este carregador ser\u00e1 poss\u00edvel carregar aparelhos que necessitem de uma liga\u00e7\u00e3o de 12v. enquanto conduz a sua mota.<\/p>\n<p>Este <strong>carregador de 12v. <\/strong> est\u00e1 pronto para ser montado facilmente no guiador com total seguran\u00e7a, incorpora um grampo com parafuso roscado e ranhuras de borracha no interior para uma ader\u00eancia firme e segura.<\/p>\n<p>O kit <strong>de carregador de 12 V para motociclos<\/strong> \u00e9 fornecido totalmente ligado com um cabo de 1 metro de 2 mm2, revestido com uma bainha de PVC preto para proteger o cabo e inclui um fus\u00edvel a\u00e9reo para proteger o carregador de eventuais picos de corrente.<\/p>\n<p>O kit inclui:<\/p>\n<ul>\n<li>Carregador de 12v. tipo &#8220;isqueiro&#8221;.<\/li>\n<li>Suporte integrado<\/li>\n<li>Cablagem instalada com cabo autom\u00f3vel de 1m. 2mm2 com fus\u00edvel de antena.<\/li>\n<li>2 terminais de anel.<\/li>\n<li>2 conectores r\u00e1pidos para emenda.<\/li>\n<\/ul>\n<p>Carater\u00edsticas do carregador de 12v..:<\/p>\n<p>Entrada: DC 12v-24v<br \/>\nCertificados: CE ROHS<\/p>\n<h3>Como instalar o carregador de 12v. &#8220;isqueiro&#8221; na bicicleta<\/h3>\n<p>Depois de ter encontrado um local para colocar o suporte, aperte o parafuso do grampo com a tira de borracha serrilhada no interior para um aperto firme e seguro.<\/p>\n<p>A liga\u00e7\u00e3o el\u00e9ctrica pode ser feita de v\u00e1rias formas, mas o objetivo \u00e9 fornecer 12 volts ligando os fios positivo e negativo \u00e0 bateria. Lig\u00e1-los diretamente \u00e0 bateria seria uma boa forma de o fazer, embora neste caso recomendemos a instala\u00e7\u00e3o de um interrutor no circuito para desligar o carregador quando n\u00e3o o quiser utilizar.<\/p>\n<p>Outra forma para n\u00f3s, muito mais recomend\u00e1vel, seria retirar os 12 volts dos cabos positivo e negativo da luz de presen\u00e7a.<br \/>\nDesta forma, o <strong>carregador de 12v.<\/strong> s\u00f3 funcionar\u00e1 quando a mota for ligada, evitando assim um consumo indesejado da bateria.<br \/>\nPara efetuar esta liga\u00e7\u00e3o, inclu\u00edmos no kit 2 conectores r\u00e1pidos &#8211; tamb\u00e9m chamados &#8220;vampiros&#8221; &#8211; com os quais pode unir e retirar a corrente da luz de presen\u00e7a.<\/p>\n<p>Este m\u00e9todo de instala\u00e7\u00e3o \u00e9 apenas uma recomenda\u00e7\u00e3o, como j\u00e1 dissemos existem outras formas de o fazer e n\u00e3o podemos ser responsabilizados por quaisquer danos causados por uma m\u00e1 instala\u00e7\u00e3o.<\/p>\n<p>Tamb\u00e9m pode ver aqui o <a href=\"https:\/\/coelectrix.com\/pt-pt?post_type=product&#038;p=78041\">carregador USB<\/a> para motas.<\/p>\n","protected":false},"excerpt":{"rendered":"<p>Conector de 12v. para motas, ideal para carregar o GPS ou outros aparelhos que necessitem desta liga\u00e7\u00e3o em viagens onde \u00e9 necess\u00e1rio manter os aparelhos carregados.<\/p>\n<p>Caixa de pl\u00e1stico r\u00edgido com tampa de borracha com prote\u00e7\u00e3o ip68.<br \/>\nTotalmente cablado com 1m. de cabo protegido por fus\u00edvel.<\/p>\n<p>O kit inclui:<\/p>\n<ul>\n<li>Carregador de 12v. tipo &#8220;isqueiro&#8221;.<\/li>\n<li>Suporte integrado<\/li>\n<li>Cablagem instalada com cabo autom\u00f3vel de 1m. 2mm2 com fus\u00edvel de antena.<\/li>\n<li>2 terminais de anel.<\/li>\n<li style=\"text-align: left;\">2 conectores r\u00e1pidos para emenda.<\/li>\n<\/ul>\n","protected":false},"featured_media":72977,"template":"","meta":{"_acf_changed":false},"product_brand":[],"product_cat":[128],"product_tag":[],"class_list":{"0":"post-78040","1":"product","2":"type-product","3":"status-publish","4":"has-post-thumbnail","6":"product_cat-paneles-de-control-y-carga","8":"first","9":"instock","10":"taxable","11":"shipping-taxable","12":"purchasable","13":"product-type-simple"},"acf":[],"yoast_head":"<!-- This site is optimized with the Yoast SEO plugin v27.2 - https:\/\/yoast.com\/product\/yoast-seo-wordpress\/ -->\n<title>Carregador 12v. Moto com suporte% % para guiadores | Coelectrix.com<\/title>\n<meta name=\"description\" content=\"Carregador 12v. Moto com suporte para guiador. Com tampa de borracha e totalmente estanque. Cablagem e pe\u00e7as de montagem inclu\u00eddas. | Coelectrix.com\" \/>\n<meta name=\"robots\" content=\"index, follow, max-snippet:-1, max-image-preview:large, max-video-preview:-1\" \/>\n<link rel=\"canonical\" href=\"https:\/\/coelectrix.com\/pt-pt\/produto\/carregador-12v-motocicleta-com-suporte\" \/>\n<meta property=\"og:locale\" content=\"pt_PT\" \/>\n<meta property=\"og:type\" content=\"article\" \/>\n<meta property=\"og:title\" content=\"Carregador 12v. Moto com suporte% % para guiadores | Coelectrix.com\" \/>\n<meta property=\"og:description\" content=\"Carregador 12v. Moto com suporte para guiador. Com tampa de borracha e totalmente estanque. Cablagem e pe\u00e7as de montagem inclu\u00eddas. | Coelectrix.com\" \/>\n<meta property=\"og:url\" content=\"https:\/\/coelectrix.com\/pt-pt\/produto\/carregador-12v-motocicleta-com-suporte\" \/>\n<meta property=\"og:site_name\" content=\"Coelectrix\" \/>\n<meta property=\"article:modified_time\" content=\"2025-08-19T04:04:46+00:00\" \/>\n<meta property=\"og:image\" content=\"https:\/\/coelectrix.com\/wp-content\/uploads\/2019\/04\/conector-12v-moto.jpg\" \/>\n\t<meta property=\"og:image:width\" content=\"800\" \/>\n\t<meta property=\"og:image:height\" content=\"800\" \/>\n\t<meta property=\"og:image:type\" content=\"image\/jpeg\" \/>\n<meta name=\"twitter:card\" content=\"summary_large_image\" \/>\n<meta name=\"twitter:label1\" content=\"Tempo estimado de leitura\" \/>\n\t<meta name=\"twitter:data1\" content=\"2 minutos\" \/>\n<script type=\"application\/ld+json\" class=\"yoast-schema-graph\">{\"@context\":\"https:\/\/schema.org\",\"@graph\":[{\"@type\":\"WebPage\",\"@id\":\"https:\/\/coelectrix.com\/pt-pt\/produto\/carregador-12v-motocicleta-com-suporte\",\"url\":\"https:\/\/coelectrix.com\/pt-pt\/produto\/carregador-12v-motocicleta-com-suporte\",\"name\":\"Carregador 12v. Moto com suporte% % para guiadores | Coelectrix.com\",\"isPartOf\":{\"@id\":\"https:\/\/coelectrix.com\/pt-pt\/#website\"},\"primaryImageOfPage\":{\"@id\":\"https:\/\/coelectrix.com\/pt-pt\/produto\/carregador-12v-motocicleta-com-suporte#primaryimage\"},\"image\":{\"@id\":\"https:\/\/coelectrix.com\/pt-pt\/produto\/carregador-12v-motocicleta-com-suporte#primaryimage\"},\"thumbnailUrl\":\"https:\/\/coelectrix.com\/wp-content\/uploads\/2019\/04\/conector-12v-moto.jpg\",\"datePublished\":\"2019-04-19T05:44:05+00:00\",\"dateModified\":\"2025-08-19T04:04:46+00:00\",\"description\":\"Carregador 12v. Moto com suporte para guiador. Com tampa de borracha e totalmente estanque. Cablagem e pe\u00e7as de montagem inclu\u00eddas. | Coelectrix.com\",\"breadcrumb\":{\"@id\":\"https:\/\/coelectrix.com\/pt-pt\/produto\/carregador-12v-motocicleta-com-suporte#breadcrumb\"},\"inLanguage\":\"pt-PT\",\"potentialAction\":[{\"@type\":\"ReadAction\",\"target\":[\"https:\/\/coelectrix.com\/pt-pt\/produto\/carregador-12v-motocicleta-com-suporte\"]}]},{\"@type\":\"ImageObject\",\"inLanguage\":\"pt-PT\",\"@id\":\"https:\/\/coelectrix.com\/pt-pt\/produto\/carregador-12v-motocicleta-com-suporte#primaryimage\",\"url\":\"https:\/\/coelectrix.com\/wp-content\/uploads\/2019\/04\/conector-12v-moto.jpg\",\"contentUrl\":\"https:\/\/coelectrix.com\/wp-content\/uploads\/2019\/04\/conector-12v-moto.jpg\",\"width\":800,\"height\":800,\"caption\":\"Carregador de 12v para motas\"},{\"@type\":\"BreadcrumbList\",\"@id\":\"https:\/\/coelectrix.com\/pt-pt\/produto\/carregador-12v-motocicleta-com-suporte#breadcrumb\",\"itemListElement\":[{\"@type\":\"ListItem\",\"position\":1,\"name\":\"Portada\",\"item\":\"https:\/\/coelectrix.com\/\"},{\"@type\":\"ListItem\",\"position\":2,\"name\":\"Loja\",\"item\":\"https:\/\/coelectrix.com\/pt-pt\/loja\"},{\"@type\":\"ListItem\",\"position\":3,\"name\":\"Carregador 12v. Moto com suporte\"}]},{\"@type\":\"WebSite\",\"@id\":\"https:\/\/coelectrix.com\/pt-pt\/#website\",\"url\":\"https:\/\/coelectrix.com\/pt-pt\/\",\"name\":\"Coelectrix\",\"description\":\"Componentes el\u00e9ctricos\",\"publisher\":{\"@id\":\"https:\/\/coelectrix.com\/pt-pt\/#organization\"},\"potentialAction\":[{\"@type\":\"SearchAction\",\"target\":{\"@type\":\"EntryPoint\",\"urlTemplate\":\"https:\/\/coelectrix.com\/pt-pt\/?s={search_term_string}\"},\"query-input\":{\"@type\":\"PropertyValueSpecification\",\"valueRequired\":true,\"valueName\":\"search_term_string\"}}],\"inLanguage\":\"pt-PT\"},{\"@type\":\"Organization\",\"@id\":\"https:\/\/coelectrix.com\/pt-pt\/#organization\",\"name\":\"coelectrix.com\",\"url\":\"https:\/\/coelectrix.com\/pt-pt\/\",\"logo\":{\"@type\":\"ImageObject\",\"inLanguage\":\"pt-PT\",\"@id\":\"https:\/\/coelectrix.com\/pt-pt\/#\/schema\/logo\/image\/\",\"url\":\"https:\/\/coelectrix.com\/wp-content\/uploads\/2018\/05\/logo-coelectrix-400x400.jpg\",\"contentUrl\":\"https:\/\/coelectrix.com\/wp-content\/uploads\/2018\/05\/logo-coelectrix-400x400.jpg\",\"width\":300,\"height\":300,\"caption\":\"coelectrix.com\"},\"image\":{\"@id\":\"https:\/\/coelectrix.com\/pt-pt\/#\/schema\/logo\/image\/\"}}]}<\/script>\n<!-- \/ Yoast SEO plugin. -->","yoast_head_json":{"title":"Carregador 12v. Moto com suporte% % para guiadores | Coelectrix.com","description":"Carregador 12v. Moto com suporte para guiador. Com tampa de borracha e totalmente estanque. Cablagem e pe\u00e7as de montagem inclu\u00eddas. | Coelectrix.com","robots":{"index":"index","follow":"follow","max-snippet":"max-snippet:-1","max-image-preview":"max-image-preview:large","max-video-preview":"max-video-preview:-1"},"canonical":"https:\/\/coelectrix.com\/pt-pt\/produto\/carregador-12v-motocicleta-com-suporte","og_locale":"pt_PT","og_type":"article","og_title":"Carregador 12v. Moto com suporte% % para guiadores | Coelectrix.com","og_description":"Carregador 12v. Moto com suporte para guiador. Com tampa de borracha e totalmente estanque. Cablagem e pe\u00e7as de montagem inclu\u00eddas. | Coelectrix.com","og_url":"https:\/\/coelectrix.com\/pt-pt\/produto\/carregador-12v-motocicleta-com-suporte","og_site_name":"Coelectrix","article_modified_time":"2025-08-19T04:04:46+00:00","og_image":[{"width":800,"height":800,"url":"https:\/\/coelectrix.com\/wp-content\/uploads\/2019\/04\/conector-12v-moto.jpg","type":"image\/jpeg"}],"twitter_card":"summary_large_image","twitter_misc":{"Tempo estimado de leitura":"2 minutos"},"schema":{"@context":"https:\/\/schema.org","@graph":[{"@type":"WebPage","@id":"https:\/\/coelectrix.com\/pt-pt\/produto\/carregador-12v-motocicleta-com-suporte","url":"https:\/\/coelectrix.com\/pt-pt\/produto\/carregador-12v-motocicleta-com-suporte","name":"Carregador 12v. Moto com suporte% % para guiadores | Coelectrix.com","isPartOf":{"@id":"https:\/\/coelectrix.com\/pt-pt\/#website"},"primaryImageOfPage":{"@id":"https:\/\/coelectrix.com\/pt-pt\/produto\/carregador-12v-motocicleta-com-suporte#primaryimage"},"image":{"@id":"https:\/\/coelectrix.com\/pt-pt\/produto\/carregador-12v-motocicleta-com-suporte#primaryimage"},"thumbnailUrl":"https:\/\/coelectrix.com\/wp-content\/uploads\/2019\/04\/conector-12v-moto.jpg","datePublished":"2019-04-19T05:44:05+00:00","dateModified":"2025-08-19T04:04:46+00:00","description":"Carregador 12v. Moto com suporte para guiador. Com tampa de borracha e totalmente estanque. Cablagem e pe\u00e7as de montagem inclu\u00eddas. | Coelectrix.com","breadcrumb":{"@id":"https:\/\/coelectrix.com\/pt-pt\/produto\/carregador-12v-motocicleta-com-suporte#breadcrumb"},"inLanguage":"pt-PT","potentialAction":[{"@type":"ReadAction","target":["https:\/\/coelectrix.com\/pt-pt\/produto\/carregador-12v-motocicleta-com-suporte"]}]},{"@type":"ImageObject","inLanguage":"pt-PT","@id":"https:\/\/coelectrix.com\/pt-pt\/produto\/carregador-12v-motocicleta-com-suporte#primaryimage","url":"https:\/\/coelectrix.com\/wp-content\/uploads\/2019\/04\/conector-12v-moto.jpg","contentUrl":"https:\/\/coelectrix.com\/wp-content\/uploads\/2019\/04\/conector-12v-moto.jpg","width":800,"height":800,"caption":"Carregador de 12v para motas"},{"@type":"BreadcrumbList","@id":"https:\/\/coelectrix.com\/pt-pt\/produto\/carregador-12v-motocicleta-com-suporte#breadcrumb","itemListElement":[{"@type":"ListItem","position":1,"name":"Portada","item":"https:\/\/coelectrix.com\/"},{"@type":"ListItem","position":2,"name":"Loja","item":"https:\/\/coelectrix.com\/pt-pt\/loja"},{"@type":"ListItem","position":3,"name":"Carregador 12v. Moto com suporte"}]},{"@type":"WebSite","@id":"https:\/\/coelectrix.com\/pt-pt\/#website","url":"https:\/\/coelectrix.com\/pt-pt\/","name":"Coelectrix","description":"Componentes el\u00e9ctricos","publisher":{"@id":"https:\/\/coelectrix.com\/pt-pt\/#organization"},"potentialAction":[{"@type":"SearchAction","target":{"@type":"EntryPoint","urlTemplate":"https:\/\/coelectrix.com\/pt-pt\/?s={search_term_string}"},"query-input":{"@type":"PropertyValueSpecification","valueRequired":true,"valueName":"search_term_string"}}],"inLanguage":"pt-PT"},{"@type":"Organization","@id":"https:\/\/coelectrix.com\/pt-pt\/#organization","name":"coelectrix.com","url":"https:\/\/coelectrix.com\/pt-pt\/","logo":{"@type":"ImageObject","inLanguage":"pt-PT","@id":"https:\/\/coelectrix.com\/pt-pt\/#\/schema\/logo\/image\/","url":"https:\/\/coelectrix.com\/wp-content\/uploads\/2018\/05\/logo-coelectrix-400x400.jpg","contentUrl":"https:\/\/coelectrix.com\/wp-content\/uploads\/2018\/05\/logo-coelectrix-400x400.jpg","width":300,"height":300,"caption":"coelectrix.com"},"image":{"@id":"https:\/\/coelectrix.com\/pt-pt\/#\/schema\/logo\/image\/"}}]}},"_links":{"self":[{"href":"https:\/\/coelectrix.com\/pt-pt\/wp-json\/wp\/v2\/product\/78040","targetHints":{"allow":["GET"]}}],"collection":[{"href":"https:\/\/coelectrix.com\/pt-pt\/wp-json\/wp\/v2\/product"}],"about":[{"href":"https:\/\/coelectrix.com\/pt-pt\/wp-json\/wp\/v2\/types\/product"}],"version-history":[{"count":2,"href":"https:\/\/coelectrix.com\/pt-pt\/wp-json\/wp\/v2\/product\/78040\/revisions"}],"predecessor-version":[{"id":78123,"href":"https:\/\/coelectrix.com\/pt-pt\/wp-json\/wp\/v2\/product\/78040\/revisions\/78123"}],"wp:featuredmedia":[{"embeddable":true,"href":"https:\/\/coelectrix.com\/pt-pt\/wp-json\/wp\/v2\/media\/72977"}],"wp:attachment":[{"href":"https:\/\/coelectrix.com\/pt-pt\/wp-json\/wp\/v2\/media?parent=78040"}],"wp:term":[{"taxonomy":"product_brand","embeddable":true,"href":"https:\/\/coelectrix.com\/pt-pt\/wp-json\/wp\/v2\/product_brand?post=78040"},{"taxonomy":"product_cat","embeddable":true,"href":"https:\/\/coelectrix.com\/pt-pt\/wp-json\/wp\/v2\/product_cat?post=78040"},{"taxonomy":"product_tag","embeddable":true,"href":"https:\/\/coelectrix.com\/pt-pt\/wp-json\/wp\/v2\/product_tag?post=78040"}],"curies":[{"name":"wp","href":"https:\/\/api.w.org\/{rel}","templated":true}]}}