{"id":78041,"date":"2019-04-18T19:13:48","date_gmt":"2019-04-18T17:13:48","guid":{"rendered":"https:\/\/coelectrix.com\/producto\/carregador-usb-moto-com-suporte"},"modified":"2025-08-19T06:04:46","modified_gmt":"2025-08-19T04:04:46","slug":"carregador-usb-moto-com-suporte","status":"publish","type":"product","link":"https:\/\/coelectrix.com\/pt-pt\/produto\/usb-moto-carregador-com-porta","title":{"rendered":"Carregador USB Moto com suporte"},"content":{"rendered":"<h2>Comprar carregador USB para mota com suporte para guiador<\/h2>\n<p><strong>Carregador USB com suporte<\/strong> para fixar no guiador da sua mota. Com este carregador ser\u00e1 poss\u00edvel <strong>carregar dispositivos<\/strong> como GPS, smartphone, c\u00e2mara&#8230; etc. atrav\u00e9s de uma liga\u00e7\u00e3o USB enquanto conduz a sua mota.<\/p>\n<p>Este <strong>carregador USB <\/strong> est\u00e1 preparado para ser <strong>facilmente montado no<\/strong> guiador com total seguran\u00e7a, pois inclui uma flange de fixa\u00e7\u00e3o com parafuso roscado e borracha com ranhuras interiores para uma ader\u00eancia firme e segura.<\/p>\n<p>O kit <strong>de carregador USB para motas<\/strong> \u00e9 fornecido totalmente ligado com um cabo de 1 metro de 2 mm2. O cabo est\u00e1 coberto com uma bainha de PVC preto para proteger o cabo e inclui um fus\u00edvel a\u00e9reo para proteger o carregador de eventuais picos de corrente.<\/p>\n<h3>O kit inclui:<\/h3>\n<ul>\n<li>Carregador duplo USB com LED azul<\/li>\n<li>Suporte integrado<\/li>\n<li>Cablagem instalada com cabo autom\u00f3vel de 2 mm2 e 1 m com fus\u00edvel de antena.<\/li>\n<li>2 terminais de anel.<\/li>\n<li>2 conectores r\u00e1pidos para emenda.<\/li>\n<\/ul>\n<h3>Carater\u00edsticas do carregador USB:<\/h3>\n<p>Entrada: DC 12v-24v<br \/>\nSa\u00edda: 5V 3.1A (2.1A + 1A)<br \/>\nCertificados: CE ROHS<br \/>\nIlumina\u00e7\u00e3o LED de cor azul<\/p>\n<h2>Como instalar e ligar a tomada USB na mota<\/h2>\n<p>Depois de encontrarmos <strong>um local para fixar o suporte<\/strong>, apertamos o parafuso da bra\u00e7adeira com a tira de borracha dentada no interior para uma fixa\u00e7\u00e3o firme e segura.<\/p>\n<p>A liga\u00e7\u00e3o el\u00e9ctrica pode ser feita de v\u00e1rias formas, mas o objetivo \u00e9 fornecer <strong>12 volts<\/strong> ligando o cabo positivo e negativo \u00e0 bateria. Lig\u00e1-los <strong>diretamente \u00e0 bateria<\/strong> seria uma boa forma de o fazer, embora neste caso recomendemos a instala\u00e7\u00e3o de um interrutor no circuito para desligar o carregador quando n\u00e3o o quiser utilizar.<\/p>\n<p>Outra forma, muito mais recomend\u00e1vel para n\u00f3s, seria retirar os 12 volts dos fios positivo e negativo da luz de presen\u00e7a.<br \/>\nDesta forma, o <strong>carregador USB<\/strong> s\u00f3 funcionar\u00e1 quando a mota for ligada, evitando assim o consumo indesejado da bateria.<br \/>\nPara fazer esta liga\u00e7\u00e3o, inclu\u00edmos no kit 2 conectores r\u00e1pidos &#8211; conectores de emenda tamb\u00e9m chamados &#8220;vampiros&#8221; &#8211; com os quais pode emendar e retirar a corrente da luz de presen\u00e7a.<\/p>\n<p>Este m\u00e9todo de instala\u00e7\u00e3o \u00e9 apenas uma recomenda\u00e7\u00e3o, como j\u00e1 dissemos existem outras formas de o fazer e n\u00e3o podemos ser responsabilizados por quaisquer danos causados por uma m\u00e1 instala\u00e7\u00e3o.<\/p>\n<p>Pode ver outros modelos de <a href=\"https:\/\/coelectrix.com\/pt-pt\/paneles-de-control-y-carga\">carregadores USB<\/a> neste link.<\/p>\n","protected":false},"excerpt":{"rendered":"<p>Conector USB duplo com suporte para mota <strong>ideal para carregar o GPS, smartphone, ipod<\/strong>, etc., em viagens onde \u00e9 necess\u00e1rio manter os dispositivos carregados.<\/p>\n<p>Caixa <strong>de pl\u00e1stico r\u00edgido com cobertura de borracha<\/strong> com prote\u00e7\u00e3o ip68. Totalmente cablado com 1m. de cabo protegido por <strong>fus\u00edvel<\/strong>.<\/p>\n","protected":false},"featured_media":72975,"template":"","meta":{"_acf_changed":false},"product_brand":[],"product_cat":[128],"product_tag":[],"class_list":{"0":"post-78041","1":"product","2":"type-product","3":"status-publish","4":"has-post-thumbnail","6":"product_cat-paneles-de-control-y-carga","8":"first","9":"instock","10":"taxable","11":"shipping-taxable","12":"purchasable","13":"product-type-simple"},"acf":[],"yoast_head":"<!-- This site is optimized with the Yoast SEO plugin v27.2 - https:\/\/yoast.com\/product\/yoast-seo-wordpress\/ -->\n<title>\u25b7 Carregador USB para motociclos + Suporte para guiador | Coelectrix.com<\/title>\n<meta name=\"description\" content=\"Carregador USB para motas com suporte para guiador \u27a4 Entrada USB dupla para carregar as baterias do GPS, smartphone, Ipod... etc.\" \/>\n<meta name=\"robots\" content=\"index, follow, max-snippet:-1, max-image-preview:large, max-video-preview:-1\" \/>\n<link rel=\"canonical\" href=\"https:\/\/coelectrix.com\/pt-pt\/produto\/usb-moto-carregador-com-porta\" \/>\n<meta property=\"og:locale\" content=\"pt_PT\" \/>\n<meta property=\"og:type\" content=\"article\" \/>\n<meta property=\"og:title\" content=\"\u25b7 Carregador USB para motociclos + Suporte para guiador | Coelectrix.com\" \/>\n<meta property=\"og:description\" content=\"Carregador USB para motas com suporte para guiador \u27a4 Entrada USB dupla para carregar as baterias do GPS, smartphone, Ipod... etc.\" \/>\n<meta property=\"og:url\" content=\"https:\/\/coelectrix.com\/pt-pt\/produto\/usb-moto-carregador-com-porta\" \/>\n<meta property=\"og:site_name\" content=\"Coelectrix\" \/>\n<meta property=\"article:modified_time\" content=\"2025-08-19T04:04:46+00:00\" \/>\n<meta property=\"og:image\" content=\"https:\/\/coelectrix.com\/wp-content\/uploads\/2019\/04\/cargador-usb-moto-1.jpg\" \/>\n\t<meta property=\"og:image:width\" content=\"800\" \/>\n\t<meta property=\"og:image:height\" content=\"800\" \/>\n\t<meta property=\"og:image:type\" content=\"image\/jpeg\" \/>\n<meta name=\"twitter:card\" content=\"summary_large_image\" \/>\n<meta name=\"twitter:label1\" content=\"Tempo estimado de leitura\" \/>\n\t<meta name=\"twitter:data1\" content=\"2 minutos\" \/>\n<script type=\"application\/ld+json\" class=\"yoast-schema-graph\">{\"@context\":\"https:\/\/schema.org\",\"@graph\":[{\"@type\":\"WebPage\",\"@id\":\"https:\/\/coelectrix.com\/pt-pt\/produto\/usb-moto-carregador-com-porta\",\"url\":\"https:\/\/coelectrix.com\/pt-pt\/produto\/usb-moto-carregador-com-porta\",\"name\":\"\u25b7 Carregador USB para motociclos + Suporte para guiador | Coelectrix.com\",\"isPartOf\":{\"@id\":\"https:\/\/coelectrix.com\/pt-pt\/#website\"},\"primaryImageOfPage\":{\"@id\":\"https:\/\/coelectrix.com\/pt-pt\/produto\/usb-moto-carregador-com-porta#primaryimage\"},\"image\":{\"@id\":\"https:\/\/coelectrix.com\/pt-pt\/produto\/usb-moto-carregador-com-porta#primaryimage\"},\"thumbnailUrl\":\"https:\/\/coelectrix.com\/wp-content\/uploads\/2019\/04\/cargador-usb-moto-1.jpg\",\"datePublished\":\"2019-04-18T17:13:48+00:00\",\"dateModified\":\"2025-08-19T04:04:46+00:00\",\"description\":\"Carregador USB para motas com suporte para guiador \u27a4 Entrada USB dupla para carregar as baterias do GPS, smartphone, Ipod... etc.\",\"breadcrumb\":{\"@id\":\"https:\/\/coelectrix.com\/pt-pt\/produto\/usb-moto-carregador-com-porta#breadcrumb\"},\"inLanguage\":\"pt-PT\",\"potentialAction\":[{\"@type\":\"ReadAction\",\"target\":[\"https:\/\/coelectrix.com\/pt-pt\/produto\/usb-moto-carregador-com-porta\"]}]},{\"@type\":\"ImageObject\",\"inLanguage\":\"pt-PT\",\"@id\":\"https:\/\/coelectrix.com\/pt-pt\/produto\/usb-moto-carregador-com-porta#primaryimage\",\"url\":\"https:\/\/coelectrix.com\/wp-content\/uploads\/2019\/04\/cargador-usb-moto-1.jpg\",\"contentUrl\":\"https:\/\/coelectrix.com\/wp-content\/uploads\/2019\/04\/cargador-usb-moto-1.jpg\",\"width\":800,\"height\":800,\"caption\":\"comprar carregador usb para motas\"},{\"@type\":\"BreadcrumbList\",\"@id\":\"https:\/\/coelectrix.com\/pt-pt\/produto\/usb-moto-carregador-com-porta#breadcrumb\",\"itemListElement\":[{\"@type\":\"ListItem\",\"position\":1,\"name\":\"Portada\",\"item\":\"https:\/\/coelectrix.com\/\"},{\"@type\":\"ListItem\",\"position\":2,\"name\":\"Loja\",\"item\":\"https:\/\/coelectrix.com\/pt-pt\/loja\"},{\"@type\":\"ListItem\",\"position\":3,\"name\":\"Carregador USB Moto com suporte\"}]},{\"@type\":\"WebSite\",\"@id\":\"https:\/\/coelectrix.com\/pt-pt\/#website\",\"url\":\"https:\/\/coelectrix.com\/pt-pt\/\",\"name\":\"Coelectrix\",\"description\":\"Componentes el\u00e9ctricos\",\"publisher\":{\"@id\":\"https:\/\/coelectrix.com\/pt-pt\/#organization\"},\"potentialAction\":[{\"@type\":\"SearchAction\",\"target\":{\"@type\":\"EntryPoint\",\"urlTemplate\":\"https:\/\/coelectrix.com\/pt-pt\/?s={search_term_string}\"},\"query-input\":{\"@type\":\"PropertyValueSpecification\",\"valueRequired\":true,\"valueName\":\"search_term_string\"}}],\"inLanguage\":\"pt-PT\"},{\"@type\":\"Organization\",\"@id\":\"https:\/\/coelectrix.com\/pt-pt\/#organization\",\"name\":\"coelectrix.com\",\"url\":\"https:\/\/coelectrix.com\/pt-pt\/\",\"logo\":{\"@type\":\"ImageObject\",\"inLanguage\":\"pt-PT\",\"@id\":\"https:\/\/coelectrix.com\/pt-pt\/#\/schema\/logo\/image\/\",\"url\":\"https:\/\/coelectrix.com\/wp-content\/uploads\/2018\/05\/logo-coelectrix-400x400.jpg\",\"contentUrl\":\"https:\/\/coelectrix.com\/wp-content\/uploads\/2018\/05\/logo-coelectrix-400x400.jpg\",\"width\":300,\"height\":300,\"caption\":\"coelectrix.com\"},\"image\":{\"@id\":\"https:\/\/coelectrix.com\/pt-pt\/#\/schema\/logo\/image\/\"}}]}<\/script>\n<!-- \/ Yoast SEO plugin. -->","yoast_head_json":{"title":"\u25b7 Carregador USB para motociclos + Suporte para guiador | Coelectrix.com","description":"Carregador USB para motas com suporte para guiador \u27a4 Entrada USB dupla para carregar as baterias do GPS, smartphone, Ipod... etc.","robots":{"index":"index","follow":"follow","max-snippet":"max-snippet:-1","max-image-preview":"max-image-preview:large","max-video-preview":"max-video-preview:-1"},"canonical":"https:\/\/coelectrix.com\/pt-pt\/produto\/usb-moto-carregador-com-porta","og_locale":"pt_PT","og_type":"article","og_title":"\u25b7 Carregador USB para motociclos + Suporte para guiador | Coelectrix.com","og_description":"Carregador USB para motas com suporte para guiador \u27a4 Entrada USB dupla para carregar as baterias do GPS, smartphone, Ipod... etc.","og_url":"https:\/\/coelectrix.com\/pt-pt\/produto\/usb-moto-carregador-com-porta","og_site_name":"Coelectrix","article_modified_time":"2025-08-19T04:04:46+00:00","og_image":[{"width":800,"height":800,"url":"https:\/\/coelectrix.com\/wp-content\/uploads\/2019\/04\/cargador-usb-moto-1.jpg","type":"image\/jpeg"}],"twitter_card":"summary_large_image","twitter_misc":{"Tempo estimado de leitura":"2 minutos"},"schema":{"@context":"https:\/\/schema.org","@graph":[{"@type":"WebPage","@id":"https:\/\/coelectrix.com\/pt-pt\/produto\/usb-moto-carregador-com-porta","url":"https:\/\/coelectrix.com\/pt-pt\/produto\/usb-moto-carregador-com-porta","name":"\u25b7 Carregador USB para motociclos + Suporte para guiador | Coelectrix.com","isPartOf":{"@id":"https:\/\/coelectrix.com\/pt-pt\/#website"},"primaryImageOfPage":{"@id":"https:\/\/coelectrix.com\/pt-pt\/produto\/usb-moto-carregador-com-porta#primaryimage"},"image":{"@id":"https:\/\/coelectrix.com\/pt-pt\/produto\/usb-moto-carregador-com-porta#primaryimage"},"thumbnailUrl":"https:\/\/coelectrix.com\/wp-content\/uploads\/2019\/04\/cargador-usb-moto-1.jpg","datePublished":"2019-04-18T17:13:48+00:00","dateModified":"2025-08-19T04:04:46+00:00","description":"Carregador USB para motas com suporte para guiador \u27a4 Entrada USB dupla para carregar as baterias do GPS, smartphone, Ipod... etc.","breadcrumb":{"@id":"https:\/\/coelectrix.com\/pt-pt\/produto\/usb-moto-carregador-com-porta#breadcrumb"},"inLanguage":"pt-PT","potentialAction":[{"@type":"ReadAction","target":["https:\/\/coelectrix.com\/pt-pt\/produto\/usb-moto-carregador-com-porta"]}]},{"@type":"ImageObject","inLanguage":"pt-PT","@id":"https:\/\/coelectrix.com\/pt-pt\/produto\/usb-moto-carregador-com-porta#primaryimage","url":"https:\/\/coelectrix.com\/wp-content\/uploads\/2019\/04\/cargador-usb-moto-1.jpg","contentUrl":"https:\/\/coelectrix.com\/wp-content\/uploads\/2019\/04\/cargador-usb-moto-1.jpg","width":800,"height":800,"caption":"comprar carregador usb para motas"},{"@type":"BreadcrumbList","@id":"https:\/\/coelectrix.com\/pt-pt\/produto\/usb-moto-carregador-com-porta#breadcrumb","itemListElement":[{"@type":"ListItem","position":1,"name":"Portada","item":"https:\/\/coelectrix.com\/"},{"@type":"ListItem","position":2,"name":"Loja","item":"https:\/\/coelectrix.com\/pt-pt\/loja"},{"@type":"ListItem","position":3,"name":"Carregador USB Moto com suporte"}]},{"@type":"WebSite","@id":"https:\/\/coelectrix.com\/pt-pt\/#website","url":"https:\/\/coelectrix.com\/pt-pt\/","name":"Coelectrix","description":"Componentes el\u00e9ctricos","publisher":{"@id":"https:\/\/coelectrix.com\/pt-pt\/#organization"},"potentialAction":[{"@type":"SearchAction","target":{"@type":"EntryPoint","urlTemplate":"https:\/\/coelectrix.com\/pt-pt\/?s={search_term_string}"},"query-input":{"@type":"PropertyValueSpecification","valueRequired":true,"valueName":"search_term_string"}}],"inLanguage":"pt-PT"},{"@type":"Organization","@id":"https:\/\/coelectrix.com\/pt-pt\/#organization","name":"coelectrix.com","url":"https:\/\/coelectrix.com\/pt-pt\/","logo":{"@type":"ImageObject","inLanguage":"pt-PT","@id":"https:\/\/coelectrix.com\/pt-pt\/#\/schema\/logo\/image\/","url":"https:\/\/coelectrix.com\/wp-content\/uploads\/2018\/05\/logo-coelectrix-400x400.jpg","contentUrl":"https:\/\/coelectrix.com\/wp-content\/uploads\/2018\/05\/logo-coelectrix-400x400.jpg","width":300,"height":300,"caption":"coelectrix.com"},"image":{"@id":"https:\/\/coelectrix.com\/pt-pt\/#\/schema\/logo\/image\/"}}]}},"_links":{"self":[{"href":"https:\/\/coelectrix.com\/pt-pt\/wp-json\/wp\/v2\/product\/78041","targetHints":{"allow":["GET"]}}],"collection":[{"href":"https:\/\/coelectrix.com\/pt-pt\/wp-json\/wp\/v2\/product"}],"about":[{"href":"https:\/\/coelectrix.com\/pt-pt\/wp-json\/wp\/v2\/types\/product"}],"version-history":[{"count":1,"href":"https:\/\/coelectrix.com\/pt-pt\/wp-json\/wp\/v2\/product\/78041\/revisions"}],"predecessor-version":[{"id":78054,"href":"https:\/\/coelectrix.com\/pt-pt\/wp-json\/wp\/v2\/product\/78041\/revisions\/78054"}],"wp:featuredmedia":[{"embeddable":true,"href":"https:\/\/coelectrix.com\/pt-pt\/wp-json\/wp\/v2\/media\/72975"}],"wp:attachment":[{"href":"https:\/\/coelectrix.com\/pt-pt\/wp-json\/wp\/v2\/media?parent=78041"}],"wp:term":[{"taxonomy":"product_brand","embeddable":true,"href":"https:\/\/coelectrix.com\/pt-pt\/wp-json\/wp\/v2\/product_brand?post=78041"},{"taxonomy":"product_cat","embeddable":true,"href":"https:\/\/coelectrix.com\/pt-pt\/wp-json\/wp\/v2\/product_cat?post=78041"},{"taxonomy":"product_tag","embeddable":true,"href":"https:\/\/coelectrix.com\/pt-pt\/wp-json\/wp\/v2\/product_tag?post=78041"}],"curies":[{"name":"wp","href":"https:\/\/api.w.org\/{rel}","templated":true}]}}