{"id":78045,"date":"2021-10-04T16:29:04","date_gmt":"2021-10-04T14:29:04","guid":{"rendered":"https:\/\/coelectrix.com\/producto\/painel-voltimetro-led-duplo-usb-12v-ref-03e"},"modified":"2025-08-19T06:03:07","modified_gmt":"2025-08-19T04:03:07","slug":"painel-voltimetro-led-duplo-usb-12v-ref-03e","status":"publish","type":"product","link":"https:\/\/coelectrix.com\/pt-pt\/produto\/painel-voltimetro-usb-duplo-12v-ref-03e","title":{"rendered":"Painel Volt\u00edmetro Led+ duplo USB + 12v. ref. 03E"},"content":{"rendered":"<div>\n<h2><strong>Painel Volt\u00edmetro Led+ duplo USB + 12v. ref. 03E<\/strong><\/h2>\n<\/div>\n<div>Painel de controlo e carregamento, com fios e pronto a ligar.<\/div>\n<div>O painel inclui um volt\u00edmetro de 12v com luz indicadora, 1 carregador <strong>USB duplo de<\/strong> 4,2A <strong>de carga r\u00e1pida<\/strong> (2.1 + 2.1) e uma tomada de carga de 12V.<\/div>\n<p>\u00c9 muito f\u00e1cil controlar a tens\u00e3o da bateria, as liga\u00e7\u00f5es USB e de 12 V num \u00fanico local, de uma forma limpa e organizada, com este painel j\u00e1 ligado com um cabo de 1,5 mm2 e protec\u00e7\u00f5es de terminais faston.<\/p>\n<p>Inclui o <strong>Volt\u00edmetro com indicador led<\/strong> com o qual pode saber o estado da sua bateria em qualquer altura de uma forma muito visual e num relance.<br \/>\nIndicador LED gradual nas cores vermelha, \u00e2mbar e verde com o qual pode verificar o estado geral da carga e no centro do ecr\u00e3 pode ver a tens\u00e3o real em formato num\u00e9rico.<\/p>\n<div><\/div>\n<div>Material: ABS, alum\u00ednio<\/div>\n<div>Dimens\u00f5es: altura: 40mm \/ largura: 150mm \/ profundidade: 60mm<\/div>\n<div>Cor: preto<\/div>\n<div><span data-spm-anchor-id=\"a219c.10010108.1000023.i1.57951aa6xWmuzv\">Tamanho: 102*85*100mm<\/span><\/div>\n<div>Cor da luz LED: Azul<\/div>\n<div>Sa\u00edda da tomada USB: dupla DC 5 V\/2.1 + 2.1<\/div>\n<div>Sa\u00edda de corrente DC 12 V<\/div>\n<div>Gama de visualiza\u00e7\u00e3o do volt\u00edmetro: 6-30 V<\/div>\n<div>Temperatura de funcionamento: -25 \u00b0C ~ 80 \u00b0C<\/div>\n<div>Pot\u00eancia m\u00e1xima: 240 W<\/div>\n<div>Tens\u00e3o de entrada DC 12 V\/24 V<\/div>\n<div data-spm-anchor-id=\"a219c.10010108.1000023.i0.57951aa6xWmuzv\">N\u00edvel de prote\u00e7\u00e3o: IP65<\/div>\n<div data-spm-anchor-id=\"a219c.10010108.1000023.i0.57951aa6xWmuzv\"><\/div>\n<div data-spm-anchor-id=\"a219c.10010108.1000023.i0.57951aa6xWmuzv\">Pode ver outros modelos de <a href=\"https:\/\/coelectrix.com\/pt-pt?post_type=product&#038;p=76999\">carregadores de painel<\/a> aqui<\/div>\n","protected":false},"excerpt":{"rendered":"<p>Painel de controlo e carregamento do sistema 12v<\/p>\n<p>O painel inclui: Carregador duplo USB, liga\u00e7\u00e3o 12v, Volt\u00edmetro com indicador LED.<br \/>\nDimens\u00f5es: altura: 40mm \/ largura: 150mm \/ profundidade: 60mm<\/p>\n<p>O painel \u00e9 entregue totalmente cablado e pronto a ligar.<\/p>\n","protected":false},"featured_media":73625,"template":"","meta":{"_acf_changed":false},"product_brand":[],"product_cat":[128],"product_tag":[],"class_list":{"0":"post-78045","1":"product","2":"type-product","3":"status-publish","4":"has-post-thumbnail","6":"product_cat-paneles-de-control-y-carga","8":"first","9":"instock","10":"taxable","11":"shipping-taxable","12":"purchasable","13":"product-type-simple"},"acf":[],"yoast_head":"<!-- This site is optimized with the Yoast SEO plugin v27.2 - https:\/\/yoast.com\/product\/yoast-seo-wordpress\/ -->\n<title>Painel Volt\u00edmetro Led+ duplo USB + 12v. ref. 03E | Coelectrix% Loja de pain\u00e9is online<\/title>\n<meta name=\"description\" content=\"Painel de volt\u00edmetro, carregador de 12v com USB duplo. Para ter o controlo da bateria e das liga\u00e7\u00f5es num \u00fanico painel. Com fios e pronto a ligar.\" \/>\n<meta name=\"robots\" content=\"index, follow, max-snippet:-1, max-image-preview:large, max-video-preview:-1\" \/>\n<link rel=\"canonical\" href=\"https:\/\/coelectrix.com\/pt-pt\/produto\/painel-voltimetro-usb-duplo-12v-ref-03e\" \/>\n<meta property=\"og:locale\" content=\"pt_PT\" \/>\n<meta property=\"og:type\" content=\"article\" \/>\n<meta property=\"og:title\" content=\"Painel Volt\u00edmetro Led+ duplo USB + 12v. ref. 03E | Coelectrix% Loja de pain\u00e9is online\" \/>\n<meta property=\"og:description\" content=\"Painel de volt\u00edmetro, carregador de 12v com USB duplo. Para ter o controlo da bateria e das liga\u00e7\u00f5es num \u00fanico painel. Com fios e pronto a ligar.\" \/>\n<meta property=\"og:url\" content=\"https:\/\/coelectrix.com\/pt-pt\/produto\/painel-voltimetro-usb-duplo-12v-ref-03e\" \/>\n<meta property=\"og:site_name\" content=\"Coelectrix\" \/>\n<meta property=\"article:modified_time\" content=\"2025-08-19T04:03:07+00:00\" \/>\n<meta property=\"og:image\" content=\"https:\/\/coelectrix.com\/wp-content\/uploads\/2021\/10\/Panel-Voltimetro-Led-USB-doble-12v.-ref.-03E.jpg\" \/>\n\t<meta property=\"og:image:width\" content=\"2000\" \/>\n\t<meta property=\"og:image:height\" content=\"1500\" \/>\n\t<meta property=\"og:image:type\" content=\"image\/jpeg\" \/>\n<meta name=\"twitter:card\" content=\"summary_large_image\" \/>\n<meta name=\"twitter:label1\" content=\"Tempo estimado de leitura\" \/>\n\t<meta name=\"twitter:data1\" content=\"1 minuto\" \/>\n<script type=\"application\/ld+json\" class=\"yoast-schema-graph\">{\"@context\":\"https:\/\/schema.org\",\"@graph\":[{\"@type\":\"WebPage\",\"@id\":\"https:\/\/coelectrix.com\/pt-pt\/produto\/painel-voltimetro-usb-duplo-12v-ref-03e\",\"url\":\"https:\/\/coelectrix.com\/pt-pt\/produto\/painel-voltimetro-usb-duplo-12v-ref-03e\",\"name\":\"Painel Volt\u00edmetro Led+ duplo USB + 12v. ref. 03E | Coelectrix% Loja de pain\u00e9is online\",\"isPartOf\":{\"@id\":\"https:\/\/coelectrix.com\/pt-pt\/#website\"},\"primaryImageOfPage\":{\"@id\":\"https:\/\/coelectrix.com\/pt-pt\/produto\/painel-voltimetro-usb-duplo-12v-ref-03e#primaryimage\"},\"image\":{\"@id\":\"https:\/\/coelectrix.com\/pt-pt\/produto\/painel-voltimetro-usb-duplo-12v-ref-03e#primaryimage\"},\"thumbnailUrl\":\"https:\/\/coelectrix.com\/wp-content\/uploads\/2021\/10\/Panel-Voltimetro-Led-USB-doble-12v.-ref.-03E.jpg\",\"datePublished\":\"2021-10-04T14:29:04+00:00\",\"dateModified\":\"2025-08-19T04:03:07+00:00\",\"description\":\"Painel de volt\u00edmetro, carregador de 12v com USB duplo. Para ter o controlo da bateria e das liga\u00e7\u00f5es num \u00fanico painel. Com fios e pronto a ligar.\",\"breadcrumb\":{\"@id\":\"https:\/\/coelectrix.com\/pt-pt\/produto\/painel-voltimetro-usb-duplo-12v-ref-03e#breadcrumb\"},\"inLanguage\":\"pt-PT\",\"potentialAction\":[{\"@type\":\"ReadAction\",\"target\":[\"https:\/\/coelectrix.com\/pt-pt\/produto\/painel-voltimetro-usb-duplo-12v-ref-03e\"]}]},{\"@type\":\"ImageObject\",\"inLanguage\":\"pt-PT\",\"@id\":\"https:\/\/coelectrix.com\/pt-pt\/produto\/painel-voltimetro-usb-duplo-12v-ref-03e#primaryimage\",\"url\":\"https:\/\/coelectrix.com\/wp-content\/uploads\/2021\/10\/Panel-Voltimetro-Led-USB-doble-12v.-ref.-03E.jpg\",\"contentUrl\":\"https:\/\/coelectrix.com\/wp-content\/uploads\/2021\/10\/Panel-Voltimetro-Led-USB-doble-12v.-ref.-03E.jpg\",\"width\":2000,\"height\":1500,\"caption\":\"Painel Volt\u00edmetro Led+ duplo USB + 12v. ref. 03E\"},{\"@type\":\"BreadcrumbList\",\"@id\":\"https:\/\/coelectrix.com\/pt-pt\/produto\/painel-voltimetro-usb-duplo-12v-ref-03e#breadcrumb\",\"itemListElement\":[{\"@type\":\"ListItem\",\"position\":1,\"name\":\"Portada\",\"item\":\"https:\/\/coelectrix.com\/\"},{\"@type\":\"ListItem\",\"position\":2,\"name\":\"Loja\",\"item\":\"https:\/\/coelectrix.com\/pt-pt\/loja\"},{\"@type\":\"ListItem\",\"position\":3,\"name\":\"Painel Volt\u00edmetro Led+ duplo USB + 12v. ref. 03E\"}]},{\"@type\":\"WebSite\",\"@id\":\"https:\/\/coelectrix.com\/pt-pt\/#website\",\"url\":\"https:\/\/coelectrix.com\/pt-pt\/\",\"name\":\"Coelectrix\",\"description\":\"Componentes el\u00e9ctricos\",\"publisher\":{\"@id\":\"https:\/\/coelectrix.com\/pt-pt\/#organization\"},\"potentialAction\":[{\"@type\":\"SearchAction\",\"target\":{\"@type\":\"EntryPoint\",\"urlTemplate\":\"https:\/\/coelectrix.com\/pt-pt\/?s={search_term_string}\"},\"query-input\":{\"@type\":\"PropertyValueSpecification\",\"valueRequired\":true,\"valueName\":\"search_term_string\"}}],\"inLanguage\":\"pt-PT\"},{\"@type\":\"Organization\",\"@id\":\"https:\/\/coelectrix.com\/pt-pt\/#organization\",\"name\":\"coelectrix.com\",\"url\":\"https:\/\/coelectrix.com\/pt-pt\/\",\"logo\":{\"@type\":\"ImageObject\",\"inLanguage\":\"pt-PT\",\"@id\":\"https:\/\/coelectrix.com\/pt-pt\/#\/schema\/logo\/image\/\",\"url\":\"https:\/\/coelectrix.com\/wp-content\/uploads\/2018\/05\/logo-coelectrix-400x400.jpg\",\"contentUrl\":\"https:\/\/coelectrix.com\/wp-content\/uploads\/2018\/05\/logo-coelectrix-400x400.jpg\",\"width\":300,\"height\":300,\"caption\":\"coelectrix.com\"},\"image\":{\"@id\":\"https:\/\/coelectrix.com\/pt-pt\/#\/schema\/logo\/image\/\"}}]}<\/script>\n<!-- \/ Yoast SEO plugin. -->","yoast_head_json":{"title":"Painel Volt\u00edmetro Led+ duplo USB + 12v. ref. 03E | Coelectrix% Loja de pain\u00e9is online","description":"Painel de volt\u00edmetro, carregador de 12v com USB duplo. Para ter o controlo da bateria e das liga\u00e7\u00f5es num \u00fanico painel. Com fios e pronto a ligar.","robots":{"index":"index","follow":"follow","max-snippet":"max-snippet:-1","max-image-preview":"max-image-preview:large","max-video-preview":"max-video-preview:-1"},"canonical":"https:\/\/coelectrix.com\/pt-pt\/produto\/painel-voltimetro-usb-duplo-12v-ref-03e","og_locale":"pt_PT","og_type":"article","og_title":"Painel Volt\u00edmetro Led+ duplo USB + 12v. ref. 03E | Coelectrix% Loja de pain\u00e9is online","og_description":"Painel de volt\u00edmetro, carregador de 12v com USB duplo. Para ter o controlo da bateria e das liga\u00e7\u00f5es num \u00fanico painel. Com fios e pronto a ligar.","og_url":"https:\/\/coelectrix.com\/pt-pt\/produto\/painel-voltimetro-usb-duplo-12v-ref-03e","og_site_name":"Coelectrix","article_modified_time":"2025-08-19T04:03:07+00:00","og_image":[{"width":2000,"height":1500,"url":"https:\/\/coelectrix.com\/wp-content\/uploads\/2021\/10\/Panel-Voltimetro-Led-USB-doble-12v.-ref.-03E.jpg","type":"image\/jpeg"}],"twitter_card":"summary_large_image","twitter_misc":{"Tempo estimado de leitura":"1 minuto"},"schema":{"@context":"https:\/\/schema.org","@graph":[{"@type":"WebPage","@id":"https:\/\/coelectrix.com\/pt-pt\/produto\/painel-voltimetro-usb-duplo-12v-ref-03e","url":"https:\/\/coelectrix.com\/pt-pt\/produto\/painel-voltimetro-usb-duplo-12v-ref-03e","name":"Painel Volt\u00edmetro Led+ duplo USB + 12v. ref. 03E | Coelectrix% Loja de pain\u00e9is online","isPartOf":{"@id":"https:\/\/coelectrix.com\/pt-pt\/#website"},"primaryImageOfPage":{"@id":"https:\/\/coelectrix.com\/pt-pt\/produto\/painel-voltimetro-usb-duplo-12v-ref-03e#primaryimage"},"image":{"@id":"https:\/\/coelectrix.com\/pt-pt\/produto\/painel-voltimetro-usb-duplo-12v-ref-03e#primaryimage"},"thumbnailUrl":"https:\/\/coelectrix.com\/wp-content\/uploads\/2021\/10\/Panel-Voltimetro-Led-USB-doble-12v.-ref.-03E.jpg","datePublished":"2021-10-04T14:29:04+00:00","dateModified":"2025-08-19T04:03:07+00:00","description":"Painel de volt\u00edmetro, carregador de 12v com USB duplo. Para ter o controlo da bateria e das liga\u00e7\u00f5es num \u00fanico painel. Com fios e pronto a ligar.","breadcrumb":{"@id":"https:\/\/coelectrix.com\/pt-pt\/produto\/painel-voltimetro-usb-duplo-12v-ref-03e#breadcrumb"},"inLanguage":"pt-PT","potentialAction":[{"@type":"ReadAction","target":["https:\/\/coelectrix.com\/pt-pt\/produto\/painel-voltimetro-usb-duplo-12v-ref-03e"]}]},{"@type":"ImageObject","inLanguage":"pt-PT","@id":"https:\/\/coelectrix.com\/pt-pt\/produto\/painel-voltimetro-usb-duplo-12v-ref-03e#primaryimage","url":"https:\/\/coelectrix.com\/wp-content\/uploads\/2021\/10\/Panel-Voltimetro-Led-USB-doble-12v.-ref.-03E.jpg","contentUrl":"https:\/\/coelectrix.com\/wp-content\/uploads\/2021\/10\/Panel-Voltimetro-Led-USB-doble-12v.-ref.-03E.jpg","width":2000,"height":1500,"caption":"Painel Volt\u00edmetro Led+ duplo USB + 12v. ref. 03E"},{"@type":"BreadcrumbList","@id":"https:\/\/coelectrix.com\/pt-pt\/produto\/painel-voltimetro-usb-duplo-12v-ref-03e#breadcrumb","itemListElement":[{"@type":"ListItem","position":1,"name":"Portada","item":"https:\/\/coelectrix.com\/"},{"@type":"ListItem","position":2,"name":"Loja","item":"https:\/\/coelectrix.com\/pt-pt\/loja"},{"@type":"ListItem","position":3,"name":"Painel Volt\u00edmetro Led+ duplo USB + 12v. ref. 03E"}]},{"@type":"WebSite","@id":"https:\/\/coelectrix.com\/pt-pt\/#website","url":"https:\/\/coelectrix.com\/pt-pt\/","name":"Coelectrix","description":"Componentes el\u00e9ctricos","publisher":{"@id":"https:\/\/coelectrix.com\/pt-pt\/#organization"},"potentialAction":[{"@type":"SearchAction","target":{"@type":"EntryPoint","urlTemplate":"https:\/\/coelectrix.com\/pt-pt\/?s={search_term_string}"},"query-input":{"@type":"PropertyValueSpecification","valueRequired":true,"valueName":"search_term_string"}}],"inLanguage":"pt-PT"},{"@type":"Organization","@id":"https:\/\/coelectrix.com\/pt-pt\/#organization","name":"coelectrix.com","url":"https:\/\/coelectrix.com\/pt-pt\/","logo":{"@type":"ImageObject","inLanguage":"pt-PT","@id":"https:\/\/coelectrix.com\/pt-pt\/#\/schema\/logo\/image\/","url":"https:\/\/coelectrix.com\/wp-content\/uploads\/2018\/05\/logo-coelectrix-400x400.jpg","contentUrl":"https:\/\/coelectrix.com\/wp-content\/uploads\/2018\/05\/logo-coelectrix-400x400.jpg","width":300,"height":300,"caption":"coelectrix.com"},"image":{"@id":"https:\/\/coelectrix.com\/pt-pt\/#\/schema\/logo\/image\/"}}]}},"_links":{"self":[{"href":"https:\/\/coelectrix.com\/pt-pt\/wp-json\/wp\/v2\/product\/78045","targetHints":{"allow":["GET"]}}],"collection":[{"href":"https:\/\/coelectrix.com\/pt-pt\/wp-json\/wp\/v2\/product"}],"about":[{"href":"https:\/\/coelectrix.com\/pt-pt\/wp-json\/wp\/v2\/types\/product"}],"version-history":[{"count":1,"href":"https:\/\/coelectrix.com\/pt-pt\/wp-json\/wp\/v2\/product\/78045\/revisions"}],"predecessor-version":[{"id":78049,"href":"https:\/\/coelectrix.com\/pt-pt\/wp-json\/wp\/v2\/product\/78045\/revisions\/78049"}],"wp:featuredmedia":[{"embeddable":true,"href":"https:\/\/coelectrix.com\/pt-pt\/wp-json\/wp\/v2\/media\/73625"}],"wp:attachment":[{"href":"https:\/\/coelectrix.com\/pt-pt\/wp-json\/wp\/v2\/media?parent=78045"}],"wp:term":[{"taxonomy":"product_brand","embeddable":true,"href":"https:\/\/coelectrix.com\/pt-pt\/wp-json\/wp\/v2\/product_brand?post=78045"},{"taxonomy":"product_cat","embeddable":true,"href":"https:\/\/coelectrix.com\/pt-pt\/wp-json\/wp\/v2\/product_cat?post=78045"},{"taxonomy":"product_tag","embeddable":true,"href":"https:\/\/coelectrix.com\/pt-pt\/wp-json\/wp\/v2\/product_tag?post=78045"}],"curies":[{"name":"wp","href":"https:\/\/api.w.org\/{rel}","templated":true}]}}