{"id":81656,"date":"2025-10-28T14:02:00","date_gmt":"2025-10-28T13:02:00","guid":{"rendered":"https:\/\/coelectrix.com\/producto\/lampada-h7-de-reposicao-para-kit-x-max"},"modified":"2025-10-28T14:02:00","modified_gmt":"2025-10-28T13:02:00","slug":"lampada-h7-de-reposicao-para-kit-x-max","status":"publish","type":"product","link":"https:\/\/coelectrix.com\/pt-pt\/producto\/lampada-h7-de-reposicao-para-kit-x-max","title":{"rendered":"L\u00e2mpada H7 de reposi\u00e7\u00e3o para kit X Max"},"content":{"rendered":"","protected":false},"excerpt":{"rendered":"<p>L\u00e2mpada de reposi\u00e7\u00e3o igual \u00e0s que v\u00eam com o Kit de luzes para farol X-Max. V\u00e1lida para todos os modelos 125c, 250cc e 400cc.<\/p>\n<p>L\u00e2mpada H7 Max<br \/>\nYHX 12v-55\/60w<\/p>\n","protected":false},"featured_media":80058,"template":"","meta":{"_acf_changed":false},"product_brand":[],"product_cat":[1296],"product_tag":[],"class_list":{"0":"post-81656","1":"product","2":"type-product","3":"status-publish","4":"has-post-thumbnail","6":"product_cat-iluminacao-12v","8":"first","9":"instock","10":"taxable","11":"shipping-taxable","12":"purchasable","13":"product-type-simple"},"acf":[],"yoast_head":"<!-- This site is optimized with the Yoast SEO plugin v27.2 - https:\/\/yoast.com\/product\/yoast-seo-wordpress\/ -->\n<title>\u25b7 L\u00e2mpada H7 de reposi\u00e7\u00e3o para kit X Max | Coelectrix.com<\/title>\n<meta name=\"robots\" content=\"index, follow, max-snippet:-1, max-image-preview:large, max-video-preview:-1\" \/>\n<link rel=\"canonical\" href=\"https:\/\/coelectrix.com\/pt-pt\/producto\/lampada-h7-de-reposicao-para-kit-x-max\" \/>\n<meta property=\"og:locale\" content=\"pt_PT\" \/>\n<meta property=\"og:type\" content=\"article\" \/>\n<meta property=\"og:title\" content=\"\u25b7 L\u00e2mpada H7 de reposi\u00e7\u00e3o para kit X Max | Coelectrix.com\" \/>\n<meta property=\"og:description\" content=\"L\u00e2mpada de reposi\u00e7\u00e3o igual \u00e0s que v\u00eam com o Kit de luzes para farol X-Max. V\u00e1lida para todos os modelos 125c, 250cc e 400cc. L\u00e2mpada H7 Max YHX 12v-55\/60w\" \/>\n<meta property=\"og:url\" content=\"https:\/\/coelectrix.com\/pt-pt\/producto\/lampada-h7-de-reposicao-para-kit-x-max\" \/>\n<meta property=\"og:site_name\" content=\"Coelectrix\" \/>\n<meta property=\"og:image\" content=\"https:\/\/coelectrix.com\/wp-content\/uploads\/2025\/10\/Lampara-H7-de-repuesto-para-kit-de-X-Max.jpg\" \/>\n\t<meta property=\"og:image:width\" content=\"1024\" \/>\n\t<meta property=\"og:image:height\" content=\"1024\" \/>\n\t<meta property=\"og:image:type\" content=\"image\/jpeg\" \/>\n<meta name=\"twitter:card\" content=\"summary_large_image\" \/>\n<script type=\"application\/ld+json\" class=\"yoast-schema-graph\">{\"@context\":\"https:\/\/schema.org\",\"@graph\":[{\"@type\":\"WebPage\",\"@id\":\"https:\/\/coelectrix.com\/pt-pt\/producto\/lampada-h7-de-reposicao-para-kit-x-max\",\"url\":\"https:\/\/coelectrix.com\/pt-pt\/producto\/lampada-h7-de-reposicao-para-kit-x-max\",\"name\":\"\u25b7 L\u00e2mpada H7 de reposi\u00e7\u00e3o para kit X Max | Coelectrix.com\",\"isPartOf\":{\"@id\":\"https:\/\/coelectrix.com\/pt-pt\/#website\"},\"primaryImageOfPage\":{\"@id\":\"https:\/\/coelectrix.com\/pt-pt\/producto\/lampada-h7-de-reposicao-para-kit-x-max#primaryimage\"},\"image\":{\"@id\":\"https:\/\/coelectrix.com\/pt-pt\/producto\/lampada-h7-de-reposicao-para-kit-x-max#primaryimage\"},\"thumbnailUrl\":\"https:\/\/coelectrix.com\/wp-content\/uploads\/2025\/10\/Lampara-H7-de-repuesto-para-kit-de-X-Max.jpg\",\"datePublished\":\"2025-10-28T13:02:00+00:00\",\"breadcrumb\":{\"@id\":\"https:\/\/coelectrix.com\/pt-pt\/producto\/lampada-h7-de-reposicao-para-kit-x-max#breadcrumb\"},\"inLanguage\":\"pt-PT\",\"potentialAction\":[{\"@type\":\"ReadAction\",\"target\":[\"https:\/\/coelectrix.com\/pt-pt\/producto\/lampada-h7-de-reposicao-para-kit-x-max\"]}]},{\"@type\":\"ImageObject\",\"inLanguage\":\"pt-PT\",\"@id\":\"https:\/\/coelectrix.com\/pt-pt\/producto\/lampada-h7-de-reposicao-para-kit-x-max#primaryimage\",\"url\":\"https:\/\/coelectrix.com\/wp-content\/uploads\/2025\/10\/Lampara-H7-de-repuesto-para-kit-de-X-Max.jpg\",\"contentUrl\":\"https:\/\/coelectrix.com\/wp-content\/uploads\/2025\/10\/Lampara-H7-de-repuesto-para-kit-de-X-Max.jpg\",\"width\":1024,\"height\":1024,\"caption\":\"L\u00e2mpada H7 de reposi\u00e7\u00e3o para kit X Max\"},{\"@type\":\"BreadcrumbList\",\"@id\":\"https:\/\/coelectrix.com\/pt-pt\/producto\/lampada-h7-de-reposicao-para-kit-x-max#breadcrumb\",\"itemListElement\":[{\"@type\":\"ListItem\",\"position\":1,\"name\":\"Portada\",\"item\":\"https:\/\/coelectrix.com\/\"},{\"@type\":\"ListItem\",\"position\":2,\"name\":\"Loja\",\"item\":\"https:\/\/coelectrix.com\/pt-pt\/loja\"},{\"@type\":\"ListItem\",\"position\":3,\"name\":\"L\u00e2mpada H7 de reposi\u00e7\u00e3o para kit X Max\"}]},{\"@type\":\"WebSite\",\"@id\":\"https:\/\/coelectrix.com\/pt-pt\/#website\",\"url\":\"https:\/\/coelectrix.com\/pt-pt\/\",\"name\":\"Coelectrix\",\"description\":\"Componentes el\u00e9ctricos\",\"publisher\":{\"@id\":\"https:\/\/coelectrix.com\/pt-pt\/#organization\"},\"potentialAction\":[{\"@type\":\"SearchAction\",\"target\":{\"@type\":\"EntryPoint\",\"urlTemplate\":\"https:\/\/coelectrix.com\/pt-pt\/?s={search_term_string}\"},\"query-input\":{\"@type\":\"PropertyValueSpecification\",\"valueRequired\":true,\"valueName\":\"search_term_string\"}}],\"inLanguage\":\"pt-PT\"},{\"@type\":\"Organization\",\"@id\":\"https:\/\/coelectrix.com\/pt-pt\/#organization\",\"name\":\"coelectrix.com\",\"url\":\"https:\/\/coelectrix.com\/pt-pt\/\",\"logo\":{\"@type\":\"ImageObject\",\"inLanguage\":\"pt-PT\",\"@id\":\"https:\/\/coelectrix.com\/pt-pt\/#\/schema\/logo\/image\/\",\"url\":\"https:\/\/coelectrix.com\/wp-content\/uploads\/2018\/05\/logo-coelectrix-400x400.jpg\",\"contentUrl\":\"https:\/\/coelectrix.com\/wp-content\/uploads\/2018\/05\/logo-coelectrix-400x400.jpg\",\"width\":300,\"height\":300,\"caption\":\"coelectrix.com\"},\"image\":{\"@id\":\"https:\/\/coelectrix.com\/pt-pt\/#\/schema\/logo\/image\/\"}}]}<\/script>\n<!-- \/ Yoast SEO plugin. -->","yoast_head_json":{"title":"\u25b7 L\u00e2mpada H7 de reposi\u00e7\u00e3o para kit X Max | Coelectrix.com","robots":{"index":"index","follow":"follow","max-snippet":"max-snippet:-1","max-image-preview":"max-image-preview:large","max-video-preview":"max-video-preview:-1"},"canonical":"https:\/\/coelectrix.com\/pt-pt\/producto\/lampada-h7-de-reposicao-para-kit-x-max","og_locale":"pt_PT","og_type":"article","og_title":"\u25b7 L\u00e2mpada H7 de reposi\u00e7\u00e3o para kit X Max | Coelectrix.com","og_description":"L\u00e2mpada de reposi\u00e7\u00e3o igual \u00e0s que v\u00eam com o Kit de luzes para farol X-Max. V\u00e1lida para todos os modelos 125c, 250cc e 400cc. L\u00e2mpada H7 Max YHX 12v-55\/60w","og_url":"https:\/\/coelectrix.com\/pt-pt\/producto\/lampada-h7-de-reposicao-para-kit-x-max","og_site_name":"Coelectrix","og_image":[{"width":1024,"height":1024,"url":"https:\/\/coelectrix.com\/wp-content\/uploads\/2025\/10\/Lampara-H7-de-repuesto-para-kit-de-X-Max.jpg","type":"image\/jpeg"}],"twitter_card":"summary_large_image","schema":{"@context":"https:\/\/schema.org","@graph":[{"@type":"WebPage","@id":"https:\/\/coelectrix.com\/pt-pt\/producto\/lampada-h7-de-reposicao-para-kit-x-max","url":"https:\/\/coelectrix.com\/pt-pt\/producto\/lampada-h7-de-reposicao-para-kit-x-max","name":"\u25b7 L\u00e2mpada H7 de reposi\u00e7\u00e3o para kit X Max | Coelectrix.com","isPartOf":{"@id":"https:\/\/coelectrix.com\/pt-pt\/#website"},"primaryImageOfPage":{"@id":"https:\/\/coelectrix.com\/pt-pt\/producto\/lampada-h7-de-reposicao-para-kit-x-max#primaryimage"},"image":{"@id":"https:\/\/coelectrix.com\/pt-pt\/producto\/lampada-h7-de-reposicao-para-kit-x-max#primaryimage"},"thumbnailUrl":"https:\/\/coelectrix.com\/wp-content\/uploads\/2025\/10\/Lampara-H7-de-repuesto-para-kit-de-X-Max.jpg","datePublished":"2025-10-28T13:02:00+00:00","breadcrumb":{"@id":"https:\/\/coelectrix.com\/pt-pt\/producto\/lampada-h7-de-reposicao-para-kit-x-max#breadcrumb"},"inLanguage":"pt-PT","potentialAction":[{"@type":"ReadAction","target":["https:\/\/coelectrix.com\/pt-pt\/producto\/lampada-h7-de-reposicao-para-kit-x-max"]}]},{"@type":"ImageObject","inLanguage":"pt-PT","@id":"https:\/\/coelectrix.com\/pt-pt\/producto\/lampada-h7-de-reposicao-para-kit-x-max#primaryimage","url":"https:\/\/coelectrix.com\/wp-content\/uploads\/2025\/10\/Lampara-H7-de-repuesto-para-kit-de-X-Max.jpg","contentUrl":"https:\/\/coelectrix.com\/wp-content\/uploads\/2025\/10\/Lampara-H7-de-repuesto-para-kit-de-X-Max.jpg","width":1024,"height":1024,"caption":"L\u00e2mpada H7 de reposi\u00e7\u00e3o para kit X Max"},{"@type":"BreadcrumbList","@id":"https:\/\/coelectrix.com\/pt-pt\/producto\/lampada-h7-de-reposicao-para-kit-x-max#breadcrumb","itemListElement":[{"@type":"ListItem","position":1,"name":"Portada","item":"https:\/\/coelectrix.com\/"},{"@type":"ListItem","position":2,"name":"Loja","item":"https:\/\/coelectrix.com\/pt-pt\/loja"},{"@type":"ListItem","position":3,"name":"L\u00e2mpada H7 de reposi\u00e7\u00e3o para kit X Max"}]},{"@type":"WebSite","@id":"https:\/\/coelectrix.com\/pt-pt\/#website","url":"https:\/\/coelectrix.com\/pt-pt\/","name":"Coelectrix","description":"Componentes el\u00e9ctricos","publisher":{"@id":"https:\/\/coelectrix.com\/pt-pt\/#organization"},"potentialAction":[{"@type":"SearchAction","target":{"@type":"EntryPoint","urlTemplate":"https:\/\/coelectrix.com\/pt-pt\/?s={search_term_string}"},"query-input":{"@type":"PropertyValueSpecification","valueRequired":true,"valueName":"search_term_string"}}],"inLanguage":"pt-PT"},{"@type":"Organization","@id":"https:\/\/coelectrix.com\/pt-pt\/#organization","name":"coelectrix.com","url":"https:\/\/coelectrix.com\/pt-pt\/","logo":{"@type":"ImageObject","inLanguage":"pt-PT","@id":"https:\/\/coelectrix.com\/pt-pt\/#\/schema\/logo\/image\/","url":"https:\/\/coelectrix.com\/wp-content\/uploads\/2018\/05\/logo-coelectrix-400x400.jpg","contentUrl":"https:\/\/coelectrix.com\/wp-content\/uploads\/2018\/05\/logo-coelectrix-400x400.jpg","width":300,"height":300,"caption":"coelectrix.com"},"image":{"@id":"https:\/\/coelectrix.com\/pt-pt\/#\/schema\/logo\/image\/"}}]}},"_links":{"self":[{"href":"https:\/\/coelectrix.com\/pt-pt\/wp-json\/wp\/v2\/product\/81656","targetHints":{"allow":["GET"]}}],"collection":[{"href":"https:\/\/coelectrix.com\/pt-pt\/wp-json\/wp\/v2\/product"}],"about":[{"href":"https:\/\/coelectrix.com\/pt-pt\/wp-json\/wp\/v2\/types\/product"}],"version-history":[{"count":0,"href":"https:\/\/coelectrix.com\/pt-pt\/wp-json\/wp\/v2\/product\/81656\/revisions"}],"wp:featuredmedia":[{"embeddable":true,"href":"https:\/\/coelectrix.com\/pt-pt\/wp-json\/wp\/v2\/media\/80058"}],"wp:attachment":[{"href":"https:\/\/coelectrix.com\/pt-pt\/wp-json\/wp\/v2\/media?parent=81656"}],"wp:term":[{"taxonomy":"product_brand","embeddable":true,"href":"https:\/\/coelectrix.com\/pt-pt\/wp-json\/wp\/v2\/product_brand?post=81656"},{"taxonomy":"product_cat","embeddable":true,"href":"https:\/\/coelectrix.com\/pt-pt\/wp-json\/wp\/v2\/product_cat?post=81656"},{"taxonomy":"product_tag","embeddable":true,"href":"https:\/\/coelectrix.com\/pt-pt\/wp-json\/wp\/v2\/product_tag?post=81656"}],"curies":[{"name":"wp","href":"https:\/\/api.w.org\/{rel}","templated":true}]}}