{"id":81660,"date":"2025-09-27T11:19:50","date_gmt":"2025-09-27T09:19:50","guid":{"rendered":"https:\/\/coelectrix.com\/producto\/porta-fusiveis-para-2-fusiveis-midi-32v-compartimento-duplo"},"modified":"2025-09-27T11:19:50","modified_gmt":"2025-09-27T09:19:50","slug":"porta-fusiveis-para-2-fusiveis-midi-32v-compartimento-duplo","status":"publish","type":"product","link":"https:\/\/coelectrix.com\/pt-pt\/producto\/porta-fusiveis-para-2-fusiveis-midi-32v-compartimento-duplo","title":{"rendered":"Porta-fus\u00edveis para 2 fus\u00edveis MIDI 32V | Compartimento duplo"},"content":{"rendered":"<h2><strong>Portafusibles para Fusibles MIDI 32V | Doble Compartimento<\/strong><\/h2>\n<h3 data-start=\"486\" data-end=\"514\"><strong data-start=\"493\" data-end=\"514\">Detalles t\u00e9cnicos<\/strong><\/h3>\n<ul data-start=\"515\" data-end=\"905\">\n<li data-start=\"515\" data-end=\"542\">\n<p data-start=\"517\" data-end=\"542\"><strong data-start=\"517\" data-end=\"537\">Tipo de fusible:<\/strong> MIDI<\/p>\n<\/li>\n<li data-start=\"543\" data-end=\"568\">\n<p data-start=\"545\" data-end=\"568\"><strong data-start=\"545\" data-end=\"564\">Tensi\u00f3n m\u00e1xima:<\/strong> 32V<\/p>\n<\/li>\n<li data-start=\"569\" data-end=\"629\">\n<p data-start=\"571\" data-end=\"629\"><strong data-start=\"571\" data-end=\"585\">Capacidad:<\/strong> Hasta 2 fusibles MIDI (doble compartimento)<\/p>\n<\/li>\n<li data-start=\"630\" data-end=\"696\">\n<p data-start=\"632\" data-end=\"696\"><strong data-start=\"632\" data-end=\"645\">Material:<\/strong> Pl\u00e1stico de alta resistencia + contactos met\u00e1licos<\/p>\n<\/li>\n<li data-start=\"697\" data-end=\"742\">\n<p data-start=\"699\" data-end=\"742\"><strong data-start=\"699\" data-end=\"708\">Tapa:<\/strong> Abatible, con cierre de seguridad<\/p>\n<\/li>\n<li data-start=\"743\" data-end=\"780\">\n<p data-start=\"745\" data-end=\"780\"><strong data-start=\"745\" data-end=\"757\">Montaje:<\/strong> Fijaci\u00f3n por tornillos M5<\/p>\n<\/li>\n<li data-start=\"781\" data-end=\"846\">\n<p data-start=\"783\" data-end=\"846\"><strong data-start=\"783\" data-end=\"800\">Conectividad:<\/strong> Terminales con tornillos para cableado seguro<\/p>\n<\/li>\n<li data-start=\"847\" data-end=\"905\">\n<p data-start=\"849\" data-end=\"905\"><strong data-start=\"849\" data-end=\"864\">Protecci\u00f3n:<\/strong> Cubierta pl\u00e1stica contra polvo y humedad<\/p>\n<\/li>\n<\/ul>\n<h3 data-start=\"907\" data-end=\"930\"><strong data-start=\"914\" data-end=\"930\">Aplicaciones<\/strong><\/h3>\n<ul data-start=\"931\" data-end=\"1174\">\n<li data-start=\"931\" data-end=\"1009\">\n<p data-start=\"933\" data-end=\"1009\">Sistemas el\u00e9ctricos de automoci\u00f3n (coches, camiones, veh\u00edculos industriales)<\/p>\n<\/li>\n<li data-start=\"1010\" data-end=\"1055\">\n<p data-start=\"1012\" data-end=\"1055\">Instalaciones de energ\u00eda solar fotovoltaica<\/p>\n<\/li>\n<li data-start=\"1056\" data-end=\"1087\">\n<p data-start=\"1058\" data-end=\"1087\">Sistemas de backup o bater\u00edas<\/p>\n<\/li>\n<li data-start=\"1088\" data-end=\"1138\">\n<p data-start=\"1090\" data-end=\"1138\">Embarcaciones, caravanas y veh\u00edculos recreativos<\/p>\n<\/li>\n<li data-start=\"1139\" data-end=\"1174\">\n<p data-start=\"1141\" data-end=\"1174\">Proyectos el\u00e9ctricos industriales<\/p>\n<\/li>\n<\/ul>\n<h3 data-start=\"1176\" data-end=\"1205\"><strong data-start=\"1182\" data-end=\"1205\">Ventajas destacadas<\/strong><\/h3>\n<ul data-start=\"1206\" data-end=\"1523\">\n<li data-start=\"1206\" data-end=\"1282\">\n<p data-start=\"1208\" data-end=\"1282\">Alojamiento doble: permite instalar dos fusibles MEGA en una sola unidad<\/p>\n<\/li>\n<li data-start=\"1283\" data-end=\"1372\">\n<p data-start=\"1285\" data-end=\"1372\">F\u00e1cil instalaci\u00f3n: sistema de conexi\u00f3n con tornillos y tapa superior con indicaciones<\/p>\n<\/li>\n<li data-start=\"1373\" data-end=\"1444\">\n<p data-start=\"1375\" data-end=\"1444\">Protecci\u00f3n robusta: evita contacto accidental, polvo y salpicaduras<\/p>\n<\/li>\n<li data-start=\"1445\" data-end=\"1523\">\n<p data-start=\"1447\" data-end=\"1523\">Ahorro de espacio: dise\u00f1o compacto ideal para cuadros el\u00e9ctricos limitados<\/p>\n<\/li>\n<\/ul>\n<p>&nbsp;<\/p>\n<p>Compatible con nuestros<a href=\"https:\/\/coelectrix.com\/pt-pt\/product\/fuse-midi-series-55-30amp-125amp\" target=\"_blank\" rel=\"noopener\"> fusible MIDI 32v<\/a><\/p>\n","protected":false},"excerpt":{"rendered":"<p>Porta-fus\u00edveis compacto e resistente para 2 fus\u00edveis MIDI de 32 V, ideal para aplica\u00e7\u00f5es automotivas e industriais.<\/p>\n<p>Design duplo, com tampa articulada e conex\u00f5es seguras por meio de parafusos.<\/p>\n","protected":false},"featured_media":79176,"template":"","meta":{"_acf_changed":false},"product_brand":[],"product_cat":[109],"product_tag":[],"class_list":{"0":"post-81660","1":"product","2":"type-product","3":"status-publish","4":"has-post-thumbnail","6":"product_cat-sin-categoria","8":"first","9":"outofstock","10":"taxable","11":"shipping-taxable","12":"purchasable","13":"product-type-simple"},"acf":[],"yoast_head":"<!-- This site is optimized with the Yoast SEO plugin v27.2 - https:\/\/yoast.com\/product\/yoast-seo-wordpress\/ -->\n<title>\u25b7 Porta-fus\u00edveis para 2 fus\u00edveis MIDI 32V | Compartimento duplo | Coelectrix.com<\/title>\n<meta name=\"description\" content=\"Porta-fus\u00edveis compacto e resistente para 2 fus\u00edveis MIDI de 32 V, ideal para aplica\u00e7\u00f5es automotivas e industriais. Design duplo, com tampa articulada e conex\u00f5es seguras por meio de parafusos.\" \/>\n<meta name=\"robots\" content=\"index, follow, max-snippet:-1, max-image-preview:large, max-video-preview:-1\" \/>\n<link rel=\"canonical\" href=\"https:\/\/coelectrix.com\/pt-pt\/producto\/porta-fusiveis-para-2-fusiveis-midi-32v-compartimento-duplo\" \/>\n<meta property=\"og:locale\" content=\"pt_PT\" \/>\n<meta property=\"og:type\" content=\"article\" \/>\n<meta property=\"og:title\" content=\"\u25b7 Porta-fus\u00edveis para 2 fus\u00edveis MIDI 32V | Compartimento duplo | Coelectrix.com\" \/>\n<meta property=\"og:description\" content=\"Porta-fus\u00edveis compacto e resistente para 2 fus\u00edveis MIDI de 32 V, ideal para aplica\u00e7\u00f5es automotivas e industriais. Design duplo, com tampa articulada e conex\u00f5es seguras por meio de parafusos.\" \/>\n<meta property=\"og:url\" content=\"https:\/\/coelectrix.com\/pt-pt\/producto\/porta-fusiveis-para-2-fusiveis-midi-32v-compartimento-duplo\" \/>\n<meta property=\"og:site_name\" content=\"Coelectrix\" \/>\n<meta property=\"og:image\" content=\"https:\/\/coelectrix.com\/wp-content\/uploads\/2025\/09\/ChatGPT-Image-26-sept-2025-13_45_26.png\" \/>\n\t<meta property=\"og:image:width\" content=\"1024\" \/>\n\t<meta property=\"og:image:height\" content=\"1024\" \/>\n\t<meta property=\"og:image:type\" content=\"image\/png\" \/>\n<meta name=\"twitter:card\" content=\"summary_large_image\" \/>\n<meta name=\"twitter:label1\" content=\"Tempo estimado de leitura\" \/>\n\t<meta name=\"twitter:data1\" content=\"1 minuto\" \/>\n<script type=\"application\/ld+json\" class=\"yoast-schema-graph\">{\"@context\":\"https:\/\/schema.org\",\"@graph\":[{\"@type\":\"WebPage\",\"@id\":\"https:\/\/coelectrix.com\/pt-pt\/producto\/porta-fusiveis-para-2-fusiveis-midi-32v-compartimento-duplo\",\"url\":\"https:\/\/coelectrix.com\/pt-pt\/producto\/porta-fusiveis-para-2-fusiveis-midi-32v-compartimento-duplo\",\"name\":\"\u25b7 Porta-fus\u00edveis para 2 fus\u00edveis MIDI 32V | Compartimento duplo | Coelectrix.com\",\"isPartOf\":{\"@id\":\"https:\/\/coelectrix.com\/pt-pt\/#website\"},\"primaryImageOfPage\":{\"@id\":\"https:\/\/coelectrix.com\/pt-pt\/producto\/porta-fusiveis-para-2-fusiveis-midi-32v-compartimento-duplo#primaryimage\"},\"image\":{\"@id\":\"https:\/\/coelectrix.com\/pt-pt\/producto\/porta-fusiveis-para-2-fusiveis-midi-32v-compartimento-duplo#primaryimage\"},\"thumbnailUrl\":\"https:\/\/coelectrix.com\/wp-content\/uploads\/2025\/09\/ChatGPT-Image-26-sept-2025-13_45_26.png\",\"datePublished\":\"2025-09-27T09:19:50+00:00\",\"description\":\"Porta-fus\u00edveis compacto e resistente para 2 fus\u00edveis MIDI de 32 V, ideal para aplica\u00e7\u00f5es automotivas e industriais. Design duplo, com tampa articulada e conex\u00f5es seguras por meio de parafusos.\",\"breadcrumb\":{\"@id\":\"https:\/\/coelectrix.com\/pt-pt\/producto\/porta-fusiveis-para-2-fusiveis-midi-32v-compartimento-duplo#breadcrumb\"},\"inLanguage\":\"pt-PT\",\"potentialAction\":[{\"@type\":\"ReadAction\",\"target\":[\"https:\/\/coelectrix.com\/pt-pt\/producto\/porta-fusiveis-para-2-fusiveis-midi-32v-compartimento-duplo\"]}]},{\"@type\":\"ImageObject\",\"inLanguage\":\"pt-PT\",\"@id\":\"https:\/\/coelectrix.com\/pt-pt\/producto\/porta-fusiveis-para-2-fusiveis-midi-32v-compartimento-duplo#primaryimage\",\"url\":\"https:\/\/coelectrix.com\/wp-content\/uploads\/2025\/09\/ChatGPT-Image-26-sept-2025-13_45_26.png\",\"contentUrl\":\"https:\/\/coelectrix.com\/wp-content\/uploads\/2025\/09\/ChatGPT-Image-26-sept-2025-13_45_26.png\",\"width\":1024,\"height\":1024,\"caption\":\"Porta-fus\u00edveis para 2 fus\u00edveis MIDI 32 V | Compartimento duplo\"},{\"@type\":\"BreadcrumbList\",\"@id\":\"https:\/\/coelectrix.com\/pt-pt\/producto\/porta-fusiveis-para-2-fusiveis-midi-32v-compartimento-duplo#breadcrumb\",\"itemListElement\":[{\"@type\":\"ListItem\",\"position\":1,\"name\":\"Portada\",\"item\":\"https:\/\/coelectrix.com\/\"},{\"@type\":\"ListItem\",\"position\":2,\"name\":\"Loja\",\"item\":\"https:\/\/coelectrix.com\/pt-pt\/loja\"},{\"@type\":\"ListItem\",\"position\":3,\"name\":\"Porta-fus\u00edveis para 2 fus\u00edveis MIDI 32V | Compartimento duplo\"}]},{\"@type\":\"WebSite\",\"@id\":\"https:\/\/coelectrix.com\/pt-pt\/#website\",\"url\":\"https:\/\/coelectrix.com\/pt-pt\/\",\"name\":\"Coelectrix\",\"description\":\"Componentes el\u00e9ctricos\",\"publisher\":{\"@id\":\"https:\/\/coelectrix.com\/pt-pt\/#organization\"},\"potentialAction\":[{\"@type\":\"SearchAction\",\"target\":{\"@type\":\"EntryPoint\",\"urlTemplate\":\"https:\/\/coelectrix.com\/pt-pt\/?s={search_term_string}\"},\"query-input\":{\"@type\":\"PropertyValueSpecification\",\"valueRequired\":true,\"valueName\":\"search_term_string\"}}],\"inLanguage\":\"pt-PT\"},{\"@type\":\"Organization\",\"@id\":\"https:\/\/coelectrix.com\/pt-pt\/#organization\",\"name\":\"coelectrix.com\",\"url\":\"https:\/\/coelectrix.com\/pt-pt\/\",\"logo\":{\"@type\":\"ImageObject\",\"inLanguage\":\"pt-PT\",\"@id\":\"https:\/\/coelectrix.com\/pt-pt\/#\/schema\/logo\/image\/\",\"url\":\"https:\/\/coelectrix.com\/wp-content\/uploads\/2018\/05\/logo-coelectrix-400x400.jpg\",\"contentUrl\":\"https:\/\/coelectrix.com\/wp-content\/uploads\/2018\/05\/logo-coelectrix-400x400.jpg\",\"width\":300,\"height\":300,\"caption\":\"coelectrix.com\"},\"image\":{\"@id\":\"https:\/\/coelectrix.com\/pt-pt\/#\/schema\/logo\/image\/\"}}]}<\/script>\n<!-- \/ Yoast SEO plugin. -->","yoast_head_json":{"title":"\u25b7 Porta-fus\u00edveis para 2 fus\u00edveis MIDI 32V | Compartimento duplo | Coelectrix.com","description":"Porta-fus\u00edveis compacto e resistente para 2 fus\u00edveis MIDI de 32 V, ideal para aplica\u00e7\u00f5es automotivas e industriais. Design duplo, com tampa articulada e conex\u00f5es seguras por meio de parafusos.","robots":{"index":"index","follow":"follow","max-snippet":"max-snippet:-1","max-image-preview":"max-image-preview:large","max-video-preview":"max-video-preview:-1"},"canonical":"https:\/\/coelectrix.com\/pt-pt\/producto\/porta-fusiveis-para-2-fusiveis-midi-32v-compartimento-duplo","og_locale":"pt_PT","og_type":"article","og_title":"\u25b7 Porta-fus\u00edveis para 2 fus\u00edveis MIDI 32V | Compartimento duplo | Coelectrix.com","og_description":"Porta-fus\u00edveis compacto e resistente para 2 fus\u00edveis MIDI de 32 V, ideal para aplica\u00e7\u00f5es automotivas e industriais. Design duplo, com tampa articulada e conex\u00f5es seguras por meio de parafusos.","og_url":"https:\/\/coelectrix.com\/pt-pt\/producto\/porta-fusiveis-para-2-fusiveis-midi-32v-compartimento-duplo","og_site_name":"Coelectrix","og_image":[{"width":1024,"height":1024,"url":"https:\/\/coelectrix.com\/wp-content\/uploads\/2025\/09\/ChatGPT-Image-26-sept-2025-13_45_26.png","type":"image\/png"}],"twitter_card":"summary_large_image","twitter_misc":{"Tempo estimado de leitura":"1 minuto"},"schema":{"@context":"https:\/\/schema.org","@graph":[{"@type":"WebPage","@id":"https:\/\/coelectrix.com\/pt-pt\/producto\/porta-fusiveis-para-2-fusiveis-midi-32v-compartimento-duplo","url":"https:\/\/coelectrix.com\/pt-pt\/producto\/porta-fusiveis-para-2-fusiveis-midi-32v-compartimento-duplo","name":"\u25b7 Porta-fus\u00edveis para 2 fus\u00edveis MIDI 32V | Compartimento duplo | Coelectrix.com","isPartOf":{"@id":"https:\/\/coelectrix.com\/pt-pt\/#website"},"primaryImageOfPage":{"@id":"https:\/\/coelectrix.com\/pt-pt\/producto\/porta-fusiveis-para-2-fusiveis-midi-32v-compartimento-duplo#primaryimage"},"image":{"@id":"https:\/\/coelectrix.com\/pt-pt\/producto\/porta-fusiveis-para-2-fusiveis-midi-32v-compartimento-duplo#primaryimage"},"thumbnailUrl":"https:\/\/coelectrix.com\/wp-content\/uploads\/2025\/09\/ChatGPT-Image-26-sept-2025-13_45_26.png","datePublished":"2025-09-27T09:19:50+00:00","description":"Porta-fus\u00edveis compacto e resistente para 2 fus\u00edveis MIDI de 32 V, ideal para aplica\u00e7\u00f5es automotivas e industriais. Design duplo, com tampa articulada e conex\u00f5es seguras por meio de parafusos.","breadcrumb":{"@id":"https:\/\/coelectrix.com\/pt-pt\/producto\/porta-fusiveis-para-2-fusiveis-midi-32v-compartimento-duplo#breadcrumb"},"inLanguage":"pt-PT","potentialAction":[{"@type":"ReadAction","target":["https:\/\/coelectrix.com\/pt-pt\/producto\/porta-fusiveis-para-2-fusiveis-midi-32v-compartimento-duplo"]}]},{"@type":"ImageObject","inLanguage":"pt-PT","@id":"https:\/\/coelectrix.com\/pt-pt\/producto\/porta-fusiveis-para-2-fusiveis-midi-32v-compartimento-duplo#primaryimage","url":"https:\/\/coelectrix.com\/wp-content\/uploads\/2025\/09\/ChatGPT-Image-26-sept-2025-13_45_26.png","contentUrl":"https:\/\/coelectrix.com\/wp-content\/uploads\/2025\/09\/ChatGPT-Image-26-sept-2025-13_45_26.png","width":1024,"height":1024,"caption":"Porta-fus\u00edveis para 2 fus\u00edveis MIDI 32 V | Compartimento duplo"},{"@type":"BreadcrumbList","@id":"https:\/\/coelectrix.com\/pt-pt\/producto\/porta-fusiveis-para-2-fusiveis-midi-32v-compartimento-duplo#breadcrumb","itemListElement":[{"@type":"ListItem","position":1,"name":"Portada","item":"https:\/\/coelectrix.com\/"},{"@type":"ListItem","position":2,"name":"Loja","item":"https:\/\/coelectrix.com\/pt-pt\/loja"},{"@type":"ListItem","position":3,"name":"Porta-fus\u00edveis para 2 fus\u00edveis MIDI 32V | Compartimento duplo"}]},{"@type":"WebSite","@id":"https:\/\/coelectrix.com\/pt-pt\/#website","url":"https:\/\/coelectrix.com\/pt-pt\/","name":"Coelectrix","description":"Componentes el\u00e9ctricos","publisher":{"@id":"https:\/\/coelectrix.com\/pt-pt\/#organization"},"potentialAction":[{"@type":"SearchAction","target":{"@type":"EntryPoint","urlTemplate":"https:\/\/coelectrix.com\/pt-pt\/?s={search_term_string}"},"query-input":{"@type":"PropertyValueSpecification","valueRequired":true,"valueName":"search_term_string"}}],"inLanguage":"pt-PT"},{"@type":"Organization","@id":"https:\/\/coelectrix.com\/pt-pt\/#organization","name":"coelectrix.com","url":"https:\/\/coelectrix.com\/pt-pt\/","logo":{"@type":"ImageObject","inLanguage":"pt-PT","@id":"https:\/\/coelectrix.com\/pt-pt\/#\/schema\/logo\/image\/","url":"https:\/\/coelectrix.com\/wp-content\/uploads\/2018\/05\/logo-coelectrix-400x400.jpg","contentUrl":"https:\/\/coelectrix.com\/wp-content\/uploads\/2018\/05\/logo-coelectrix-400x400.jpg","width":300,"height":300,"caption":"coelectrix.com"},"image":{"@id":"https:\/\/coelectrix.com\/pt-pt\/#\/schema\/logo\/image\/"}}]}},"_links":{"self":[{"href":"https:\/\/coelectrix.com\/pt-pt\/wp-json\/wp\/v2\/product\/81660","targetHints":{"allow":["GET"]}}],"collection":[{"href":"https:\/\/coelectrix.com\/pt-pt\/wp-json\/wp\/v2\/product"}],"about":[{"href":"https:\/\/coelectrix.com\/pt-pt\/wp-json\/wp\/v2\/types\/product"}],"version-history":[{"count":0,"href":"https:\/\/coelectrix.com\/pt-pt\/wp-json\/wp\/v2\/product\/81660\/revisions"}],"wp:featuredmedia":[{"embeddable":true,"href":"https:\/\/coelectrix.com\/pt-pt\/wp-json\/wp\/v2\/media\/79176"}],"wp:attachment":[{"href":"https:\/\/coelectrix.com\/pt-pt\/wp-json\/wp\/v2\/media?parent=81660"}],"wp:term":[{"taxonomy":"product_brand","embeddable":true,"href":"https:\/\/coelectrix.com\/pt-pt\/wp-json\/wp\/v2\/product_brand?post=81660"},{"taxonomy":"product_cat","embeddable":true,"href":"https:\/\/coelectrix.com\/pt-pt\/wp-json\/wp\/v2\/product_cat?post=81660"},{"taxonomy":"product_tag","embeddable":true,"href":"https:\/\/coelectrix.com\/pt-pt\/wp-json\/wp\/v2\/product_tag?post=81660"}],"curies":[{"name":"wp","href":"https:\/\/api.w.org\/{rel}","templated":true}]}}