{"id":82002,"date":"2026-01-10T10:57:27","date_gmt":"2026-01-10T09:57:27","guid":{"rendered":"https:\/\/coelectrix.com\/?post_type=product&#038;p=82002"},"modified":"2026-02-09T07:41:45","modified_gmt":"2026-02-09T06:41:45","slug":"interruptor-redondo-de-montagem-embutida-on-on-interrutor-de-comutacao-copia","status":"publish","type":"product","link":"https:\/\/coelectrix.com\/pt-pt\/producto\/interruptor-redondo-de-montagem-embutida-on-on-interrutor-de-comutacao-copia","title":{"rendered":"Interruptor redondo de montagem embutida ON\/ON (interrutor de comuta\u00e7\u00e3o)"},"content":{"rendered":"<h2><strong>Interruptor redondo de montagem embutida ON\/ON (interrutor de comuta\u00e7\u00e3o)<\/strong><\/h2>\n<ul>\n<li><b>Tipo de funcionamento:<\/b> ON\/ON<\/li>\n<li><b>P\u00f3lo\/via:<\/b> 1 p\u00f3lo\/2 vias<\/li>\n<li><b>Tens\u00e3o nominal: <\/b> 12V<\/li>\n<li>Corrente<b>nominal:<\/b> 10A<\/li>\n<li><b>Cor do corpo: <\/b> Preto<\/li>\n<li><b>Terminais: <\/b> L\u00e2mina de 4,8 mm<\/li>\n<li><b>Tamanho do orif\u00edcio do painel:<\/b> 20 mm de di\u00e2metro.<\/li>\n<li><b>Dimens\u00f5es totais (incluindo terminais):<\/b> 23 (Dia) x 29 (D) mm<\/li>\n<\/ul>\n","protected":false},"excerpt":{"rendered":"<p>Mini interrutor redondo basculante ON\/ON 16 A a 12 V.<\/p>\n<p>Devido \u00e0 sua fun\u00e7\u00e3o ON\/ON, \u00e9 utilizado para ligar luzes de 12 V, mas tamb\u00e9m pode ser utilizado como interrutor ON\/OFF, bastando para tal deixar o terminal de uma das &#8220;vias&#8221; desligado.<\/p>\n<p>S\u00e3o ideais para utiliza\u00e7\u00e3o em circuitos de ilumina\u00e7\u00e3o de 2 vias.<\/p>\n","protected":false},"featured_media":84741,"template":"","meta":{"_acf_changed":false},"product_brand":[],"product_cat":[1339],"product_tag":[],"class_list":{"0":"post-82002","1":"product","2":"type-product","3":"status-publish","4":"has-post-thumbnail","6":"product_cat-interruptores-pt","8":"first","9":"instock","10":"taxable","11":"shipping-taxable","12":"purchasable","13":"product-type-simple"},"acf":[],"yoast_head":"<!-- This site is optimized with the Yoast SEO plugin v27.2 - https:\/\/yoast.com\/product\/yoast-seo-wordpress\/ -->\n<title>\u25b7 Interruptor redondo de montagem embutida ON\/ON (interrutor de comuta\u00e7\u00e3o) | Coelectrix.com<\/title>\n<meta name=\"description\" content=\"Devido \u00e0 sua fun\u00e7\u00e3o ON\/ON, \u00e9 utilizado para ligar luzes de 12V, mas tamb\u00e9m pode ser utilizado como interrutor ON\/OFF, bastando para tal deixar o terminal de uma das &quot;vias&quot; desligado.\" \/>\n<meta name=\"robots\" content=\"index, follow, max-snippet:-1, max-image-preview:large, max-video-preview:-1\" \/>\n<link rel=\"canonical\" href=\"https:\/\/coelectrix.com\/pt-pt\/producto\/interruptor-redondo-de-montagem-embutida-on-on-interrutor-de-comutacao-copia\" \/>\n<meta property=\"og:locale\" content=\"pt_PT\" \/>\n<meta property=\"og:type\" content=\"article\" \/>\n<meta property=\"og:title\" content=\"\u25b7 Interruptor redondo de montagem embutida ON\/ON (interrutor de comuta\u00e7\u00e3o) | Coelectrix.com\" \/>\n<meta property=\"og:description\" content=\"Devido \u00e0 sua fun\u00e7\u00e3o ON\/ON, \u00e9 utilizado para ligar luzes de 12V, mas tamb\u00e9m pode ser utilizado como interrutor ON\/OFF, bastando para tal deixar o terminal de uma das &quot;vias&quot; desligado.\" \/>\n<meta property=\"og:url\" content=\"https:\/\/coelectrix.com\/pt-pt\/producto\/interruptor-redondo-de-montagem-embutida-on-on-interrutor-de-comutacao-copia\" \/>\n<meta property=\"og:site_name\" content=\"Coelectrix\" \/>\n<meta property=\"article:modified_time\" content=\"2026-02-09T06:41:45+00:00\" \/>\n<meta property=\"og:image\" content=\"https:\/\/coelectrix.com\/wp-content\/uploads\/2026\/01\/Interruptor-redondo-ON-ON-empotrable-conmutador-Tecla-ROJA.jpg\" \/>\n\t<meta property=\"og:image:width\" content=\"800\" \/>\n\t<meta property=\"og:image:height\" content=\"800\" \/>\n\t<meta property=\"og:image:type\" content=\"image\/jpeg\" \/>\n<meta name=\"twitter:card\" content=\"summary_large_image\" \/>\n<meta name=\"twitter:label1\" content=\"Tempo estimado de leitura\" \/>\n\t<meta name=\"twitter:data1\" content=\"1 minuto\" \/>\n<script type=\"application\/ld+json\" class=\"yoast-schema-graph\">{\"@context\":\"https:\/\/schema.org\",\"@graph\":[{\"@type\":\"WebPage\",\"@id\":\"https:\/\/coelectrix.com\/pt-pt\/producto\/interruptor-redondo-de-montagem-embutida-on-on-interrutor-de-comutacao-copia\",\"url\":\"https:\/\/coelectrix.com\/pt-pt\/producto\/interruptor-redondo-de-montagem-embutida-on-on-interrutor-de-comutacao-copia\",\"name\":\"\u25b7 Interruptor redondo de montagem embutida ON\/ON (interrutor de comuta\u00e7\u00e3o) | Coelectrix.com\",\"isPartOf\":{\"@id\":\"https:\/\/coelectrix.com\/pt-pt\/#website\"},\"primaryImageOfPage\":{\"@id\":\"https:\/\/coelectrix.com\/pt-pt\/producto\/interruptor-redondo-de-montagem-embutida-on-on-interrutor-de-comutacao-copia#primaryimage\"},\"image\":{\"@id\":\"https:\/\/coelectrix.com\/pt-pt\/producto\/interruptor-redondo-de-montagem-embutida-on-on-interrutor-de-comutacao-copia#primaryimage\"},\"thumbnailUrl\":\"https:\/\/coelectrix.com\/wp-content\/uploads\/2026\/01\/Interruptor-redondo-ON-ON-empotrable-conmutador-Tecla-ROJA.jpg\",\"datePublished\":\"2026-01-10T09:57:27+00:00\",\"dateModified\":\"2026-02-09T06:41:45+00:00\",\"description\":\"Devido \u00e0 sua fun\u00e7\u00e3o ON\/ON, \u00e9 utilizado para ligar luzes de 12V, mas tamb\u00e9m pode ser utilizado como interrutor ON\/OFF, bastando para tal deixar o terminal de uma das \\\"vias\\\" desligado.\",\"breadcrumb\":{\"@id\":\"https:\/\/coelectrix.com\/pt-pt\/producto\/interruptor-redondo-de-montagem-embutida-on-on-interrutor-de-comutacao-copia#breadcrumb\"},\"inLanguage\":\"pt-PT\",\"potentialAction\":[{\"@type\":\"ReadAction\",\"target\":[\"https:\/\/coelectrix.com\/pt-pt\/producto\/interruptor-redondo-de-montagem-embutida-on-on-interrutor-de-comutacao-copia\"]}]},{\"@type\":\"ImageObject\",\"inLanguage\":\"pt-PT\",\"@id\":\"https:\/\/coelectrix.com\/pt-pt\/producto\/interruptor-redondo-de-montagem-embutida-on-on-interrutor-de-comutacao-copia#primaryimage\",\"url\":\"https:\/\/coelectrix.com\/wp-content\/uploads\/2026\/01\/Interruptor-redondo-ON-ON-empotrable-conmutador-Tecla-ROJA.jpg\",\"contentUrl\":\"https:\/\/coelectrix.com\/wp-content\/uploads\/2026\/01\/Interruptor-redondo-ON-ON-empotrable-conmutador-Tecla-ROJA.jpg\",\"width\":800,\"height\":800,\"caption\":\"Interruptor redondo ONON empotrable (conmutador) Tecla ROJA\"},{\"@type\":\"BreadcrumbList\",\"@id\":\"https:\/\/coelectrix.com\/pt-pt\/producto\/interruptor-redondo-de-montagem-embutida-on-on-interrutor-de-comutacao-copia#breadcrumb\",\"itemListElement\":[{\"@type\":\"ListItem\",\"position\":1,\"name\":\"Portada\",\"item\":\"https:\/\/coelectrix.com\/\"},{\"@type\":\"ListItem\",\"position\":2,\"name\":\"Loja\",\"item\":\"https:\/\/coelectrix.com\/pt-pt\/loja\"},{\"@type\":\"ListItem\",\"position\":3,\"name\":\"Interruptor redondo de montagem embutida ON\/ON (interrutor de comuta\u00e7\u00e3o)\"}]},{\"@type\":\"WebSite\",\"@id\":\"https:\/\/coelectrix.com\/pt-pt\/#website\",\"url\":\"https:\/\/coelectrix.com\/pt-pt\/\",\"name\":\"Coelectrix\",\"description\":\"Componentes el\u00e9ctricos\",\"publisher\":{\"@id\":\"https:\/\/coelectrix.com\/pt-pt\/#organization\"},\"potentialAction\":[{\"@type\":\"SearchAction\",\"target\":{\"@type\":\"EntryPoint\",\"urlTemplate\":\"https:\/\/coelectrix.com\/pt-pt\/?s={search_term_string}\"},\"query-input\":{\"@type\":\"PropertyValueSpecification\",\"valueRequired\":true,\"valueName\":\"search_term_string\"}}],\"inLanguage\":\"pt-PT\"},{\"@type\":\"Organization\",\"@id\":\"https:\/\/coelectrix.com\/pt-pt\/#organization\",\"name\":\"coelectrix.com\",\"url\":\"https:\/\/coelectrix.com\/pt-pt\/\",\"logo\":{\"@type\":\"ImageObject\",\"inLanguage\":\"pt-PT\",\"@id\":\"https:\/\/coelectrix.com\/pt-pt\/#\/schema\/logo\/image\/\",\"url\":\"https:\/\/coelectrix.com\/wp-content\/uploads\/2018\/05\/logo-coelectrix-400x400.jpg\",\"contentUrl\":\"https:\/\/coelectrix.com\/wp-content\/uploads\/2018\/05\/logo-coelectrix-400x400.jpg\",\"width\":300,\"height\":300,\"caption\":\"coelectrix.com\"},\"image\":{\"@id\":\"https:\/\/coelectrix.com\/pt-pt\/#\/schema\/logo\/image\/\"}}]}<\/script>\n<!-- \/ Yoast SEO plugin. -->","yoast_head_json":{"title":"\u25b7 Interruptor redondo de montagem embutida ON\/ON (interrutor de comuta\u00e7\u00e3o) | Coelectrix.com","description":"Devido \u00e0 sua fun\u00e7\u00e3o ON\/ON, \u00e9 utilizado para ligar luzes de 12V, mas tamb\u00e9m pode ser utilizado como interrutor ON\/OFF, bastando para tal deixar o terminal de uma das \"vias\" desligado.","robots":{"index":"index","follow":"follow","max-snippet":"max-snippet:-1","max-image-preview":"max-image-preview:large","max-video-preview":"max-video-preview:-1"},"canonical":"https:\/\/coelectrix.com\/pt-pt\/producto\/interruptor-redondo-de-montagem-embutida-on-on-interrutor-de-comutacao-copia","og_locale":"pt_PT","og_type":"article","og_title":"\u25b7 Interruptor redondo de montagem embutida ON\/ON (interrutor de comuta\u00e7\u00e3o) | Coelectrix.com","og_description":"Devido \u00e0 sua fun\u00e7\u00e3o ON\/ON, \u00e9 utilizado para ligar luzes de 12V, mas tamb\u00e9m pode ser utilizado como interrutor ON\/OFF, bastando para tal deixar o terminal de uma das \"vias\" desligado.","og_url":"https:\/\/coelectrix.com\/pt-pt\/producto\/interruptor-redondo-de-montagem-embutida-on-on-interrutor-de-comutacao-copia","og_site_name":"Coelectrix","article_modified_time":"2026-02-09T06:41:45+00:00","og_image":[{"width":800,"height":800,"url":"https:\/\/coelectrix.com\/wp-content\/uploads\/2026\/01\/Interruptor-redondo-ON-ON-empotrable-conmutador-Tecla-ROJA.jpg","type":"image\/jpeg"}],"twitter_card":"summary_large_image","twitter_misc":{"Tempo estimado de leitura":"1 minuto"},"schema":{"@context":"https:\/\/schema.org","@graph":[{"@type":"WebPage","@id":"https:\/\/coelectrix.com\/pt-pt\/producto\/interruptor-redondo-de-montagem-embutida-on-on-interrutor-de-comutacao-copia","url":"https:\/\/coelectrix.com\/pt-pt\/producto\/interruptor-redondo-de-montagem-embutida-on-on-interrutor-de-comutacao-copia","name":"\u25b7 Interruptor redondo de montagem embutida ON\/ON (interrutor de comuta\u00e7\u00e3o) | Coelectrix.com","isPartOf":{"@id":"https:\/\/coelectrix.com\/pt-pt\/#website"},"primaryImageOfPage":{"@id":"https:\/\/coelectrix.com\/pt-pt\/producto\/interruptor-redondo-de-montagem-embutida-on-on-interrutor-de-comutacao-copia#primaryimage"},"image":{"@id":"https:\/\/coelectrix.com\/pt-pt\/producto\/interruptor-redondo-de-montagem-embutida-on-on-interrutor-de-comutacao-copia#primaryimage"},"thumbnailUrl":"https:\/\/coelectrix.com\/wp-content\/uploads\/2026\/01\/Interruptor-redondo-ON-ON-empotrable-conmutador-Tecla-ROJA.jpg","datePublished":"2026-01-10T09:57:27+00:00","dateModified":"2026-02-09T06:41:45+00:00","description":"Devido \u00e0 sua fun\u00e7\u00e3o ON\/ON, \u00e9 utilizado para ligar luzes de 12V, mas tamb\u00e9m pode ser utilizado como interrutor ON\/OFF, bastando para tal deixar o terminal de uma das \"vias\" desligado.","breadcrumb":{"@id":"https:\/\/coelectrix.com\/pt-pt\/producto\/interruptor-redondo-de-montagem-embutida-on-on-interrutor-de-comutacao-copia#breadcrumb"},"inLanguage":"pt-PT","potentialAction":[{"@type":"ReadAction","target":["https:\/\/coelectrix.com\/pt-pt\/producto\/interruptor-redondo-de-montagem-embutida-on-on-interrutor-de-comutacao-copia"]}]},{"@type":"ImageObject","inLanguage":"pt-PT","@id":"https:\/\/coelectrix.com\/pt-pt\/producto\/interruptor-redondo-de-montagem-embutida-on-on-interrutor-de-comutacao-copia#primaryimage","url":"https:\/\/coelectrix.com\/wp-content\/uploads\/2026\/01\/Interruptor-redondo-ON-ON-empotrable-conmutador-Tecla-ROJA.jpg","contentUrl":"https:\/\/coelectrix.com\/wp-content\/uploads\/2026\/01\/Interruptor-redondo-ON-ON-empotrable-conmutador-Tecla-ROJA.jpg","width":800,"height":800,"caption":"Interruptor redondo ONON empotrable (conmutador) Tecla ROJA"},{"@type":"BreadcrumbList","@id":"https:\/\/coelectrix.com\/pt-pt\/producto\/interruptor-redondo-de-montagem-embutida-on-on-interrutor-de-comutacao-copia#breadcrumb","itemListElement":[{"@type":"ListItem","position":1,"name":"Portada","item":"https:\/\/coelectrix.com\/"},{"@type":"ListItem","position":2,"name":"Loja","item":"https:\/\/coelectrix.com\/pt-pt\/loja"},{"@type":"ListItem","position":3,"name":"Interruptor redondo de montagem embutida ON\/ON (interrutor de comuta\u00e7\u00e3o)"}]},{"@type":"WebSite","@id":"https:\/\/coelectrix.com\/pt-pt\/#website","url":"https:\/\/coelectrix.com\/pt-pt\/","name":"Coelectrix","description":"Componentes el\u00e9ctricos","publisher":{"@id":"https:\/\/coelectrix.com\/pt-pt\/#organization"},"potentialAction":[{"@type":"SearchAction","target":{"@type":"EntryPoint","urlTemplate":"https:\/\/coelectrix.com\/pt-pt\/?s={search_term_string}"},"query-input":{"@type":"PropertyValueSpecification","valueRequired":true,"valueName":"search_term_string"}}],"inLanguage":"pt-PT"},{"@type":"Organization","@id":"https:\/\/coelectrix.com\/pt-pt\/#organization","name":"coelectrix.com","url":"https:\/\/coelectrix.com\/pt-pt\/","logo":{"@type":"ImageObject","inLanguage":"pt-PT","@id":"https:\/\/coelectrix.com\/pt-pt\/#\/schema\/logo\/image\/","url":"https:\/\/coelectrix.com\/wp-content\/uploads\/2018\/05\/logo-coelectrix-400x400.jpg","contentUrl":"https:\/\/coelectrix.com\/wp-content\/uploads\/2018\/05\/logo-coelectrix-400x400.jpg","width":300,"height":300,"caption":"coelectrix.com"},"image":{"@id":"https:\/\/coelectrix.com\/pt-pt\/#\/schema\/logo\/image\/"}}]}},"_links":{"self":[{"href":"https:\/\/coelectrix.com\/pt-pt\/wp-json\/wp\/v2\/product\/82002","targetHints":{"allow":["GET"]}}],"collection":[{"href":"https:\/\/coelectrix.com\/pt-pt\/wp-json\/wp\/v2\/product"}],"about":[{"href":"https:\/\/coelectrix.com\/pt-pt\/wp-json\/wp\/v2\/types\/product"}],"version-history":[{"count":2,"href":"https:\/\/coelectrix.com\/pt-pt\/wp-json\/wp\/v2\/product\/82002\/revisions"}],"predecessor-version":[{"id":82973,"href":"https:\/\/coelectrix.com\/pt-pt\/wp-json\/wp\/v2\/product\/82002\/revisions\/82973"}],"wp:featuredmedia":[{"embeddable":true,"href":"https:\/\/coelectrix.com\/pt-pt\/wp-json\/wp\/v2\/media\/84741"}],"wp:attachment":[{"href":"https:\/\/coelectrix.com\/pt-pt\/wp-json\/wp\/v2\/media?parent=82002"}],"wp:term":[{"taxonomy":"product_brand","embeddable":true,"href":"https:\/\/coelectrix.com\/pt-pt\/wp-json\/wp\/v2\/product_brand?post=82002"},{"taxonomy":"product_cat","embeddable":true,"href":"https:\/\/coelectrix.com\/pt-pt\/wp-json\/wp\/v2\/product_cat?post=82002"},{"taxonomy":"product_tag","embeddable":true,"href":"https:\/\/coelectrix.com\/pt-pt\/wp-json\/wp\/v2\/product_tag?post=82002"}],"curies":[{"name":"wp","href":"https:\/\/api.w.org\/{rel}","templated":true}]}}