{"id":83639,"date":"2026-02-21T10:15:16","date_gmt":"2026-02-21T09:15:16","guid":{"rendered":"https:\/\/coelectrix.com\/producto\/busbar-300a-com-5-polos-m8-par-vermelho-preto"},"modified":"2026-03-10T16:52:14","modified_gmt":"2026-03-10T15:52:14","slug":"busbar-300a-com-5-polos-m8-par-vermelho-preto","status":"publish","type":"product","link":"https:\/\/coelectrix.com\/pt-pt\/producto\/busbar-300a-com-5-polos-m8-par-vermelho-preto","title":{"rendered":"BusBar 300A com 5 p\u00f3los M8 par vermelho + preto"},"content":{"rendered":"<h2><strong>O que \u00e9 um barramento de 300 A?<\/strong><\/h2>\n<p>O barramento de 300 amperes \u00e9 um bloco de distribui\u00e7\u00e3o el\u00e9trica fabricado com uma barra condutora de alta condutividade e uma base isolante de alta resist\u00eancia. Ele foi projetado para centralizar conex\u00f5es de corrente cont\u00ednua (CC) ou alternada (CA) em sistemas el\u00e9tricos exigentes.<\/p>\n<p>Dispon\u00edvel nas cores:<\/p>\n<ul>\n<li>\ud83d\udd34 Vermelho: para polo positivo.<\/li>\n<li>\u26ab Preto: para polo negativo.<\/li>\n<\/ul>\n<p>Seu design robusto permite suportar cargas elevadas com m\u00e1xima seguran\u00e7a e m\u00ednima queda de tens\u00e3o.<\/p>\n<h2><strong>Caracter\u00edsticas t\u00e9cnicas<\/strong><\/h2>\n<ul>\n<li><strong>Intensidade m\u00e1xima:<\/strong> 300A<\/li>\n<li><strong>Material condutor:<\/strong> Lat\u00e3o \/ cobre de alta condutividade<\/li>\n<li><strong>Base isolante:<\/strong> Resistente a altas temperaturas<\/li>\n<li><strong>Cor da base:<\/strong> Vermelho (positivo) e Preto (negativo)<\/li>\n<li><strong>Parafusos de conex\u00e3o:<\/strong> V\u00e1rios parafusos de alta resist\u00eancia<\/li>\n<li><strong>Fixa\u00e7\u00e3o:<\/strong> Por meio de parafusos laterais<\/li>\n<li><strong>Resist\u00eancia:<\/strong> Alta resist\u00eancia a vibra\u00e7\u00f5es<\/li>\n<li><strong>Aplica\u00e7\u00e3o:<\/strong> Ideal para instala\u00e7\u00f5es DC 12V \/ 24V \/ 48V<\/li>\n<\/ul>\n<h2><strong>Vantagens do Busbar 300A Coelectrix<\/strong><\/h2>\n<ul>\n<li>Organiza\u00e7\u00e3o limpa e profissional da cablagem<\/li>\n<li>Maior seguran\u00e7a nas liga\u00e7\u00f5es de alta corrente<\/li>\n<li>Redu\u00e7\u00e3o de liga\u00e7\u00f5es improvisadas<\/li>\n<li>Melhoria da efici\u00eancia do sistema el\u00e9trico<\/li>\n<li>F\u00e1cil instala\u00e7\u00e3o<\/li>\n<li>Alta durabilidade e resist\u00eancia<\/li>\n<\/ul>\n<h2><strong>Conte\u00fado da embalagem<\/strong><\/h2>\n<ul>\n<li>1 Busbar 300A vermelho<\/li>\n<li>1 Busbar 300A preto<\/li>\n<\/ul>\n","protected":false},"excerpt":{"rendered":"<p>O <strong>Busbar de Pot\u00eancia 300A vermelho e preto<\/strong> \u00e9 uma barra de distribui\u00e7\u00e3o el\u00e9trica concebida para sistemas de alta corrente at\u00e9 300 amperes. Ideal para instala\u00e7\u00f5es automotivas, n\u00e1uticas, energia solar, caravanas, cami\u00f5es e sistemas industriais. Permite uma liga\u00e7\u00e3o segura, organizada e eficiente de v\u00e1rios cabos de alimenta\u00e7\u00e3o, com base isolante na cor vermelha (positiva) e preta (negativa).<\/p>\n<ul>\n<li>2 unidades: vermelho + preto<\/li>\n<li><strong>Pot\u00eancia m\u00e1xima:<\/strong> 300A<\/li>\n<li><strong>Conex\u00f5es:<\/strong> 5 \u00d7 M8 + 4 \u00d7 M4<\/li>\n<li>Inclui tampa de prote\u00e7\u00e3o, parafusos e porcas<\/li>\n<\/ul>\n","protected":false},"featured_media":83324,"template":"","meta":{"_acf_changed":false},"product_brand":[],"product_cat":[1334],"product_tag":[],"class_list":{"0":"post-83639","1":"product","2":"type-product","3":"status-publish","4":"has-post-thumbnail","6":"product_cat-distribuidores-actuais","8":"first","9":"instock","10":"sale","11":"featured","12":"taxable","13":"shipping-taxable","14":"purchasable","15":"product-type-simple"},"acf":[],"yoast_head":"<!-- This site is optimized with the Yoast SEO plugin v27.2 - https:\/\/yoast.com\/product\/yoast-seo-wordpress\/ -->\n<title>\u25b7 BusBar 300A com 5 p\u00f3los M8 par vermelho + preto | Coelectrix.com<\/title>\n<meta name=\"description\" content=\"Busbar 300A vermelho e preto para distribui\u00e7\u00e3o el\u00e9trica de alta corrente. Ideal para sistemas solares, autom\u00f3veis, caravanas e n\u00e1utica. M\u00e1xima seguran\u00e7a e efici\u00eancia.\" \/>\n<meta name=\"robots\" content=\"index, follow, max-snippet:-1, max-image-preview:large, max-video-preview:-1\" \/>\n<link rel=\"canonical\" href=\"https:\/\/coelectrix.com\/pt-pt\/producto\/busbar-300a-com-5-polos-m8-par-vermelho-preto\" \/>\n<meta property=\"og:locale\" content=\"pt_PT\" \/>\n<meta property=\"og:type\" content=\"article\" \/>\n<meta property=\"og:title\" content=\"\u25b7 BusBar 300A com 5 p\u00f3los M8 par vermelho + preto | Coelectrix.com\" \/>\n<meta property=\"og:description\" content=\"Busbar 300A vermelho e preto para distribui\u00e7\u00e3o el\u00e9trica de alta corrente. Ideal para sistemas solares, autom\u00f3veis, caravanas e n\u00e1utica. M\u00e1xima seguran\u00e7a e efici\u00eancia.\" \/>\n<meta property=\"og:url\" content=\"https:\/\/coelectrix.com\/pt-pt\/producto\/busbar-300a-com-5-polos-m8-par-vermelho-preto\" \/>\n<meta property=\"og:site_name\" content=\"Coelectrix\" \/>\n<meta property=\"article:modified_time\" content=\"2026-03-10T15:52:14+00:00\" \/>\n<meta property=\"og:image\" content=\"https:\/\/coelectrix.com\/wp-content\/uploads\/2026\/02\/busbar-300A-5-polos-M8-4-M4.png\" \/>\n\t<meta property=\"og:image:width\" content=\"1024\" \/>\n\t<meta property=\"og:image:height\" content=\"1024\" \/>\n\t<meta property=\"og:image:type\" content=\"image\/png\" \/>\n<meta name=\"twitter:card\" content=\"summary_large_image\" \/>\n<meta name=\"twitter:label1\" content=\"Tempo estimado de leitura\" \/>\n\t<meta name=\"twitter:data1\" content=\"1 minuto\" \/>\n<script type=\"application\/ld+json\" class=\"yoast-schema-graph\">{\"@context\":\"https:\/\/schema.org\",\"@graph\":[{\"@type\":\"WebPage\",\"@id\":\"https:\/\/coelectrix.com\/pt-pt\/producto\/busbar-300a-com-5-polos-m8-par-vermelho-preto\",\"url\":\"https:\/\/coelectrix.com\/pt-pt\/producto\/busbar-300a-com-5-polos-m8-par-vermelho-preto\",\"name\":\"\u25b7 BusBar 300A com 5 p\u00f3los M8 par vermelho + preto | Coelectrix.com\",\"isPartOf\":{\"@id\":\"https:\/\/coelectrix.com\/pt-pt\/#website\"},\"primaryImageOfPage\":{\"@id\":\"https:\/\/coelectrix.com\/pt-pt\/producto\/busbar-300a-com-5-polos-m8-par-vermelho-preto#primaryimage\"},\"image\":{\"@id\":\"https:\/\/coelectrix.com\/pt-pt\/producto\/busbar-300a-com-5-polos-m8-par-vermelho-preto#primaryimage\"},\"thumbnailUrl\":\"https:\/\/coelectrix.com\/wp-content\/uploads\/2026\/02\/busbar-300A-5-polos-M8-4-M4.png\",\"datePublished\":\"2026-02-21T09:15:16+00:00\",\"dateModified\":\"2026-03-10T15:52:14+00:00\",\"description\":\"Busbar 300A vermelho e preto para distribui\u00e7\u00e3o el\u00e9trica de alta corrente. Ideal para sistemas solares, autom\u00f3veis, caravanas e n\u00e1utica. M\u00e1xima seguran\u00e7a e efici\u00eancia.\",\"breadcrumb\":{\"@id\":\"https:\/\/coelectrix.com\/pt-pt\/producto\/busbar-300a-com-5-polos-m8-par-vermelho-preto#breadcrumb\"},\"inLanguage\":\"pt-PT\",\"potentialAction\":[{\"@type\":\"ReadAction\",\"target\":[\"https:\/\/coelectrix.com\/pt-pt\/producto\/busbar-300a-com-5-polos-m8-par-vermelho-preto\"]}]},{\"@type\":\"ImageObject\",\"inLanguage\":\"pt-PT\",\"@id\":\"https:\/\/coelectrix.com\/pt-pt\/producto\/busbar-300a-com-5-polos-m8-par-vermelho-preto#primaryimage\",\"url\":\"https:\/\/coelectrix.com\/wp-content\/uploads\/2026\/02\/busbar-300A-5-polos-M8-4-M4.png\",\"contentUrl\":\"https:\/\/coelectrix.com\/wp-content\/uploads\/2026\/02\/busbar-300A-5-polos-M8-4-M4.png\",\"width\":1024,\"height\":1024,\"caption\":\"Barramento 300A para distribui\u00e7\u00e3o el\u00e9trica\"},{\"@type\":\"BreadcrumbList\",\"@id\":\"https:\/\/coelectrix.com\/pt-pt\/producto\/busbar-300a-com-5-polos-m8-par-vermelho-preto#breadcrumb\",\"itemListElement\":[{\"@type\":\"ListItem\",\"position\":1,\"name\":\"Portada\",\"item\":\"https:\/\/coelectrix.com\/\"},{\"@type\":\"ListItem\",\"position\":2,\"name\":\"Loja\",\"item\":\"https:\/\/coelectrix.com\/pt-pt\/loja\"},{\"@type\":\"ListItem\",\"position\":3,\"name\":\"BusBar 300A com 5 p\u00f3los M8 par vermelho + preto\"}]},{\"@type\":\"WebSite\",\"@id\":\"https:\/\/coelectrix.com\/pt-pt\/#website\",\"url\":\"https:\/\/coelectrix.com\/pt-pt\/\",\"name\":\"Coelectrix\",\"description\":\"Componentes el\u00e9ctricos\",\"publisher\":{\"@id\":\"https:\/\/coelectrix.com\/pt-pt\/#organization\"},\"potentialAction\":[{\"@type\":\"SearchAction\",\"target\":{\"@type\":\"EntryPoint\",\"urlTemplate\":\"https:\/\/coelectrix.com\/pt-pt\/?s={search_term_string}\"},\"query-input\":{\"@type\":\"PropertyValueSpecification\",\"valueRequired\":true,\"valueName\":\"search_term_string\"}}],\"inLanguage\":\"pt-PT\"},{\"@type\":\"Organization\",\"@id\":\"https:\/\/coelectrix.com\/pt-pt\/#organization\",\"name\":\"coelectrix.com\",\"url\":\"https:\/\/coelectrix.com\/pt-pt\/\",\"logo\":{\"@type\":\"ImageObject\",\"inLanguage\":\"pt-PT\",\"@id\":\"https:\/\/coelectrix.com\/pt-pt\/#\/schema\/logo\/image\/\",\"url\":\"https:\/\/coelectrix.com\/wp-content\/uploads\/2018\/05\/logo-coelectrix-400x400.jpg\",\"contentUrl\":\"https:\/\/coelectrix.com\/wp-content\/uploads\/2018\/05\/logo-coelectrix-400x400.jpg\",\"width\":300,\"height\":300,\"caption\":\"coelectrix.com\"},\"image\":{\"@id\":\"https:\/\/coelectrix.com\/pt-pt\/#\/schema\/logo\/image\/\"}}]}<\/script>\n<!-- \/ Yoast SEO plugin. -->","yoast_head_json":{"title":"\u25b7 BusBar 300A com 5 p\u00f3los M8 par vermelho + preto | Coelectrix.com","description":"Busbar 300A vermelho e preto para distribui\u00e7\u00e3o el\u00e9trica de alta corrente. Ideal para sistemas solares, autom\u00f3veis, caravanas e n\u00e1utica. M\u00e1xima seguran\u00e7a e efici\u00eancia.","robots":{"index":"index","follow":"follow","max-snippet":"max-snippet:-1","max-image-preview":"max-image-preview:large","max-video-preview":"max-video-preview:-1"},"canonical":"https:\/\/coelectrix.com\/pt-pt\/producto\/busbar-300a-com-5-polos-m8-par-vermelho-preto","og_locale":"pt_PT","og_type":"article","og_title":"\u25b7 BusBar 300A com 5 p\u00f3los M8 par vermelho + preto | Coelectrix.com","og_description":"Busbar 300A vermelho e preto para distribui\u00e7\u00e3o el\u00e9trica de alta corrente. Ideal para sistemas solares, autom\u00f3veis, caravanas e n\u00e1utica. M\u00e1xima seguran\u00e7a e efici\u00eancia.","og_url":"https:\/\/coelectrix.com\/pt-pt\/producto\/busbar-300a-com-5-polos-m8-par-vermelho-preto","og_site_name":"Coelectrix","article_modified_time":"2026-03-10T15:52:14+00:00","og_image":[{"width":1024,"height":1024,"url":"https:\/\/coelectrix.com\/wp-content\/uploads\/2026\/02\/busbar-300A-5-polos-M8-4-M4.png","type":"image\/png"}],"twitter_card":"summary_large_image","twitter_misc":{"Tempo estimado de leitura":"1 minuto"},"schema":{"@context":"https:\/\/schema.org","@graph":[{"@type":"WebPage","@id":"https:\/\/coelectrix.com\/pt-pt\/producto\/busbar-300a-com-5-polos-m8-par-vermelho-preto","url":"https:\/\/coelectrix.com\/pt-pt\/producto\/busbar-300a-com-5-polos-m8-par-vermelho-preto","name":"\u25b7 BusBar 300A com 5 p\u00f3los M8 par vermelho + preto | Coelectrix.com","isPartOf":{"@id":"https:\/\/coelectrix.com\/pt-pt\/#website"},"primaryImageOfPage":{"@id":"https:\/\/coelectrix.com\/pt-pt\/producto\/busbar-300a-com-5-polos-m8-par-vermelho-preto#primaryimage"},"image":{"@id":"https:\/\/coelectrix.com\/pt-pt\/producto\/busbar-300a-com-5-polos-m8-par-vermelho-preto#primaryimage"},"thumbnailUrl":"https:\/\/coelectrix.com\/wp-content\/uploads\/2026\/02\/busbar-300A-5-polos-M8-4-M4.png","datePublished":"2026-02-21T09:15:16+00:00","dateModified":"2026-03-10T15:52:14+00:00","description":"Busbar 300A vermelho e preto para distribui\u00e7\u00e3o el\u00e9trica de alta corrente. Ideal para sistemas solares, autom\u00f3veis, caravanas e n\u00e1utica. M\u00e1xima seguran\u00e7a e efici\u00eancia.","breadcrumb":{"@id":"https:\/\/coelectrix.com\/pt-pt\/producto\/busbar-300a-com-5-polos-m8-par-vermelho-preto#breadcrumb"},"inLanguage":"pt-PT","potentialAction":[{"@type":"ReadAction","target":["https:\/\/coelectrix.com\/pt-pt\/producto\/busbar-300a-com-5-polos-m8-par-vermelho-preto"]}]},{"@type":"ImageObject","inLanguage":"pt-PT","@id":"https:\/\/coelectrix.com\/pt-pt\/producto\/busbar-300a-com-5-polos-m8-par-vermelho-preto#primaryimage","url":"https:\/\/coelectrix.com\/wp-content\/uploads\/2026\/02\/busbar-300A-5-polos-M8-4-M4.png","contentUrl":"https:\/\/coelectrix.com\/wp-content\/uploads\/2026\/02\/busbar-300A-5-polos-M8-4-M4.png","width":1024,"height":1024,"caption":"Barramento 300A para distribui\u00e7\u00e3o el\u00e9trica"},{"@type":"BreadcrumbList","@id":"https:\/\/coelectrix.com\/pt-pt\/producto\/busbar-300a-com-5-polos-m8-par-vermelho-preto#breadcrumb","itemListElement":[{"@type":"ListItem","position":1,"name":"Portada","item":"https:\/\/coelectrix.com\/"},{"@type":"ListItem","position":2,"name":"Loja","item":"https:\/\/coelectrix.com\/pt-pt\/loja"},{"@type":"ListItem","position":3,"name":"BusBar 300A com 5 p\u00f3los M8 par vermelho + preto"}]},{"@type":"WebSite","@id":"https:\/\/coelectrix.com\/pt-pt\/#website","url":"https:\/\/coelectrix.com\/pt-pt\/","name":"Coelectrix","description":"Componentes el\u00e9ctricos","publisher":{"@id":"https:\/\/coelectrix.com\/pt-pt\/#organization"},"potentialAction":[{"@type":"SearchAction","target":{"@type":"EntryPoint","urlTemplate":"https:\/\/coelectrix.com\/pt-pt\/?s={search_term_string}"},"query-input":{"@type":"PropertyValueSpecification","valueRequired":true,"valueName":"search_term_string"}}],"inLanguage":"pt-PT"},{"@type":"Organization","@id":"https:\/\/coelectrix.com\/pt-pt\/#organization","name":"coelectrix.com","url":"https:\/\/coelectrix.com\/pt-pt\/","logo":{"@type":"ImageObject","inLanguage":"pt-PT","@id":"https:\/\/coelectrix.com\/pt-pt\/#\/schema\/logo\/image\/","url":"https:\/\/coelectrix.com\/wp-content\/uploads\/2018\/05\/logo-coelectrix-400x400.jpg","contentUrl":"https:\/\/coelectrix.com\/wp-content\/uploads\/2018\/05\/logo-coelectrix-400x400.jpg","width":300,"height":300,"caption":"coelectrix.com"},"image":{"@id":"https:\/\/coelectrix.com\/pt-pt\/#\/schema\/logo\/image\/"}}]}},"_links":{"self":[{"href":"https:\/\/coelectrix.com\/pt-pt\/wp-json\/wp\/v2\/product\/83639","targetHints":{"allow":["GET"]}}],"collection":[{"href":"https:\/\/coelectrix.com\/pt-pt\/wp-json\/wp\/v2\/product"}],"about":[{"href":"https:\/\/coelectrix.com\/pt-pt\/wp-json\/wp\/v2\/types\/product"}],"version-history":[{"count":0,"href":"https:\/\/coelectrix.com\/pt-pt\/wp-json\/wp\/v2\/product\/83639\/revisions"}],"wp:featuredmedia":[{"embeddable":true,"href":"https:\/\/coelectrix.com\/pt-pt\/wp-json\/wp\/v2\/media\/83324"}],"wp:attachment":[{"href":"https:\/\/coelectrix.com\/pt-pt\/wp-json\/wp\/v2\/media?parent=83639"}],"wp:term":[{"taxonomy":"product_brand","embeddable":true,"href":"https:\/\/coelectrix.com\/pt-pt\/wp-json\/wp\/v2\/product_brand?post=83639"},{"taxonomy":"product_cat","embeddable":true,"href":"https:\/\/coelectrix.com\/pt-pt\/wp-json\/wp\/v2\/product_cat?post=83639"},{"taxonomy":"product_tag","embeddable":true,"href":"https:\/\/coelectrix.com\/pt-pt\/wp-json\/wp\/v2\/product_tag?post=83639"}],"curies":[{"name":"wp","href":"https:\/\/api.w.org\/{rel}","templated":true}]}}