{"id":84798,"date":"2026-04-02T08:57:20","date_gmt":"2026-04-02T06:57:20","guid":{"rendered":"https:\/\/coelectrix.com\/producto\/interruptor-redondo-on-off-de-encastrar-com-led-ambar"},"modified":"2026-04-11T08:11:06","modified_gmt":"2026-04-11T06:11:06","slug":"interruptor-redondo-on-off-de-encastrar-com-led-ambar","status":"publish","type":"product","link":"https:\/\/coelectrix.com\/pt-pt\/producto\/interruptor-redondo-on-off-de-encastrar-com-led-ambar","title":{"rendered":"Interruptor redondo On-Off de encastrar com LED \u00e2mbar"},"content":{"rendered":"<p>Estes interruptores basculantes para montagem em painel possuem luzes indicadoras integradas para indicar quando o interruptor est\u00e1 ativado. S\u00e3o montados num orif\u00edcio com 20,2 mm de di\u00e2metro e t\u00eam uma capacidade nominal de at\u00e9 16 A a 12 V. Estes interruptores simples de ligar e desligar SPST t\u00eam tr\u00eas terminais: os dois que normalmente se veriam, mais um terminal de terra para o LED azul no interior. Embora estejam classificados para 12 V, o LED funciona com apenas 5 V.<\/p>\n<p>Dimens\u00f5es: Di\u00e2metro 22,8 mm. Altura 17 mm. Tamanho do orif\u00edcio de encaixe 20 mm.<br \/>\nMaterial: Pl\u00e1stico.<br \/>\nCor do LED: \u00c2mbar<\/p>\n<p>Liga\u00e7\u00e3o ao cabo atrav\u00e9s de terminal Faston de 4,8 mm.<\/p>\n","protected":false},"excerpt":{"rendered":"<p>Interruptor redondo basculante On-Off com indicador LED \u00e2mbar<\/p>\n<p>Ideal para montagem em painel em ambientes interiores para ligar\/desligar<\/p>\n","protected":false},"featured_media":84724,"template":"","meta":{"_acf_changed":false},"product_brand":[],"product_cat":[1339,1297],"product_tag":[1502],"class_list":{"0":"post-84798","1":"product","2":"type-product","3":"status-publish","4":"has-post-thumbnail","6":"product_cat-interruptores-pt","7":"product_cat-interruptores-redondos-on-off-2","8":"product_tag-modelo-de-novo-produto","10":"first","11":"instock","12":"taxable","13":"shipping-taxable","14":"purchasable","15":"product-type-simple"},"acf":[],"yoast_head":"<!-- This site is optimized with the Yoast SEO plugin v27.2 - https:\/\/yoast.com\/product\/yoast-seo-wordpress\/ -->\n<title>\u25b7 Interruptor redondo On-Off de encastrar com LED \u00e2mbar | Coelectrix.com<\/title>\n<meta name=\"description\" content=\"Interruptor redondo basculante On-Off com indicador LED \u00e2mbar. Ideal para montagem em painel em ambientes interiores para ligar\/desligar\" \/>\n<meta name=\"robots\" content=\"index, follow, max-snippet:-1, max-image-preview:large, max-video-preview:-1\" \/>\n<link rel=\"canonical\" href=\"https:\/\/coelectrix.com\/pt-pt\/producto\/interruptor-redondo-on-off-de-encastrar-com-led-ambar\" \/>\n<meta property=\"og:locale\" content=\"pt_PT\" \/>\n<meta property=\"og:type\" content=\"article\" \/>\n<meta property=\"og:title\" content=\"\u25b7 Interruptor redondo On-Off de encastrar com LED \u00e2mbar | Coelectrix.com\" \/>\n<meta property=\"og:description\" content=\"Interruptor redondo basculante On-Off com indicador LED \u00e2mbar. Ideal para montagem em painel em ambientes interiores para ligar\/desligar\" \/>\n<meta property=\"og:url\" content=\"https:\/\/coelectrix.com\/pt-pt\/producto\/interruptor-redondo-on-off-de-encastrar-com-led-ambar\" \/>\n<meta property=\"og:site_name\" content=\"Coelectrix\" \/>\n<meta property=\"article:modified_time\" content=\"2026-04-11T06:11:06+00:00\" \/>\n<meta property=\"og:image\" content=\"https:\/\/coelectrix.com\/wp-content\/uploads\/2026\/04\/Interruptor-redondo-On-Off-empotrable-con-LED-Ambar.jpg\" \/>\n\t<meta property=\"og:image:width\" content=\"800\" \/>\n\t<meta property=\"og:image:height\" content=\"800\" \/>\n\t<meta property=\"og:image:type\" content=\"image\/jpeg\" \/>\n<meta name=\"twitter:card\" content=\"summary_large_image\" \/>\n<meta name=\"twitter:label1\" content=\"Tempo estimado de leitura\" \/>\n\t<meta name=\"twitter:data1\" content=\"1 minuto\" \/>\n<script type=\"application\/ld+json\" class=\"yoast-schema-graph\">{\"@context\":\"https:\/\/schema.org\",\"@graph\":[{\"@type\":\"WebPage\",\"@id\":\"https:\/\/coelectrix.com\/pt-pt\/producto\/interruptor-redondo-on-off-de-encastrar-com-led-ambar\",\"url\":\"https:\/\/coelectrix.com\/pt-pt\/producto\/interruptor-redondo-on-off-de-encastrar-com-led-ambar\",\"name\":\"\u25b7 Interruptor redondo On-Off de encastrar com LED \u00e2mbar | Coelectrix.com\",\"isPartOf\":{\"@id\":\"https:\/\/coelectrix.com\/pt-pt\/#website\"},\"primaryImageOfPage\":{\"@id\":\"https:\/\/coelectrix.com\/pt-pt\/producto\/interruptor-redondo-on-off-de-encastrar-com-led-ambar#primaryimage\"},\"image\":{\"@id\":\"https:\/\/coelectrix.com\/pt-pt\/producto\/interruptor-redondo-on-off-de-encastrar-com-led-ambar#primaryimage\"},\"thumbnailUrl\":\"https:\/\/coelectrix.com\/wp-content\/uploads\/2026\/04\/Interruptor-redondo-On-Off-empotrable-con-LED-Ambar.jpg\",\"datePublished\":\"2026-04-02T06:57:20+00:00\",\"dateModified\":\"2026-04-11T06:11:06+00:00\",\"description\":\"Interruptor redondo basculante On-Off com indicador LED \u00e2mbar. Ideal para montagem em painel em ambientes interiores para ligar\/desligar\",\"breadcrumb\":{\"@id\":\"https:\/\/coelectrix.com\/pt-pt\/producto\/interruptor-redondo-on-off-de-encastrar-com-led-ambar#breadcrumb\"},\"inLanguage\":\"pt-PT\",\"potentialAction\":[{\"@type\":\"ReadAction\",\"target\":[\"https:\/\/coelectrix.com\/pt-pt\/producto\/interruptor-redondo-on-off-de-encastrar-com-led-ambar\"]}]},{\"@type\":\"ImageObject\",\"inLanguage\":\"pt-PT\",\"@id\":\"https:\/\/coelectrix.com\/pt-pt\/producto\/interruptor-redondo-on-off-de-encastrar-com-led-ambar#primaryimage\",\"url\":\"https:\/\/coelectrix.com\/wp-content\/uploads\/2026\/04\/Interruptor-redondo-On-Off-empotrable-con-LED-Ambar.jpg\",\"contentUrl\":\"https:\/\/coelectrix.com\/wp-content\/uploads\/2026\/04\/Interruptor-redondo-On-Off-empotrable-con-LED-Ambar.jpg\",\"width\":800,\"height\":800,\"caption\":\"Interruptor redondo On-Off de encastrar com LED \u00e2mbar\"},{\"@type\":\"BreadcrumbList\",\"@id\":\"https:\/\/coelectrix.com\/pt-pt\/producto\/interruptor-redondo-on-off-de-encastrar-com-led-ambar#breadcrumb\",\"itemListElement\":[{\"@type\":\"ListItem\",\"position\":1,\"name\":\"Portada\",\"item\":\"https:\/\/coelectrix.com\/\"},{\"@type\":\"ListItem\",\"position\":2,\"name\":\"Loja\",\"item\":\"https:\/\/coelectrix.com\/pt-pt\/loja\"},{\"@type\":\"ListItem\",\"position\":3,\"name\":\"Interruptor redondo On-Off de encastrar com LED \u00e2mbar\"}]},{\"@type\":\"WebSite\",\"@id\":\"https:\/\/coelectrix.com\/pt-pt\/#website\",\"url\":\"https:\/\/coelectrix.com\/pt-pt\/\",\"name\":\"Coelectrix\",\"description\":\"Componentes el\u00e9ctricos\",\"publisher\":{\"@id\":\"https:\/\/coelectrix.com\/pt-pt\/#organization\"},\"potentialAction\":[{\"@type\":\"SearchAction\",\"target\":{\"@type\":\"EntryPoint\",\"urlTemplate\":\"https:\/\/coelectrix.com\/pt-pt\/?s={search_term_string}\"},\"query-input\":{\"@type\":\"PropertyValueSpecification\",\"valueRequired\":true,\"valueName\":\"search_term_string\"}}],\"inLanguage\":\"pt-PT\"},{\"@type\":\"Organization\",\"@id\":\"https:\/\/coelectrix.com\/pt-pt\/#organization\",\"name\":\"coelectrix.com\",\"url\":\"https:\/\/coelectrix.com\/pt-pt\/\",\"logo\":{\"@type\":\"ImageObject\",\"inLanguage\":\"pt-PT\",\"@id\":\"https:\/\/coelectrix.com\/pt-pt\/#\/schema\/logo\/image\/\",\"url\":\"https:\/\/coelectrix.com\/wp-content\/uploads\/2018\/05\/logo-coelectrix-400x400.jpg\",\"contentUrl\":\"https:\/\/coelectrix.com\/wp-content\/uploads\/2018\/05\/logo-coelectrix-400x400.jpg\",\"width\":300,\"height\":300,\"caption\":\"coelectrix.com\"},\"image\":{\"@id\":\"https:\/\/coelectrix.com\/pt-pt\/#\/schema\/logo\/image\/\"}}]}<\/script>\n<!-- \/ Yoast SEO plugin. -->","yoast_head_json":{"title":"\u25b7 Interruptor redondo On-Off de encastrar com LED \u00e2mbar | Coelectrix.com","description":"Interruptor redondo basculante On-Off com indicador LED \u00e2mbar. Ideal para montagem em painel em ambientes interiores para ligar\/desligar","robots":{"index":"index","follow":"follow","max-snippet":"max-snippet:-1","max-image-preview":"max-image-preview:large","max-video-preview":"max-video-preview:-1"},"canonical":"https:\/\/coelectrix.com\/pt-pt\/producto\/interruptor-redondo-on-off-de-encastrar-com-led-ambar","og_locale":"pt_PT","og_type":"article","og_title":"\u25b7 Interruptor redondo On-Off de encastrar com LED \u00e2mbar | Coelectrix.com","og_description":"Interruptor redondo basculante On-Off com indicador LED \u00e2mbar. Ideal para montagem em painel em ambientes interiores para ligar\/desligar","og_url":"https:\/\/coelectrix.com\/pt-pt\/producto\/interruptor-redondo-on-off-de-encastrar-com-led-ambar","og_site_name":"Coelectrix","article_modified_time":"2026-04-11T06:11:06+00:00","og_image":[{"width":800,"height":800,"url":"https:\/\/coelectrix.com\/wp-content\/uploads\/2026\/04\/Interruptor-redondo-On-Off-empotrable-con-LED-Ambar.jpg","type":"image\/jpeg"}],"twitter_card":"summary_large_image","twitter_misc":{"Tempo estimado de leitura":"1 minuto"},"schema":{"@context":"https:\/\/schema.org","@graph":[{"@type":"WebPage","@id":"https:\/\/coelectrix.com\/pt-pt\/producto\/interruptor-redondo-on-off-de-encastrar-com-led-ambar","url":"https:\/\/coelectrix.com\/pt-pt\/producto\/interruptor-redondo-on-off-de-encastrar-com-led-ambar","name":"\u25b7 Interruptor redondo On-Off de encastrar com LED \u00e2mbar | Coelectrix.com","isPartOf":{"@id":"https:\/\/coelectrix.com\/pt-pt\/#website"},"primaryImageOfPage":{"@id":"https:\/\/coelectrix.com\/pt-pt\/producto\/interruptor-redondo-on-off-de-encastrar-com-led-ambar#primaryimage"},"image":{"@id":"https:\/\/coelectrix.com\/pt-pt\/producto\/interruptor-redondo-on-off-de-encastrar-com-led-ambar#primaryimage"},"thumbnailUrl":"https:\/\/coelectrix.com\/wp-content\/uploads\/2026\/04\/Interruptor-redondo-On-Off-empotrable-con-LED-Ambar.jpg","datePublished":"2026-04-02T06:57:20+00:00","dateModified":"2026-04-11T06:11:06+00:00","description":"Interruptor redondo basculante On-Off com indicador LED \u00e2mbar. Ideal para montagem em painel em ambientes interiores para ligar\/desligar","breadcrumb":{"@id":"https:\/\/coelectrix.com\/pt-pt\/producto\/interruptor-redondo-on-off-de-encastrar-com-led-ambar#breadcrumb"},"inLanguage":"pt-PT","potentialAction":[{"@type":"ReadAction","target":["https:\/\/coelectrix.com\/pt-pt\/producto\/interruptor-redondo-on-off-de-encastrar-com-led-ambar"]}]},{"@type":"ImageObject","inLanguage":"pt-PT","@id":"https:\/\/coelectrix.com\/pt-pt\/producto\/interruptor-redondo-on-off-de-encastrar-com-led-ambar#primaryimage","url":"https:\/\/coelectrix.com\/wp-content\/uploads\/2026\/04\/Interruptor-redondo-On-Off-empotrable-con-LED-Ambar.jpg","contentUrl":"https:\/\/coelectrix.com\/wp-content\/uploads\/2026\/04\/Interruptor-redondo-On-Off-empotrable-con-LED-Ambar.jpg","width":800,"height":800,"caption":"Interruptor redondo On-Off de encastrar com LED \u00e2mbar"},{"@type":"BreadcrumbList","@id":"https:\/\/coelectrix.com\/pt-pt\/producto\/interruptor-redondo-on-off-de-encastrar-com-led-ambar#breadcrumb","itemListElement":[{"@type":"ListItem","position":1,"name":"Portada","item":"https:\/\/coelectrix.com\/"},{"@type":"ListItem","position":2,"name":"Loja","item":"https:\/\/coelectrix.com\/pt-pt\/loja"},{"@type":"ListItem","position":3,"name":"Interruptor redondo On-Off de encastrar com LED \u00e2mbar"}]},{"@type":"WebSite","@id":"https:\/\/coelectrix.com\/pt-pt\/#website","url":"https:\/\/coelectrix.com\/pt-pt\/","name":"Coelectrix","description":"Componentes el\u00e9ctricos","publisher":{"@id":"https:\/\/coelectrix.com\/pt-pt\/#organization"},"potentialAction":[{"@type":"SearchAction","target":{"@type":"EntryPoint","urlTemplate":"https:\/\/coelectrix.com\/pt-pt\/?s={search_term_string}"},"query-input":{"@type":"PropertyValueSpecification","valueRequired":true,"valueName":"search_term_string"}}],"inLanguage":"pt-PT"},{"@type":"Organization","@id":"https:\/\/coelectrix.com\/pt-pt\/#organization","name":"coelectrix.com","url":"https:\/\/coelectrix.com\/pt-pt\/","logo":{"@type":"ImageObject","inLanguage":"pt-PT","@id":"https:\/\/coelectrix.com\/pt-pt\/#\/schema\/logo\/image\/","url":"https:\/\/coelectrix.com\/wp-content\/uploads\/2018\/05\/logo-coelectrix-400x400.jpg","contentUrl":"https:\/\/coelectrix.com\/wp-content\/uploads\/2018\/05\/logo-coelectrix-400x400.jpg","width":300,"height":300,"caption":"coelectrix.com"},"image":{"@id":"https:\/\/coelectrix.com\/pt-pt\/#\/schema\/logo\/image\/"}}]}},"_links":{"self":[{"href":"https:\/\/coelectrix.com\/pt-pt\/wp-json\/wp\/v2\/product\/84798","targetHints":{"allow":["GET"]}}],"collection":[{"href":"https:\/\/coelectrix.com\/pt-pt\/wp-json\/wp\/v2\/product"}],"about":[{"href":"https:\/\/coelectrix.com\/pt-pt\/wp-json\/wp\/v2\/types\/product"}],"version-history":[{"count":1,"href":"https:\/\/coelectrix.com\/pt-pt\/wp-json\/wp\/v2\/product\/84798\/revisions"}],"predecessor-version":[{"id":85011,"href":"https:\/\/coelectrix.com\/pt-pt\/wp-json\/wp\/v2\/product\/84798\/revisions\/85011"}],"wp:featuredmedia":[{"embeddable":true,"href":"https:\/\/coelectrix.com\/pt-pt\/wp-json\/wp\/v2\/media\/84724"}],"wp:attachment":[{"href":"https:\/\/coelectrix.com\/pt-pt\/wp-json\/wp\/v2\/media?parent=84798"}],"wp:term":[{"taxonomy":"product_brand","embeddable":true,"href":"https:\/\/coelectrix.com\/pt-pt\/wp-json\/wp\/v2\/product_brand?post=84798"},{"taxonomy":"product_cat","embeddable":true,"href":"https:\/\/coelectrix.com\/pt-pt\/wp-json\/wp\/v2\/product_cat?post=84798"},{"taxonomy":"product_tag","embeddable":true,"href":"https:\/\/coelectrix.com\/pt-pt\/wp-json\/wp\/v2\/product_tag?post=84798"}],"curies":[{"name":"wp","href":"https:\/\/api.w.org\/{rel}","templated":true}]}}