{"id":85012,"date":"2026-03-28T10:19:59","date_gmt":"2026-03-28T09:19:59","guid":{"rendered":"https:\/\/coelectrix.com\/producto\/sensor-de-temperatura-victron-para-os-sistemas-gx-multiplus-e-carregadores"},"modified":"2026-03-28T10:19:59","modified_gmt":"2026-03-28T09:19:59","slug":"sensor-de-temperatura-victron-para-os-sistemas-gx-multiplus-e-carregadores","status":"publish","type":"product","link":"https:\/\/coelectrix.com\/pt-pt\/producto\/sensor-de-temperatura-victron-para-os-sistemas-gx-multiplus-e-carregadores","title":{"rendered":"Sensor de temperatura Victron para os sistemas GX, Multiplus e carregadores"},"content":{"rendered":"<h2><strong>Sensor de temperatura Victron para os sistemas GX, MultiPlus e carregadores<\/strong><\/h2>\n<p>Este sensor da Victron \u00e9 compat\u00edvel com os equipamentos MultiPlus, Quattro, dispositivos compat\u00edveis com GX (Cerbo GX, Venus GX, etc.), VE.Can MPPT, Lynx Shunt VE.Can, Skylla-S, Sylla-TG, Skylla-i e carregadores<\/p>\n<p>\u00a0<\/p>\n","protected":false},"excerpt":{"rendered":"<p>O sensor Victron \u00e9 compat\u00edvel com os equipamentos MultiPlus, Quattro, dispositivos GX compat\u00edveis (Cerbo GX, Venus GX, etc.), VE.Can MPPT, Lynx Shunt VE.Can, Skylla-S, Sylla-TG, Skylla-i e Charger<\/p>\n<p>\u00a0<\/p>\n","protected":false},"featured_media":84575,"template":"","meta":{"_acf_changed":false},"product_brand":[],"product_cat":[1338],"product_tag":[1502],"class_list":{"0":"post-85012","1":"product","2":"type-product","3":"status-publish","4":"has-post-thumbnail","6":"product_cat-victron-energia","7":"product_tag-modelo-de-novo-produto","9":"first","10":"instock","11":"taxable","12":"shipping-taxable","13":"purchasable","14":"product-type-simple"},"acf":[],"yoast_head":"<!-- This site is optimized with the Yoast SEO plugin v27.2 - https:\/\/yoast.com\/product\/yoast-seo-wordpress\/ -->\n<title>\u25b7 Sensor de temperatura Victron para os sistemas GX, Multiplus e carregadores | Coelectrix.com<\/title>\n<meta name=\"description\" content=\"O sensor Victron \u00e9 compat\u00edvel com os equipamentos MultiPlus, Quattro, dispositivos GX compat\u00edveis (Cerbo GX, Venus GX, etc.), VE.Can MPPT, Lynx Shunt VE.Can e Skylla\" \/>\n<meta name=\"robots\" content=\"index, follow, max-snippet:-1, max-image-preview:large, max-video-preview:-1\" \/>\n<link rel=\"canonical\" href=\"https:\/\/coelectrix.com\/pt-pt\/producto\/sensor-de-temperatura-victron-para-os-sistemas-gx-multiplus-e-carregadores\" \/>\n<meta property=\"og:locale\" content=\"pt_PT\" \/>\n<meta property=\"og:type\" content=\"article\" \/>\n<meta property=\"og:title\" content=\"\u25b7 Sensor de temperatura Victron para os sistemas GX, Multiplus e carregadores | Coelectrix.com\" \/>\n<meta property=\"og:description\" content=\"O sensor Victron \u00e9 compat\u00edvel com os equipamentos MultiPlus, Quattro, dispositivos GX compat\u00edveis (Cerbo GX, Venus GX, etc.), VE.Can MPPT, Lynx Shunt VE.Can e Skylla\" \/>\n<meta property=\"og:url\" content=\"https:\/\/coelectrix.com\/pt-pt\/producto\/sensor-de-temperatura-victron-para-os-sistemas-gx-multiplus-e-carregadores\" \/>\n<meta property=\"og:site_name\" content=\"Coelectrix\" \/>\n<meta property=\"og:image\" content=\"https:\/\/coelectrix.com\/wp-content\/uploads\/2026\/03\/Sensor-de-temperatura-Victron-para-sistema-GX-Multiplus-y-Cargadores.jpg\" \/>\n\t<meta property=\"og:image:width\" content=\"800\" \/>\n\t<meta property=\"og:image:height\" content=\"800\" \/>\n\t<meta property=\"og:image:type\" content=\"image\/jpeg\" \/>\n<meta name=\"twitter:card\" content=\"summary_large_image\" \/>\n<script type=\"application\/ld+json\" class=\"yoast-schema-graph\">{\"@context\":\"https:\/\/schema.org\",\"@graph\":[{\"@type\":\"WebPage\",\"@id\":\"https:\/\/coelectrix.com\/pt-pt\/producto\/sensor-de-temperatura-victron-para-os-sistemas-gx-multiplus-e-carregadores\",\"url\":\"https:\/\/coelectrix.com\/pt-pt\/producto\/sensor-de-temperatura-victron-para-os-sistemas-gx-multiplus-e-carregadores\",\"name\":\"\u25b7 Sensor de temperatura Victron para os sistemas GX, Multiplus e carregadores | Coelectrix.com\",\"isPartOf\":{\"@id\":\"https:\/\/coelectrix.com\/pt-pt\/#website\"},\"primaryImageOfPage\":{\"@id\":\"https:\/\/coelectrix.com\/pt-pt\/producto\/sensor-de-temperatura-victron-para-os-sistemas-gx-multiplus-e-carregadores#primaryimage\"},\"image\":{\"@id\":\"https:\/\/coelectrix.com\/pt-pt\/producto\/sensor-de-temperatura-victron-para-os-sistemas-gx-multiplus-e-carregadores#primaryimage\"},\"thumbnailUrl\":\"https:\/\/coelectrix.com\/wp-content\/uploads\/2026\/03\/Sensor-de-temperatura-Victron-para-sistema-GX-Multiplus-y-Cargadores.jpg\",\"datePublished\":\"2026-03-28T09:19:59+00:00\",\"description\":\"O sensor Victron \u00e9 compat\u00edvel com os equipamentos MultiPlus, Quattro, dispositivos GX compat\u00edveis (Cerbo GX, Venus GX, etc.), VE.Can MPPT, Lynx Shunt VE.Can e Skylla\",\"breadcrumb\":{\"@id\":\"https:\/\/coelectrix.com\/pt-pt\/producto\/sensor-de-temperatura-victron-para-os-sistemas-gx-multiplus-e-carregadores#breadcrumb\"},\"inLanguage\":\"pt-PT\",\"potentialAction\":[{\"@type\":\"ReadAction\",\"target\":[\"https:\/\/coelectrix.com\/pt-pt\/producto\/sensor-de-temperatura-victron-para-os-sistemas-gx-multiplus-e-carregadores\"]}]},{\"@type\":\"ImageObject\",\"inLanguage\":\"pt-PT\",\"@id\":\"https:\/\/coelectrix.com\/pt-pt\/producto\/sensor-de-temperatura-victron-para-os-sistemas-gx-multiplus-e-carregadores#primaryimage\",\"url\":\"https:\/\/coelectrix.com\/wp-content\/uploads\/2026\/03\/Sensor-de-temperatura-Victron-para-sistema-GX-Multiplus-y-Cargadores.jpg\",\"contentUrl\":\"https:\/\/coelectrix.com\/wp-content\/uploads\/2026\/03\/Sensor-de-temperatura-Victron-para-sistema-GX-Multiplus-y-Cargadores.jpg\",\"width\":800,\"height\":800,\"caption\":\"Sensor de temperatura Victron para os sistemas GX, Multiplus e carregadores\"},{\"@type\":\"BreadcrumbList\",\"@id\":\"https:\/\/coelectrix.com\/pt-pt\/producto\/sensor-de-temperatura-victron-para-os-sistemas-gx-multiplus-e-carregadores#breadcrumb\",\"itemListElement\":[{\"@type\":\"ListItem\",\"position\":1,\"name\":\"Portada\",\"item\":\"https:\/\/coelectrix.com\/\"},{\"@type\":\"ListItem\",\"position\":2,\"name\":\"Loja\",\"item\":\"https:\/\/coelectrix.com\/pt-pt\/loja\"},{\"@type\":\"ListItem\",\"position\":3,\"name\":\"Sensor de temperatura Victron para os sistemas GX, Multiplus e carregadores\"}]},{\"@type\":\"WebSite\",\"@id\":\"https:\/\/coelectrix.com\/pt-pt\/#website\",\"url\":\"https:\/\/coelectrix.com\/pt-pt\/\",\"name\":\"Coelectrix\",\"description\":\"Componentes el\u00e9ctricos\",\"publisher\":{\"@id\":\"https:\/\/coelectrix.com\/pt-pt\/#organization\"},\"potentialAction\":[{\"@type\":\"SearchAction\",\"target\":{\"@type\":\"EntryPoint\",\"urlTemplate\":\"https:\/\/coelectrix.com\/pt-pt\/?s={search_term_string}\"},\"query-input\":{\"@type\":\"PropertyValueSpecification\",\"valueRequired\":true,\"valueName\":\"search_term_string\"}}],\"inLanguage\":\"pt-PT\"},{\"@type\":\"Organization\",\"@id\":\"https:\/\/coelectrix.com\/pt-pt\/#organization\",\"name\":\"coelectrix.com\",\"url\":\"https:\/\/coelectrix.com\/pt-pt\/\",\"logo\":{\"@type\":\"ImageObject\",\"inLanguage\":\"pt-PT\",\"@id\":\"https:\/\/coelectrix.com\/pt-pt\/#\/schema\/logo\/image\/\",\"url\":\"https:\/\/coelectrix.com\/wp-content\/uploads\/2018\/05\/logo-coelectrix-400x400.jpg\",\"contentUrl\":\"https:\/\/coelectrix.com\/wp-content\/uploads\/2018\/05\/logo-coelectrix-400x400.jpg\",\"width\":300,\"height\":300,\"caption\":\"coelectrix.com\"},\"image\":{\"@id\":\"https:\/\/coelectrix.com\/pt-pt\/#\/schema\/logo\/image\/\"}}]}<\/script>\n<!-- \/ Yoast SEO plugin. -->","yoast_head_json":{"title":"\u25b7 Sensor de temperatura Victron para os sistemas GX, Multiplus e carregadores | Coelectrix.com","description":"O sensor Victron \u00e9 compat\u00edvel com os equipamentos MultiPlus, Quattro, dispositivos GX compat\u00edveis (Cerbo GX, Venus GX, etc.), VE.Can MPPT, Lynx Shunt VE.Can e Skylla","robots":{"index":"index","follow":"follow","max-snippet":"max-snippet:-1","max-image-preview":"max-image-preview:large","max-video-preview":"max-video-preview:-1"},"canonical":"https:\/\/coelectrix.com\/pt-pt\/producto\/sensor-de-temperatura-victron-para-os-sistemas-gx-multiplus-e-carregadores","og_locale":"pt_PT","og_type":"article","og_title":"\u25b7 Sensor de temperatura Victron para os sistemas GX, Multiplus e carregadores | Coelectrix.com","og_description":"O sensor Victron \u00e9 compat\u00edvel com os equipamentos MultiPlus, Quattro, dispositivos GX compat\u00edveis (Cerbo GX, Venus GX, etc.), VE.Can MPPT, Lynx Shunt VE.Can e Skylla","og_url":"https:\/\/coelectrix.com\/pt-pt\/producto\/sensor-de-temperatura-victron-para-os-sistemas-gx-multiplus-e-carregadores","og_site_name":"Coelectrix","og_image":[{"width":800,"height":800,"url":"https:\/\/coelectrix.com\/wp-content\/uploads\/2026\/03\/Sensor-de-temperatura-Victron-para-sistema-GX-Multiplus-y-Cargadores.jpg","type":"image\/jpeg"}],"twitter_card":"summary_large_image","schema":{"@context":"https:\/\/schema.org","@graph":[{"@type":"WebPage","@id":"https:\/\/coelectrix.com\/pt-pt\/producto\/sensor-de-temperatura-victron-para-os-sistemas-gx-multiplus-e-carregadores","url":"https:\/\/coelectrix.com\/pt-pt\/producto\/sensor-de-temperatura-victron-para-os-sistemas-gx-multiplus-e-carregadores","name":"\u25b7 Sensor de temperatura Victron para os sistemas GX, Multiplus e carregadores | Coelectrix.com","isPartOf":{"@id":"https:\/\/coelectrix.com\/pt-pt\/#website"},"primaryImageOfPage":{"@id":"https:\/\/coelectrix.com\/pt-pt\/producto\/sensor-de-temperatura-victron-para-os-sistemas-gx-multiplus-e-carregadores#primaryimage"},"image":{"@id":"https:\/\/coelectrix.com\/pt-pt\/producto\/sensor-de-temperatura-victron-para-os-sistemas-gx-multiplus-e-carregadores#primaryimage"},"thumbnailUrl":"https:\/\/coelectrix.com\/wp-content\/uploads\/2026\/03\/Sensor-de-temperatura-Victron-para-sistema-GX-Multiplus-y-Cargadores.jpg","datePublished":"2026-03-28T09:19:59+00:00","description":"O sensor Victron \u00e9 compat\u00edvel com os equipamentos MultiPlus, Quattro, dispositivos GX compat\u00edveis (Cerbo GX, Venus GX, etc.), VE.Can MPPT, Lynx Shunt VE.Can e Skylla","breadcrumb":{"@id":"https:\/\/coelectrix.com\/pt-pt\/producto\/sensor-de-temperatura-victron-para-os-sistemas-gx-multiplus-e-carregadores#breadcrumb"},"inLanguage":"pt-PT","potentialAction":[{"@type":"ReadAction","target":["https:\/\/coelectrix.com\/pt-pt\/producto\/sensor-de-temperatura-victron-para-os-sistemas-gx-multiplus-e-carregadores"]}]},{"@type":"ImageObject","inLanguage":"pt-PT","@id":"https:\/\/coelectrix.com\/pt-pt\/producto\/sensor-de-temperatura-victron-para-os-sistemas-gx-multiplus-e-carregadores#primaryimage","url":"https:\/\/coelectrix.com\/wp-content\/uploads\/2026\/03\/Sensor-de-temperatura-Victron-para-sistema-GX-Multiplus-y-Cargadores.jpg","contentUrl":"https:\/\/coelectrix.com\/wp-content\/uploads\/2026\/03\/Sensor-de-temperatura-Victron-para-sistema-GX-Multiplus-y-Cargadores.jpg","width":800,"height":800,"caption":"Sensor de temperatura Victron para os sistemas GX, Multiplus e carregadores"},{"@type":"BreadcrumbList","@id":"https:\/\/coelectrix.com\/pt-pt\/producto\/sensor-de-temperatura-victron-para-os-sistemas-gx-multiplus-e-carregadores#breadcrumb","itemListElement":[{"@type":"ListItem","position":1,"name":"Portada","item":"https:\/\/coelectrix.com\/"},{"@type":"ListItem","position":2,"name":"Loja","item":"https:\/\/coelectrix.com\/pt-pt\/loja"},{"@type":"ListItem","position":3,"name":"Sensor de temperatura Victron para os sistemas GX, Multiplus e carregadores"}]},{"@type":"WebSite","@id":"https:\/\/coelectrix.com\/pt-pt\/#website","url":"https:\/\/coelectrix.com\/pt-pt\/","name":"Coelectrix","description":"Componentes el\u00e9ctricos","publisher":{"@id":"https:\/\/coelectrix.com\/pt-pt\/#organization"},"potentialAction":[{"@type":"SearchAction","target":{"@type":"EntryPoint","urlTemplate":"https:\/\/coelectrix.com\/pt-pt\/?s={search_term_string}"},"query-input":{"@type":"PropertyValueSpecification","valueRequired":true,"valueName":"search_term_string"}}],"inLanguage":"pt-PT"},{"@type":"Organization","@id":"https:\/\/coelectrix.com\/pt-pt\/#organization","name":"coelectrix.com","url":"https:\/\/coelectrix.com\/pt-pt\/","logo":{"@type":"ImageObject","inLanguage":"pt-PT","@id":"https:\/\/coelectrix.com\/pt-pt\/#\/schema\/logo\/image\/","url":"https:\/\/coelectrix.com\/wp-content\/uploads\/2018\/05\/logo-coelectrix-400x400.jpg","contentUrl":"https:\/\/coelectrix.com\/wp-content\/uploads\/2018\/05\/logo-coelectrix-400x400.jpg","width":300,"height":300,"caption":"coelectrix.com"},"image":{"@id":"https:\/\/coelectrix.com\/pt-pt\/#\/schema\/logo\/image\/"}}]}},"_links":{"self":[{"href":"https:\/\/coelectrix.com\/pt-pt\/wp-json\/wp\/v2\/product\/85012","targetHints":{"allow":["GET"]}}],"collection":[{"href":"https:\/\/coelectrix.com\/pt-pt\/wp-json\/wp\/v2\/product"}],"about":[{"href":"https:\/\/coelectrix.com\/pt-pt\/wp-json\/wp\/v2\/types\/product"}],"version-history":[{"count":0,"href":"https:\/\/coelectrix.com\/pt-pt\/wp-json\/wp\/v2\/product\/85012\/revisions"}],"wp:featuredmedia":[{"embeddable":true,"href":"https:\/\/coelectrix.com\/pt-pt\/wp-json\/wp\/v2\/media\/84575"}],"wp:attachment":[{"href":"https:\/\/coelectrix.com\/pt-pt\/wp-json\/wp\/v2\/media?parent=85012"}],"wp:term":[{"taxonomy":"product_brand","embeddable":true,"href":"https:\/\/coelectrix.com\/pt-pt\/wp-json\/wp\/v2\/product_brand?post=85012"},{"taxonomy":"product_cat","embeddable":true,"href":"https:\/\/coelectrix.com\/pt-pt\/wp-json\/wp\/v2\/product_cat?post=85012"},{"taxonomy":"product_tag","embeddable":true,"href":"https:\/\/coelectrix.com\/pt-pt\/wp-json\/wp\/v2\/product_tag?post=85012"}],"curies":[{"name":"wp","href":"https:\/\/api.w.org\/{rel}","templated":true}]}}