{"id":85831,"date":"2026-05-09T10:18:35","date_gmt":"2026-05-09T08:18:35","guid":{"rendered":"https:\/\/coelectrix.com\/?post_type=product&#038;p=85831"},"modified":"2026-05-09T10:40:36","modified_gmt":"2026-05-09T08:40:36","slug":"manguera-electrica-negra-rv-k-06-1kv-2x25mm%c2%b2","status":"publish","type":"product","link":"https:\/\/coelectrix.com\/producto\/manguera-electrica-negra-rv-k-06-1kv-2x25mm%C2%B2","title":{"rendered":"Manguera El\u00e9ctrica Negra RV-K 0,6\/1KV 2&#215;2,5mm\u00b2"},"content":{"rendered":"<h2><strong>Manguera El\u00e9ctrica Negra RV-K 0,6\/1KV 2&#215;2,5mm\u00b2<\/strong><\/h2>\n<p>Los cables RV-K 0,6\/1kV son los indicados para el transporte y distribuci\u00f3n de energ\u00eda el\u00e9ctrica en baja tensi\u00f3n. Recomendado para conexiones industriales, acometidas, distribuci\u00f3n interna y otras instalaciones fijas. Adecuados para instalaciones en interiores y exteriores, sobre soportes al aire, en tubos o enterrados.<\/p>\n<p>Dada su gran flexibilidad son muy apropiados para instalaciones complejas y de gran dificultad.<\/p>\n","protected":false},"excerpt":{"rendered":"<p>Cable RV-K 0,6\/1 kV flexible de cobre con aislamiento XLPE para instalaciones el\u00e9ctricas industriales, distribuci\u00f3n de energ\u00eda en baja tensi\u00f3n y uso interior\/exterior.<\/p>\n","protected":false},"featured_media":85838,"template":"","meta":{"_acf_changed":false},"product_brand":[],"product_cat":[6,37],"product_tag":[1501],"class_list":{"0":"post-85831","1":"product","2":"type-product","3":"status-publish","4":"has-post-thumbnail","6":"product_cat-cable-electrico","7":"product_cat-manguera-electrica-multipolar","8":"product_tag-plantilla-nuevo-producto","10":"first","11":"instock","12":"taxable","13":"shipping-taxable","14":"purchasable","15":"product-type-variable"},"acf":[],"yoast_head":"<!-- This site is optimized with the Yoast SEO plugin v27.2 - https:\/\/yoast.com\/product\/yoast-seo-wordpress\/ -->\n<title>\u25b7 Manguera El\u00e9ctrica Negra RV-K 0,6\/1KV 2x2,5mm\u00b2 | Coelectrix.com<\/title>\n<meta name=\"description\" content=\"Cable RV-K 0,6\/1 kV flexible de cobre con aislamiento XLPE 2x2,5mm\u00b2 para instalaciones el\u00e9ctricas industriales\" \/>\n<meta name=\"robots\" content=\"index, follow, max-snippet:-1, max-image-preview:large, max-video-preview:-1\" \/>\n<link rel=\"canonical\" href=\"https:\/\/coelectrix.com\/producto\/manguera-electrica-negra-rv-k-06-1kv-2x25mm\u00b2\" \/>\n<meta property=\"og:locale\" content=\"pt_PT\" \/>\n<meta property=\"og:type\" content=\"article\" \/>\n<meta property=\"og:title\" content=\"\u25b7 Manguera El\u00e9ctrica Negra RV-K 0,6\/1KV 2x2,5mm\u00b2 | Coelectrix.com\" \/>\n<meta property=\"og:description\" content=\"Cable RV-K 0,6\/1 kV flexible de cobre con aislamiento XLPE 2x2,5mm\u00b2 para instalaciones el\u00e9ctricas industriales\" \/>\n<meta property=\"og:url\" content=\"https:\/\/coelectrix.com\/producto\/manguera-electrica-negra-rv-k-06-1kv-2x25mm\u00b2\" \/>\n<meta property=\"og:site_name\" content=\"Coelectrix\" \/>\n<meta property=\"article:modified_time\" content=\"2026-05-09T08:40:36+00:00\" \/>\n<meta property=\"og:image\" content=\"https:\/\/coelectrix.com\/wp-content\/uploads\/2026\/05\/Manguera-Electrica-Negra-RV_K-061KV-2_25mm.jpg\" \/>\n\t<meta property=\"og:image:width\" content=\"800\" \/>\n\t<meta property=\"og:image:height\" content=\"800\" \/>\n\t<meta property=\"og:image:type\" content=\"image\/jpeg\" \/>\n<meta name=\"twitter:card\" content=\"summary_large_image\" \/>\n<meta name=\"twitter:label1\" content=\"Tempo estimado de leitura\" \/>\n\t<meta name=\"twitter:data1\" content=\"1 minuto\" \/>\n<script type=\"application\/ld+json\" class=\"yoast-schema-graph\">{\"@context\":\"https:\/\/schema.org\",\"@graph\":[{\"@type\":\"WebPage\",\"@id\":\"https:\/\/coelectrix.com\/producto\/manguera-electrica-negra-rv-k-06-1kv-2x25mm%C2%B2\",\"url\":\"https:\/\/coelectrix.com\/producto\/manguera-electrica-negra-rv-k-06-1kv-2x25mm%C2%B2\",\"name\":\"\u25b7 Manguera El\u00e9ctrica Negra RV-K 0,6\/1KV 2x2,5mm\u00b2 | Coelectrix.com\",\"isPartOf\":{\"@id\":\"https:\/\/coelectrix.com\/pt-pt\/#website\"},\"primaryImageOfPage\":{\"@id\":\"https:\/\/coelectrix.com\/producto\/manguera-electrica-negra-rv-k-06-1kv-2x25mm%C2%B2#primaryimage\"},\"image\":{\"@id\":\"https:\/\/coelectrix.com\/producto\/manguera-electrica-negra-rv-k-06-1kv-2x25mm%C2%B2#primaryimage\"},\"thumbnailUrl\":\"https:\/\/coelectrix.com\/wp-content\/uploads\/2026\/05\/Manguera-Electrica-Negra-RV_K-061KV-2_25mm.jpg\",\"datePublished\":\"2026-05-09T08:18:35+00:00\",\"dateModified\":\"2026-05-09T08:40:36+00:00\",\"description\":\"Cable RV-K 0,6\/1 kV flexible de cobre con aislamiento XLPE 2x2,5mm\u00b2 para instalaciones el\u00e9ctricas industriales\",\"breadcrumb\":{\"@id\":\"https:\/\/coelectrix.com\/producto\/manguera-electrica-negra-rv-k-06-1kv-2x25mm%C2%B2#breadcrumb\"},\"inLanguage\":\"pt-PT\",\"potentialAction\":[{\"@type\":\"ReadAction\",\"target\":[\"https:\/\/coelectrix.com\/producto\/manguera-electrica-negra-rv-k-06-1kv-2x25mm%C2%B2\"]}]},{\"@type\":\"ImageObject\",\"inLanguage\":\"pt-PT\",\"@id\":\"https:\/\/coelectrix.com\/producto\/manguera-electrica-negra-rv-k-06-1kv-2x25mm%C2%B2#primaryimage\",\"url\":\"https:\/\/coelectrix.com\/wp-content\/uploads\/2026\/05\/Manguera-Electrica-Negra-RV_K-061KV-2_25mm.jpg\",\"contentUrl\":\"https:\/\/coelectrix.com\/wp-content\/uploads\/2026\/05\/Manguera-Electrica-Negra-RV_K-061KV-2_25mm.jpg\",\"width\":800,\"height\":800},{\"@type\":\"BreadcrumbList\",\"@id\":\"https:\/\/coelectrix.com\/producto\/manguera-electrica-negra-rv-k-06-1kv-2x25mm%C2%B2#breadcrumb\",\"itemListElement\":[{\"@type\":\"ListItem\",\"position\":1,\"name\":\"Portada\",\"item\":\"https:\/\/coelectrix.com\/\"},{\"@type\":\"ListItem\",\"position\":2,\"name\":\"Loja\",\"item\":\"https:\/\/coelectrix.com\/pt-pt\/loja\"},{\"@type\":\"ListItem\",\"position\":3,\"name\":\"Manguera El\u00e9ctrica Negra RV-K 0,6\/1KV 2&#215;2,5mm\u00b2\"}]},{\"@type\":\"WebSite\",\"@id\":\"https:\/\/coelectrix.com\/pt-pt\/#website\",\"url\":\"https:\/\/coelectrix.com\/pt-pt\/\",\"name\":\"Coelectrix\",\"description\":\"Componentes el\u00e9ctricos\",\"publisher\":{\"@id\":\"https:\/\/coelectrix.com\/pt-pt\/#organization\"},\"potentialAction\":[{\"@type\":\"SearchAction\",\"target\":{\"@type\":\"EntryPoint\",\"urlTemplate\":\"https:\/\/coelectrix.com\/pt-pt\/?s={search_term_string}\"},\"query-input\":{\"@type\":\"PropertyValueSpecification\",\"valueRequired\":true,\"valueName\":\"search_term_string\"}}],\"inLanguage\":\"pt-PT\"},{\"@type\":\"Organization\",\"@id\":\"https:\/\/coelectrix.com\/pt-pt\/#organization\",\"name\":\"coelectrix.com\",\"url\":\"https:\/\/coelectrix.com\/pt-pt\/\",\"logo\":{\"@type\":\"ImageObject\",\"inLanguage\":\"pt-PT\",\"@id\":\"https:\/\/coelectrix.com\/pt-pt\/#\/schema\/logo\/image\/\",\"url\":\"https:\/\/coelectrix.com\/wp-content\/uploads\/2018\/05\/logo-coelectrix-400x400.jpg\",\"contentUrl\":\"https:\/\/coelectrix.com\/wp-content\/uploads\/2018\/05\/logo-coelectrix-400x400.jpg\",\"width\":300,\"height\":300,\"caption\":\"coelectrix.com\"},\"image\":{\"@id\":\"https:\/\/coelectrix.com\/pt-pt\/#\/schema\/logo\/image\/\"}}]}<\/script>\n<!-- \/ Yoast SEO plugin. -->","yoast_head_json":{"title":"\u25b7 Manguera El\u00e9ctrica Negra RV-K 0,6\/1KV 2x2,5mm\u00b2 | Coelectrix.com","description":"Cable RV-K 0,6\/1 kV flexible de cobre con aislamiento XLPE 2x2,5mm\u00b2 para instalaciones el\u00e9ctricas industriales","robots":{"index":"index","follow":"follow","max-snippet":"max-snippet:-1","max-image-preview":"max-image-preview:large","max-video-preview":"max-video-preview:-1"},"canonical":"https:\/\/coelectrix.com\/producto\/manguera-electrica-negra-rv-k-06-1kv-2x25mm\u00b2","og_locale":"pt_PT","og_type":"article","og_title":"\u25b7 Manguera El\u00e9ctrica Negra RV-K 0,6\/1KV 2x2,5mm\u00b2 | Coelectrix.com","og_description":"Cable RV-K 0,6\/1 kV flexible de cobre con aislamiento XLPE 2x2,5mm\u00b2 para instalaciones el\u00e9ctricas industriales","og_url":"https:\/\/coelectrix.com\/producto\/manguera-electrica-negra-rv-k-06-1kv-2x25mm\u00b2","og_site_name":"Coelectrix","article_modified_time":"2026-05-09T08:40:36+00:00","og_image":[{"width":800,"height":800,"url":"https:\/\/coelectrix.com\/wp-content\/uploads\/2026\/05\/Manguera-Electrica-Negra-RV_K-061KV-2_25mm.jpg","type":"image\/jpeg"}],"twitter_card":"summary_large_image","twitter_misc":{"Tempo estimado de leitura":"1 minuto"},"schema":{"@context":"https:\/\/schema.org","@graph":[{"@type":"WebPage","@id":"https:\/\/coelectrix.com\/producto\/manguera-electrica-negra-rv-k-06-1kv-2x25mm%C2%B2","url":"https:\/\/coelectrix.com\/producto\/manguera-electrica-negra-rv-k-06-1kv-2x25mm%C2%B2","name":"\u25b7 Manguera El\u00e9ctrica Negra RV-K 0,6\/1KV 2x2,5mm\u00b2 | Coelectrix.com","isPartOf":{"@id":"https:\/\/coelectrix.com\/pt-pt\/#website"},"primaryImageOfPage":{"@id":"https:\/\/coelectrix.com\/producto\/manguera-electrica-negra-rv-k-06-1kv-2x25mm%C2%B2#primaryimage"},"image":{"@id":"https:\/\/coelectrix.com\/producto\/manguera-electrica-negra-rv-k-06-1kv-2x25mm%C2%B2#primaryimage"},"thumbnailUrl":"https:\/\/coelectrix.com\/wp-content\/uploads\/2026\/05\/Manguera-Electrica-Negra-RV_K-061KV-2_25mm.jpg","datePublished":"2026-05-09T08:18:35+00:00","dateModified":"2026-05-09T08:40:36+00:00","description":"Cable RV-K 0,6\/1 kV flexible de cobre con aislamiento XLPE 2x2,5mm\u00b2 para instalaciones el\u00e9ctricas industriales","breadcrumb":{"@id":"https:\/\/coelectrix.com\/producto\/manguera-electrica-negra-rv-k-06-1kv-2x25mm%C2%B2#breadcrumb"},"inLanguage":"pt-PT","potentialAction":[{"@type":"ReadAction","target":["https:\/\/coelectrix.com\/producto\/manguera-electrica-negra-rv-k-06-1kv-2x25mm%C2%B2"]}]},{"@type":"ImageObject","inLanguage":"pt-PT","@id":"https:\/\/coelectrix.com\/producto\/manguera-electrica-negra-rv-k-06-1kv-2x25mm%C2%B2#primaryimage","url":"https:\/\/coelectrix.com\/wp-content\/uploads\/2026\/05\/Manguera-Electrica-Negra-RV_K-061KV-2_25mm.jpg","contentUrl":"https:\/\/coelectrix.com\/wp-content\/uploads\/2026\/05\/Manguera-Electrica-Negra-RV_K-061KV-2_25mm.jpg","width":800,"height":800},{"@type":"BreadcrumbList","@id":"https:\/\/coelectrix.com\/producto\/manguera-electrica-negra-rv-k-06-1kv-2x25mm%C2%B2#breadcrumb","itemListElement":[{"@type":"ListItem","position":1,"name":"Portada","item":"https:\/\/coelectrix.com\/"},{"@type":"ListItem","position":2,"name":"Loja","item":"https:\/\/coelectrix.com\/pt-pt\/loja"},{"@type":"ListItem","position":3,"name":"Manguera El\u00e9ctrica Negra RV-K 0,6\/1KV 2&#215;2,5mm\u00b2"}]},{"@type":"WebSite","@id":"https:\/\/coelectrix.com\/pt-pt\/#website","url":"https:\/\/coelectrix.com\/pt-pt\/","name":"Coelectrix","description":"Componentes el\u00e9ctricos","publisher":{"@id":"https:\/\/coelectrix.com\/pt-pt\/#organization"},"potentialAction":[{"@type":"SearchAction","target":{"@type":"EntryPoint","urlTemplate":"https:\/\/coelectrix.com\/pt-pt\/?s={search_term_string}"},"query-input":{"@type":"PropertyValueSpecification","valueRequired":true,"valueName":"search_term_string"}}],"inLanguage":"pt-PT"},{"@type":"Organization","@id":"https:\/\/coelectrix.com\/pt-pt\/#organization","name":"coelectrix.com","url":"https:\/\/coelectrix.com\/pt-pt\/","logo":{"@type":"ImageObject","inLanguage":"pt-PT","@id":"https:\/\/coelectrix.com\/pt-pt\/#\/schema\/logo\/image\/","url":"https:\/\/coelectrix.com\/wp-content\/uploads\/2018\/05\/logo-coelectrix-400x400.jpg","contentUrl":"https:\/\/coelectrix.com\/wp-content\/uploads\/2018\/05\/logo-coelectrix-400x400.jpg","width":300,"height":300,"caption":"coelectrix.com"},"image":{"@id":"https:\/\/coelectrix.com\/pt-pt\/#\/schema\/logo\/image\/"}}]}},"_links":{"self":[{"href":"https:\/\/coelectrix.com\/pt-pt\/wp-json\/wp\/v2\/product\/85831","targetHints":{"allow":["GET"]}}],"collection":[{"href":"https:\/\/coelectrix.com\/pt-pt\/wp-json\/wp\/v2\/product"}],"about":[{"href":"https:\/\/coelectrix.com\/pt-pt\/wp-json\/wp\/v2\/types\/product"}],"version-history":[{"count":3,"href":"https:\/\/coelectrix.com\/pt-pt\/wp-json\/wp\/v2\/product\/85831\/revisions"}],"predecessor-version":[{"id":85840,"href":"https:\/\/coelectrix.com\/pt-pt\/wp-json\/wp\/v2\/product\/85831\/revisions\/85840"}],"wp:featuredmedia":[{"embeddable":true,"href":"https:\/\/coelectrix.com\/pt-pt\/wp-json\/wp\/v2\/media\/85838"}],"wp:attachment":[{"href":"https:\/\/coelectrix.com\/pt-pt\/wp-json\/wp\/v2\/media?parent=85831"}],"wp:term":[{"taxonomy":"product_brand","embeddable":true,"href":"https:\/\/coelectrix.com\/pt-pt\/wp-json\/wp\/v2\/product_brand?post=85831"},{"taxonomy":"product_cat","embeddable":true,"href":"https:\/\/coelectrix.com\/pt-pt\/wp-json\/wp\/v2\/product_cat?post=85831"},{"taxonomy":"product_tag","embeddable":true,"href":"https:\/\/coelectrix.com\/pt-pt\/wp-json\/wp\/v2\/product_tag?post=85831"}],"curies":[{"name":"wp","href":"https:\/\/api.w.org\/{rel}","templated":true}]}}